{"id":10794,"date":"2025-03-17T10:06:03","date_gmt":"2025-03-17T09:06:03","guid":{"rendered":"https:\/\/lsaglobal-translate.co.uk\/?page_id=10794"},"modified":"2025-04-24T10:23:42","modified_gmt":"2025-04-24T09:23:42","slug":"arabic-translation-services-lsa-global","status":"publish","type":"page","link":"https:\/\/lsaglobal-translate.co.uk\/de\/arabic-translation-services-lsa-global\/","title":{"rendered":"Professionelle arabische \u00dcbersetzungsdienste \u2013 pr\u00e4zise und zuverl\u00e4ssig"},"content":{"rendered":"<div data-elementor-type=\"wp-page\" data-elementor-id=\"10794\" class=\"elementor elementor-10794\" data-elementor-post-type=\"page\">\n\t\t\t\t<div class=\"elementor-element elementor-element-c5f2295 e-flex e-con-boxed e-con e-parent\" data-id=\"c5f2295\" data-element_type=\"container\" data-e-type=\"container\">\n\t\t\t\t\t<div class=\"e-con-inner\">\n\t\t\t\t<div class=\"elementor-element elementor-element-1b59847 elementor-widget elementor-widget-image\" data-id=\"1b59847\" data-element_type=\"widget\" data-e-type=\"widget\" data-widget_type=\"image.default\">\n\t\t\t\t\t\t\t\t\t\t\t\t\t\t\t<img decoding=\"async\" data-attachment-id=\"11081\" data-permalink=\"https:\/\/lsaglobal-translate.co.uk\/ru\/arabic-translation-services-lsa-global\/arabic-2\/\" data-orig-file=\"https:\/\/i0.wp.com\/lsaglobal-translate.co.uk\/wp-content\/uploads\/2025\/03\/Arabic-1.png?fit=2560%2C1280&amp;ssl=1\" data-orig-size=\"2560,1280\" data-comments-opened=\"1\" data-image-meta=\"{&quot;aperture&quot;:&quot;0&quot;,&quot;credit&quot;:&quot;&quot;,&quot;camera&quot;:&quot;&quot;,&quot;caption&quot;:&quot;&quot;,&quot;created_timestamp&quot;:&quot;0&quot;,&quot;copyright&quot;:&quot;&quot;,&quot;focal_length&quot;:&quot;0&quot;,&quot;iso&quot;:&quot;0&quot;,&quot;shutter_speed&quot;:&quot;0&quot;,&quot;title&quot;:&quot;&quot;,&quot;orientation&quot;:&quot;0&quot;}\" data-image-title=\"Arabic translation Services\" data-image-description=\"&lt;p&gt;Arabic translation Services&lt;\/p&gt;\" data-image-caption=\"\" data-medium-file=\"https:\/\/i0.wp.com\/lsaglobal-translate.co.uk\/wp-content\/uploads\/2025\/03\/Arabic-1.png?fit=300%2C150&amp;ssl=1\" data-large-file=\"https:\/\/i0.wp.com\/lsaglobal-translate.co.uk\/wp-content\/uploads\/2025\/03\/Arabic-1.png?fit=525%2C263&amp;ssl=1\" width=\"300\" height=\"150\" src=\"https:\/\/i0.wp.com\/lsaglobal-translate.co.uk\/wp-content\/uploads\/2025\/03\/Arabic-1.png?fit=300%2C150&amp;ssl=1\" class=\"attachment-medium size-medium wp-image-11081\" alt=\"Arabic translation Services\" srcset=\"https:\/\/i0.wp.com\/lsaglobal-translate.co.uk\/wp-content\/uploads\/2025\/03\/Arabic-1.png?w=2560&amp;ssl=1 2560w, https:\/\/i0.wp.com\/lsaglobal-translate.co.uk\/wp-content\/uploads\/2025\/03\/Arabic-1.png?resize=300%2C150&amp;ssl=1 300w, https:\/\/i0.wp.com\/lsaglobal-translate.co.uk\/wp-content\/uploads\/2025\/03\/Arabic-1.png?resize=1024%2C512&amp;ssl=1 1024w, https:\/\/i0.wp.com\/lsaglobal-translate.co.uk\/wp-content\/uploads\/2025\/03\/Arabic-1.png?resize=768%2C384&amp;ssl=1 768w, https:\/\/i0.wp.com\/lsaglobal-translate.co.uk\/wp-content\/uploads\/2025\/03\/Arabic-1.png?resize=1536%2C768&amp;ssl=1 1536w, https:\/\/i0.wp.com\/lsaglobal-translate.co.uk\/wp-content\/uploads\/2025\/03\/Arabic-1.png?resize=2048%2C1024&amp;ssl=1 2048w, https:\/\/i0.wp.com\/lsaglobal-translate.co.uk\/wp-content\/uploads\/2025\/03\/Arabic-1.png?resize=18%2C9&amp;ssl=1 18w\" sizes=\"(max-width: 300px) 100vw, 300px\" title=\"\">\t\t\t\t\t\t\t\t\t\t\t\t\t\t\t<\/div>\n\t\t\t\t<div class=\"elementor-element elementor-element-d3ad8d4 elementor-widget elementor-widget-heading\" data-id=\"d3ad8d4\" data-element_type=\"widget\" data-e-type=\"widget\" data-widget_type=\"heading.default\">\n\t\t\t\t\t<h2 class=\"elementor-heading-title elementor-size-default\">Fachkundige arabische \u00dcbersetzungsdienste f\u00fcr Unternehmen und Privatpersonen<\/h2>\t\t\t\t<\/div>\n\t\t\t\t<div class=\"elementor-element elementor-element-c7ca506 elementor-widget elementor-widget-text-editor\" data-id=\"c7ca506\" data-element_type=\"widget\" data-e-type=\"widget\" data-widget_type=\"text-editor.default\">\n\t\t\t\t\t\t\t\t\t<p>Auf der Suche nach\u00a0<strong data-start=\"158\" data-end=\"202\">hochwertige arabische \u00dcbersetzungsdienste<\/strong>? Wir bieten\u00a0<strong data-start=\"215\" data-end=\"270\">schnelle, genaue und kulturell angepasste \u00dcbersetzungen<\/strong>\u00a0f\u00fcr Unternehmen, juristische Dokumente, Webseiten und den pers\u00f6nlichen Gebrauch. Unsere\u00a0<strong data-start=\"336\" data-end=\"368\">beeidigte Arabisch-\u00dcbersetzer<\/strong>\u00a0Stellen Sie sicher, dass Ihre Inhalte professionell \u00fcbersetzt und f\u00fcr arabischsprachige Zielgruppen im Nahen Osten, Nordafrika und dar\u00fcber hinaus angepasst werden.<\/p>\t\t\t\t\t\t\t\t<\/div>\n\t\t\t\t<div class=\"elementor-element elementor-element-ad84357 elementor-widget elementor-widget-heading\" data-id=\"ad84357\" data-element_type=\"widget\" data-e-type=\"widget\" data-widget_type=\"heading.default\">\n\t\t\t\t\t<h3 class=\"elementor-heading-title elementor-size-default\">Warum sollten Sie sich f\u00fcr unsere arabischen \u00dcbersetzungsdienste entscheiden?<\/h3>\t\t\t\t<\/div>\n\t\t\t\t<div class=\"elementor-element elementor-element-8d3c7b5 elementor-widget elementor-widget-text-editor\" data-id=\"8d3c7b5\" data-element_type=\"widget\" data-e-type=\"widget\" data-widget_type=\"text-editor.default\">\n\t\t\t\t\t\t\t\t\t<ul data-start=\"572\" data-end=\"990\"><li data-start=\"572\" data-end=\"660\"><strong data-start=\"576\" data-end=\"605\">Muttersprachliche Arabisch-\u00dcbersetzer<\/strong>\u00a0\u2013 Fachkundige Linguisten mit branchenspezifischem Wissen.<\/li><li data-start=\"661\" data-end=\"753\"><img decoding=\"async\" class=\"emoji\" role=\"img\" draggable=\"false\" src=\"https:\/\/s.w.org\/images\/core\/emoji\/15.0.3\/svg\/2705.svg\" alt=\"\u2705\" title=\"\">\u00a0<strong data-start=\"665\" data-end=\"702\">Beglaubigte und offizielle \u00dcbersetzungen<\/strong>\u00a0\u2013 Von juristischen und staatlichen Institutionen akzeptiert.<\/li><li data-start=\"754\" data-end=\"851\"><img decoding=\"async\" class=\"emoji\" role=\"img\" draggable=\"false\" src=\"https:\/\/s.w.org\/images\/core\/emoji\/15.0.3\/svg\/2705.svg\" alt=\"\u2705\" title=\"\">\u00a0<strong data-start=\"758\" data-end=\"795\">SEO-optimierte arabische \u00dcbersetzungen<\/strong>\u00a0\u2013 Wir helfen Ihrer Website, in arabischen Suchergebnissen ein h\u00f6heres Ranking zu erzielen.<\/li><li data-start=\"852\" data-end=\"929\"><img decoding=\"async\" class=\"emoji\" role=\"img\" draggable=\"false\" src=\"https:\/\/s.w.org\/images\/core\/emoji\/15.0.3\/svg\/2705.svg\" alt=\"\u2705\" title=\"\">\u00a0<strong data-start=\"856\" data-end=\"880\">Schnelle Bearbeitungszeit<\/strong>\u00a0\u2013 Termingerechte Lieferung pr\u00e4ziser \u00dcbersetzungen.<\/li><li data-start=\"930\" data-end=\"990\"><img decoding=\"async\" class=\"emoji\" role=\"img\" draggable=\"false\" src=\"https:\/\/s.w.org\/images\/core\/emoji\/15.0.3\/svg\/2705.svg\" alt=\"\u2705\" title=\"\">\u00a0<strong data-start=\"934\" data-end=\"970\">Erschwingliche und transparente Preise<\/strong>\u00a0\u2013 Keine versteckten Geb\u00fchren.<\/li><\/ul>\t\t\t\t\t\t\t\t<\/div>\n\t\t\t\t<div class=\"elementor-element elementor-element-42485bf elementor-widget elementor-widget-heading\" data-id=\"42485bf\" data-element_type=\"widget\" data-e-type=\"widget\" data-widget_type=\"heading.default\">\n\t\t\t\t\t<h3 class=\"elementor-heading-title elementor-size-default\">Unsere professionellen Arabisch-\u00dcbersetzungsdienste<\/h3>\t\t\t\t<\/div>\n\t\t\t\t<div class=\"elementor-element elementor-element-3b3f89d elementor-widget elementor-widget-heading\" data-id=\"3b3f89d\" data-element_type=\"widget\" data-e-type=\"widget\" data-widget_type=\"heading.default\">\n\t\t\t\t\t<h5 class=\"elementor-heading-title elementor-size-default\">1. Beglaubigte Dokumenten\u00fcbersetzung<\/h5>\t\t\t\t<\/div>\n\t\t\t\t<div class=\"elementor-element elementor-element-b2b1225 elementor-widget elementor-widget-text-editor\" data-id=\"b2b1225\" data-element_type=\"widget\" data-e-type=\"widget\" data-widget_type=\"text-editor.default\">\n\t\t\t\t\t\t\t\t\t<p data-start=\"1091\" data-end=\"1141\">Unsere zertifizierten Arabisch-\u00dcbersetzungsdienste umfassen:<\/p><ul data-start=\"1142\" data-end=\"1326\"><li data-start=\"1142\" data-end=\"1174\">Rechtsvertr\u00e4ge und Vereinbarungen<\/li><li data-start=\"1175\" data-end=\"1208\">Geburts- und Heiratsurkunden<\/li><li data-start=\"1209\" data-end=\"1244\">Akademische Diplome und Zeugnisse<\/li><li data-start=\"1245\" data-end=\"1285\">Gerichtsdokumente und Einwanderungspapiere<\/li><li data-start=\"1286\" data-end=\"1326\">Gewerbelizenzen und amtliche Aufzeichnungen<\/li><\/ul>\t\t\t\t\t\t\t\t<\/div>\n\t\t\t\t<div class=\"elementor-element elementor-element-e7d0874 elementor-widget elementor-widget-heading\" data-id=\"e7d0874\" data-element_type=\"widget\" data-e-type=\"widget\" data-widget_type=\"heading.default\">\n\t\t\t\t\t<h5 class=\"elementor-heading-title elementor-size-default\">2. Arabische Website- und App-Lokalisierung<\/h5>\t\t\t\t<\/div>\n\t\t\t\t<div class=\"elementor-element elementor-element-2457309 elementor-widget elementor-widget-text-editor\" data-id=\"2457309\" data-element_type=\"widget\" data-e-type=\"widget\" data-widget_type=\"text-editor.default\">\n\t\t\t\t\t\t\t\t\t<p data-start=\"1375\" data-end=\"1528\">Erweitern Sie Ihr Gesch\u00e4ft in\u00a0<strong data-start=\"1401\" data-end=\"1428\">Arabischsprachige M\u00e4rkte<\/strong>\u00a0mit professioneller Lokalisierung. Unsere Experten sorgen daf\u00fcr, dass Ihre Website, mobile App oder Software:<\/p><ul data-start=\"1529\" data-end=\"1734\"><li data-start=\"1529\" data-end=\"1598\"><strong data-start=\"1531\" data-end=\"1553\">Kulturell angepasst<\/strong>\u00a0f\u00fcr den Nahen Osten und Nordafrika (MENA).<\/li><li data-start=\"1599\" data-end=\"1669\"><strong data-start=\"1601\" data-end=\"1618\">SEO-optimiert<\/strong>\u00a0f\u00fcr\u00a0<strong data-start=\"1623\" data-end=\"1666\">Google, Bing und arabische Suchmaschinen<\/strong>.<\/li><li data-start=\"1670\" data-end=\"1734\"><strong data-start=\"1672\" data-end=\"1712\">Benutzerfreundlich &amp; technisch einwandfrei<\/strong>\u00a0f\u00fcr arabische Leser.<\/li><\/ul>\t\t\t\t\t\t\t\t<\/div>\n\t\t\t\t<div class=\"elementor-element elementor-element-d316080 elementor-widget elementor-widget-heading\" data-id=\"d316080\" data-element_type=\"widget\" data-e-type=\"widget\" data-widget_type=\"heading.default\">\n\t\t\t\t\t<h5 class=\"elementor-heading-title elementor-size-default\">3. Gesch\u00e4fts- und Marketing\u00fcbersetzungen<\/h5>\t\t\t\t<\/div>\n\t\t\t\t<div class=\"elementor-element elementor-element-0a53aa6 elementor-widget elementor-widget-text-editor\" data-id=\"0a53aa6\" data-element_type=\"widget\" data-e-type=\"widget\" data-widget_type=\"text-editor.default\">\n\t\t\t\t\t\t\t\t\t<p style=\"color: #125c04;\" data-start=\"1783\" data-end=\"1878\">Wir unterst\u00fctzen Unternehmen bei der effektiven Kommunikation mit\u00a0<span style=\"font-weight: bolder;\" data-start=\"1831\" data-end=\"1860\">Arabisch sprechende Kunden<\/span>\u00a0durch \u00dcbersetzen:<\/p><ul style=\"color: #125c04;\" data-start=\"1879\" data-end=\"2059\"><li data-start=\"1879\" data-end=\"1925\">Marketingkampagnen und Social-Media-Inhalte<\/li><li data-start=\"1926\" data-end=\"1971\">Produktbeschreibungen und E-Commerce-Eintr\u00e4ge<\/li><li data-start=\"1972\" data-end=\"2018\">Gesch\u00e4ftsberichte &amp; Unternehmenspr\u00e4sentationen<\/li><li data-start=\"2019\" data-end=\"2059\">Finanzielle und rechtliche Gesch\u00e4ftsdokumente<\/li><\/ul>\t\t\t\t\t\t\t\t<\/div>\n\t\t\t\t<div class=\"elementor-element elementor-element-e210b3f elementor-widget elementor-widget-heading\" data-id=\"e210b3f\" data-element_type=\"widget\" data-e-type=\"widget\" data-widget_type=\"heading.default\">\n\t\t\t\t\t<h5 class=\"elementor-heading-title elementor-size-default\">4. Rechts- und Einwanderungs\u00fcbersetzungen<\/h5>\t\t\t\t<\/div>\n\t\t\t\t<div class=\"elementor-element elementor-element-b15d854 elementor-widget elementor-widget-text-editor\" data-id=\"b15d854\" data-element_type=\"widget\" data-e-type=\"widget\" data-widget_type=\"text-editor.default\">\n\t\t\t\t\t\t\t\t\t<p data-start=\"2107\" data-end=\"2205\">Unser Team ist spezialisiert auf\u00a0<strong data-start=\"2131\" data-end=\"2160\">juristische Arabisch-\u00dcbersetzungen<\/strong>, Gew\u00e4hrleistung von Genauigkeit und Vertraulichkeit in:<\/p><ul data-start=\"2206\" data-end=\"2354\"><li data-start=\"2206\" data-end=\"2242\">Vertr\u00e4ge &amp; Unternehmensvereinbarungen<\/li><li data-start=\"2243\" data-end=\"2283\">Gerichtsurteile und Prozessdokumente<\/li><li data-start=\"2284\" data-end=\"2321\">Materialien zu Vorschriften und Compliance<\/li><li data-start=\"2322\" data-end=\"2354\">Visa- und Einwanderungsdokumente<\/li><\/ul>\t\t\t\t\t\t\t\t<\/div>\n\t\t\t\t<div class=\"elementor-element elementor-element-035cdd7 elementor-widget elementor-widget-heading\" data-id=\"035cdd7\" data-element_type=\"widget\" data-e-type=\"widget\" data-widget_type=\"heading.default\">\n\t\t\t\t\t<h5 class=\"elementor-heading-title elementor-size-default\">5. Technische und medizinische \u00dcbersetzungen<\/h5>\t\t\t\t<\/div>\n\t\t\t\t<div class=\"elementor-element elementor-element-6cdb2b6 elementor-widget elementor-widget-text-editor\" data-id=\"6cdb2b6\" data-element_type=\"widget\" data-e-type=\"widget\" data-widget_type=\"text-editor.default\">\n\t\t\t\t\t\t\t\t\t<p data-start=\"2402\" data-end=\"2463\">Wir bieten Fach\u00fcbersetzungen f\u00fcr Branchen wie:<\/p><ul data-start=\"2464\" data-end=\"2606\"><li data-start=\"2464\" data-end=\"2496\">Gesundheitswesen und Pharma<\/li><li data-start=\"2497\" data-end=\"2528\">Engineering und Fertigung<\/li><li data-start=\"2529\" data-end=\"2558\">IT &amp; Softwareentwicklung<\/li><li data-start=\"2559\" data-end=\"2606\">Wissenschaftliche Forschung und akademische Ver\u00f6ffentlichungen<\/li><\/ul>\t\t\t\t\t\t\t\t<\/div>\n\t\t\t\t<div class=\"elementor-element elementor-element-c8832d4 elementor-widget elementor-widget-heading\" data-id=\"c8832d4\" data-element_type=\"widget\" data-e-type=\"widget\" data-widget_type=\"heading.default\">\n\t\t\t\t\t<h3 class=\"elementor-heading-title elementor-size-default\">Branchen, die wir bedienen<\/h3>\t\t\t\t<\/div>\n\t\t\t\t<div class=\"elementor-element elementor-element-09c10f0 elementor-widget elementor-widget-text-editor\" data-id=\"09c10f0\" data-element_type=\"widget\" data-e-type=\"widget\" data-widget_type=\"text-editor.default\">\n\t\t\t\t\t\t\t\t\t<p data-start=\"2637\" data-end=\"2718\">Unser\u00a0<strong data-start=\"2641\" data-end=\"2672\">Arabische \u00dcbersetzungsdienste<\/strong>\u00a0unterst\u00fctzen eine Vielzahl von Branchen, darunter:<\/p><ul data-start=\"2719\" data-end=\"2867\"><li data-start=\"2719\" data-end=\"2745\"><strong data-start=\"2721\" data-end=\"2743\">Recht und Regierung<\/strong><\/li><li data-start=\"2746\" data-end=\"2782\"><strong data-start=\"2748\" data-end=\"2780\">Gesundheitswesen und Pharma<\/strong><\/li><li data-start=\"2783\" data-end=\"2810\"><strong data-start=\"2785\" data-end=\"2808\">E-Commerce und Einzelhandel<\/strong><\/li><li data-start=\"2811\" data-end=\"2840\"><strong data-start=\"2813\" data-end=\"2838\">Technologie &amp; Software<\/strong><\/li><li data-start=\"2841\" data-end=\"2867\"><strong data-start=\"2843\" data-end=\"2865\">Wirtschaft &amp; Finanzen<\/strong><\/li><\/ul>\t\t\t\t\t\t\t\t<\/div>\n\t\t\t\t<div class=\"elementor-element elementor-element-a7cc1e5 elementor-widget elementor-widget-heading\" data-id=\"a7cc1e5\" data-element_type=\"widget\" data-e-type=\"widget\" data-widget_type=\"heading.default\">\n\t\t\t\t\t<h3 class=\"elementor-heading-title elementor-size-default\">Warum arabische \u00dcbersetzungen wichtig sind<\/h3>\t\t\t\t<\/div>\n\t\t\t\t<div class=\"elementor-element elementor-element-518fd44 elementor-widget elementor-widget-text-editor\" data-id=\"518fd44\" data-element_type=\"widget\" data-e-type=\"widget\" data-widget_type=\"text-editor.default\">\n\t\t\t\t\t\t\t\t\t<p data-start=\"2909\" data-end=\"3124\">Arabisch wird von \u00fcber\u00a0<strong data-start=\"2934\" data-end=\"2966\">420 Millionen Menschen weltweit<\/strong>, was es f\u00fcr Unternehmen und Organisationen, die expandieren m\u00f6chten, unverzichtbar macht\u00a0<strong data-start=\"3042\" data-end=\"3087\">der Nahe Osten, Nordafrika und dar\u00fcber hinaus<\/strong>. Professionelle \u00dcbersetzungen gew\u00e4hrleisten:<\/p><ul data-start=\"3125\" data-end=\"3355\"><li data-start=\"3125\" data-end=\"3208\"><strong data-start=\"3127\" data-end=\"3148\">Kulturelle Genauigkeit<\/strong>\u00a0\u2013 Vermeiden Sie Missverst\u00e4ndnisse und verbessern Sie die Einbindung des Publikums.<\/li><li data-start=\"3209\" data-end=\"3285\"><strong data-start=\"3211\" data-end=\"3231\">Einhaltung gesetzlicher Vorschriften<\/strong>\u00a0\u2013 Erf\u00fcllen Sie die Anforderungen staatlicher Institutionen.<\/li><li data-start=\"3286\" data-end=\"3355\"><strong data-start=\"3288\" data-end=\"3304\">SEO-Vorteile<\/strong>\u00a0\u2013 H\u00f6heres Ranking in arabischsprachigen Suchergebnissen.<\/li><\/ul>\t\t\t\t\t\t\t\t<\/div>\n\t\t\t\t<div class=\"elementor-element elementor-element-f5f4b78 elementor-widget elementor-widget-heading\" data-id=\"f5f4b78\" data-element_type=\"widget\" data-e-type=\"widget\" data-widget_type=\"heading.default\">\n\t\t\t\t\t<h3 class=\"elementor-heading-title elementor-size-default\">SEO-optimierte arabische \u00dcbersetzungsdienste<\/h3>\t\t\t\t<\/div>\n\t\t\t\t<div class=\"elementor-element elementor-element-5036031 elementor-widget elementor-widget-text-editor\" data-id=\"5036031\" data-element_type=\"widget\" data-e-type=\"widget\" data-widget_type=\"text-editor.default\">\n\t\t\t\t\t\t\t\t\t<p data-start=\"3408\" data-end=\"3554\">Unsere arabischen \u00dcbersetzungen folgen\u00a0<strong data-start=\"3439\" data-end=\"3461\">SEO-Best Practices<\/strong>\u00a0um Ihrer Website zu einem h\u00f6heren Ranking zu verhelfen\u00a0<strong data-start=\"3498\" data-end=\"3540\">Google, Bing und lokale Suchmaschinen<\/strong>Wir gew\u00e4hrleisten:<\/p><ul data-start=\"3555\" data-end=\"3733\"><li data-start=\"3555\" data-end=\"3604\"><strong data-start=\"3557\" data-end=\"3581\">Keyword-Optimierung<\/strong>\u00a0f\u00fcr arabische Suchen.<\/li><li data-start=\"3605\" data-end=\"3668\"><strong data-start=\"3607\" data-end=\"3643\">Arabisch-freundliche Meta-Tags und URLs<\/strong>\u00a0f\u00fcr bessere Sichtbarkeit.<\/li><li data-start=\"3669\" data-end=\"3733\"><strong data-start=\"3671\" data-end=\"3692\">Lokalisierter Inhalt<\/strong>\u00a0auf arabischsprachiges Publikum zugeschnitten.<\/li><\/ul>\t\t\t\t\t\t\t\t<\/div>\n\t\t\t\t<div class=\"elementor-element elementor-element-755e130 elementor-widget elementor-widget-heading\" data-id=\"755e130\" data-element_type=\"widget\" data-e-type=\"widget\" data-widget_type=\"heading.default\">\n\t\t\t\t\t<h2 class=\"elementor-heading-title elementor-size-default\">Kontaktieren Sie uns noch heute!<\/h2>\t\t\t\t<\/div>\n\t\t\t\t<div class=\"elementor-element elementor-element-4a92fcf elementor-widget elementor-widget-text-editor\" data-id=\"4a92fcf\" data-element_type=\"widget\" data-e-type=\"widget\" data-widget_type=\"text-editor.default\">\n\t\t\t\t\t\t\t\t\t<h2 data-start=\"3735\" data-end=\"3792\"><strong data-start=\"3738\" data-end=\"3790\"><span style=\"color: #339966;\"><a style=\"color: #339966;\" href=\"https:\/\/lsaglobal-translate.co.uk\/de\/professional-transcription-services\/\">Kostenloses Angebot f\u00fcr Arabisch<\/a><\/span> \u00dcbersetzungsdienste<\/strong><\/h2><p data-start=\"3793\" data-end=\"3963\">Brauchen\u00a0<strong data-start=\"3798\" data-end=\"3842\">professionelle Arabisch-\u00dcbersetzungsdienste<\/strong>? Kontaktieren Sie uns noch heute f\u00fcr eine\u00a0<strong data-start=\"3867\" data-end=\"3881\">Kostenloses Angebot<\/strong>Wir sorgen daf\u00fcr\u00a0<strong data-start=\"3893\" data-end=\"3928\">schnell, pr\u00e4zise und vertraulich<\/strong>\u00a0\u00dcbersetzungen f\u00fcr alle Ihre Bed\u00fcrfnisse.<span style=\"color: #125c04; font-family: var( --e-global-typography-text-font-family ), Sans-serif; font-weight: var( --e-global-typography-text-font-weight ); text-align: var(--text-align);\">Globaler Service \u2013 Weltweit verf\u00fcgbar<\/span><\/p><hr style=\"background-color: #ffffff; color: #125c04;\" data-start=\"4129\" data-end=\"4132\" \/><p style=\"color: #125c04;\" data-start=\"4134\" data-end=\"4230\" data-is-last-node=\"\" data-is-only-node=\"\"><span style=\"font-weight: bolder;\" data-start=\"4134\" data-end=\"4191\">Erweitern Sie Ihr Gesch\u00e4ft mit professionellen Arabisch-\u00dcbersetzungen!<\/span>\u00a0Nehmen Sie jetzt Kontakt mit uns auf, um Ihr Projekt zu besprechen.<\/p>\t\t\t\t\t\t\t\t<\/div>\n\t\t\t\t<div class=\"elementor-element elementor-element-287cd0f elementor-widget elementor-widget-heading\" data-id=\"287cd0f\" data-element_type=\"widget\" data-e-type=\"widget\" data-widget_type=\"heading.default\">\n\t\t\t\t\t<h2 class=\"elementor-heading-title elementor-size-default\">Dar\u00fcber hinausgehen<\/h2>\t\t\t\t<\/div>\n\t\t\t\t<div class=\"elementor-element elementor-element-83ea5dd elementor-widget elementor-widget-text-editor\" data-id=\"83ea5dd\" data-element_type=\"widget\" data-e-type=\"widget\" data-widget_type=\"text-editor.default\">\n\t\t\t\t\t\t\t\t\t<h4><a href=\"https:\/\/lsaglobal-translate.co.uk\/de\/professional-transcription-services\/\">Professionelle Transkriptionsdienste<\/a><\/h4>\t\t\t\t\t\t\t\t<\/div>\n\t\t\t\t<div class=\"elementor-element elementor-element-712c372 elementor-widget elementor-widget-text-editor\" data-id=\"712c372\" data-element_type=\"widget\" data-e-type=\"widget\" data-widget_type=\"text-editor.default\">\n\t\t\t\t\t\t\t\t\t<h4><a href=\"https:\/\/lsaglobal-translate.co.uk\/de\/professional-editing-proofing-services\/\">Professionelle Korrektur- und Bearbeitungsdienste<\/a><\/h4>\t\t\t\t\t\t\t\t<\/div>\n\t\t\t\t<div class=\"elementor-element elementor-element-c275f57 elementor-widget elementor-widget-text-editor\" data-id=\"c275f57\" data-element_type=\"widget\" data-e-type=\"widget\" data-widget_type=\"text-editor.default\">\n\t\t\t\t\t\t\t\t\t<h4><span style=\"color: #0000ff;\"><a style=\"color: #0000ff;\" href=\"https:\/\/lsa-global.com\/\" target=\"_blank\" rel=\"noopener\">\u00dcbersetzungsprofi<\/a><\/span><\/h4>\t\t\t\t\t\t\t\t<\/div>\n\t\t\t\t<div class=\"elementor-element elementor-element-60a90fc elementor-widget elementor-widget-image\" data-id=\"60a90fc\" data-element_type=\"widget\" data-e-type=\"widget\" data-widget_type=\"image.default\">\n\t\t\t\t\t\t\t\t\t\t\t\t\t\t\t<img decoding=\"async\" data-attachment-id=\"11081\" data-permalink=\"https:\/\/lsaglobal-translate.co.uk\/ru\/arabic-translation-services-lsa-global\/arabic-2\/\" data-orig-file=\"https:\/\/i0.wp.com\/lsaglobal-translate.co.uk\/wp-content\/uploads\/2025\/03\/Arabic-1.png?fit=2560%2C1280&amp;ssl=1\" data-orig-size=\"2560,1280\" data-comments-opened=\"1\" data-image-meta=\"{&quot;aperture&quot;:&quot;0&quot;,&quot;credit&quot;:&quot;&quot;,&quot;camera&quot;:&quot;&quot;,&quot;caption&quot;:&quot;&quot;,&quot;created_timestamp&quot;:&quot;0&quot;,&quot;copyright&quot;:&quot;&quot;,&quot;focal_length&quot;:&quot;0&quot;,&quot;iso&quot;:&quot;0&quot;,&quot;shutter_speed&quot;:&quot;0&quot;,&quot;title&quot;:&quot;&quot;,&quot;orientation&quot;:&quot;0&quot;}\" data-image-title=\"Arabic translation Services\" data-image-description=\"&lt;p&gt;Arabic translation Services&lt;\/p&gt;\" data-image-caption=\"\" data-medium-file=\"https:\/\/i0.wp.com\/lsaglobal-translate.co.uk\/wp-content\/uploads\/2025\/03\/Arabic-1.png?fit=300%2C150&amp;ssl=1\" data-large-file=\"https:\/\/i0.wp.com\/lsaglobal-translate.co.uk\/wp-content\/uploads\/2025\/03\/Arabic-1.png?fit=525%2C263&amp;ssl=1\" width=\"300\" height=\"150\" src=\"https:\/\/i0.wp.com\/lsaglobal-translate.co.uk\/wp-content\/uploads\/2025\/03\/Arabic-1.png?fit=300%2C150&amp;ssl=1\" class=\"attachment-medium size-medium wp-image-11081\" alt=\"Arabic translation Services\" srcset=\"https:\/\/i0.wp.com\/lsaglobal-translate.co.uk\/wp-content\/uploads\/2025\/03\/Arabic-1.png?w=2560&amp;ssl=1 2560w, https:\/\/i0.wp.com\/lsaglobal-translate.co.uk\/wp-content\/uploads\/2025\/03\/Arabic-1.png?resize=300%2C150&amp;ssl=1 300w, https:\/\/i0.wp.com\/lsaglobal-translate.co.uk\/wp-content\/uploads\/2025\/03\/Arabic-1.png?resize=1024%2C512&amp;ssl=1 1024w, https:\/\/i0.wp.com\/lsaglobal-translate.co.uk\/wp-content\/uploads\/2025\/03\/Arabic-1.png?resize=768%2C384&amp;ssl=1 768w, https:\/\/i0.wp.com\/lsaglobal-translate.co.uk\/wp-content\/uploads\/2025\/03\/Arabic-1.png?resize=1536%2C768&amp;ssl=1 1536w, https:\/\/i0.wp.com\/lsaglobal-translate.co.uk\/wp-content\/uploads\/2025\/03\/Arabic-1.png?resize=2048%2C1024&amp;ssl=1 2048w, https:\/\/i0.wp.com\/lsaglobal-translate.co.uk\/wp-content\/uploads\/2025\/03\/Arabic-1.png?resize=18%2C9&amp;ssl=1 18w\" sizes=\"(max-width: 300px) 100vw, 300px\" title=\"\">\t\t\t\t\t\t\t\t\t\t\t\t\t\t\t<\/div>\n\t\t\t\t\t<\/div>\n\t\t\t\t<\/div>\n\t\t\t\t<\/div>","protected":false},"excerpt":{"rendered":"<p>Expert Arabic Translation Services for Businesses &amp; Individuals Looking for\u00a0high-quality Arabic translation services? We provide\u00a0fast, accurate, and culturally adapted translations\u00a0for businesses, legal documents, websites, and personal use. Our\u00a0certified Arabic translators\u00a0ensure that your content is professionally translated and adapted for Arabic-speaking audiences across the Middle East, North Africa, and beyond. Why Choose Our Arabic Translation Services? [&hellip;]<\/p>\n","protected":false},"author":2,"featured_media":11081,"parent":0,"menu_order":0,"comment_status":"closed","ping_status":"closed","template":"","meta":{"_acf_changed":false,"footnotes":""},"class_list":["post-10794","page","type-page","status-publish","has-post-thumbnail","hentry"],"acf":[],"jetpack_sharing_enabled":true,"jetpack-related-posts":[],"_links":{"self":[{"href":"https:\/\/lsaglobal-translate.co.uk\/de\/wp-json\/wp\/v2\/pages\/10794","targetHints":{"allow":["GET"]}}],"collection":[{"href":"https:\/\/lsaglobal-translate.co.uk\/de\/wp-json\/wp\/v2\/pages"}],"about":[{"href":"https:\/\/lsaglobal-translate.co.uk\/de\/wp-json\/wp\/v2\/types\/page"}],"author":[{"embeddable":true,"href":"https:\/\/lsaglobal-translate.co.uk\/de\/wp-json\/wp\/v2\/users\/2"}],"replies":[{"embeddable":true,"href":"https:\/\/lsaglobal-translate.co.uk\/de\/wp-json\/wp\/v2\/comments?post=10794"}],"version-history":[{"count":0,"href":"https:\/\/lsaglobal-translate.co.uk\/de\/wp-json\/wp\/v2\/pages\/10794\/revisions"}],"wp:featuredmedia":[{"embeddable":true,"href":"https:\/\/lsaglobal-translate.co.uk\/de\/wp-json\/wp\/v2\/media\/11081"}],"wp:attachment":[{"href":"https:\/\/lsaglobal-translate.co.uk\/de\/wp-json\/wp\/v2\/media?parent=10794"}],"curies":[{"name":"wp","href":"https:\/\/api.w.org\/{rel}","templated":true}]}}