{"id":11020,"date":"2025-03-17T14:43:03","date_gmt":"2025-03-17T13:43:03","guid":{"rendered":"https:\/\/lsaglobal-translate.co.uk\/?page_id=11020"},"modified":"2025-04-23T12:02:25","modified_gmt":"2025-04-23T11:02:25","slug":"mexican-spanish-translation-services","status":"publish","type":"page","link":"https:\/\/lsaglobal-translate.co.uk\/de\/mexican-spanish-translation-services\/","title":{"rendered":"Professionelle mexikanisch-spanische \u00dcbersetzungsdienste \u2013 pr\u00e4zise und zertifiziert"},"content":{"rendered":"<div data-elementor-type=\"wp-page\" data-elementor-id=\"11020\" class=\"elementor elementor-11020\" data-elementor-post-type=\"page\">\n\t\t\t\t<div class=\"elementor-element elementor-element-c373cc6 e-flex e-con-boxed e-con e-parent\" data-id=\"c373cc6\" data-element_type=\"container\" data-e-type=\"container\">\n\t\t\t\t\t<div class=\"e-con-inner\">\n\t\t\t\t<div class=\"elementor-element elementor-element-a949c7f elementor-widget elementor-widget-image\" data-id=\"a949c7f\" data-element_type=\"widget\" data-e-type=\"widget\" data-widget_type=\"image.default\">\n\t\t\t\t\t\t\t\t\t\t\t\t\t\t\t<img fetchpriority=\"high\" decoding=\"async\" data-attachment-id=\"11165\" data-permalink=\"https:\/\/lsaglobal-translate.co.uk\/zh\/mexican-spanish-translation-services\/spanish-latin-america-mexico-2\/\" data-orig-file=\"https:\/\/i0.wp.com\/lsaglobal-translate.co.uk\/wp-content\/uploads\/2025\/03\/Spanish-Latin-America-Mexico-1.png?fit=2560%2C1463&amp;ssl=1\" data-orig-size=\"2560,1463\" data-comments-opened=\"1\" data-image-meta=\"{&quot;aperture&quot;:&quot;0&quot;,&quot;credit&quot;:&quot;&quot;,&quot;camera&quot;:&quot;&quot;,&quot;caption&quot;:&quot;&quot;,&quot;created_timestamp&quot;:&quot;0&quot;,&quot;copyright&quot;:&quot;&quot;,&quot;focal_length&quot;:&quot;0&quot;,&quot;iso&quot;:&quot;0&quot;,&quot;shutter_speed&quot;:&quot;0&quot;,&quot;title&quot;:&quot;&quot;,&quot;orientation&quot;:&quot;0&quot;}\" data-image-title=\"Mexican Spanish Translation Services\" data-image-description=\"&lt;p&gt;Mexican Spanish Translation Services&lt;\/p&gt;\" data-image-caption=\"\" data-medium-file=\"https:\/\/i0.wp.com\/lsaglobal-translate.co.uk\/wp-content\/uploads\/2025\/03\/Spanish-Latin-America-Mexico-1.png?fit=300%2C171&amp;ssl=1\" data-large-file=\"https:\/\/i0.wp.com\/lsaglobal-translate.co.uk\/wp-content\/uploads\/2025\/03\/Spanish-Latin-America-Mexico-1.png?fit=525%2C300&amp;ssl=1\" width=\"300\" height=\"171\" src=\"https:\/\/i0.wp.com\/lsaglobal-translate.co.uk\/wp-content\/uploads\/2025\/03\/Spanish-Latin-America-Mexico-1.png?fit=300%2C171&amp;ssl=1\" class=\"attachment-medium size-medium wp-image-11165\" alt=\"Mexican Spanish Translation Services\" srcset=\"https:\/\/i0.wp.com\/lsaglobal-translate.co.uk\/wp-content\/uploads\/2025\/03\/Spanish-Latin-America-Mexico-1.png?w=2560&amp;ssl=1 2560w, https:\/\/i0.wp.com\/lsaglobal-translate.co.uk\/wp-content\/uploads\/2025\/03\/Spanish-Latin-America-Mexico-1.png?resize=300%2C171&amp;ssl=1 300w, https:\/\/i0.wp.com\/lsaglobal-translate.co.uk\/wp-content\/uploads\/2025\/03\/Spanish-Latin-America-Mexico-1.png?resize=1024%2C585&amp;ssl=1 1024w, https:\/\/i0.wp.com\/lsaglobal-translate.co.uk\/wp-content\/uploads\/2025\/03\/Spanish-Latin-America-Mexico-1.png?resize=768%2C439&amp;ssl=1 768w, https:\/\/i0.wp.com\/lsaglobal-translate.co.uk\/wp-content\/uploads\/2025\/03\/Spanish-Latin-America-Mexico-1.png?resize=1536%2C878&amp;ssl=1 1536w, https:\/\/i0.wp.com\/lsaglobal-translate.co.uk\/wp-content\/uploads\/2025\/03\/Spanish-Latin-America-Mexico-1.png?resize=2048%2C1170&amp;ssl=1 2048w, https:\/\/i0.wp.com\/lsaglobal-translate.co.uk\/wp-content\/uploads\/2025\/03\/Spanish-Latin-America-Mexico-1.png?resize=18%2C10&amp;ssl=1 18w, https:\/\/i0.wp.com\/lsaglobal-translate.co.uk\/wp-content\/uploads\/2025\/03\/Spanish-Latin-America-Mexico-1.png?resize=600%2C340&amp;ssl=1 600w\" sizes=\"(max-width: 300px) 100vw, 300px\" title=\"\">\t\t\t\t\t\t\t\t\t\t\t\t\t\t\t<\/div>\n\t\t\t\t<div class=\"elementor-element elementor-element-323941c elementor-widget elementor-widget-heading\" data-id=\"323941c\" data-element_type=\"widget\" data-e-type=\"widget\" data-widget_type=\"heading.default\">\n\t\t\t\t\t<h3 class=\"elementor-heading-title elementor-size-default\">Expert Mexican Spanish Translation Services for Businesses and Individuals<\/h3>\t\t\t\t<\/div>\n\t\t\t\t<div class=\"elementor-element elementor-element-8b647b8 elementor-widget elementor-widget-text-editor\" data-id=\"8b647b8\" data-element_type=\"widget\" data-e-type=\"widget\" data-widget_type=\"text-editor.default\">\n\t\t\t\t\t\t\t\t\t<p>Suchen Sie hochwertige\u00a0<strong>Mexican Spanish translation services<\/strong>? Our team of professional translators specializes in delivering accurate, culturally adapted translations tailored to the Mexican market. We offer a comprehensive range of services, including\u00a0<strong>Dokument\u00fcbersetzung<\/strong>,\u00a0<strong>Website-Lokalisierung<\/strong>,\u00a0<strong>technische \u00dcbersetzungen<\/strong>und mehr, um sicherzustellen, dass Ihre Inhalte bei Ihrer Zielgruppe Anklang finden.<\/p>\t\t\t\t\t\t\t\t<\/div>\n\t\t\t\t<div class=\"elementor-element elementor-element-dbecec7 elementor-widget elementor-widget-heading\" data-id=\"dbecec7\" data-element_type=\"widget\" data-e-type=\"widget\" data-widget_type=\"heading.default\">\n\t\t\t\t\t<h3 class=\"elementor-heading-title elementor-size-default\">Why Choose Our Mexican Spanish Translation Services?<\/h3>\t\t\t\t<\/div>\n\t\t\t\t\t<\/div>\n\t\t\t\t<\/div>\n\t\t<div class=\"elementor-element elementor-element-a8e5a82 e-flex e-con-boxed e-con e-parent\" data-id=\"a8e5a82\" data-element_type=\"container\" data-e-type=\"container\">\n\t\t\t\t\t<div class=\"e-con-inner\">\n\t\t\t\t<div class=\"elementor-element elementor-element-be2f8b2 elementor-widget elementor-widget-text-editor\" data-id=\"be2f8b2\" data-element_type=\"widget\" data-e-type=\"widget\" data-widget_type=\"text-editor.default\">\n\t\t\t\t\t\t\t\t\t<ul>\n<li>\n<p><strong>Native Mexican Spanish Translators<\/strong>: Our translators are native Mexican Spanish speakers with years of experience, ensuring precise and contextually appropriate translations.<\/p>\n<\/li>\n<li>\n<p><strong>Beglaubigte \u00dcbersetzungen<\/strong>: We provide certified translations accepted by government agencies and legal institutions, ensuring compliance and authenticity.<\/p>\n<\/li>\n<li>\n<p><strong>SEO-optimierter Inhalt<\/strong>: Our translations incorporate SEO best practices, helping your website rank higher on search engines like Google and Bing.<\/p>\n<\/li>\n<li>\n<p><strong>Schnelle Bearbeitung und wettbewerbsf\u00e4hige Preise<\/strong>: We deliver high-quality translations promptly and at competitive rates, meeting your deadlines and budget requirements.\u00a0<\/p>\n<\/li>\n<li>\n<p><strong>Branchenexpertise<\/strong>: Our translators possess specialized knowledge across various industries, including legal, medical, technical, and business sectors.<\/p>\n<\/li>\n<li>\n<p><strong>Supporting Social Impact and Public Outreach<\/strong><\/p>\n<p class=\"\" data-start=\"3439\" data-end=\"3624\">Governments, nonprofits, and global organizations often operate in Mexican communities and must communicate in <strong data-start=\"3550\" data-end=\"3600\">clear, respectful, and locally adapted Spanish<\/strong>. This is essential for:<\/p>\n<ul data-start=\"3626\" data-end=\"3778\">\n<li class=\"\" data-start=\"3626\" data-end=\"3657\">\n<p class=\"\" data-start=\"3628\" data-end=\"3657\"><strong data-start=\"3628\" data-end=\"3655\">Public health campaigns<\/strong><\/p>\n<\/li>\n<li class=\"\" data-start=\"3658\" data-end=\"3699\">\n<p class=\"\" data-start=\"3660\" data-end=\"3699\"><strong data-start=\"3660\" data-end=\"3697\">Educational outreach and training<\/strong><\/p>\n<\/li>\n<li class=\"\" data-start=\"3700\" data-end=\"3738\">\n<p class=\"\" data-start=\"3702\" data-end=\"3738\"><strong data-start=\"3702\" data-end=\"3736\">Community development programs<\/strong><\/p>\n<\/li>\n<li class=\"\" data-start=\"3739\" data-end=\"3778\">\n<p class=\"\" data-start=\"3741\" data-end=\"3778\"><strong data-start=\"3741\" data-end=\"3778\">Emergency response communications<\/strong><\/p>\n<\/li>\n<\/ul>\n<p class=\"\" data-start=\"3780\" data-end=\"3933\">Professional translation ensures that messages are <strong data-start=\"3831\" data-end=\"3880\">accurate, accessible, and culturally resonant<\/strong>, especially in sensitive or mission-driven contexts.<\/p>\n<\/li>\n<li>\n<p class=\"\" data-start=\"3780\" data-end=\"3933\"><strong>Avoiding Miscommunication and Costly Errors<\/strong><\/p>\n<p class=\"\" data-start=\"3992\" data-end=\"4044\">Incorrect or non-localized translations can lead to:<\/p>\n<ul data-start=\"4046\" data-end=\"4221\">\n<li class=\"\" data-start=\"4046\" data-end=\"4089\">\n<p class=\"\" data-start=\"4048\" data-end=\"4089\"><strong data-start=\"4048\" data-end=\"4087\">Legal disputes or regulatory issues<\/strong><\/p>\n<\/li>\n<li class=\"\" data-start=\"4090\" data-end=\"4127\">\n<p class=\"\" data-start=\"4092\" data-end=\"4127\"><strong data-start=\"4092\" data-end=\"4125\">Loss of trust or brand damage<\/strong><\/p>\n<\/li>\n<li class=\"\" data-start=\"4128\" data-end=\"4173\">\n<p class=\"\" data-start=\"4130\" data-end=\"4173\"><strong data-start=\"4130\" data-end=\"4171\">Confusion among users or stakeholders<\/strong><\/p>\n<\/li>\n<li class=\"\" data-start=\"4174\" data-end=\"4221\">\n<p class=\"\" data-start=\"4176\" data-end=\"4221\"><strong data-start=\"4176\" data-end=\"4221\">Ineffective marketing or public messaging<\/strong><\/p>\n<\/li>\n<\/ul>\n<p class=\"\" data-start=\"4223\" data-end=\"4422\">Choosing this topic helps prevent these risks by ensuring your content is translated by <strong data-start=\"4311\" data-end=\"4377\">qualified linguists with in-depth knowledge of Mexican Spanish<\/strong>, industry terminology, and regional culture.<\/p>\n<\/li>\n<\/ul>\t\t\t\t\t\t\t\t<\/div>\n\t\t\t\t<div class=\"elementor-element elementor-element-e1cf39c elementor-widget elementor-widget-heading\" data-id=\"e1cf39c\" data-element_type=\"widget\" data-e-type=\"widget\" data-widget_type=\"heading.default\">\n\t\t\t\t\t<h3 class=\"elementor-heading-title elementor-size-default\">Our Mexican Spanish Translation Services<\/h3>\t\t\t\t<\/div>\n\t\t\t\t<div class=\"elementor-element elementor-element-f12a24d elementor-widget elementor-widget-heading\" data-id=\"f12a24d\" data-element_type=\"widget\" data-e-type=\"widget\" data-widget_type=\"heading.default\">\n\t\t\t\t\t<h5 class=\"elementor-heading-title elementor-size-default\">1. Beglaubigte Dokumenten\u00fcbersetzung<\/h5>\t\t\t\t<\/div>\n\t\t\t\t<div class=\"elementor-element elementor-element-3a1a5a7 elementor-widget elementor-widget-text-editor\" data-id=\"3a1a5a7\" data-element_type=\"widget\" data-e-type=\"widget\" data-widget_type=\"text-editor.default\">\n\t\t\t\t\t\t\t\t\t<p>Wir bieten beglaubigte \u00dcbersetzungen f\u00fcr eine Vielzahl von Dokumenten an und gew\u00e4hrleisten dabei Genauigkeit und Anerkennung durch offizielle Stellen:<\/p>\n<ul>\n<li>\n<p><strong>Rechtliche Dokumente<\/strong>: Contracts, agreements, court documents.<\/p>\n<\/li>\n<li>\n<p><strong>Pers\u00f6nliche Dokumente<\/strong>: Birth certificates, marriage certificates, academic transcripts.<\/p>\n<\/li>\n<li>\n<p><strong>Gesch\u00e4ftsdokumente<\/strong>: Licenses, financial statements, corporate reports.<\/p>\n<\/li>\n<\/ul>\t\t\t\t\t\t\t\t<\/div>\n\t\t\t\t<div class=\"elementor-element elementor-element-359a34c elementor-widget elementor-widget-heading\" data-id=\"359a34c\" data-element_type=\"widget\" data-e-type=\"widget\" data-widget_type=\"heading.default\">\n\t\t\t\t\t<h5 class=\"elementor-heading-title elementor-size-default\">2. Website  and App Localization<\/h5>\t\t\t\t<\/div>\n\t\t\t\t<div class=\"elementor-element elementor-element-e04598f elementor-widget elementor-widget-text-editor\" data-id=\"e04598f\" data-element_type=\"widget\" data-e-type=\"widget\" data-widget_type=\"text-editor.default\">\n\t\t\t\t\t\t\t\t\t<p>Expand your digital presence in Mexican markets with our localization services:<\/p>\n<ul>\n<li>\n<p><strong>Website-Lokalisierung<\/strong>: Adapting your website content to suit cultural nuances and preferences.<\/p>\n<\/li>\n<li>\n<p><strong>App-Lokalisierung<\/strong>: Ensuring your mobile applications are user-friendly for Mexican Spanish-speaking users.<\/p>\n<\/li>\n<li>\n<p><strong>SEO-Optimierung<\/strong>: Implementing localized keywords and meta tags to improve search engine rankings.<\/p>\n<\/li>\n<\/ul>\t\t\t\t\t\t\t\t<\/div>\n\t\t\t\t<div class=\"elementor-element elementor-element-9c421ef elementor-widget elementor-widget-heading\" data-id=\"9c421ef\" data-element_type=\"widget\" data-e-type=\"widget\" data-widget_type=\"heading.default\">\n\t\t\t\t\t<h5 class=\"elementor-heading-title elementor-size-default\">3. Technische und medizinische \u00dcbersetzungen<\/h5>\t\t\t\t<\/div>\n\t\t\t\t<div class=\"elementor-element elementor-element-4084de6 elementor-widget elementor-widget-text-editor\" data-id=\"4084de6\" data-element_type=\"widget\" data-e-type=\"widget\" data-widget_type=\"text-editor.default\">\n\t\t\t\t\t\t\t\t\t<p>Unsere Experten bearbeiten komplexe technische und medizinische Dokumente mit Pr\u00e4zision:<\/p>\n<ul>\n<li>\n<p><strong>Technische Handb\u00fccher<\/strong>: User guides, product manuals, technical specifications.<\/p>\n<\/li>\n<li>\n<p><strong>Medizinische Dokumente<\/strong>: Clinical reports, pharmaceutical information, medical research papers.<\/p>\n<\/li>\n<\/ul>\t\t\t\t\t\t\t\t<\/div>\n\t\t\t\t<div class=\"elementor-element elementor-element-fd6be3e elementor-widget elementor-widget-heading\" data-id=\"fd6be3e\" data-element_type=\"widget\" data-e-type=\"widget\" data-widget_type=\"heading.default\">\n\t\t\t\t\t<h5 class=\"elementor-heading-title elementor-size-default\">4. Gesch\u00e4fts- und Marketing\u00fcbersetzungen<\/h5>\t\t\t\t<\/div>\n\t\t\t\t<div class=\"elementor-element elementor-element-a4a5e78 elementor-widget elementor-widget-text-editor\" data-id=\"a4a5e78\" data-element_type=\"widget\" data-e-type=\"widget\" data-widget_type=\"text-editor.default\">\n\t\t\t\t\t\t\t\t\t<p>Effectively communicate your brand message to Mexican Spanish-speaking audiences:<\/p>\n<ul>\n<li>\n<p><strong>Marketingmaterialien<\/strong>: Brochures, advertisements, press releases.<\/p>\n<\/li>\n<li>\n<p><strong>Gesch\u00e4ftskommunikation<\/strong>: Presentations, emails, corporate communications.<\/p>\n<\/li>\n<\/ul>\t\t\t\t\t\t\t\t<\/div>\n\t\t\t\t<div class=\"elementor-element elementor-element-249e567 elementor-widget elementor-widget-heading\" data-id=\"249e567\" data-element_type=\"widget\" data-e-type=\"widget\" data-widget_type=\"heading.default\">\n\t\t\t\t\t<h3 class=\"elementor-heading-title elementor-size-default\">Branchen, die wir bedienen<\/h3>\t\t\t\t<\/div>\n\t\t\t\t<div class=\"elementor-element elementor-element-4f95207 elementor-widget elementor-widget-text-editor\" data-id=\"4f95207\" data-element_type=\"widget\" data-e-type=\"widget\" data-widget_type=\"text-editor.default\">\n\t\t\t\t\t\t\t\t\t<p>Wir beliefern ein breites Spektrum an Branchen, darunter:<\/p>\n<ul>\n<li>\n<p><strong>Recht und Regierung<\/strong>: Providing translations for legal proceedings and governmental communications.<\/p>\n<\/li>\n<li>\n<p><strong>Gesundheitswesen und Pharma<\/strong>: Translating medical records, research papers, and pharmaceutical documents.<\/p>\n<\/li>\n<li>\n<p><strong>Technologie &amp; IT<\/strong>: Localizing software, user manuals, and technical documentation.<\/p>\n<\/li>\n<li>\n<p><strong>Finanzen &amp; Bankwesen<\/strong>: Translating financial reports, investment documents, and banking materials.<\/p>\n<\/li>\n<li>\n<p><strong>E-Commerce und Einzelhandel<\/strong>: Localizing product descriptions, customer reviews, and marketing content.<\/p>\n<\/li>\n<\/ul>\t\t\t\t\t\t\t\t<\/div>\n\t\t\t\t<div class=\"elementor-element elementor-element-418ed9a elementor-widget elementor-widget-heading\" data-id=\"418ed9a\" data-element_type=\"widget\" data-e-type=\"widget\" data-widget_type=\"heading.default\">\n\t\t\t\t\t<h3 class=\"elementor-heading-title elementor-size-default\">Why Professional Mexican Spanish Translation Matters<\/h3>\t\t\t\t<\/div>\n\t\t\t\t<div class=\"elementor-element elementor-element-65f4bdb elementor-widget elementor-widget-text-editor\" data-id=\"65f4bdb\" data-element_type=\"widget\" data-e-type=\"widget\" data-widget_type=\"text-editor.default\">\n\t\t\t\t\t\t\t\t\t<p>Spanish is spoken by millions of people worldwide, making it essential for businesses and organizations aiming to connect with Spanish-speaking audiences. Professional translation ensures:<\/p>\n<ul>\n<li>\n<p><strong>Kulturelle Relevanz<\/strong>: Accurate translations that resonate with the local culture and customs.<\/p>\n<\/li>\n<li>\n<p><strong>Einhaltung gesetzlicher Vorschriften<\/strong>: Ensuring documents meet regional legal standards and requirements.<\/p>\n<\/li>\n<li>\n<p><strong>Markenglaubw\u00fcrdigkeit<\/strong>: Presenting your business professionally to Mexican Spanish-speaking audiences.<\/p>\n<\/li>\n<\/ul>\t\t\t\t\t\t\t\t<\/div>\n\t\t\t\t<div class=\"elementor-element elementor-element-a9b1c23 elementor-widget elementor-widget-heading\" data-id=\"a9b1c23\" data-element_type=\"widget\" data-e-type=\"widget\" data-widget_type=\"heading.default\">\n\t\t\t\t\t<h3 class=\"elementor-heading-title elementor-size-default\">SEO-Optimized Mexican Spanish Translation Services<\/h3>\t\t\t\t<\/div>\n\t\t\t\t<div class=\"elementor-element elementor-element-29b7695 elementor-widget elementor-widget-text-editor\" data-id=\"29b7695\" data-element_type=\"widget\" data-e-type=\"widget\" data-widget_type=\"text-editor.default\">\n\t\t\t\t\t\t\t\t\t<p>Unsere \u00dcbersetzungen basieren auf den bew\u00e4hrten SEO-Methoden, um Ihre Online-Sichtbarkeit zu verbessern:<\/p>\n<ul>\n<li>\n<p><strong>Lokalisierte Schl\u00fcsselw\u00f6rter<\/strong>: Incorporating region-specific search terms to improve rankings.<\/p>\n<\/li>\n<li>\n<p><strong>Meta-Tag-Optimierung<\/strong>: Translating and optimizing meta descriptions and titles for better click-through rates.<\/p>\n<\/li>\n<li>\n<p><strong>Benutzerfreundliche URLs<\/strong>: Creating URLs that are readable and relevant in Mexican Spanish.<\/p>\n<\/li>\n<\/ul>\t\t\t\t\t\t\t\t<\/div>\n\t\t\t\t<div class=\"elementor-element elementor-element-3dee508 elementor-widget elementor-widget-heading\" data-id=\"3dee508\" data-element_type=\"widget\" data-e-type=\"widget\" data-widget_type=\"heading.default\">\n\t\t\t\t\t<h3 class=\"elementor-heading-title elementor-size-default\">Get a Free Quote for Mexican Spanish Translation Services<\/h3>\t\t\t\t<\/div>\n\t\t\t\t<div class=\"elementor-element elementor-element-a9c4f53 elementor-widget elementor-widget-text-editor\" data-id=\"a9c4f53\" data-element_type=\"widget\" data-e-type=\"widget\" data-widget_type=\"text-editor.default\">\n\t\t\t\t\t\t\t\t\t<p>Need professional Mexican Spanish translation services? Contact us today for a free quote. We ensure fast, precise, and confidential translations for all your needs.<\/p><h3><strong><img decoding=\"async\" class=\"emoji\" role=\"img\" draggable=\"false\" src=\"https:\/\/s.w.org\/images\/core\/emoji\/15.0.3\/svg\/1f4de.svg\" alt=\"\ud83d\udcde\" title=\"\">\u00a0<a href=\"https:\/\/lsaglobal-translate.co.uk\/de\/get-your-free-quote-lsa-global\/\">Kontaktieren Sie uns noch heute!<\/a><\/strong><\/h3><p><a href=\"https:\/\/lsaglobal-translate.co.uk\/de\/our-languages-lsa-global-translate\/\"><img decoding=\"async\" class=\"emoji\" role=\"img\" draggable=\"false\" src=\"https:\/\/s.w.org\/images\/core\/emoji\/15.0.3\/svg\/1f4cd.svg\" alt=\"\ud83d\udccd\" width=\"5\" height=\"5\" title=\"\">\u00a0<strong>Globaler Service \u2013 Weltweit verf\u00fcgbar<\/strong><\/a><\/p><p><strong>Expand your reach with expert Mexican Spanish translation!<\/strong> Nehmen Sie jetzt Kontakt mit uns auf, um Ihr Projekt zu besprechen.<\/p>\t\t\t\t\t\t\t\t<\/div>\n\t\t\t\t<div class=\"elementor-element elementor-element-66f892b elementor-widget elementor-widget-heading\" data-id=\"66f892b\" data-element_type=\"widget\" data-e-type=\"widget\" data-widget_type=\"heading.default\">\n\t\t\t\t\t<h3 class=\"elementor-heading-title elementor-size-default\">Dar\u00fcber hinausgehen<\/h3>\t\t\t\t<\/div>\n\t\t\t\t<div class=\"elementor-element elementor-element-d224525 elementor-widget elementor-widget-text-editor\" data-id=\"d224525\" data-element_type=\"widget\" data-e-type=\"widget\" data-widget_type=\"text-editor.default\">\n\t\t\t\t\t\t\t\t\t<h4><span style=\"color: #000000;\"><a style=\"color: #000000;\" href=\"https:\/\/lsaglobal-translate.co.uk\/de\/professional-transcription-services\/\">Professionelle Transkriptionsdienste<\/a><\/span><\/h4>\t\t\t\t\t\t\t\t<\/div>\n\t\t\t\t<div class=\"elementor-element elementor-element-e98e72e elementor-widget elementor-widget-text-editor\" data-id=\"e98e72e\" data-element_type=\"widget\" data-e-type=\"widget\" data-widget_type=\"text-editor.default\">\n\t\t\t\t\t\t\t\t\t<h4><span style=\"color: #000000;\"><a style=\"color: #000000;\" href=\"https:\/\/lsaglobal-translate.co.uk\/de\/professional-interpretation-services\/\">Professionelle Dolmetscherdienste<\/a><\/span><\/h4>\t\t\t\t\t\t\t\t<\/div>\n\t\t\t\t<div class=\"elementor-element elementor-element-12a64da elementor-widget elementor-widget-text-editor\" data-id=\"12a64da\" data-element_type=\"widget\" data-e-type=\"widget\" data-widget_type=\"text-editor.default\">\n\t\t\t\t\t\t\t\t\t<h4><span style=\"color: #000000;\"><a style=\"color: #000000;\" href=\"https:\/\/lsa-global.com\/\" target=\"_blank\" rel=\"noopener\">\u00dcbersetzungsprofi.<\/a><\/span><\/h4>\t\t\t\t\t\t\t\t<\/div>\n\t\t\t\t<div class=\"elementor-element elementor-element-28e44e2 elementor-widget elementor-widget-text-editor\" data-id=\"28e44e2\" data-element_type=\"widget\" data-e-type=\"widget\" data-widget_type=\"text-editor.default\">\n\t\t\t\t\t\t\t\t\t<h4><span style=\"color: #000000;\"><a style=\"color: #000000;\" href=\"https:\/\/lsaglobal-translate.co.uk\/de\/terms-and-conditions\/\">Bedingungen und Konditionen<\/a><\/span><\/h4>\t\t\t\t\t\t\t\t<\/div>\n\t\t\t\t<div class=\"elementor-element elementor-element-a6167a3 elementor-widget elementor-widget-image\" data-id=\"a6167a3\" data-element_type=\"widget\" data-e-type=\"widget\" data-widget_type=\"image.default\">\n\t\t\t\t\t\t\t\t\t\t\t\t\t\t\t<img fetchpriority=\"high\" decoding=\"async\" data-attachment-id=\"11165\" data-permalink=\"https:\/\/lsaglobal-translate.co.uk\/zh\/mexican-spanish-translation-services\/spanish-latin-america-mexico-2\/\" data-orig-file=\"https:\/\/i0.wp.com\/lsaglobal-translate.co.uk\/wp-content\/uploads\/2025\/03\/Spanish-Latin-America-Mexico-1.png?fit=2560%2C1463&amp;ssl=1\" data-orig-size=\"2560,1463\" data-comments-opened=\"1\" data-image-meta=\"{&quot;aperture&quot;:&quot;0&quot;,&quot;credit&quot;:&quot;&quot;,&quot;camera&quot;:&quot;&quot;,&quot;caption&quot;:&quot;&quot;,&quot;created_timestamp&quot;:&quot;0&quot;,&quot;copyright&quot;:&quot;&quot;,&quot;focal_length&quot;:&quot;0&quot;,&quot;iso&quot;:&quot;0&quot;,&quot;shutter_speed&quot;:&quot;0&quot;,&quot;title&quot;:&quot;&quot;,&quot;orientation&quot;:&quot;0&quot;}\" data-image-title=\"Mexican Spanish Translation Services\" data-image-description=\"&lt;p&gt;Mexican Spanish Translation Services&lt;\/p&gt;\" data-image-caption=\"\" data-medium-file=\"https:\/\/i0.wp.com\/lsaglobal-translate.co.uk\/wp-content\/uploads\/2025\/03\/Spanish-Latin-America-Mexico-1.png?fit=300%2C171&amp;ssl=1\" data-large-file=\"https:\/\/i0.wp.com\/lsaglobal-translate.co.uk\/wp-content\/uploads\/2025\/03\/Spanish-Latin-America-Mexico-1.png?fit=525%2C300&amp;ssl=1\" width=\"300\" height=\"171\" src=\"https:\/\/i0.wp.com\/lsaglobal-translate.co.uk\/wp-content\/uploads\/2025\/03\/Spanish-Latin-America-Mexico-1.png?fit=300%2C171&amp;ssl=1\" class=\"attachment-medium size-medium wp-image-11165\" alt=\"Mexican Spanish Translation Services\" srcset=\"https:\/\/i0.wp.com\/lsaglobal-translate.co.uk\/wp-content\/uploads\/2025\/03\/Spanish-Latin-America-Mexico-1.png?w=2560&amp;ssl=1 2560w, https:\/\/i0.wp.com\/lsaglobal-translate.co.uk\/wp-content\/uploads\/2025\/03\/Spanish-Latin-America-Mexico-1.png?resize=300%2C171&amp;ssl=1 300w, https:\/\/i0.wp.com\/lsaglobal-translate.co.uk\/wp-content\/uploads\/2025\/03\/Spanish-Latin-America-Mexico-1.png?resize=1024%2C585&amp;ssl=1 1024w, https:\/\/i0.wp.com\/lsaglobal-translate.co.uk\/wp-content\/uploads\/2025\/03\/Spanish-Latin-America-Mexico-1.png?resize=768%2C439&amp;ssl=1 768w, https:\/\/i0.wp.com\/lsaglobal-translate.co.uk\/wp-content\/uploads\/2025\/03\/Spanish-Latin-America-Mexico-1.png?resize=1536%2C878&amp;ssl=1 1536w, https:\/\/i0.wp.com\/lsaglobal-translate.co.uk\/wp-content\/uploads\/2025\/03\/Spanish-Latin-America-Mexico-1.png?resize=2048%2C1170&amp;ssl=1 2048w, https:\/\/i0.wp.com\/lsaglobal-translate.co.uk\/wp-content\/uploads\/2025\/03\/Spanish-Latin-America-Mexico-1.png?resize=18%2C10&amp;ssl=1 18w, https:\/\/i0.wp.com\/lsaglobal-translate.co.uk\/wp-content\/uploads\/2025\/03\/Spanish-Latin-America-Mexico-1.png?resize=600%2C340&amp;ssl=1 600w\" sizes=\"(max-width: 300px) 100vw, 300px\" title=\"\">\t\t\t\t\t\t\t\t\t\t\t\t\t\t\t<\/div>\n\t\t\t\t\t<\/div>\n\t\t\t\t<\/div>\n\t\t\t\t<\/div>","protected":false},"excerpt":{"rendered":"<p>Expert Mexican Spanish Translation Services for Businesses and Individuals Are you seeking high-quality\u00a0Mexican Spanish translation services? Our team of professional translators specializes in delivering accurate, culturally adapted translations tailored to the Mexican market. We offer a comprehensive range of services, including\u00a0document translation,\u00a0website localization,\u00a0technical translations, and more, ensuring your content resonates with your target audience. Why [&hellip;]<\/p>\n","protected":false},"author":2,"featured_media":11165,"parent":0,"menu_order":0,"comment_status":"closed","ping_status":"closed","template":"","meta":{"_acf_changed":false,"footnotes":""},"class_list":["post-11020","page","type-page","status-publish","has-post-thumbnail","hentry"],"acf":[],"jetpack_sharing_enabled":true,"jetpack-related-posts":[],"_links":{"self":[{"href":"https:\/\/lsaglobal-translate.co.uk\/de\/wp-json\/wp\/v2\/pages\/11020","targetHints":{"allow":["GET"]}}],"collection":[{"href":"https:\/\/lsaglobal-translate.co.uk\/de\/wp-json\/wp\/v2\/pages"}],"about":[{"href":"https:\/\/lsaglobal-translate.co.uk\/de\/wp-json\/wp\/v2\/types\/page"}],"author":[{"embeddable":true,"href":"https:\/\/lsaglobal-translate.co.uk\/de\/wp-json\/wp\/v2\/users\/2"}],"replies":[{"embeddable":true,"href":"https:\/\/lsaglobal-translate.co.uk\/de\/wp-json\/wp\/v2\/comments?post=11020"}],"version-history":[{"count":0,"href":"https:\/\/lsaglobal-translate.co.uk\/de\/wp-json\/wp\/v2\/pages\/11020\/revisions"}],"wp:featuredmedia":[{"embeddable":true,"href":"https:\/\/lsaglobal-translate.co.uk\/de\/wp-json\/wp\/v2\/media\/11165"}],"wp:attachment":[{"href":"https:\/\/lsaglobal-translate.co.uk\/de\/wp-json\/wp\/v2\/media?parent=11020"}],"curies":[{"name":"wp","href":"https:\/\/api.w.org\/{rel}","templated":true}]}}