{"id":11050,"date":"2025-03-17T15:44:30","date_gmt":"2025-03-17T14:44:30","guid":{"rendered":"https:\/\/lsaglobal-translate.co.uk\/?page_id=11050"},"modified":"2025-04-22T16:02:20","modified_gmt":"2025-04-22T15:02:20","slug":"professional-dari-translation-services","status":"publish","type":"page","link":"https:\/\/lsaglobal-translate.co.uk\/de\/professional-dari-translation-services\/","title":{"rendered":"Professionelle Dari-\u00dcbersetzungsdienste \u2013 Pr\u00e4zise und zertifiziert"},"content":{"rendered":"<div data-elementor-type=\"wp-page\" data-elementor-id=\"11050\" class=\"elementor elementor-11050\" data-elementor-post-type=\"page\">\n\t\t\t\t<div class=\"elementor-element elementor-element-9480991 e-flex e-con-boxed e-con e-parent\" data-id=\"9480991\" data-element_type=\"container\" data-e-type=\"container\">\n\t\t\t\t\t<div class=\"e-con-inner\">\n\t\t\t\t<div class=\"elementor-element elementor-element-48bb07f0 elementor-widget elementor-widget-text-editor\" data-id=\"48bb07f0\" data-element_type=\"widget\" data-e-type=\"widget\" data-widget_type=\"text-editor.default\">\n\t\t\t\t\t\t\t\t\t\n<h2 class=\"wp-block-heading\"><\/h2>\n\n\n\n<h6 class=\"wp-block-heading\"><\/h6>\n\t\t\t\t\t\t\t\t<\/div>\n\t\t\t\t\t<\/div>\n\t\t\t\t<\/div>\n\t\t<div class=\"elementor-element elementor-element-f57aee0 e-flex e-con-boxed e-con e-parent\" data-id=\"f57aee0\" data-element_type=\"container\" data-e-type=\"container\">\n\t\t\t\t\t<div class=\"e-con-inner\">\n\t\t\t\t<div class=\"elementor-element elementor-element-59a0547 elementor-widget elementor-widget-image\" data-id=\"59a0547\" data-element_type=\"widget\" data-e-type=\"widget\" data-widget_type=\"image.default\">\n\t\t\t\t\t\t\t\t\t\t\t\t\t\t\t<img fetchpriority=\"high\" decoding=\"async\" data-attachment-id=\"11206\" data-permalink=\"https:\/\/lsaglobal-translate.co.uk\/es\/professional-dari-translation-services\/dari-4\/\" data-orig-file=\"https:\/\/i0.wp.com\/lsaglobal-translate.co.uk\/wp-content\/uploads\/2025\/03\/Dari-3.png?fit=2560%2C1707&amp;ssl=1\" data-orig-size=\"2560,1707\" data-comments-opened=\"1\" data-image-meta=\"{&quot;aperture&quot;:&quot;0&quot;,&quot;credit&quot;:&quot;&quot;,&quot;camera&quot;:&quot;&quot;,&quot;caption&quot;:&quot;&quot;,&quot;created_timestamp&quot;:&quot;0&quot;,&quot;copyright&quot;:&quot;&quot;,&quot;focal_length&quot;:&quot;0&quot;,&quot;iso&quot;:&quot;0&quot;,&quot;shutter_speed&quot;:&quot;0&quot;,&quot;title&quot;:&quot;&quot;,&quot;orientation&quot;:&quot;0&quot;}\" data-image-title=\"Dari translations Services\" data-image-description=\"&lt;p&gt;Dari translations Services&lt;\/p&gt;\" data-image-caption=\"\" data-medium-file=\"https:\/\/i0.wp.com\/lsaglobal-translate.co.uk\/wp-content\/uploads\/2025\/03\/Dari-3.png?fit=300%2C200&amp;ssl=1\" data-large-file=\"https:\/\/i0.wp.com\/lsaglobal-translate.co.uk\/wp-content\/uploads\/2025\/03\/Dari-3.png?fit=525%2C350&amp;ssl=1\" width=\"300\" height=\"200\" src=\"https:\/\/i0.wp.com\/lsaglobal-translate.co.uk\/wp-content\/uploads\/2025\/03\/Dari-3.png?fit=300%2C200&amp;ssl=1\" class=\"attachment-medium size-medium wp-image-11206\" alt=\"Dari translations Services\" srcset=\"https:\/\/i0.wp.com\/lsaglobal-translate.co.uk\/wp-content\/uploads\/2025\/03\/Dari-3.png?w=2560&amp;ssl=1 2560w, https:\/\/i0.wp.com\/lsaglobal-translate.co.uk\/wp-content\/uploads\/2025\/03\/Dari-3.png?resize=300%2C200&amp;ssl=1 300w, https:\/\/i0.wp.com\/lsaglobal-translate.co.uk\/wp-content\/uploads\/2025\/03\/Dari-3.png?resize=1024%2C683&amp;ssl=1 1024w, https:\/\/i0.wp.com\/lsaglobal-translate.co.uk\/wp-content\/uploads\/2025\/03\/Dari-3.png?resize=768%2C512&amp;ssl=1 768w, https:\/\/i0.wp.com\/lsaglobal-translate.co.uk\/wp-content\/uploads\/2025\/03\/Dari-3.png?resize=1536%2C1024&amp;ssl=1 1536w, https:\/\/i0.wp.com\/lsaglobal-translate.co.uk\/wp-content\/uploads\/2025\/03\/Dari-3.png?resize=2048%2C1366&amp;ssl=1 2048w, https:\/\/i0.wp.com\/lsaglobal-translate.co.uk\/wp-content\/uploads\/2025\/03\/Dari-3.png?resize=18%2C12&amp;ssl=1 18w\" sizes=\"(max-width: 300px) 100vw, 300px\" title=\"\">\t\t\t\t\t\t\t\t\t\t\t\t\t\t\t<\/div>\n\t\t\t\t<div class=\"elementor-element elementor-element-394b0f1 elementor-widget elementor-widget-heading\" data-id=\"394b0f1\" data-element_type=\"widget\" data-e-type=\"widget\" data-widget_type=\"heading.default\">\n\t\t\t\t\t<h3 class=\"elementor-heading-title elementor-size-default\">Expert Dari Translation Services for Businesses and Individuals<\/h3>\t\t\t\t<\/div>\n\t\t\t\t<div class=\"elementor-element elementor-element-bdf78c9 elementor-widget elementor-widget-text-editor\" data-id=\"bdf78c9\" data-element_type=\"widget\" data-e-type=\"widget\" data-widget_type=\"text-editor.default\">\n\t\t\t\t\t\t\t\t\t<p>Suchen Sie hochwertige <strong>Dari translation services<\/strong>? Our team of professional translators specializes in delivering accurate, culturally adapted translations tailored to Dari-speaking audiences. We offer a comprehensive range of services, including <strong>Dokument\u00fcbersetzung<\/strong>, <strong>Website-Lokalisierung<\/strong>, <strong>technische \u00dcbersetzungen<\/strong>, and more, ensuring your content resonates with your target market.<\/p>\t\t\t\t\t\t\t\t<\/div>\n\t\t\t\t<div class=\"elementor-element elementor-element-d7c24d6 elementor-widget elementor-widget-heading\" data-id=\"d7c24d6\" data-element_type=\"widget\" data-e-type=\"widget\" data-widget_type=\"heading.default\">\n\t\t\t\t\t<h3 class=\"elementor-heading-title elementor-size-default\">Why Choose Our Dari Translation Services?<\/h3>\t\t\t\t<\/div>\n\t\t\t\t<div class=\"elementor-element elementor-element-dd2061e elementor-widget elementor-widget-text-editor\" data-id=\"dd2061e\" data-element_type=\"widget\" data-e-type=\"widget\" data-widget_type=\"text-editor.default\">\n\t\t\t\t\t\t\t\t\t<ul>\n<li>\n<p><strong>Native Dari Translators<\/strong>: Our translators are native Dari speakers with years of full-time experience, ensuring precise and contextually appropriate translations.\u00a0<\/p>\n<\/li>\n<li>\n<p><strong>Beglaubigte \u00dcbersetzungen<\/strong>: We provide certified translations accepted by government agencies and legal institutions, ensuring compliance and authenticity.\u00a0<\/p>\n<\/li>\n<li>\n<p><strong>SEO-optimierter Inhalt<\/strong>: Our translations incorporate SEO best practices, helping your website rank higher on search engines like Google and Bing.\u00a0<\/p>\n<\/li>\n<li>\n<p><strong>Schnelle Bearbeitung und wettbewerbsf\u00e4hige Preise<\/strong>: We deliver high-quality translations promptly and at competitive rates, meeting your deadlines and budget requirements.<\/p>\n<\/li>\n<li>\n<p><strong>Branchenexpertise<\/strong>: Our translators possess specialized knowledge across various industries, including legal, medical, technical, and business sectors.\u00a0<\/p>\n<\/li>\n<\/ul>\n<h2>\u00a0<\/h2>\t\t\t\t\t\t\t\t<\/div>\n\t\t\t\t<div class=\"elementor-element elementor-element-41b315b elementor-widget elementor-widget-heading\" data-id=\"41b315b\" data-element_type=\"widget\" data-e-type=\"widget\" data-widget_type=\"heading.default\">\n\t\t\t\t\t<h3 class=\"elementor-heading-title elementor-size-default\">Our Dari Translation Services<\/h3>\t\t\t\t<\/div>\n\t\t\t\t<div class=\"elementor-element elementor-element-21da6b2 elementor-widget elementor-widget-heading\" data-id=\"21da6b2\" data-element_type=\"widget\" data-e-type=\"widget\" data-widget_type=\"heading.default\">\n\t\t\t\t\t<h5 class=\"elementor-heading-title elementor-size-default\">1. Beglaubigte Dokumenten\u00fcbersetzung<\/h5>\t\t\t\t<\/div>\n\t\t\t\t<div class=\"elementor-element elementor-element-d59f183 elementor-widget elementor-widget-text-editor\" data-id=\"d59f183\" data-element_type=\"widget\" data-e-type=\"widget\" data-widget_type=\"text-editor.default\">\n\t\t\t\t\t\t\t\t\t<p>Wir bieten beglaubigte \u00dcbersetzungen f\u00fcr eine Vielzahl von Dokumenten an und gew\u00e4hrleisten dabei Genauigkeit und Anerkennung durch offizielle Stellen:<\/p>\n<ul>\n<li>\n<p><strong>Rechtliche Dokumente<\/strong>: Contracts, agreements, court documents.<\/p>\n<\/li>\n<li>\n<p><strong>Pers\u00f6nliche Dokumente<\/strong>: Birth certificates, marriage certificates, academic transcripts.<\/p>\n<\/li>\n<li>\n<p><strong>Gesch\u00e4ftsdokumente<\/strong>: Licenses, financial statements, corporate reports.<\/p>\n<\/li>\n<\/ul>\t\t\t\t\t\t\t\t<\/div>\n\t\t\t\t<div class=\"elementor-element elementor-element-e3bda88 elementor-widget elementor-widget-heading\" data-id=\"e3bda88\" data-element_type=\"widget\" data-e-type=\"widget\" data-widget_type=\"heading.default\">\n\t\t\t\t\t<h5 class=\"elementor-heading-title elementor-size-default\">2. Website- und App-Lokalisierung<\/h5>\t\t\t\t<\/div>\n\t\t\t\t<div class=\"elementor-element elementor-element-4b30fcd elementor-widget elementor-widget-text-editor\" data-id=\"4b30fcd\" data-element_type=\"widget\" data-e-type=\"widget\" data-widget_type=\"text-editor.default\">\n\t\t\t\t\t\t\t\t\t<p>Expand your digital presence in Dari-speaking markets with our localization services:<\/p>\n<ul>\n<li>\n<p><strong>Website-Lokalisierung<\/strong>: Adapting your website content to suit cultural nuances and preferences.<\/p>\n<\/li>\n<li>\n<p><strong>App-Lokalisierung<\/strong>: Ensuring your mobile applications are user-friendly for Dari-speaking users.<\/p>\n<\/li>\n<li>\n<p><strong>SEO-Optimierung<\/strong>: Implementing localized keywords and meta tags to improve search engine rankings.\u00a0<\/p>\n<\/li>\n<\/ul>\t\t\t\t\t\t\t\t<\/div>\n\t\t\t\t<div class=\"elementor-element elementor-element-d36d483 elementor-widget elementor-widget-heading\" data-id=\"d36d483\" data-element_type=\"widget\" data-e-type=\"widget\" data-widget_type=\"heading.default\">\n\t\t\t\t\t<h5 class=\"elementor-heading-title elementor-size-default\">3. Technische und medizinische \u00dcbersetzungen<\/h5>\t\t\t\t<\/div>\n\t\t\t\t<div class=\"elementor-element elementor-element-d8f21cb elementor-widget elementor-widget-text-editor\" data-id=\"d8f21cb\" data-element_type=\"widget\" data-e-type=\"widget\" data-widget_type=\"text-editor.default\">\n\t\t\t\t\t\t\t\t\t<p>Unsere Experten bearbeiten komplexe technische und medizinische Dokumente mit Pr\u00e4zision:<\/p>\n<ul>\n<li>\n<p><strong>Technische Handb\u00fccher<\/strong>: User guides, product manuals, technical specifications.<\/p>\n<\/li>\n<li>\n<p><strong>Medizinische Dokumente<\/strong>: Clinical reports, pharmaceutical information, medical research papers.<\/p>\n<\/li>\n<\/ul>\t\t\t\t\t\t\t\t<\/div>\n\t\t\t\t<div class=\"elementor-element elementor-element-355853f elementor-widget elementor-widget-heading\" data-id=\"355853f\" data-element_type=\"widget\" data-e-type=\"widget\" data-widget_type=\"heading.default\">\n\t\t\t\t\t<h5 class=\"elementor-heading-title elementor-size-default\">4. Gesch\u00e4fts- und Marketing\u00fcbersetzungen<\/h5>\t\t\t\t<\/div>\n\t\t\t\t<div class=\"elementor-element elementor-element-2e1df92 elementor-widget elementor-widget-text-editor\" data-id=\"2e1df92\" data-element_type=\"widget\" data-e-type=\"widget\" data-widget_type=\"text-editor.default\">\n\t\t\t\t\t\t\t\t\t<p>Effectively communicate your brand message to Dari-speaking audiences:<\/p>\n<ul>\n<li>\n<p><strong>Marketingmaterialien<\/strong>: Brochures, advertisements, press releases.<\/p>\n<\/li>\n<li>\n<p><strong>Gesch\u00e4ftskommunikation<\/strong>: Presentations, emails, corporate communications.<\/p>\n<\/li>\n<\/ul>\t\t\t\t\t\t\t\t<\/div>\n\t\t\t\t<div class=\"elementor-element elementor-element-ed4003b elementor-widget elementor-widget-heading\" data-id=\"ed4003b\" data-element_type=\"widget\" data-e-type=\"widget\" data-widget_type=\"heading.default\">\n\t\t\t\t\t<h3 class=\"elementor-heading-title elementor-size-default\">Branchen, die wir bedienen<\/h3>\t\t\t\t<\/div>\n\t\t\t\t<div class=\"elementor-element elementor-element-652fc91 elementor-widget elementor-widget-text-editor\" data-id=\"652fc91\" data-element_type=\"widget\" data-e-type=\"widget\" data-widget_type=\"text-editor.default\">\n\t\t\t\t\t\t\t\t\t<p>Wir beliefern ein breites Spektrum an Branchen, darunter:<\/p>\n<ul>\n<li>\n<p><strong>Recht und Regierung<\/strong>: Providing translations for legal proceedings and governmental communications.<\/p>\n<\/li>\n<li>\n<p><strong>Gesundheitswesen und Pharma<\/strong>: Translating medical records, research papers, and pharmaceutical documents.<\/p>\n<\/li>\n<li>\n<p><strong>Technologie &amp; IT<\/strong>: Localizing software, user manuals, and technical documentation.<\/p>\n<\/li>\n<li>\n<p><strong>Finanzen &amp; Bankwesen<\/strong>: Translating financial reports, investment documents, and banking materials.<\/p>\n<\/li>\n<li>\n<p><strong>E-Commerce und Einzelhandel<\/strong>: Localizing product descriptions, customer reviews, and marketing content.<\/p>\n<\/li>\n<\/ul>\t\t\t\t\t\t\t\t<\/div>\n\t\t\t\t<div class=\"elementor-element elementor-element-4259754 elementor-widget elementor-widget-heading\" data-id=\"4259754\" data-element_type=\"widget\" data-e-type=\"widget\" data-widget_type=\"heading.default\">\n\t\t\t\t\t<h3 class=\"elementor-heading-title elementor-size-default\">Why Professional Dari Translation Matters<\/h3>\t\t\t\t<\/div>\n\t\t\t\t<div class=\"elementor-element elementor-element-67e3234 elementor-widget elementor-widget-text-editor\" data-id=\"67e3234\" data-element_type=\"widget\" data-e-type=\"widget\" data-widget_type=\"text-editor.default\">\n\t\t\t\t\t\t\t\t\t<p>Dari is spoken by millions of people worldwide, making it essential for businesses and organizations aiming to connect with Dari-speaking audiences. Professional translation ensures:<\/p>\n<ul>\n<li>\n<p><strong>Kulturelle Relevanz<\/strong>: Accurate translations that resonate with the local culture and customs.<\/p>\n<\/li>\n<li>\n<p><strong>Einhaltung gesetzlicher Vorschriften<\/strong>: Ensuring documents meet regional legal standards and requirements.<\/p>\n<\/li>\n<li>\n<p><strong>Markenglaubw\u00fcrdigkeit<\/strong>: Presenting your business professionally to Dari-speaking audiences.<\/p><\/li><\/ul>\t\t\t\t\t\t\t\t<\/div>\n\t\t\t\t<div class=\"elementor-element elementor-element-5efa064 elementor-widget elementor-widget-heading\" data-id=\"5efa064\" data-element_type=\"widget\" data-e-type=\"widget\" data-widget_type=\"heading.default\">\n\t\t\t\t\t<h3 class=\"elementor-heading-title elementor-size-default\">SEO-Optimized Dari Translation Services<\/h3>\t\t\t\t<\/div>\n\t\t\t\t<div class=\"elementor-element elementor-element-d3e76d6 elementor-widget elementor-widget-text-editor\" data-id=\"d3e76d6\" data-element_type=\"widget\" data-e-type=\"widget\" data-widget_type=\"text-editor.default\">\n\t\t\t\t\t\t\t\t\t<p>Unsere \u00dcbersetzungen basieren auf den bew\u00e4hrten SEO-Methoden, um Ihre Online-Sichtbarkeit zu verbessern:<\/p>\n<ul>\n<li>\n<p><strong>Lokalisierte Schl\u00fcsselw\u00f6rter<\/strong>: Incorporating region-specific search terms to improve rankings.\u00a0<\/p>\n<\/li>\n<li>\n<p><strong>Meta-Tag-Optimierung<\/strong>: Translating and optimizing meta descriptions and titles for better click-through rates.\u00a0<\/p>\n<\/li>\n<li>\n<p><strong>Benutzerfreundliche URLs<\/strong>: Creating URLs that are readable and relevant in Dari.\u00a0<\/p>\n<\/li>\n<\/ul>\t\t\t\t\t\t\t\t<\/div>\n\t\t\t\t<div class=\"elementor-element elementor-element-53e23f4 elementor-widget elementor-widget-heading\" data-id=\"53e23f4\" data-element_type=\"widget\" data-e-type=\"widget\" data-widget_type=\"heading.default\">\n\t\t\t\t\t<h3 class=\"elementor-heading-title elementor-size-default\">Get a Free Quote for Dari Translation Services<\/h3>\t\t\t\t<\/div>\n\t\t\t\t<div class=\"elementor-element elementor-element-7260a00 elementor-widget elementor-widget-text-editor\" data-id=\"7260a00\" data-element_type=\"widget\" data-e-type=\"widget\" data-widget_type=\"text-editor.default\">\n\t\t\t\t\t\t\t\t\t<p>Need professional Dari translation services? Contact us today for a free quote. We ensure fast, precise, and confidential translations for all your needs.<\/p>\n<h3><a href=\"https:\/\/lsaglobal-translate.co.uk\/de\/\"><strong>\ud83d\udcde Kontaktieren Sie uns noch heute!<\/strong><\/a><\/h3>\n<p>\ud83d\udccd <strong>Globaler Service \u2013 Weltweit verf\u00fcgbar<\/strong><\/p>\n<p><strong>Expand your reach with expert Dari translation!<\/strong> Nehmen Sie jetzt Kontakt mit uns auf, um Ihr Projekt zu besprechen.<\/p>\t\t\t\t\t\t\t\t<\/div>\n\t\t\t\t<div class=\"elementor-element elementor-element-c49f9b4 elementor-widget elementor-widget-heading\" data-id=\"c49f9b4\" data-element_type=\"widget\" data-e-type=\"widget\" data-widget_type=\"heading.default\">\n\t\t\t\t\t<h3 class=\"elementor-heading-title elementor-size-default\">Dar\u00fcber hinausgehen<\/h3>\t\t\t\t<\/div>\n\t\t\t\t<div class=\"elementor-element elementor-element-ee64fda elementor-widget elementor-widget-text-editor\" data-id=\"ee64fda\" data-element_type=\"widget\" data-e-type=\"widget\" data-widget_type=\"text-editor.default\">\n\t\t\t\t\t\t\t\t\t<h4><a href=\"https:\/\/lsaglobal-translate.co.uk\/de\/professional-transcription-services\/\">Professionelle Transkriptionsdienste<\/a><\/h4>\t\t\t\t\t\t\t\t<\/div>\n\t\t\t\t<div class=\"elementor-element elementor-element-d8eb18f elementor-widget elementor-widget-text-editor\" data-id=\"d8eb18f\" data-element_type=\"widget\" data-e-type=\"widget\" data-widget_type=\"text-editor.default\">\n\t\t\t\t\t\t\t\t\t<h4><a href=\"https:\/\/lsaglobal-translate.co.uk\/de\/professional-interpretation-services\/\">Professionelle Dolmetscherdienste<\/a><\/h4>\t\t\t\t\t\t\t\t<\/div>\n\t\t\t\t<div class=\"elementor-element elementor-element-e2f4141 elementor-widget elementor-widget-text-editor\" data-id=\"e2f4141\" data-element_type=\"widget\" data-e-type=\"widget\" data-widget_type=\"text-editor.default\">\n\t\t\t\t\t\t\t\t\t<h4><span style=\"color: #000000;\"><a style=\"color: #000000;\" href=\"https:\/\/lsa-global.com\/\" target=\"_blank\" rel=\"noopener\">\u00dcbersetzungsprofi.<\/a><\/span><\/h4>\t\t\t\t\t\t\t\t<\/div>\n\t\t\t\t<div class=\"elementor-element elementor-element-8673ce6 elementor-widget elementor-widget-text-editor\" data-id=\"8673ce6\" data-element_type=\"widget\" data-e-type=\"widget\" data-widget_type=\"text-editor.default\">\n\t\t\t\t\t\t\t\t\t<h4><a href=\"https:\/\/lsaglobal-translate.co.uk\/de\/terms-and-conditions\/\">Bedingungen und Konditionen<\/a><\/h4>\t\t\t\t\t\t\t\t<\/div>\n\t\t\t\t<div class=\"elementor-element elementor-element-d4325e5 elementor-widget elementor-widget-image\" data-id=\"d4325e5\" data-element_type=\"widget\" data-e-type=\"widget\" data-widget_type=\"image.default\">\n\t\t\t\t\t\t\t\t\t\t\t\t\t\t\t<img fetchpriority=\"high\" decoding=\"async\" data-attachment-id=\"11206\" data-permalink=\"https:\/\/lsaglobal-translate.co.uk\/es\/professional-dari-translation-services\/dari-4\/\" data-orig-file=\"https:\/\/i0.wp.com\/lsaglobal-translate.co.uk\/wp-content\/uploads\/2025\/03\/Dari-3.png?fit=2560%2C1707&amp;ssl=1\" data-orig-size=\"2560,1707\" data-comments-opened=\"1\" data-image-meta=\"{&quot;aperture&quot;:&quot;0&quot;,&quot;credit&quot;:&quot;&quot;,&quot;camera&quot;:&quot;&quot;,&quot;caption&quot;:&quot;&quot;,&quot;created_timestamp&quot;:&quot;0&quot;,&quot;copyright&quot;:&quot;&quot;,&quot;focal_length&quot;:&quot;0&quot;,&quot;iso&quot;:&quot;0&quot;,&quot;shutter_speed&quot;:&quot;0&quot;,&quot;title&quot;:&quot;&quot;,&quot;orientation&quot;:&quot;0&quot;}\" data-image-title=\"Dari translations Services\" data-image-description=\"&lt;p&gt;Dari translations Services&lt;\/p&gt;\" data-image-caption=\"\" data-medium-file=\"https:\/\/i0.wp.com\/lsaglobal-translate.co.uk\/wp-content\/uploads\/2025\/03\/Dari-3.png?fit=300%2C200&amp;ssl=1\" data-large-file=\"https:\/\/i0.wp.com\/lsaglobal-translate.co.uk\/wp-content\/uploads\/2025\/03\/Dari-3.png?fit=525%2C350&amp;ssl=1\" width=\"300\" height=\"200\" src=\"https:\/\/i0.wp.com\/lsaglobal-translate.co.uk\/wp-content\/uploads\/2025\/03\/Dari-3.png?fit=300%2C200&amp;ssl=1\" class=\"attachment-medium size-medium wp-image-11206\" alt=\"Dari translations Services\" srcset=\"https:\/\/i0.wp.com\/lsaglobal-translate.co.uk\/wp-content\/uploads\/2025\/03\/Dari-3.png?w=2560&amp;ssl=1 2560w, https:\/\/i0.wp.com\/lsaglobal-translate.co.uk\/wp-content\/uploads\/2025\/03\/Dari-3.png?resize=300%2C200&amp;ssl=1 300w, https:\/\/i0.wp.com\/lsaglobal-translate.co.uk\/wp-content\/uploads\/2025\/03\/Dari-3.png?resize=1024%2C683&amp;ssl=1 1024w, https:\/\/i0.wp.com\/lsaglobal-translate.co.uk\/wp-content\/uploads\/2025\/03\/Dari-3.png?resize=768%2C512&amp;ssl=1 768w, https:\/\/i0.wp.com\/lsaglobal-translate.co.uk\/wp-content\/uploads\/2025\/03\/Dari-3.png?resize=1536%2C1024&amp;ssl=1 1536w, https:\/\/i0.wp.com\/lsaglobal-translate.co.uk\/wp-content\/uploads\/2025\/03\/Dari-3.png?resize=2048%2C1366&amp;ssl=1 2048w, https:\/\/i0.wp.com\/lsaglobal-translate.co.uk\/wp-content\/uploads\/2025\/03\/Dari-3.png?resize=18%2C12&amp;ssl=1 18w\" sizes=\"(max-width: 300px) 100vw, 300px\" title=\"\">\t\t\t\t\t\t\t\t\t\t\t\t\t\t\t<\/div>\n\t\t\t\t\t<\/div>\n\t\t\t\t<\/div>\n\t\t\t\t<\/div>","protected":false},"excerpt":{"rendered":"<p>Expert Dari Translation Services for Businesses and Individuals Are you seeking high-quality Dari translation services? Our team of professional translators specializes in delivering accurate, culturally adapted translations tailored to Dari-speaking audiences. We offer a comprehensive range of services, including document translation, website localization, technical translations, and more, ensuring your content resonates with your target market. [&hellip;]<\/p>\n","protected":false},"author":2,"featured_media":11206,"parent":0,"menu_order":0,"comment_status":"closed","ping_status":"closed","template":"","meta":{"_acf_changed":false,"footnotes":""},"class_list":["post-11050","page","type-page","status-publish","has-post-thumbnail","hentry"],"acf":[],"jetpack_sharing_enabled":true,"jetpack-related-posts":[],"_links":{"self":[{"href":"https:\/\/lsaglobal-translate.co.uk\/de\/wp-json\/wp\/v2\/pages\/11050","targetHints":{"allow":["GET"]}}],"collection":[{"href":"https:\/\/lsaglobal-translate.co.uk\/de\/wp-json\/wp\/v2\/pages"}],"about":[{"href":"https:\/\/lsaglobal-translate.co.uk\/de\/wp-json\/wp\/v2\/types\/page"}],"author":[{"embeddable":true,"href":"https:\/\/lsaglobal-translate.co.uk\/de\/wp-json\/wp\/v2\/users\/2"}],"replies":[{"embeddable":true,"href":"https:\/\/lsaglobal-translate.co.uk\/de\/wp-json\/wp\/v2\/comments?post=11050"}],"version-history":[{"count":0,"href":"https:\/\/lsaglobal-translate.co.uk\/de\/wp-json\/wp\/v2\/pages\/11050\/revisions"}],"wp:featuredmedia":[{"embeddable":true,"href":"https:\/\/lsaglobal-translate.co.uk\/de\/wp-json\/wp\/v2\/media\/11206"}],"wp:attachment":[{"href":"https:\/\/lsaglobal-translate.co.uk\/de\/wp-json\/wp\/v2\/media?parent=11050"}],"curies":[{"name":"wp","href":"https:\/\/api.w.org\/{rel}","templated":true}]}}