{"id":10789,"date":"2025-03-17T10:01:16","date_gmt":"2025-03-17T09:01:16","guid":{"rendered":"https:\/\/lsaglobal-translate.co.uk\/?page_id=10789"},"modified":"2025-04-24T10:15:27","modified_gmt":"2025-04-24T09:15:27","slug":"albanian-translation-services","status":"publish","type":"page","link":"https:\/\/lsaglobal-translate.co.uk\/es\/albanian-translation-services\/","title":{"rendered":"Servicios de traducci\u00f3n al alban\u00e9s | Traducciones profesionales y precisas"},"content":{"rendered":"<div data-elementor-type=\"wp-page\" data-elementor-id=\"10789\" class=\"elementor elementor-10789\" data-elementor-post-type=\"page\">\n\t\t\t\t<div class=\"elementor-element elementor-element-0a4a4b4 e-flex e-con-boxed e-con e-parent\" data-id=\"0a4a4b4\" data-element_type=\"container\" data-e-type=\"container\">\n\t\t\t\t\t<div class=\"e-con-inner\">\n\t\t\t\t<div class=\"elementor-element elementor-element-e238a9d elementor-widget elementor-widget-image\" data-id=\"e238a9d\" data-element_type=\"widget\" data-e-type=\"widget\" data-widget_type=\"image.default\">\n\t\t\t\t\t\t\t\t\t\t\t\t\t\t\t<img fetchpriority=\"high\" decoding=\"async\" data-attachment-id=\"11066\" data-permalink=\"https:\/\/lsaglobal-translate.co.uk\/fr\/albanian-translation-services\/albanian-2\/\" data-orig-file=\"https:\/\/i0.wp.com\/lsaglobal-translate.co.uk\/wp-content\/uploads\/2025\/03\/Albanian-1.png?fit=2560%2C1829&amp;ssl=1\" data-orig-size=\"2560,1829\" data-comments-opened=\"1\" data-image-meta=\"{&quot;aperture&quot;:&quot;0&quot;,&quot;credit&quot;:&quot;&quot;,&quot;camera&quot;:&quot;&quot;,&quot;caption&quot;:&quot;&quot;,&quot;created_timestamp&quot;:&quot;0&quot;,&quot;copyright&quot;:&quot;&quot;,&quot;focal_length&quot;:&quot;0&quot;,&quot;iso&quot;:&quot;0&quot;,&quot;shutter_speed&quot;:&quot;0&quot;,&quot;title&quot;:&quot;&quot;,&quot;orientation&quot;:&quot;0&quot;}\" data-image-title=\"Albanian translation Services\" data-image-description=\"&lt;p&gt;Albanian translation Services&lt;\/p&gt;\" data-image-caption=\"\" data-medium-file=\"https:\/\/i0.wp.com\/lsaglobal-translate.co.uk\/wp-content\/uploads\/2025\/03\/Albanian-1.png?fit=300%2C214&amp;ssl=1\" data-large-file=\"https:\/\/i0.wp.com\/lsaglobal-translate.co.uk\/wp-content\/uploads\/2025\/03\/Albanian-1.png?fit=525%2C375&amp;ssl=1\" width=\"300\" height=\"214\" src=\"https:\/\/i0.wp.com\/lsaglobal-translate.co.uk\/wp-content\/uploads\/2025\/03\/Albanian-1.png?fit=300%2C214&amp;ssl=1\" class=\"attachment-medium size-medium wp-image-11066\" alt=\"Albanian translation Services\" srcset=\"https:\/\/i0.wp.com\/lsaglobal-translate.co.uk\/wp-content\/uploads\/2025\/03\/Albanian-1.png?w=2560&amp;ssl=1 2560w, https:\/\/i0.wp.com\/lsaglobal-translate.co.uk\/wp-content\/uploads\/2025\/03\/Albanian-1.png?resize=300%2C214&amp;ssl=1 300w, https:\/\/i0.wp.com\/lsaglobal-translate.co.uk\/wp-content\/uploads\/2025\/03\/Albanian-1.png?resize=1024%2C732&amp;ssl=1 1024w, https:\/\/i0.wp.com\/lsaglobal-translate.co.uk\/wp-content\/uploads\/2025\/03\/Albanian-1.png?resize=768%2C549&amp;ssl=1 768w, https:\/\/i0.wp.com\/lsaglobal-translate.co.uk\/wp-content\/uploads\/2025\/03\/Albanian-1.png?resize=1536%2C1097&amp;ssl=1 1536w, https:\/\/i0.wp.com\/lsaglobal-translate.co.uk\/wp-content\/uploads\/2025\/03\/Albanian-1.png?resize=2048%2C1463&amp;ssl=1 2048w, https:\/\/i0.wp.com\/lsaglobal-translate.co.uk\/wp-content\/uploads\/2025\/03\/Albanian-1.png?resize=18%2C12&amp;ssl=1 18w\" sizes=\"(max-width: 300px) 100vw, 300px\" title=\"\">\t\t\t\t\t\t\t\t\t\t\t\t\t\t\t<\/div>\n\t\t\t\t<div class=\"elementor-element elementor-element-6f2f921 elementor-widget elementor-widget-heading\" data-id=\"6f2f921\" data-element_type=\"widget\" data-e-type=\"widget\" data-widget_type=\"heading.default\">\n\t\t\t\t\t<h2 class=\"elementor-heading-title elementor-size-default\">Servicios profesionales de traducci\u00f3n al alban\u00e9s: r\u00e1pidos y fiables<\/h2>\t\t\t\t<\/div>\n\t\t\t\t<div class=\"elementor-element elementor-element-2ebd1f6 elementor-widget elementor-widget-text-editor\" data-id=\"2ebd1f6\" data-element_type=\"widget\" data-e-type=\"widget\" data-widget_type=\"text-editor.default\">\n\t\t\t\t\t\t\t\t\t<p>Buscando alta calidad\u00a0<strong>Servicios de traducci\u00f3n al alban\u00e9s<\/strong>Nuestros ling\u00fcistas expertos proporcionan\u00a0<strong>traducciones precisas, r\u00e1pidas y adaptadas culturalmente<\/strong>\u00a0Para empresas, documentos legales, sitios web y uso personal. Ya sea que necesite...\u00a0<strong>traducciones certificadas, contratos legales o localizaci\u00f3n de sitios web<\/strong>, garantizamos resultados precisos y profesionales.<\/p>\t\t\t\t\t\t\t\t<\/div>\n\t\t\t\t<div class=\"elementor-element elementor-element-4fed586 elementor-widget elementor-widget-heading\" data-id=\"4fed586\" data-element_type=\"widget\" data-e-type=\"widget\" data-widget_type=\"heading.default\">\n\t\t\t\t\t<h3 class=\"elementor-heading-title elementor-size-default\">\u00bfPor qu\u00e9 elegir nuestros servicios de traducci\u00f3n al alban\u00e9s?<\/h3>\t\t\t\t<\/div>\n\t\t\t\t<div class=\"elementor-element elementor-element-766866b elementor-widget elementor-widget-text-editor\" data-id=\"766866b\" data-element_type=\"widget\" data-e-type=\"widget\" data-widget_type=\"text-editor.default\">\n\t\t\t\t\t\t\t\t\t<ul><li><strong>Traductores nativos de alban\u00e9s<\/strong>\u00a0\u2013 Expertos fluidos con conocimientos espec\u00edficos de la industria.<\/li><li><img decoding=\"async\" class=\"emoji\" role=\"img\" draggable=\"false\" src=\"https:\/\/s.w.org\/images\/core\/emoji\/15.0.3\/svg\/2705.svg\" alt=\"\u2705\" title=\"\">\u00a0<strong>Entrega r\u00e1pida<\/strong>\u00a0\u2013 Entrega a tiempo sin comprometer la precisi\u00f3n.<\/li><li><img decoding=\"async\" class=\"emoji\" role=\"img\" draggable=\"false\" src=\"https:\/\/s.w.org\/images\/core\/emoji\/15.0.3\/svg\/2705.svg\" alt=\"\u2705\" title=\"\">\u00a0<strong>Traducciones certificadas y oficiales<\/strong>\u00a0\u2013 Aceptado por instituciones gubernamentales y personas jur\u00eddicas.<\/li><li><img decoding=\"async\" class=\"emoji\" role=\"img\" draggable=\"false\" src=\"https:\/\/s.w.org\/images\/core\/emoji\/15.0.3\/svg\/2705.svg\" alt=\"\u2705\" title=\"\">\u00a0<strong>Precios asequibles<\/strong>\u00a0\u2013 Tarifas transparentes sin costes ocultos.<\/li><li><img decoding=\"async\" class=\"emoji\" role=\"img\" draggable=\"false\" src=\"https:\/\/s.w.org\/images\/core\/emoji\/15.0.3\/svg\/2705.svg\" alt=\"\u2705\" title=\"\">\u00a0<strong>Traducciones optimizadas para SEO<\/strong>\u00a0\u2013 Ayudar a que su contenido se posicione en\u00a0<strong>Albania y Kosovo<\/strong>.<\/li><\/ul>\t\t\t\t\t\t\t\t<\/div>\n\t\t\t\t<div class=\"elementor-element elementor-element-a8be95e elementor-widget elementor-widget-heading\" data-id=\"a8be95e\" data-element_type=\"widget\" data-e-type=\"widget\" data-widget_type=\"heading.default\">\n\t\t\t\t\t<h3 class=\"elementor-heading-title elementor-size-default\">Nuestros servicios profesionales de traducci\u00f3n al alban\u00e9s<\/h3>\t\t\t\t<\/div>\n\t\t\t\t<div class=\"elementor-element elementor-element-9de4170 elementor-widget elementor-widget-heading\" data-id=\"9de4170\" data-element_type=\"widget\" data-e-type=\"widget\" data-widget_type=\"heading.default\">\n\t\t\t\t\t<h5 class=\"elementor-heading-title elementor-size-default\">1. Traducci\u00f3n certificada de documentos<\/h5>\t\t\t\t<\/div>\n\t\t\t\t<div class=\"elementor-element elementor-element-c43b3d1 elementor-widget elementor-widget-text-editor\" data-id=\"c43b3d1\" data-element_type=\"widget\" data-e-type=\"widget\" data-widget_type=\"text-editor.default\">\n\t\t\t\t\t\t\t\t\t<p>Nuestros traductores certificados de alban\u00e9s ofrecen\u00a0<strong>traducciones oficiales<\/strong>\u00a0para:<\/p><ul><li>Certificados de nacimiento y matrimonio<\/li><li>Diplomas y transcripciones acad\u00e9micas<\/li><li>\u00d3rdenes judiciales y contratos legales<\/li><li>documentos de inmigraci\u00f3n<\/li><li>Licencias comerciales<\/li><\/ul>\t\t\t\t\t\t\t\t<\/div>\n\t\t\t\t<div class=\"elementor-element elementor-element-5212c9a elementor-widget elementor-widget-heading\" data-id=\"5212c9a\" data-element_type=\"widget\" data-e-type=\"widget\" data-widget_type=\"heading.default\">\n\t\t\t\t\t<h5 class=\"elementor-heading-title elementor-size-default\">2. Localizaci\u00f3n de sitios web y software<\/h5>\t\t\t\t<\/div>\n\t\t\t\t<div class=\"elementor-element elementor-element-0822239 elementor-widget elementor-widget-text-editor\" data-id=\"0822239\" data-element_type=\"widget\" data-e-type=\"widget\" data-widget_type=\"text-editor.default\">\n\t\t\t\t\t\t\t\t\t<p><span style=\"color: #ff0000;\">\u00bfQuieres expandir tu negocio a?\u00a0<strong>Albania y Kosovo<\/strong>? Nuestro\u00a0<strong>localizaci\u00f3n de sitios web y aplicaciones<\/strong>\u00a0Los servicios garantizan que su contenido digital sea:<\/span><\/p><ul><li><span style=\"color: #ff0000;\">Culturalmente relevante para usuarios de habla albanesa.<\/span><\/li><li><span style=\"color: #ff0000;\">Optimizado para\u00a0<strong>Google, Bing y motores de b\u00fasqueda locales<\/strong>.<\/span><\/li><li><span style=\"color: #ff0000;\">Adaptado para formatos de pago y fecha locales.<\/span><\/li><\/ul>\t\t\t\t\t\t\t\t<\/div>\n\t\t\t\t<div class=\"elementor-element elementor-element-732adf4 elementor-widget elementor-widget-heading\" data-id=\"732adf4\" data-element_type=\"widget\" data-e-type=\"widget\" data-widget_type=\"heading.default\">\n\t\t\t\t\t<h5 class=\"elementor-heading-title elementor-size-default\">3. Traducciones comerciales y de marketing<\/h5>\t\t\t\t<\/div>\n\t\t\t\t<div class=\"elementor-element elementor-element-be82ff4 elementor-widget elementor-widget-text-editor\" data-id=\"be82ff4\" data-element_type=\"widget\" data-e-type=\"widget\" data-widget_type=\"text-editor.default\">\n\t\t\t\t\t\t\t\t\t<p>Mejore el alcance de su marca en Albania con traducciones profesionales:<\/p><ul><li>Materiales de marketing<\/li><li>Campa\u00f1as en redes sociales<\/li><li>Informes comerciales y estados financieros<\/li><li>Descripciones de productos y listados de comercio electr\u00f3nico<\/li><\/ul>\t\t\t\t\t\t\t\t<\/div>\n\t\t\t\t<div class=\"elementor-element elementor-element-1b93cff elementor-widget elementor-widget-heading\" data-id=\"1b93cff\" data-element_type=\"widget\" data-e-type=\"widget\" data-widget_type=\"heading.default\">\n\t\t\t\t\t<h5 class=\"elementor-heading-title elementor-size-default\">4. Traducciones legales y de inmigraci\u00f3n<\/h5>\t\t\t\t<\/div>\n\t\t\t\t<div class=\"elementor-element elementor-element-3cac121 elementor-widget elementor-widget-text-editor\" data-id=\"3cac121\" data-element_type=\"widget\" data-e-type=\"widget\" data-widget_type=\"text-editor.default\">\n\t\t\t\t\t\t\t\t\t<p>Nuestros expertos legales se especializan en traducir\u00a0<strong>Documentos legales albaneses<\/strong>\u00a0con\u00a0<strong>100% precisi\u00f3n y confidencialidad<\/strong>Ofrecemos:<\/p><ul><li>Contratos y acuerdos<\/li><li>Documentos judiciales<\/li><li>Materiales de cumplimiento y reglamentaci\u00f3n<\/li><\/ul>\t\t\t\t\t\t\t\t<\/div>\n\t\t\t\t<div class=\"elementor-element elementor-element-59059f0 elementor-widget elementor-widget-heading\" data-id=\"59059f0\" data-element_type=\"widget\" data-e-type=\"widget\" data-widget_type=\"heading.default\">\n\t\t\t\t\t<h5 class=\"elementor-heading-title elementor-size-default\">5. Traducciones t\u00e9cnicas y m\u00e9dicas<\/h5>\t\t\t\t<\/div>\n\t\t\t\t<div class=\"elementor-element elementor-element-936e52b elementor-widget elementor-widget-text-editor\" data-id=\"936e52b\" data-element_type=\"widget\" data-e-type=\"widget\" data-widget_type=\"text-editor.default\">\n\t\t\t\t\t\t\t\t\t<p>Ofrecemos\u00a0<strong>traducciones t\u00e9cnicas y m\u00e9dicas precisas<\/strong>\u00a0para industrias como:<\/p><ul><li>Atenci\u00f3n sanitaria y productos farmac\u00e9uticos<\/li><li>Ingenier\u00eda y TI<\/li><li>Investigaci\u00f3n y documentaci\u00f3n cient\u00edfica<\/li><\/ul>\t\t\t\t\t\t\t\t<\/div>\n\t\t\t\t<div class=\"elementor-element elementor-element-b25c10b elementor-widget elementor-widget-heading\" data-id=\"b25c10b\" data-element_type=\"widget\" data-e-type=\"widget\" data-widget_type=\"heading.default\">\n\t\t\t\t\t<h3 class=\"elementor-heading-title elementor-size-default\">Industrias a las que servimos<\/h3>\t\t\t\t<\/div>\n\t\t\t\t<div class=\"elementor-element elementor-element-9ac0f00 elementor-widget elementor-widget-text-editor\" data-id=\"9ac0f00\" data-element_type=\"widget\" data-e-type=\"widget\" data-widget_type=\"text-editor.default\">\n\t\t\t\t\t\t\t\t\t<p>Nuestros servicios profesionales de traducci\u00f3n al alban\u00e9s respaldan diversas industrias, entre ellas:<\/p><ul><li><strong>Legal e inmigraci\u00f3n<\/strong><\/li><li><strong>Atenci\u00f3n m\u00e9dica y sanitaria<\/strong><\/li><li><strong>Negocios y finanzas<\/strong><\/li><li><strong>Comercio electr\u00f3nico y venta minorista<\/strong><\/li><li><strong>Tecnolog\u00eda y software<\/strong><\/li><\/ul>\t\t\t\t\t\t\t\t<\/div>\n\t\t\t\t<div class=\"elementor-element elementor-element-4fcc42a elementor-widget elementor-widget-heading\" data-id=\"4fcc42a\" data-element_type=\"widget\" data-e-type=\"widget\" data-widget_type=\"heading.default\">\n\t\t\t\t\t<h3 class=\"elementor-heading-title elementor-size-default\">Por qu\u00e9 es importante una traducci\u00f3n profesional al alban\u00e9s<\/h3>\t\t\t\t<\/div>\n\t\t\t\t<div class=\"elementor-element elementor-element-c6987cc elementor-widget elementor-widget-text-editor\" data-id=\"c6987cc\" data-element_type=\"widget\" data-e-type=\"widget\" data-widget_type=\"text-editor.default\">\n\t\t\t\t\t\t\t\t\t<p>El alban\u00e9s es hablado por m\u00e1s de\u00a0<strong>7,5 millones de personas<\/strong>\u00a0al otro lado de\u00a0<strong>Albania, Kosovo, Macedonia del Norte, Montenegro y la di\u00e1spora albanesa<\/strong>La traducci\u00f3n profesional garantiza:<\/p><ul><li><strong>Cumplimiento legal<\/strong>\u00a0\u2013 Evitar problemas con documentos oficiales.<\/li><li><strong>Relevancia cultural<\/strong>\u00a0\u2013 Garantizar una comunicaci\u00f3n clara con su p\u00fablico objetivo.<\/li><li><strong>\u00c9xito SEO<\/strong>\u00a0\u2013 Ayudar a que su sitio web tenga una mejor clasificaci\u00f3n en\u00a0<strong>Resultados de b\u00fasqueda en alban\u00e9s<\/strong>.<\/li><\/ul>\t\t\t\t\t\t\t\t<\/div>\n\t\t\t\t<div class=\"elementor-element elementor-element-d446be9 elementor-widget elementor-widget-heading\" data-id=\"d446be9\" data-element_type=\"widget\" data-e-type=\"widget\" data-widget_type=\"heading.default\">\n\t\t\t\t\t<h3 class=\"elementor-heading-title elementor-size-default\">Servicios de traducci\u00f3n al alban\u00e9s optimizados para SEO<\/h3>\t\t\t\t<\/div>\n\t\t\t\t<div class=\"elementor-element elementor-element-942d08b elementor-widget elementor-widget-text-editor\" data-id=\"942d08b\" data-element_type=\"widget\" data-e-type=\"widget\" data-widget_type=\"text-editor.default\">\n\t\t\t\t\t\t\t\t\t<p>e integrar\u00a0<strong>Mejores pr\u00e1cticas de SEO<\/strong>\u00a0en nuestras traducciones para mejorar su\u00a0<strong>Clasificaci\u00f3n de Google<\/strong>\u00a0y aumentar la visibilidad. Nuestro enfoque optimizado para SEO incluye:<\/p><ul><li><strong>Investigaci\u00f3n y optimizaci\u00f3n de palabras clave<\/strong>\u00a0para b\u00fasquedas en alban\u00e9s.<\/li><li><strong>Contenido localizado<\/strong>\u00a0Dise\u00f1ado para Albania, Kosovo y m\u00e1s all\u00e1.<\/li><li><strong>Optimizaci\u00f3n de metaetiquetas y URL<\/strong>\u00a0para mejorar el rendimiento de su sitio web.<\/li><\/ul>\t\t\t\t\t\t\t\t<\/div>\n\t\t\t\t<div class=\"elementor-element elementor-element-6a2fad0 elementor-widget elementor-widget-heading\" data-id=\"6a2fad0\" data-element_type=\"widget\" data-e-type=\"widget\" data-widget_type=\"heading.default\">\n\t\t\t\t\t<h2 class=\"elementor-heading-title elementor-size-default\">Obtenga un presupuesto gratuito para servicios de traducci\u00f3n al alban\u00e9s<\/h2>\t\t\t\t<\/div>\n\t\t\t\t<div class=\"elementor-element elementor-element-8484456 elementor-widget elementor-widget-text-editor\" data-id=\"8484456\" data-element_type=\"widget\" data-e-type=\"widget\" data-widget_type=\"text-editor.default\">\n\t\t\t\t\t\t\t\t\t<p>Necesidad\u00a0<strong>servicios profesionales de traducci\u00f3n al alban\u00e9s<\/strong>Cont\u00e1ctanos hoy para una\u00a0<strong>cotizaci\u00f3n gratuita<\/strong>Nos aseguramos\u00a0<strong>r\u00e1pido, preciso y confidencial<\/strong>\u00a0Traducciones para todas sus necesidades.<\/p><h3>\u00a0<\/h3><h3 data-start=\"3743\" data-end=\"3771\"><strong data-start=\"3747\" data-end=\"3771\">(Reino Unido) +44 737 846 1403 o (Camer\u00fan) +237 696 20 67 31<\/strong><\/h3><h3><a href=\"https:\/\/lsaglobal-translate.co.uk\/es\/get-your-free-quote-lsa-global\/\"><strong>\u00a0\u00a1Cont\u00e1ctanos hoy!<\/strong><\/a><\/h3><h5><img decoding=\"async\" class=\"emoji\" role=\"img\" draggable=\"false\" src=\"https:\/\/s.w.org\/images\/core\/emoji\/15.0.3\/svg\/1f4cd.svg\" alt=\"\ud83d\udccd\" title=\"\">\u00a0<a href=\"https:\/\/lsaglobal-translate.co.uk\/es\/our-languages-lsa-global-translate\/\">Servicio global: disponible en todo el mundo<\/a><\/h5><hr \/><p><strong>\u00a1Ampl\u00ede su negocio con traducciones expertas al alban\u00e9s!<\/strong>\u00a0Cont\u00e1ctenos ahora para discutir su proyecto.<\/p>\t\t\t\t\t\t\t\t<\/div>\n\t\t\t\t<div class=\"elementor-element elementor-element-7777f2e elementor-widget elementor-widget-heading\" data-id=\"7777f2e\" data-element_type=\"widget\" data-e-type=\"widget\" data-widget_type=\"heading.default\">\n\t\t\t\t\t<h1 class=\"elementor-heading-title elementor-size-default\">Yendo m\u00e1s all\u00e1<\/h1>\t\t\t\t<\/div>\n\t\t\t\t<div class=\"elementor-element elementor-element-ce7555f elementor-widget elementor-widget-text-editor\" data-id=\"ce7555f\" data-element_type=\"widget\" data-e-type=\"widget\" data-widget_type=\"text-editor.default\">\n\t\t\t\t\t\t\t\t\t<h4><span style=\"color: #ff0000;\"><a style=\"color: #ff0000;\" href=\"https:\/\/lsaglobal-translate.co.uk\/es\/professional-transcription-services\/\" data-wplink-edit=\"true\">Servicios profesionales de transcripci\u00f3n<\/a><\/span><\/h4>\t\t\t\t\t\t\t\t<\/div>\n\t\t\t\t<div class=\"elementor-element elementor-element-c193943 elementor-widget elementor-widget-text-editor\" data-id=\"c193943\" data-element_type=\"widget\" data-e-type=\"widget\" data-widget_type=\"text-editor.default\">\n\t\t\t\t\t\t\t\t\t<h4><span style=\"color: #ff0000;\"><a style=\"color: #ff0000;\" href=\"https:\/\/lsaglobal-translate.co.uk\/es\/professional-editing-proofing-services\/\">Servicios profesionales de revisi\u00f3n y edici\u00f3n<\/a><\/span><\/h4>\t\t\t\t\t\t\t\t<\/div>\n\t\t\t\t<div class=\"elementor-element elementor-element-95cf1c3 elementor-widget elementor-widget-text-editor\" data-id=\"95cf1c3\" data-element_type=\"widget\" data-e-type=\"widget\" data-widget_type=\"text-editor.default\">\n\t\t\t\t\t\t\t\t\t<h4><span style=\"color: #ff0000;\"><a style=\"color: #ff0000;\" href=\"https:\/\/lsaglobal-translate.co.uk\/es\/professional-interpretation-services\/\">Servicios profesionales de interpretaci\u00f3n<\/a><\/span><\/h4>\t\t\t\t\t\t\t\t<\/div>\n\t\t\t\t<div class=\"elementor-element elementor-element-9fe5b9b elementor-widget elementor-widget-text-editor\" data-id=\"9fe5b9b\" data-element_type=\"widget\" data-e-type=\"widget\" data-widget_type=\"text-editor.default\">\n\t\t\t\t\t\t\t\t\t<h4><span style=\"color: #0000ff;\"><a style=\"color: #0000ff;\" href=\"https:\/\/lsa-global.com\/\" target=\"_blank\" rel=\"noopener\"><span style=\"color: #ff0000;\">Traducci\u00f3n Pro<\/span><\/a><\/span><\/h4>\t\t\t\t\t\t\t\t<\/div>\n\t\t\t\t<div class=\"elementor-element elementor-element-1c84e32 elementor-widget elementor-widget-image\" data-id=\"1c84e32\" data-element_type=\"widget\" data-e-type=\"widget\" data-widget_type=\"image.default\">\n\t\t\t\t\t\t\t\t\t\t\t\t\t\t\t<img fetchpriority=\"high\" decoding=\"async\" data-attachment-id=\"11066\" data-permalink=\"https:\/\/lsaglobal-translate.co.uk\/fr\/albanian-translation-services\/albanian-2\/\" data-orig-file=\"https:\/\/i0.wp.com\/lsaglobal-translate.co.uk\/wp-content\/uploads\/2025\/03\/Albanian-1.png?fit=2560%2C1829&amp;ssl=1\" data-orig-size=\"2560,1829\" data-comments-opened=\"1\" data-image-meta=\"{&quot;aperture&quot;:&quot;0&quot;,&quot;credit&quot;:&quot;&quot;,&quot;camera&quot;:&quot;&quot;,&quot;caption&quot;:&quot;&quot;,&quot;created_timestamp&quot;:&quot;0&quot;,&quot;copyright&quot;:&quot;&quot;,&quot;focal_length&quot;:&quot;0&quot;,&quot;iso&quot;:&quot;0&quot;,&quot;shutter_speed&quot;:&quot;0&quot;,&quot;title&quot;:&quot;&quot;,&quot;orientation&quot;:&quot;0&quot;}\" data-image-title=\"Albanian translation Services\" data-image-description=\"&lt;p&gt;Albanian translation Services&lt;\/p&gt;\" data-image-caption=\"\" data-medium-file=\"https:\/\/i0.wp.com\/lsaglobal-translate.co.uk\/wp-content\/uploads\/2025\/03\/Albanian-1.png?fit=300%2C214&amp;ssl=1\" data-large-file=\"https:\/\/i0.wp.com\/lsaglobal-translate.co.uk\/wp-content\/uploads\/2025\/03\/Albanian-1.png?fit=525%2C375&amp;ssl=1\" width=\"300\" height=\"214\" src=\"https:\/\/i0.wp.com\/lsaglobal-translate.co.uk\/wp-content\/uploads\/2025\/03\/Albanian-1.png?fit=300%2C214&amp;ssl=1\" class=\"attachment-medium size-medium wp-image-11066\" alt=\"Albanian translation Services\" srcset=\"https:\/\/i0.wp.com\/lsaglobal-translate.co.uk\/wp-content\/uploads\/2025\/03\/Albanian-1.png?w=2560&amp;ssl=1 2560w, https:\/\/i0.wp.com\/lsaglobal-translate.co.uk\/wp-content\/uploads\/2025\/03\/Albanian-1.png?resize=300%2C214&amp;ssl=1 300w, https:\/\/i0.wp.com\/lsaglobal-translate.co.uk\/wp-content\/uploads\/2025\/03\/Albanian-1.png?resize=1024%2C732&amp;ssl=1 1024w, https:\/\/i0.wp.com\/lsaglobal-translate.co.uk\/wp-content\/uploads\/2025\/03\/Albanian-1.png?resize=768%2C549&amp;ssl=1 768w, https:\/\/i0.wp.com\/lsaglobal-translate.co.uk\/wp-content\/uploads\/2025\/03\/Albanian-1.png?resize=1536%2C1097&amp;ssl=1 1536w, https:\/\/i0.wp.com\/lsaglobal-translate.co.uk\/wp-content\/uploads\/2025\/03\/Albanian-1.png?resize=2048%2C1463&amp;ssl=1 2048w, https:\/\/i0.wp.com\/lsaglobal-translate.co.uk\/wp-content\/uploads\/2025\/03\/Albanian-1.png?resize=18%2C12&amp;ssl=1 18w\" sizes=\"(max-width: 300px) 100vw, 300px\" title=\"\">\t\t\t\t\t\t\t\t\t\t\t\t\t\t\t<\/div>\n\t\t\t\t\t<\/div>\n\t\t\t\t<\/div>\n\t\t\t\t<\/div>","protected":false},"excerpt":{"rendered":"<p>Professional Albanian Translation Services \u2013 Fast &amp; Reliable Looking for high-quality\u00a0Albanian translation services? Our expert linguists provide\u00a0accurate, fast, and culturally adapted translations\u00a0for businesses, legal documents, websites, and personal use. Whether you need\u00a0certified translations, legal contracts, or website localization, we guarantee precise and professional results. Why Choose Our Albanian Translation Services? Native Albanian Translators\u00a0\u2013 Fluent experts [&hellip;]<\/p>\n","protected":false},"author":2,"featured_media":11066,"parent":0,"menu_order":0,"comment_status":"closed","ping_status":"closed","template":"","meta":{"_acf_changed":false,"footnotes":""},"class_list":["post-10789","page","type-page","status-publish","has-post-thumbnail","hentry"],"acf":[],"jetpack_sharing_enabled":true,"jetpack-related-posts":[],"_links":{"self":[{"href":"https:\/\/lsaglobal-translate.co.uk\/es\/wp-json\/wp\/v2\/pages\/10789","targetHints":{"allow":["GET"]}}],"collection":[{"href":"https:\/\/lsaglobal-translate.co.uk\/es\/wp-json\/wp\/v2\/pages"}],"about":[{"href":"https:\/\/lsaglobal-translate.co.uk\/es\/wp-json\/wp\/v2\/types\/page"}],"author":[{"embeddable":true,"href":"https:\/\/lsaglobal-translate.co.uk\/es\/wp-json\/wp\/v2\/users\/2"}],"replies":[{"embeddable":true,"href":"https:\/\/lsaglobal-translate.co.uk\/es\/wp-json\/wp\/v2\/comments?post=10789"}],"version-history":[{"count":0,"href":"https:\/\/lsaglobal-translate.co.uk\/es\/wp-json\/wp\/v2\/pages\/10789\/revisions"}],"wp:featuredmedia":[{"embeddable":true,"href":"https:\/\/lsaglobal-translate.co.uk\/es\/wp-json\/wp\/v2\/media\/11066"}],"wp:attachment":[{"href":"https:\/\/lsaglobal-translate.co.uk\/es\/wp-json\/wp\/v2\/media?parent=10789"}],"curies":[{"name":"wp","href":"https:\/\/api.w.org\/{rel}","templated":true}]}}