{"id":10864,"date":"2025-03-17T12:57:22","date_gmt":"2025-03-17T11:57:22","guid":{"rendered":"https:\/\/lsaglobal-translate.co.uk\/?page_id=10864"},"modified":"2025-04-24T10:59:45","modified_gmt":"2025-04-24T09:59:45","slug":"brazilian-portuguese-translation","status":"publish","type":"page","link":"https:\/\/lsaglobal-translate.co.uk\/es\/brazilian-portuguese-translation\/","title":{"rendered":"Servicios profesionales de traducci\u00f3n al portugu\u00e9s brasile\u00f1o: precisos y certificados"},"content":{"rendered":"<div data-elementor-type=\"wp-page\" data-elementor-id=\"10864\" class=\"elementor elementor-10864\" data-elementor-post-type=\"page\">\n\t\t\t\t<div class=\"elementor-element elementor-element-46541195 e-flex e-con-boxed e-con e-parent\" data-id=\"46541195\" data-element_type=\"container\" data-e-type=\"container\">\n\t\t\t\t\t<div class=\"e-con-inner\">\n\t\t\t\t<div class=\"elementor-element elementor-element-5c9379a2 elementor-widget elementor-widget-text-editor\" data-id=\"5c9379a2\" data-element_type=\"widget\" data-e-type=\"widget\" data-widget_type=\"text-editor.default\">\n\t\t\t\t\t\t\t\t\t\n<h2 class=\"wp-block-heading\"><\/h2>\n\n\n\n<p><\/p>\n\t\t\t\t\t\t\t\t<\/div>\n\t\t\t\t\t<\/div>\n\t\t\t\t<\/div>\n\t\t<div class=\"elementor-element elementor-element-c9e7a43 e-flex e-con-boxed e-con e-parent\" data-id=\"c9e7a43\" data-element_type=\"container\" data-e-type=\"container\">\n\t\t\t\t\t<div class=\"e-con-inner\">\n\t\t\t\t<div class=\"elementor-element elementor-element-ed17d36 elementor-widget elementor-widget-image\" data-id=\"ed17d36\" data-element_type=\"widget\" data-e-type=\"widget\" data-widget_type=\"image.default\">\n\t\t\t\t\t\t\t\t\t\t\t\t\t\t\t<img fetchpriority=\"high\" decoding=\"async\" data-attachment-id=\"11123\" data-permalink=\"https:\/\/lsaglobal-translate.co.uk\/de\/portuguese-brazil-2\/\" data-orig-file=\"https:\/\/i0.wp.com\/lsaglobal-translate.co.uk\/wp-content\/uploads\/2025\/03\/Portuguese-Brazil-1.png?fit=2560%2C1792&amp;ssl=1\" data-orig-size=\"2560,1792\" data-comments-opened=\"1\" data-image-meta=\"{&quot;aperture&quot;:&quot;0&quot;,&quot;credit&quot;:&quot;&quot;,&quot;camera&quot;:&quot;&quot;,&quot;caption&quot;:&quot;&quot;,&quot;created_timestamp&quot;:&quot;0&quot;,&quot;copyright&quot;:&quot;&quot;,&quot;focal_length&quot;:&quot;0&quot;,&quot;iso&quot;:&quot;0&quot;,&quot;shutter_speed&quot;:&quot;0&quot;,&quot;title&quot;:&quot;&quot;,&quot;orientation&quot;:&quot;0&quot;}\" data-image-title=\"Brazilian Portuguese Translation\" data-image-description=\"&lt;p&gt;Brazilian Portuguese Translation&lt;\/p&gt;\" data-image-caption=\"\" data-medium-file=\"https:\/\/i0.wp.com\/lsaglobal-translate.co.uk\/wp-content\/uploads\/2025\/03\/Portuguese-Brazil-1.png?fit=300%2C210&amp;ssl=1\" data-large-file=\"https:\/\/i0.wp.com\/lsaglobal-translate.co.uk\/wp-content\/uploads\/2025\/03\/Portuguese-Brazil-1.png?fit=525%2C368&amp;ssl=1\" width=\"300\" height=\"210\" src=\"https:\/\/i0.wp.com\/lsaglobal-translate.co.uk\/wp-content\/uploads\/2025\/03\/Portuguese-Brazil-1.png?fit=300%2C210&amp;ssl=1\" class=\"attachment-medium size-medium wp-image-11123\" alt=\"Brazilian Portuguese Translation\" srcset=\"https:\/\/i0.wp.com\/lsaglobal-translate.co.uk\/wp-content\/uploads\/2025\/03\/Portuguese-Brazil-1.png?w=2560&amp;ssl=1 2560w, https:\/\/i0.wp.com\/lsaglobal-translate.co.uk\/wp-content\/uploads\/2025\/03\/Portuguese-Brazil-1.png?resize=300%2C210&amp;ssl=1 300w, https:\/\/i0.wp.com\/lsaglobal-translate.co.uk\/wp-content\/uploads\/2025\/03\/Portuguese-Brazil-1.png?resize=1024%2C717&amp;ssl=1 1024w, https:\/\/i0.wp.com\/lsaglobal-translate.co.uk\/wp-content\/uploads\/2025\/03\/Portuguese-Brazil-1.png?resize=768%2C538&amp;ssl=1 768w, https:\/\/i0.wp.com\/lsaglobal-translate.co.uk\/wp-content\/uploads\/2025\/03\/Portuguese-Brazil-1.png?resize=1536%2C1075&amp;ssl=1 1536w, https:\/\/i0.wp.com\/lsaglobal-translate.co.uk\/wp-content\/uploads\/2025\/03\/Portuguese-Brazil-1.png?resize=2048%2C1434&amp;ssl=1 2048w, https:\/\/i0.wp.com\/lsaglobal-translate.co.uk\/wp-content\/uploads\/2025\/03\/Portuguese-Brazil-1.png?resize=18%2C12&amp;ssl=1 18w\" sizes=\"(max-width: 300px) 100vw, 300px\" title=\"\">\t\t\t\t\t\t\t\t\t\t\t\t\t\t\t<\/div>\n\t\t\t\t<div class=\"elementor-element elementor-element-9d5302b elementor-widget elementor-widget-heading\" data-id=\"9d5302b\" data-element_type=\"widget\" data-e-type=\"widget\" data-widget_type=\"heading.default\">\n\t\t\t\t\t<h2 class=\"elementor-heading-title elementor-size-default\">Expert Brazilian Portuguese Translation Services for Businesses &amp; Individuals<\/h2>\t\t\t\t<\/div>\n\t\t\t\t<div class=\"elementor-element elementor-element-70b567b elementor-widget elementor-widget-text-editor\" data-id=\"70b567b\" data-element_type=\"widget\" data-e-type=\"widget\" data-widget_type=\"text-editor.default\">\n\t\t\t\t\t\t\t\t\t<p>\u00bfBuscas alta calidad?\u00a0<strong>Brazilian Portuguese translation services<\/strong>? Our team of professional translators specializes in delivering accurate, culturally adapted translations tailored to the Brazilian market. We offer a comprehensive range of services, including\u00a0<strong>traducci\u00f3n de documentos<\/strong>,\u00a0<strong>localizaci\u00f3n de sitios web<\/strong>,\u00a0<strong>traducciones t\u00e9cnicas<\/strong>y m\u00e1s, asegurando que su contenido resuene con su p\u00fablico objetivo.<\/p>\t\t\t\t\t\t\t\t<\/div>\n\t\t\t\t<div class=\"elementor-element elementor-element-1482b6b elementor-widget elementor-widget-heading\" data-id=\"1482b6b\" data-element_type=\"widget\" data-e-type=\"widget\" data-widget_type=\"heading.default\">\n\t\t\t\t\t<h3 class=\"elementor-heading-title elementor-size-default\">Why Choose Our Brazilian Portuguese Translation Services?<\/h3>\t\t\t\t<\/div>\n\t\t\t\t<div class=\"elementor-element elementor-element-e0956f1 elementor-widget elementor-widget-text-editor\" data-id=\"e0956f1\" data-element_type=\"widget\" data-e-type=\"widget\" data-widget_type=\"text-editor.default\">\n\t\t\t\t\t\t\t\t\t<ul>\n<li>\n<p><strong>Native Brazilian Portuguese Translators<\/strong>: Our translators are native speakers with fluency in English, ensuring precise and contextually appropriate translations.<\/p>\n<\/li>\n<li>\n<p><strong>Traducciones certificadas<\/strong>: We provide certified translations accepted by government agencies and legal institutions, ensuring compliance and authenticity.<\/p>\n<\/li>\n<li>\n<p><strong>Contenido optimizado para SEO<\/strong>: Our translations incorporate SEO best practices, helping your website rank higher on search engines like Google and Bing.\u00a0<\/p>\n<\/li>\n<li>\n<p><strong>Entrega r\u00e1pida y precios competitivos<\/strong>: We deliver high-quality translations promptly and at competitive rates, meeting your deadlines and budget requirements.\u00a0<\/p>\n<\/li>\n<li>\n<p><strong>Experiencia en la industria<\/strong>: Our translators possess specialized knowledge across various industries, including legal, medical, technical, and business sectors.\u00a0<\/p>\n<\/li>\n<\/ul>\t\t\t\t\t\t\t\t<\/div>\n\t\t\t\t<div class=\"elementor-element elementor-element-9b7ca31 elementor-widget elementor-widget-heading\" data-id=\"9b7ca31\" data-element_type=\"widget\" data-e-type=\"widget\" data-widget_type=\"heading.default\">\n\t\t\t\t\t<h3 class=\"elementor-heading-title elementor-size-default\">Our Brazilian Portuguese Translation Services<\/h3>\t\t\t\t<\/div>\n\t\t\t\t<div class=\"elementor-element elementor-element-c4561f7 elementor-widget elementor-widget-heading\" data-id=\"c4561f7\" data-element_type=\"widget\" data-e-type=\"widget\" data-widget_type=\"heading.default\">\n\t\t\t\t\t<h5 class=\"elementor-heading-title elementor-size-default\">1. Traducci\u00f3n certificada de documentos<\/h5>\t\t\t\t<\/div>\n\t\t\t\t<div class=\"elementor-element elementor-element-959ea6a elementor-widget elementor-widget-text-editor\" data-id=\"959ea6a\" data-element_type=\"widget\" data-e-type=\"widget\" data-widget_type=\"text-editor.default\">\n\t\t\t\t\t\t\t\t\t<p>Ofrecemos traducciones certificadas para una variedad de documentos, garantizando precisi\u00f3n y aceptaci\u00f3n por parte de entidades oficiales:<\/p>\n<ul>\n<li>\n<p><strong>Documentos legales<\/strong>: Contracts, agreements, court documents.<\/p>\n<\/li>\n<li>\n<p><strong>Documentos personales<\/strong>: Birth certificates, marriage certificates, academic transcripts.<\/p>\n<\/li>\n<li>\n<p><strong>Documentos comerciales<\/strong>: Licenses, financial statements, corporate reports.<\/p>\n<\/li>\n<\/ul>\t\t\t\t\t\t\t\t<\/div>\n\t\t\t\t<div class=\"elementor-element elementor-element-4d086cc elementor-widget elementor-widget-heading\" data-id=\"4d086cc\" data-element_type=\"widget\" data-e-type=\"widget\" data-widget_type=\"heading.default\">\n\t\t\t\t\t<h5 class=\"elementor-heading-title elementor-size-default\">2. Localizaci\u00f3n de sitios web y aplicaciones<\/h5>\t\t\t\t<\/div>\n\t\t\t\t<div class=\"elementor-element elementor-element-e7e5f7c elementor-widget elementor-widget-text-editor\" data-id=\"e7e5f7c\" data-element_type=\"widget\" data-e-type=\"widget\" data-widget_type=\"text-editor.default\">\n\t\t\t\t\t\t\t\t\t<p>Expand your digital presence in Brazilian Portuguese-speaking markets with our localization services:<\/p>\n<ul>\n<li>\n<p><strong>Localizaci\u00f3n de sitios web<\/strong>: Adapting your website content to suit cultural nuances and preferences.<\/p>\n<\/li>\n<li>\n<p><strong>Localizaci\u00f3n de aplicaciones<\/strong>: Ensuring your mobile applications are user-friendly for Brazilian Portuguese-speaking users.<\/p>\n<\/li>\n<li>\n<p><strong>Optimizaci\u00f3n SEO<\/strong>: Implementing localized keywords and meta tags to improve search engine rankings.\u00a0<\/p>\n<\/li>\n<\/ul>\t\t\t\t\t\t\t\t<\/div>\n\t\t\t\t<div class=\"elementor-element elementor-element-1f24fca elementor-widget elementor-widget-heading\" data-id=\"1f24fca\" data-element_type=\"widget\" data-e-type=\"widget\" data-widget_type=\"heading.default\">\n\t\t\t\t\t<h5 class=\"elementor-heading-title elementor-size-default\">3. Traducciones t\u00e9cnicas y m\u00e9dicas<\/h5>\t\t\t\t<\/div>\n\t\t\t\t<div class=\"elementor-element elementor-element-fb49423 elementor-widget elementor-widget-text-editor\" data-id=\"fb49423\" data-element_type=\"widget\" data-e-type=\"widget\" data-widget_type=\"text-editor.default\">\n\t\t\t\t\t\t\t\t\t<p>Nuestros expertos manejan documentos t\u00e9cnicos y m\u00e9dicos complejos con precisi\u00f3n:<\/p>\n<ul>\n<li>\n<p><strong>Manuales t\u00e9cnicos<\/strong>: User guides, product manuals, technical specifications.<\/p>\n<\/li>\n<li>\n<p><strong>Documentos m\u00e9dicos<\/strong>: Clinical reports, pharmaceutical information, medical research papers.<\/p>\n<\/li>\n<\/ul>\t\t\t\t\t\t\t\t<\/div>\n\t\t\t\t<div class=\"elementor-element elementor-element-61e8ec4 elementor-widget elementor-widget-heading\" data-id=\"61e8ec4\" data-element_type=\"widget\" data-e-type=\"widget\" data-widget_type=\"heading.default\">\n\t\t\t\t\t<h5 class=\"elementor-heading-title elementor-size-default\">4. Traducciones comerciales y de marketing<\/h5>\t\t\t\t<\/div>\n\t\t\t\t<div class=\"elementor-element elementor-element-c22a43b elementor-widget elementor-widget-text-editor\" data-id=\"c22a43b\" data-element_type=\"widget\" data-e-type=\"widget\" data-widget_type=\"text-editor.default\">\n\t\t\t\t\t\t\t\t\t<p>Effectively communicate your brand message to Brazilian Portuguese-speaking audiences:<\/p>\n<ul>\n<li>\n<p><strong>Materiales de marketing<\/strong>: Brochures, advertisements, press releases.<\/p>\n<\/li>\n<li>\n<p><strong>Comunicaciones empresariales<\/strong>: Presentations, emails, corporate communications.<\/p>\n<\/li>\n<\/ul>\t\t\t\t\t\t\t\t<\/div>\n\t\t\t\t<div class=\"elementor-element elementor-element-7345080 elementor-widget elementor-widget-heading\" data-id=\"7345080\" data-element_type=\"widget\" data-e-type=\"widget\" data-widget_type=\"heading.default\">\n\t\t\t\t\t<h3 class=\"elementor-heading-title elementor-size-default\">Industrias a las que servimos<\/h3>\t\t\t\t<\/div>\n\t\t\t\t<div class=\"elementor-element elementor-element-0bdb807 elementor-widget elementor-widget-text-editor\" data-id=\"0bdb807\" data-element_type=\"widget\" data-e-type=\"widget\" data-widget_type=\"text-editor.default\">\n\t\t\t\t\t\t\t\t\t<p>Atendemos a una amplia gama de industrias, que incluyen:<\/p>\n<ul>\n<li>\n<p><strong>Legal y Gobierno<\/strong>: Providing translations for legal proceedings and governmental communications.<\/p>\n<\/li>\n<li>\n<p><strong>Atenci\u00f3n sanitaria y productos farmac\u00e9uticos<\/strong>: Translating medical records, research papers, and pharmaceutical documents.<\/p>\n<\/li>\n<li>\n<p><strong>Tecnolog\u00eda y TI<\/strong>: Localizing software, user manuals, and technical documentation.<\/p>\n<\/li>\n<li>\n<p><strong>Finanzas y banca<\/strong>: Translating financial reports, investment documents, and banking materials.<\/p>\n<\/li>\n<li>\n<p><strong>Comercio electr\u00f3nico y venta minorista<\/strong>: Localizing product descriptions, customer reviews, and marketing content.<\/p>\n<\/li>\n<\/ul>\t\t\t\t\t\t\t\t<\/div>\n\t\t\t\t<div class=\"elementor-element elementor-element-1c2c6cf elementor-widget elementor-widget-heading\" data-id=\"1c2c6cf\" data-element_type=\"widget\" data-e-type=\"widget\" data-widget_type=\"heading.default\">\n\t\t\t\t\t<h3 class=\"elementor-heading-title elementor-size-default\">Why Professional Brazilian Portuguese Translation Matters?<\/h3>\t\t\t\t<\/div>\n\t\t\t\t<div class=\"elementor-element elementor-element-5558d9c elementor-widget elementor-widget-text-editor\" data-id=\"5558d9c\" data-element_type=\"widget\" data-e-type=\"widget\" data-widget_type=\"text-editor.default\">\n\t\t\t\t\t\t\t\t\t<p>Brazilian Portuguese is spoken by over 200 million people worldwide, making it essential for businesses and organizations aiming to connect with Brazilian audiences. Professional translation ensures:<\/p>\n<ul>\n<li>\n<p><strong>Relevancia cultural<\/strong>: Accurate translations that resonate with the local culture and customs.<\/p>\n<\/li>\n<li>\n<p><strong>Cumplimiento legal<\/strong>: Ensuring documents meet regional legal standards and requirements.<\/p>\n<\/li>\n<li>\n<p><strong>Credibilidad de marca<\/strong>: Presenting your business professionally to Brazilian Portuguese-speaking audiences.<\/p>\n<\/li>\n<\/ul>\t\t\t\t\t\t\t\t<\/div>\n\t\t\t\t<div class=\"elementor-element elementor-element-988ce78 elementor-widget elementor-widget-heading\" data-id=\"988ce78\" data-element_type=\"widget\" data-e-type=\"widget\" data-widget_type=\"heading.default\">\n\t\t\t\t\t<h3 class=\"elementor-heading-title elementor-size-default\">SEO-Optimized Brazilian Portuguese Translation Services<\/h3>\t\t\t\t<\/div>\n\t\t\t\t<div class=\"elementor-element elementor-element-e8c76ce elementor-widget elementor-widget-text-editor\" data-id=\"e8c76ce\" data-element_type=\"widget\" data-e-type=\"widget\" data-widget_type=\"text-editor.default\">\n\t\t\t\t\t\t\t\t\t<p>Nuestras traducciones est\u00e1n dise\u00f1adas con las mejores pr\u00e1cticas de SEO para mejorar su visibilidad en l\u00ednea:<\/p>\n<ul>\n<li>\n<p><strong>Palabras clave localizadas<\/strong>: Incorporating region-specific search terms to improve rankings.\u00a0<\/p>\n<\/li>\n<li>\n<p><strong>Optimizaci\u00f3n de metaetiquetas<\/strong>: Translating and optimizing meta descriptions and titles for better click-through rates.\u00a0<\/p>\n<\/li>\n<li>\n<p><strong>URL f\u00e1ciles de usar<\/strong>: Creating URLs that are readable and relevant in Brazilian Portuguese.\u00a0<\/p>\n<\/li>\n<\/ul>\t\t\t\t\t\t\t\t<\/div>\n\t\t\t\t<div class=\"elementor-element elementor-element-25129fb elementor-widget elementor-widget-heading\" data-id=\"25129fb\" data-element_type=\"widget\" data-e-type=\"widget\" data-widget_type=\"heading.default\">\n\t\t\t\t\t<h3 class=\"elementor-heading-title elementor-size-default\">Get a Free Quote for Brazilian Portuguese Translation Services<\/h3>\t\t\t\t<\/div>\n\t\t\t\t<div class=\"elementor-element elementor-element-79bca3b elementor-widget elementor-widget-text-editor\" data-id=\"79bca3b\" data-element_type=\"widget\" data-e-type=\"widget\" data-widget_type=\"text-editor.default\">\n\t\t\t\t\t\t\t\t\t<p>Need professional Brazilian Portuguese translation services? Contact us today for a free quote. We ensure fast, precise, and confidential translations for all your needs.<\/p>\n<h3><strong><img decoding=\"async\" class=\"emoji\" role=\"img\" draggable=\"false\" src=\"https:\/\/s.w.org\/images\/core\/emoji\/15.0.3\/svg\/1f4de.svg\" alt=\"\ud83d\udcde\" title=\"\">\u00a0<a href=\"https:\/\/lsaglobal-translate.co.uk\/es\/get-your-free-quote-lsa-global\/\">\u00a1Cont\u00e1ctanos hoy!<\/a><\/strong><\/h3>\n<p><img decoding=\"async\" class=\"emoji\" role=\"img\" draggable=\"false\" src=\"https:\/\/s.w.org\/images\/core\/emoji\/15.0.3\/svg\/1f4cd.svg\" alt=\"\ud83d\udccd\" title=\"\">\u00a0<a href=\"https:\/\/lsaglobal-translate.co.uk\/es\/our-languages-lsa-global-translate\/\"><strong>Servicio global: disponible en todo el mundo<\/strong><\/a><\/p>\n<hr \/>\n<p><strong>Expand your reach with expert Brazilian Portuguese translations!<\/strong>\u00a0Cont\u00e1ctenos ahora para discutir su proyecto.<\/p>\t\t\t\t\t\t\t\t<\/div>\n\t\t\t\t<div class=\"elementor-element elementor-element-de457d8 elementor-widget elementor-widget-heading\" data-id=\"de457d8\" data-element_type=\"widget\" data-e-type=\"widget\" data-widget_type=\"heading.default\">\n\t\t\t\t\t<h2 class=\"elementor-heading-title elementor-size-default\">Yendo m\u00e1s all\u00e1<\/h2>\t\t\t\t<\/div>\n\t\t\t\t<div class=\"elementor-element elementor-element-75eed82 elementor-widget elementor-widget-text-editor\" data-id=\"75eed82\" data-element_type=\"widget\" data-e-type=\"widget\" data-widget_type=\"text-editor.default\">\n\t\t\t\t\t\t\t\t\t<h4><a href=\"https:\/\/lsaglobal-translate.co.uk\/es\/professional-transcription-services\/\">Servicios profesionales de transcripci\u00f3n<\/a><\/h4>\t\t\t\t\t\t\t\t<\/div>\n\t\t\t\t<div class=\"elementor-element elementor-element-d402de6 elementor-widget elementor-widget-text-editor\" data-id=\"d402de6\" data-element_type=\"widget\" data-e-type=\"widget\" data-widget_type=\"text-editor.default\">\n\t\t\t\t\t\t\t\t\t<h4><a href=\"https:\/\/lsaglobal-translate.co.uk\/es\/professional-editing-proofing-services\/\">Servicios profesionales de revisi\u00f3n y edici\u00f3n<\/a><\/h4>\t\t\t\t\t\t\t\t<\/div>\n\t\t\t\t<div class=\"elementor-element elementor-element-df6b63e elementor-widget elementor-widget-text-editor\" data-id=\"df6b63e\" data-element_type=\"widget\" data-e-type=\"widget\" data-widget_type=\"text-editor.default\">\n\t\t\t\t\t\t\t\t\t<h4><a href=\"https:\/\/lsaglobal-translate.co.uk\/es\/terms-and-conditions\/\">Condiciones generales<\/a><\/h4>\t\t\t\t\t\t\t\t<\/div>\n\t\t\t\t<div class=\"elementor-element elementor-element-d85364f elementor-widget elementor-widget-text-editor\" data-id=\"d85364f\" data-element_type=\"widget\" data-e-type=\"widget\" data-widget_type=\"text-editor.default\">\n\t\t\t\t\t\t\t\t\t<h4><a href=\"https:\/\/lsa-global.com\/\" target=\"_blank\" rel=\"noopener\">Traducci\u00f3n Pro<\/a><\/h4>\t\t\t\t\t\t\t\t<\/div>\n\t\t\t\t<div class=\"elementor-element elementor-element-d76dd5f elementor-widget elementor-widget-image\" data-id=\"d76dd5f\" data-element_type=\"widget\" data-e-type=\"widget\" data-widget_type=\"image.default\">\n\t\t\t\t\t\t\t\t\t\t\t\t\t\t\t<img fetchpriority=\"high\" decoding=\"async\" data-attachment-id=\"11123\" data-permalink=\"https:\/\/lsaglobal-translate.co.uk\/de\/portuguese-brazil-2\/\" data-orig-file=\"https:\/\/i0.wp.com\/lsaglobal-translate.co.uk\/wp-content\/uploads\/2025\/03\/Portuguese-Brazil-1.png?fit=2560%2C1792&amp;ssl=1\" data-orig-size=\"2560,1792\" data-comments-opened=\"1\" data-image-meta=\"{&quot;aperture&quot;:&quot;0&quot;,&quot;credit&quot;:&quot;&quot;,&quot;camera&quot;:&quot;&quot;,&quot;caption&quot;:&quot;&quot;,&quot;created_timestamp&quot;:&quot;0&quot;,&quot;copyright&quot;:&quot;&quot;,&quot;focal_length&quot;:&quot;0&quot;,&quot;iso&quot;:&quot;0&quot;,&quot;shutter_speed&quot;:&quot;0&quot;,&quot;title&quot;:&quot;&quot;,&quot;orientation&quot;:&quot;0&quot;}\" data-image-title=\"Brazilian Portuguese Translation\" data-image-description=\"&lt;p&gt;Brazilian Portuguese Translation&lt;\/p&gt;\" data-image-caption=\"\" data-medium-file=\"https:\/\/i0.wp.com\/lsaglobal-translate.co.uk\/wp-content\/uploads\/2025\/03\/Portuguese-Brazil-1.png?fit=300%2C210&amp;ssl=1\" data-large-file=\"https:\/\/i0.wp.com\/lsaglobal-translate.co.uk\/wp-content\/uploads\/2025\/03\/Portuguese-Brazil-1.png?fit=525%2C368&amp;ssl=1\" width=\"300\" height=\"210\" src=\"https:\/\/i0.wp.com\/lsaglobal-translate.co.uk\/wp-content\/uploads\/2025\/03\/Portuguese-Brazil-1.png?fit=300%2C210&amp;ssl=1\" class=\"attachment-medium size-medium wp-image-11123\" alt=\"Brazilian Portuguese Translation\" srcset=\"https:\/\/i0.wp.com\/lsaglobal-translate.co.uk\/wp-content\/uploads\/2025\/03\/Portuguese-Brazil-1.png?w=2560&amp;ssl=1 2560w, https:\/\/i0.wp.com\/lsaglobal-translate.co.uk\/wp-content\/uploads\/2025\/03\/Portuguese-Brazil-1.png?resize=300%2C210&amp;ssl=1 300w, https:\/\/i0.wp.com\/lsaglobal-translate.co.uk\/wp-content\/uploads\/2025\/03\/Portuguese-Brazil-1.png?resize=1024%2C717&amp;ssl=1 1024w, https:\/\/i0.wp.com\/lsaglobal-translate.co.uk\/wp-content\/uploads\/2025\/03\/Portuguese-Brazil-1.png?resize=768%2C538&amp;ssl=1 768w, https:\/\/i0.wp.com\/lsaglobal-translate.co.uk\/wp-content\/uploads\/2025\/03\/Portuguese-Brazil-1.png?resize=1536%2C1075&amp;ssl=1 1536w, https:\/\/i0.wp.com\/lsaglobal-translate.co.uk\/wp-content\/uploads\/2025\/03\/Portuguese-Brazil-1.png?resize=2048%2C1434&amp;ssl=1 2048w, https:\/\/i0.wp.com\/lsaglobal-translate.co.uk\/wp-content\/uploads\/2025\/03\/Portuguese-Brazil-1.png?resize=18%2C12&amp;ssl=1 18w\" sizes=\"(max-width: 300px) 100vw, 300px\" title=\"\">\t\t\t\t\t\t\t\t\t\t\t\t\t\t\t<\/div>\n\t\t\t\t\t<\/div>\n\t\t\t\t<\/div>\n\t\t\t\t<\/div>","protected":false},"excerpt":{"rendered":"<p>Expert Brazilian Portuguese Translation Services for Businesses &amp; Individuals Are you seeking high-quality\u00a0Brazilian Portuguese translation services? Our team of professional translators specializes in delivering accurate, culturally adapted translations tailored to the Brazilian market. We offer a comprehensive range of services, including\u00a0document translation,\u00a0website localization,\u00a0technical translations, and more, ensuring your content resonates with your target audience. Why [&hellip;]<\/p>\n","protected":false},"author":2,"featured_media":11123,"parent":0,"menu_order":0,"comment_status":"closed","ping_status":"closed","template":"","meta":{"_acf_changed":false,"footnotes":""},"class_list":["post-10864","page","type-page","status-publish","has-post-thumbnail","hentry"],"acf":[],"jetpack_sharing_enabled":true,"jetpack-related-posts":[],"_links":{"self":[{"href":"https:\/\/lsaglobal-translate.co.uk\/es\/wp-json\/wp\/v2\/pages\/10864","targetHints":{"allow":["GET"]}}],"collection":[{"href":"https:\/\/lsaglobal-translate.co.uk\/es\/wp-json\/wp\/v2\/pages"}],"about":[{"href":"https:\/\/lsaglobal-translate.co.uk\/es\/wp-json\/wp\/v2\/types\/page"}],"author":[{"embeddable":true,"href":"https:\/\/lsaglobal-translate.co.uk\/es\/wp-json\/wp\/v2\/users\/2"}],"replies":[{"embeddable":true,"href":"https:\/\/lsaglobal-translate.co.uk\/es\/wp-json\/wp\/v2\/comments?post=10864"}],"version-history":[{"count":0,"href":"https:\/\/lsaglobal-translate.co.uk\/es\/wp-json\/wp\/v2\/pages\/10864\/revisions"}],"wp:featuredmedia":[{"embeddable":true,"href":"https:\/\/lsaglobal-translate.co.uk\/es\/wp-json\/wp\/v2\/media\/11123"}],"wp:attachment":[{"href":"https:\/\/lsaglobal-translate.co.uk\/es\/wp-json\/wp\/v2\/media?parent=10864"}],"curies":[{"name":"wp","href":"https:\/\/api.w.org\/{rel}","templated":true}]}}