{"id":10888,"date":"2025-03-17T13:43:24","date_gmt":"2025-03-17T12:43:24","guid":{"rendered":"https:\/\/lsaglobal-translate.co.uk\/?page_id=10888"},"modified":"2025-04-22T16:45:36","modified_gmt":"2025-04-22T15:45:36","slug":"european-portuguese-translations","status":"publish","type":"page","link":"https:\/\/lsaglobal-translate.co.uk\/es\/european-portuguese-translations\/","title":{"rendered":"Servicios profesionales de traducci\u00f3n al portugu\u00e9s europeo: precisos y certificados"},"content":{"rendered":"<div data-elementor-type=\"wp-page\" data-elementor-id=\"10888\" class=\"elementor elementor-10888\" data-elementor-post-type=\"page\">\n\t\t\t\t<div class=\"elementor-element elementor-element-d58c74d e-flex e-con-boxed e-con e-parent\" data-id=\"d58c74d\" data-element_type=\"container\" data-e-type=\"container\">\n\t\t\t\t\t<div class=\"e-con-inner\">\n\t\t\t\t<div class=\"elementor-element elementor-element-49ca47e elementor-widget elementor-widget-image\" data-id=\"49ca47e\" data-element_type=\"widget\" data-e-type=\"widget\" data-widget_type=\"image.default\">\n\t\t\t\t\t\t\t\t\t\t\t\t\t\t\t<img fetchpriority=\"high\" decoding=\"async\" data-attachment-id=\"11363\" data-permalink=\"https:\/\/lsaglobal-translate.co.uk\/it\/european-portuguese-translations\/portuguese-portugal-2\/\" data-orig-file=\"https:\/\/i0.wp.com\/lsaglobal-translate.co.uk\/wp-content\/uploads\/2025\/03\/Portuguese-Portugal-1.png?fit=2560%2C1707&amp;ssl=1\" data-orig-size=\"2560,1707\" data-comments-opened=\"1\" data-image-meta=\"{&quot;aperture&quot;:&quot;0&quot;,&quot;credit&quot;:&quot;&quot;,&quot;camera&quot;:&quot;&quot;,&quot;caption&quot;:&quot;&quot;,&quot;created_timestamp&quot;:&quot;0&quot;,&quot;copyright&quot;:&quot;&quot;,&quot;focal_length&quot;:&quot;0&quot;,&quot;iso&quot;:&quot;0&quot;,&quot;shutter_speed&quot;:&quot;0&quot;,&quot;title&quot;:&quot;&quot;,&quot;orientation&quot;:&quot;0&quot;}\" data-image-title=\"European Portuguese Translations Services\" data-image-description=\"&lt;p&gt;European Portuguese Translations Services&lt;\/p&gt;\" data-image-caption=\"\" data-medium-file=\"https:\/\/i0.wp.com\/lsaglobal-translate.co.uk\/wp-content\/uploads\/2025\/03\/Portuguese-Portugal-1.png?fit=300%2C200&amp;ssl=1\" data-large-file=\"https:\/\/i0.wp.com\/lsaglobal-translate.co.uk\/wp-content\/uploads\/2025\/03\/Portuguese-Portugal-1.png?fit=525%2C350&amp;ssl=1\" width=\"300\" height=\"200\" src=\"https:\/\/i0.wp.com\/lsaglobal-translate.co.uk\/wp-content\/uploads\/2025\/03\/Portuguese-Portugal-1.png?fit=300%2C200&amp;ssl=1\" class=\"attachment-medium size-medium wp-image-11363\" alt=\"European Portuguese Translations Services\" srcset=\"https:\/\/i0.wp.com\/lsaglobal-translate.co.uk\/wp-content\/uploads\/2025\/03\/Portuguese-Portugal-1.png?w=2560&amp;ssl=1 2560w, https:\/\/i0.wp.com\/lsaglobal-translate.co.uk\/wp-content\/uploads\/2025\/03\/Portuguese-Portugal-1.png?resize=300%2C200&amp;ssl=1 300w, https:\/\/i0.wp.com\/lsaglobal-translate.co.uk\/wp-content\/uploads\/2025\/03\/Portuguese-Portugal-1.png?resize=1024%2C683&amp;ssl=1 1024w, https:\/\/i0.wp.com\/lsaglobal-translate.co.uk\/wp-content\/uploads\/2025\/03\/Portuguese-Portugal-1.png?resize=768%2C512&amp;ssl=1 768w, https:\/\/i0.wp.com\/lsaglobal-translate.co.uk\/wp-content\/uploads\/2025\/03\/Portuguese-Portugal-1.png?resize=1536%2C1024&amp;ssl=1 1536w, https:\/\/i0.wp.com\/lsaglobal-translate.co.uk\/wp-content\/uploads\/2025\/03\/Portuguese-Portugal-1.png?resize=2048%2C1366&amp;ssl=1 2048w, https:\/\/i0.wp.com\/lsaglobal-translate.co.uk\/wp-content\/uploads\/2025\/03\/Portuguese-Portugal-1.png?resize=18%2C12&amp;ssl=1 18w\" sizes=\"(max-width: 300px) 100vw, 300px\" title=\"\">\t\t\t\t\t\t\t\t\t\t\t\t\t\t\t<\/div>\n\t\t\t\t<div class=\"elementor-element elementor-element-5bed3e0 elementor-widget elementor-widget-heading\" data-id=\"5bed3e0\" data-element_type=\"widget\" data-e-type=\"widget\" data-widget_type=\"heading.default\">\n\t\t\t\t\t<h3 class=\"elementor-heading-title elementor-size-default\">Expert European Portuguese Translation Services for Businesses and Individuals<\/h3>\t\t\t\t<\/div>\n\t\t\t\t<div class=\"elementor-element elementor-element-f678d24 elementor-widget elementor-widget-text-editor\" data-id=\"f678d24\" data-element_type=\"widget\" data-e-type=\"widget\" data-widget_type=\"text-editor.default\">\n\t\t\t\t\t\t\t\t\t<p>\u00bfBuscas alta calidad?\u00a0<strong>European Portuguese translation services<\/strong>? Our team of professional translators specializes in delivering accurate, culturally adapted translations tailored to the Portuguese market. We offer a comprehensive range of services, including\u00a0<strong>traducci\u00f3n de documentos<\/strong>,\u00a0<strong>localizaci\u00f3n de sitios web<\/strong>,\u00a0<strong>traducciones t\u00e9cnicas<\/strong>y m\u00e1s, asegurando que su contenido resuene con su p\u00fablico objetivo.<\/p>\t\t\t\t\t\t\t\t<\/div>\n\t\t\t\t<div class=\"elementor-element elementor-element-0df3fa5 elementor-widget elementor-widget-heading\" data-id=\"0df3fa5\" data-element_type=\"widget\" data-e-type=\"widget\" data-widget_type=\"heading.default\">\n\t\t\t\t\t<h3 class=\"elementor-heading-title elementor-size-default\">Why Choose Our European Portuguese Translation Services?<\/h3>\t\t\t\t<\/div>\n\t\t\t\t<div class=\"elementor-element elementor-element-21e2c93 elementor-widget elementor-widget-text-editor\" data-id=\"21e2c93\" data-element_type=\"widget\" data-e-type=\"widget\" data-widget_type=\"text-editor.default\">\n\t\t\t\t\t\t\t\t\t<ul><li><p><strong>Native European Portuguese Translators<\/strong>: Our translators are native speakers with fluency in English, ensuring precise and contextually appropriate translations.\u00a0<\/p><\/li><li><p><strong>Traducciones certificadas<\/strong>: We provide certified translations accepted by government agencies and legal institutions, ensuring compliance and authenticity.\u00a0<\/p><\/li><li><p><strong>Contenido optimizado para SEO<\/strong>: Our translations incorporate SEO best practices, helping your website rank higher on search engines like Google and Bing.\u00a0<\/p><\/li><li><p><strong>Entrega r\u00e1pida y precios competitivos<\/strong>: We deliver high-quality translations promptly and at competitive rates, meeting your deadlines and budget requirements.\u00a0<\/p><\/li><li><p><strong>Experiencia en la industria<\/strong>: Our translators possess specialized knowledge across various industries, including legal, medical, technical, and business sectors.<\/p><\/li><li><p><strong>Preserving Cultural and Linguistic Authenticity<\/strong><\/p><p class=\"\" data-start=\"3851\" data-end=\"3976\">European Portuguese is not just a dialect\u2014it\u2019s a reflection of a rich cultural and literary heritage. For projects involving:<\/p><ul data-start=\"3978\" data-end=\"4182\"><li class=\"\" data-start=\"3978\" data-end=\"4027\"><p class=\"\" data-start=\"3980\" data-end=\"4027\"><strong data-start=\"3980\" data-end=\"4025\">Historical research or archival documents<\/strong><\/p><\/li><li class=\"\" data-start=\"4028\" data-end=\"4074\"><p class=\"\" data-start=\"4030\" data-end=\"4074\"><strong data-start=\"4030\" data-end=\"4072\">Museum exhibitions or heritage tourism<\/strong><\/p><\/li><li class=\"\" data-start=\"4075\" data-end=\"4128\"><p class=\"\" data-start=\"4077\" data-end=\"4128\"><strong data-start=\"4077\" data-end=\"4126\">Literary translations and academic publishing<\/strong><\/p><\/li><li class=\"\" data-start=\"4129\" data-end=\"4182\"><p class=\"\" data-start=\"4131\" data-end=\"4182\"><strong data-start=\"4131\" data-end=\"4182\">Traditional music, folklore, or theater scripts<\/strong><\/p><\/li><\/ul><p class=\"\" data-start=\"4184\" data-end=\"4302\">\u2014professional translation ensures that <strong data-start=\"4223\" data-end=\"4264\">nuances, tone, and historical context<\/strong> are preserved with care and accuracy.<\/p><\/li><li><p class=\"\" data-start=\"4184\" data-end=\"4302\"><strong>\u00a0Avoiding Miscommunication Between Portuguese Variants<\/strong><\/p><p class=\"\" data-start=\"4371\" data-end=\"4449\">Using Brazilian Portuguese in European contexts (or vice versa) can result in:<\/p><ul data-start=\"4451\" data-end=\"4595\"><li class=\"\" data-start=\"4451\" data-end=\"4487\"><p class=\"\" data-start=\"4453\" data-end=\"4487\"><strong data-start=\"4453\" data-end=\"4485\">Stylistic or tonal confusion<\/strong><\/p><\/li><li class=\"\" data-start=\"4488\" data-end=\"4538\"><p class=\"\" data-start=\"4490\" data-end=\"4538\"><strong data-start=\"4490\" data-end=\"4536\">Mistranslations of culturally loaded terms<\/strong><\/p><\/li><li class=\"\" data-start=\"4539\" data-end=\"4595\"><p class=\"\" data-start=\"4541\" data-end=\"4595\"><strong data-start=\"4541\" data-end=\"4595\">Loss of professional credibility or legal validity<\/strong><\/p><\/li><\/ul><p class=\"\" data-start=\"4597\" data-end=\"4818\">This topic helps highlight the <strong data-start=\"4628\" data-end=\"4667\">importance of regional localization<\/strong>, especially when communicating with audiences in Portugal, where formal language standards are strictly observed in professional and official domains.<\/p><\/li><\/ul>\t\t\t\t\t\t\t\t<\/div>\n\t\t\t\t<div class=\"elementor-element elementor-element-6c08941 elementor-widget elementor-widget-heading\" data-id=\"6c08941\" data-element_type=\"widget\" data-e-type=\"widget\" data-widget_type=\"heading.default\">\n\t\t\t\t\t<h3 class=\"elementor-heading-title elementor-size-default\">Our European Portuguese Translation Services<\/h3>\t\t\t\t<\/div>\n\t\t\t\t<div class=\"elementor-element elementor-element-ea73b7a elementor-widget elementor-widget-heading\" data-id=\"ea73b7a\" data-element_type=\"widget\" data-e-type=\"widget\" data-widget_type=\"heading.default\">\n\t\t\t\t\t<h5 class=\"elementor-heading-title elementor-size-default\">1. Traducci\u00f3n certificada de documentos<\/h5>\t\t\t\t<\/div>\n\t\t\t\t<div class=\"elementor-element elementor-element-5698e10 elementor-widget elementor-widget-text-editor\" data-id=\"5698e10\" data-element_type=\"widget\" data-e-type=\"widget\" data-widget_type=\"text-editor.default\">\n\t\t\t\t\t\t\t\t\t<p>Ofrecemos traducciones certificadas para una variedad de documentos, garantizando precisi\u00f3n y aceptaci\u00f3n por parte de entidades oficiales:<\/p>\n<ul>\n<li>\n<p><strong>Documentos legales<\/strong>: Contracts, agreements, court documents.<\/p>\n<\/li>\n<li>\n<p><strong>Documentos personales<\/strong>: Birth certificates, marriage certificates, academic transcripts.<\/p>\n<\/li>\n<li>\n<p><strong>Documentos comerciales<\/strong>: Licenses, financial statements, corporate reports.<\/p>\n<\/li>\n<\/ul>\t\t\t\t\t\t\t\t<\/div>\n\t\t\t\t<div class=\"elementor-element elementor-element-ec6260f elementor-widget elementor-widget-heading\" data-id=\"ec6260f\" data-element_type=\"widget\" data-e-type=\"widget\" data-widget_type=\"heading.default\">\n\t\t\t\t\t<h5 class=\"elementor-heading-title elementor-size-default\">2. Localizaci\u00f3n de sitios web y aplicaciones<\/h5>\t\t\t\t<\/div>\n\t\t\t\t<div class=\"elementor-element elementor-element-8445495 elementor-widget elementor-widget-text-editor\" data-id=\"8445495\" data-element_type=\"widget\" data-e-type=\"widget\" data-widget_type=\"text-editor.default\">\n\t\t\t\t\t\t\t\t\t<p>Expand your digital presence in European Portuguese-speaking markets with our localization services:<\/p>\n<ul>\n<li>\n<p><strong>Localizaci\u00f3n de sitios web<\/strong>: Adapting your website content to suit cultural nuances and preferences.<\/p>\n<\/li>\n<li>\n<p><strong>Localizaci\u00f3n de aplicaciones<\/strong>: Ensuring your mobile applications are user-friendly for European Portuguese-speaking users.<\/p>\n<\/li>\n<li>\n<p><strong>Optimizaci\u00f3n SEO<\/strong>: Implementing localized keywords and meta tags to improve search engine rankings.<\/p>\n<\/li>\n<\/ul>\t\t\t\t\t\t\t\t<\/div>\n\t\t\t\t<div class=\"elementor-element elementor-element-552db77 elementor-widget elementor-widget-heading\" data-id=\"552db77\" data-element_type=\"widget\" data-e-type=\"widget\" data-widget_type=\"heading.default\">\n\t\t\t\t\t<h5 class=\"elementor-heading-title elementor-size-default\">3. Traducciones t\u00e9cnicas y m\u00e9dicas<\/h5>\t\t\t\t<\/div>\n\t\t\t\t<div class=\"elementor-element elementor-element-f6475b5 elementor-widget elementor-widget-text-editor\" data-id=\"f6475b5\" data-element_type=\"widget\" data-e-type=\"widget\" data-widget_type=\"text-editor.default\">\n\t\t\t\t\t\t\t\t\t<p>Nuestros expertos manejan documentos t\u00e9cnicos y m\u00e9dicos complejos con precisi\u00f3n:<\/p>\n<ul>\n<li>\n<p><strong>Manuales t\u00e9cnicos<\/strong>: User guides, product manuals, technical specifications.<\/p>\n<\/li>\n<li>\n<p><strong>Documentos m\u00e9dicos<\/strong>: Clinical reports, pharmaceutical information, medical research papers<\/p>\n<\/li>\n<\/ul>\t\t\t\t\t\t\t\t<\/div>\n\t\t\t\t<div class=\"elementor-element elementor-element-14641f9 elementor-widget elementor-widget-heading\" data-id=\"14641f9\" data-element_type=\"widget\" data-e-type=\"widget\" data-widget_type=\"heading.default\">\n\t\t\t\t\t<h5 class=\"elementor-heading-title elementor-size-default\">4. Traducciones comerciales y de marketing<\/h5>\t\t\t\t<\/div>\n\t\t\t\t<div class=\"elementor-element elementor-element-d3a1037 elementor-widget elementor-widget-text-editor\" data-id=\"d3a1037\" data-element_type=\"widget\" data-e-type=\"widget\" data-widget_type=\"text-editor.default\">\n\t\t\t\t\t\t\t\t\t<p>Effectively communicate your brand message to European Portuguese-speaking audiences:<\/p>\n<ul>\n<li>\n<p><strong>Materiales de marketing<\/strong>: Brochures, advertisements, press releases.<\/p>\n<\/li>\n<li>\n<p><strong>Comunicaciones empresariales<\/strong>: Presentations, emails, corporate communications.<\/p>\n<\/li>\n<\/ul>\t\t\t\t\t\t\t\t<\/div>\n\t\t\t\t<div class=\"elementor-element elementor-element-ef15186 elementor-widget elementor-widget-heading\" data-id=\"ef15186\" data-element_type=\"widget\" data-e-type=\"widget\" data-widget_type=\"heading.default\">\n\t\t\t\t\t<h3 class=\"elementor-heading-title elementor-size-default\">Industrias a las que servimos<\/h3>\t\t\t\t<\/div>\n\t\t\t\t<div class=\"elementor-element elementor-element-1933c0a elementor-widget elementor-widget-text-editor\" data-id=\"1933c0a\" data-element_type=\"widget\" data-e-type=\"widget\" data-widget_type=\"text-editor.default\">\n\t\t\t\t\t\t\t\t\t<p>Atendemos a una amplia gama de industrias, que incluyen:<\/p>\n<ul>\n<li>\n<p><strong>Legal y Gobierno<\/strong>: Providing translations for legal proceedings and governmental communications.<\/p>\n<\/li>\n<li>\n<p><strong>Atenci\u00f3n sanitaria y productos farmac\u00e9uticos<\/strong>: Translating medical records, research papers, and pharmaceutical documents.<\/p>\n<\/li>\n<li>\n<p><strong>Tecnolog\u00eda y TI<\/strong>: Localizing software, user manuals, and technical documentation.<\/p>\n<\/li>\n<li>\n<p><strong>Finanzas y banca<\/strong>: Translating financial reports, investment documents, and banking materials.<\/p>\n<\/li>\n<li>\n<p><strong>Comercio electr\u00f3nico y venta minorista<\/strong>: Localizing product descriptions, customer reviews, and marketing content.<\/p>\n<\/li>\n<\/ul>\t\t\t\t\t\t\t\t<\/div>\n\t\t\t\t<div class=\"elementor-element elementor-element-d00f27d elementor-widget elementor-widget-heading\" data-id=\"d00f27d\" data-element_type=\"widget\" data-e-type=\"widget\" data-widget_type=\"heading.default\">\n\t\t\t\t\t<h3 class=\"elementor-heading-title elementor-size-default\">Why Professional European Portuguese Translation Matters<\/h3>\t\t\t\t<\/div>\n\t\t\t\t<div class=\"elementor-element elementor-element-9739baa elementor-widget elementor-widget-text-editor\" data-id=\"9739baa\" data-element_type=\"widget\" data-e-type=\"widget\" data-widget_type=\"text-editor.default\">\n\t\t\t\t\t\t\t\t\t<p style=\"color: #da0f0f;\">European Portuguese is spoken by millions of people worldwide, making it essential for businesses and organizations aiming to connect with Portuguese-speaking audiences. Professional translation ensures:<\/p>\n<ul style=\"color: #da0f0f;\">\n<li>\n<p><span style=\"font-weight: bolder;\">Relevancia cultural<\/span>: Accurate translations that resonate with the local culture and customs.<\/p>\n<\/li>\n<li>\n<p><span style=\"font-weight: bolder;\">Cumplimiento legal<\/span>: Ensuring documents meet regional legal standards and requirements.<\/p>\n<\/li>\n<li>\n<p><span style=\"font-weight: bolder;\">Credibilidad de marca<\/span>: Presenting your business professionally to European Portuguese-speaking audiences.<\/p>\n<\/li>\n<\/ul>\t\t\t\t\t\t\t\t<\/div>\n\t\t\t\t<div class=\"elementor-element elementor-element-da0d195 elementor-widget elementor-widget-heading\" data-id=\"da0d195\" data-element_type=\"widget\" data-e-type=\"widget\" data-widget_type=\"heading.default\">\n\t\t\t\t\t<h3 class=\"elementor-heading-title elementor-size-default\">SEO-Optimized European Portuguese Translation Services<\/h3>\t\t\t\t<\/div>\n\t\t\t\t<div class=\"elementor-element elementor-element-0cce2c5 elementor-widget elementor-widget-text-editor\" data-id=\"0cce2c5\" data-element_type=\"widget\" data-e-type=\"widget\" data-widget_type=\"text-editor.default\">\n\t\t\t\t\t\t\t\t\t<p>Nuestras traducciones est\u00e1n dise\u00f1adas con las mejores pr\u00e1cticas de SEO para mejorar su visibilidad en l\u00ednea:<\/p>\n<ul>\n<li>\n<p><strong>Palabras clave localizadas<\/strong>: Incorporating region-specific search terms to improve rankings.\u00a0<\/p>\n<\/li>\n<li>\n<p><strong>Optimizaci\u00f3n de metaetiquetas<\/strong>: Translating and optimizing meta descriptions and titles for better click-through rates.\u00a0<\/p>\n<\/li>\n<li>\n<p><strong>URL f\u00e1ciles de usar<\/strong>: Creating URLs that are readable and relevant in European Portuguese.\u00a0<\/p>\n<\/li>\n<\/ul>\t\t\t\t\t\t\t\t<\/div>\n\t\t\t\t<div class=\"elementor-element elementor-element-487ddb7 elementor-widget elementor-widget-heading\" data-id=\"487ddb7\" data-element_type=\"widget\" data-e-type=\"widget\" data-widget_type=\"heading.default\">\n\t\t\t\t\t<h3 class=\"elementor-heading-title elementor-size-default\">Get a Free Quote for European Portuguese Translation Services<\/h3>\t\t\t\t<\/div>\n\t\t\t\t<div class=\"elementor-element elementor-element-9920d37 elementor-widget elementor-widget-text-editor\" data-id=\"9920d37\" data-element_type=\"widget\" data-e-type=\"widget\" data-widget_type=\"text-editor.default\">\n\t\t\t\t\t\t\t\t\t<p>Need professional European Portuguese translation services? Contact us today for a free quote. We ensure fast, precise, and confidential translations for all your needs.<\/p><h3><a href=\"https:\/\/lsaglobal-translate.co.uk\/es\/\"><strong style=\"font-size: 16px;\"><img decoding=\"async\" class=\"emoji\" role=\"img\" draggable=\"false\" src=\"https:\/\/s.w.org\/images\/core\/emoji\/15.0.3\/svg\/1f4de.svg\" alt=\"\ud83d\udcde\" title=\"\"><\/strong><strong>\u00a0\u00a1Cont\u00e1ctanos hoy!<\/strong><\/a><\/h3><p><img decoding=\"async\" class=\"emoji\" role=\"img\" draggable=\"false\" src=\"https:\/\/s.w.org\/images\/core\/emoji\/15.0.3\/svg\/1f4cd.svg\" alt=\"\ud83d\udccd\" title=\"\">\u00a0<strong>Global Service \u2013<\/strong><\/p><p><strong>\u00a0Available Worldwide<\/strong><\/p><hr \/><p><strong>Expand your reach with expert European Portuguese translations!<\/strong>\u00a0Cont\u00e1ctenos ahora para discutir su proyecto.<\/p>\t\t\t\t\t\t\t\t<\/div>\n\t\t\t\t<div class=\"elementor-element elementor-element-7169db3 elementor-widget elementor-widget-heading\" data-id=\"7169db3\" data-element_type=\"widget\" data-e-type=\"widget\" data-widget_type=\"heading.default\">\n\t\t\t\t\t<h3 class=\"elementor-heading-title elementor-size-default\">Yendo m\u00e1s all\u00e1<\/h3>\t\t\t\t<\/div>\n\t\t\t\t<div class=\"elementor-element elementor-element-fa74b5d elementor-widget elementor-widget-text-editor\" data-id=\"fa74b5d\" data-element_type=\"widget\" data-e-type=\"widget\" data-widget_type=\"text-editor.default\">\n\t\t\t\t\t\t\t\t\t<h4><a href=\"https:\/\/lsaglobal-translate.co.uk\/es\/professional-transcription-services\/\">Servicios profesionales de transcripci\u00f3n<\/a><\/h4>\t\t\t\t\t\t\t\t<\/div>\n\t\t\t\t<div class=\"elementor-element elementor-element-01e3bf8 elementor-widget elementor-widget-text-editor\" data-id=\"01e3bf8\" data-element_type=\"widget\" data-e-type=\"widget\" data-widget_type=\"text-editor.default\">\n\t\t\t\t\t\t\t\t\t<h4><a href=\"https:\/\/lsaglobal-translate.co.uk\/es\/professional-interpretation-services\/\">Servicios profesionales de interpretaci\u00f3n<\/a><\/h4>\t\t\t\t\t\t\t\t<\/div>\n\t\t\t\t<div class=\"elementor-element elementor-element-e858cd5 elementor-widget elementor-widget-text-editor\" data-id=\"e858cd5\" data-element_type=\"widget\" data-e-type=\"widget\" data-widget_type=\"text-editor.default\">\n\t\t\t\t\t\t\t\t\t<h5><a href=\"https:\/\/lsaglobal-translate.co.uk\/es\/professional-editing-proofing-services\/\">Professional Editing Services<\/a><\/h5>\t\t\t\t\t\t\t\t<\/div>\n\t\t\t\t<div class=\"elementor-element elementor-element-3409689 elementor-widget elementor-widget-text-editor\" data-id=\"3409689\" data-element_type=\"widget\" data-e-type=\"widget\" data-widget_type=\"text-editor.default\">\n\t\t\t\t\t\t\t\t\t<h4><span style=\"color: #000000;\"><a style=\"color: #000000;\" href=\"https:\/\/lsa-global.com\/\" target=\"_blank\" rel=\"noopener\">Traducci\u00f3n Pro.<\/a><\/span><\/h4>\t\t\t\t\t\t\t\t<\/div>\n\t\t\t\t<div class=\"elementor-element elementor-element-88443aa elementor-widget elementor-widget-text-editor\" data-id=\"88443aa\" data-element_type=\"widget\" data-e-type=\"widget\" data-widget_type=\"text-editor.default\">\n\t\t\t\t\t\t\t\t\t<h4><a href=\"https:\/\/lsaglobal-translate.co.uk\/es\/european-portuguese-translations\/\">Obtenga un presupuesto gratuito<\/a><\/h4>\t\t\t\t\t\t\t\t<\/div>\n\t\t\t\t<div class=\"elementor-element elementor-element-8fabffc elementor-widget elementor-widget-text-editor\" data-id=\"8fabffc\" data-element_type=\"widget\" data-e-type=\"widget\" data-widget_type=\"text-editor.default\">\n\t\t\t\t\t\t\t\t\t<h4><a href=\"https:\/\/lsaglobal-translate.co.uk\/es\/terms-and-conditions\/\">Condiciones generales<\/a><\/h4>\t\t\t\t\t\t\t\t<\/div>\n\t\t\t\t<div class=\"elementor-element elementor-element-a34ada5 elementor-widget elementor-widget-image\" data-id=\"a34ada5\" data-element_type=\"widget\" data-e-type=\"widget\" data-widget_type=\"image.default\">\n\t\t\t\t\t\t\t\t\t\t\t\t\t\t\t<img fetchpriority=\"high\" decoding=\"async\" data-attachment-id=\"11363\" data-permalink=\"https:\/\/lsaglobal-translate.co.uk\/it\/european-portuguese-translations\/portuguese-portugal-2\/\" data-orig-file=\"https:\/\/i0.wp.com\/lsaglobal-translate.co.uk\/wp-content\/uploads\/2025\/03\/Portuguese-Portugal-1.png?fit=2560%2C1707&amp;ssl=1\" data-orig-size=\"2560,1707\" data-comments-opened=\"1\" data-image-meta=\"{&quot;aperture&quot;:&quot;0&quot;,&quot;credit&quot;:&quot;&quot;,&quot;camera&quot;:&quot;&quot;,&quot;caption&quot;:&quot;&quot;,&quot;created_timestamp&quot;:&quot;0&quot;,&quot;copyright&quot;:&quot;&quot;,&quot;focal_length&quot;:&quot;0&quot;,&quot;iso&quot;:&quot;0&quot;,&quot;shutter_speed&quot;:&quot;0&quot;,&quot;title&quot;:&quot;&quot;,&quot;orientation&quot;:&quot;0&quot;}\" data-image-title=\"European Portuguese Translations Services\" data-image-description=\"&lt;p&gt;European Portuguese Translations Services&lt;\/p&gt;\" data-image-caption=\"\" data-medium-file=\"https:\/\/i0.wp.com\/lsaglobal-translate.co.uk\/wp-content\/uploads\/2025\/03\/Portuguese-Portugal-1.png?fit=300%2C200&amp;ssl=1\" data-large-file=\"https:\/\/i0.wp.com\/lsaglobal-translate.co.uk\/wp-content\/uploads\/2025\/03\/Portuguese-Portugal-1.png?fit=525%2C350&amp;ssl=1\" width=\"300\" height=\"200\" src=\"https:\/\/i0.wp.com\/lsaglobal-translate.co.uk\/wp-content\/uploads\/2025\/03\/Portuguese-Portugal-1.png?fit=300%2C200&amp;ssl=1\" class=\"attachment-medium size-medium wp-image-11363\" alt=\"European Portuguese Translations Services\" srcset=\"https:\/\/i0.wp.com\/lsaglobal-translate.co.uk\/wp-content\/uploads\/2025\/03\/Portuguese-Portugal-1.png?w=2560&amp;ssl=1 2560w, https:\/\/i0.wp.com\/lsaglobal-translate.co.uk\/wp-content\/uploads\/2025\/03\/Portuguese-Portugal-1.png?resize=300%2C200&amp;ssl=1 300w, https:\/\/i0.wp.com\/lsaglobal-translate.co.uk\/wp-content\/uploads\/2025\/03\/Portuguese-Portugal-1.png?resize=1024%2C683&amp;ssl=1 1024w, https:\/\/i0.wp.com\/lsaglobal-translate.co.uk\/wp-content\/uploads\/2025\/03\/Portuguese-Portugal-1.png?resize=768%2C512&amp;ssl=1 768w, https:\/\/i0.wp.com\/lsaglobal-translate.co.uk\/wp-content\/uploads\/2025\/03\/Portuguese-Portugal-1.png?resize=1536%2C1024&amp;ssl=1 1536w, https:\/\/i0.wp.com\/lsaglobal-translate.co.uk\/wp-content\/uploads\/2025\/03\/Portuguese-Portugal-1.png?resize=2048%2C1366&amp;ssl=1 2048w, https:\/\/i0.wp.com\/lsaglobal-translate.co.uk\/wp-content\/uploads\/2025\/03\/Portuguese-Portugal-1.png?resize=18%2C12&amp;ssl=1 18w\" sizes=\"(max-width: 300px) 100vw, 300px\" title=\"\">\t\t\t\t\t\t\t\t\t\t\t\t\t\t\t<\/div>\n\t\t\t\t\t<\/div>\n\t\t\t\t<\/div>\n\t\t\t\t<\/div>","protected":false},"excerpt":{"rendered":"<p>Expert European Portuguese Translation Services for Businesses and Individuals Are you seeking high-quality\u00a0European Portuguese translation services? Our team of professional translators specializes in delivering accurate, culturally adapted translations tailored to the Portuguese market. We offer a comprehensive range of services, including\u00a0document translation,\u00a0website localization,\u00a0technical translations, and more, ensuring your content resonates with your target audience. Why [&hellip;]<\/p>\n","protected":false},"author":2,"featured_media":11363,"parent":0,"menu_order":0,"comment_status":"closed","ping_status":"closed","template":"","meta":{"_acf_changed":false,"footnotes":""},"class_list":["post-10888","page","type-page","status-publish","has-post-thumbnail","hentry"],"acf":[],"jetpack_sharing_enabled":true,"jetpack-related-posts":[],"_links":{"self":[{"href":"https:\/\/lsaglobal-translate.co.uk\/es\/wp-json\/wp\/v2\/pages\/10888","targetHints":{"allow":["GET"]}}],"collection":[{"href":"https:\/\/lsaglobal-translate.co.uk\/es\/wp-json\/wp\/v2\/pages"}],"about":[{"href":"https:\/\/lsaglobal-translate.co.uk\/es\/wp-json\/wp\/v2\/types\/page"}],"author":[{"embeddable":true,"href":"https:\/\/lsaglobal-translate.co.uk\/es\/wp-json\/wp\/v2\/users\/2"}],"replies":[{"embeddable":true,"href":"https:\/\/lsaglobal-translate.co.uk\/es\/wp-json\/wp\/v2\/comments?post=10888"}],"version-history":[{"count":0,"href":"https:\/\/lsaglobal-translate.co.uk\/es\/wp-json\/wp\/v2\/pages\/10888\/revisions"}],"wp:featuredmedia":[{"embeddable":true,"href":"https:\/\/lsaglobal-translate.co.uk\/es\/wp-json\/wp\/v2\/media\/11363"}],"wp:attachment":[{"href":"https:\/\/lsaglobal-translate.co.uk\/es\/wp-json\/wp\/v2\/media?parent=10888"}],"curies":[{"name":"wp","href":"https:\/\/api.w.org\/{rel}","templated":true}]}}