{"id":11050,"date":"2025-03-17T15:44:30","date_gmt":"2025-03-17T14:44:30","guid":{"rendered":"https:\/\/lsaglobal-translate.co.uk\/?page_id=11050"},"modified":"2025-04-22T16:02:20","modified_gmt":"2025-04-22T15:02:20","slug":"professional-dari-translation-services","status":"publish","type":"page","link":"https:\/\/lsaglobal-translate.co.uk\/es\/professional-dari-translation-services\/","title":{"rendered":"Servicios profesionales de traducci\u00f3n al dari: precisos y certificados"},"content":{"rendered":"<div data-elementor-type=\"wp-page\" data-elementor-id=\"11050\" class=\"elementor elementor-11050\" data-elementor-post-type=\"page\">\n\t\t\t\t<div class=\"elementor-element elementor-element-9480991 e-flex e-con-boxed e-con e-parent\" data-id=\"9480991\" data-element_type=\"container\" data-e-type=\"container\">\n\t\t\t\t\t<div class=\"e-con-inner\">\n\t\t\t\t<div class=\"elementor-element elementor-element-48bb07f0 elementor-widget elementor-widget-text-editor\" data-id=\"48bb07f0\" data-element_type=\"widget\" data-e-type=\"widget\" data-widget_type=\"text-editor.default\">\n\t\t\t\t\t\t\t\t\t\n<h2 class=\"wp-block-heading\"><\/h2>\n\n\n\n<h6 class=\"wp-block-heading\"><\/h6>\n\t\t\t\t\t\t\t\t<\/div>\n\t\t\t\t\t<\/div>\n\t\t\t\t<\/div>\n\t\t<div class=\"elementor-element elementor-element-f57aee0 e-flex e-con-boxed e-con e-parent\" data-id=\"f57aee0\" data-element_type=\"container\" data-e-type=\"container\">\n\t\t\t\t\t<div class=\"e-con-inner\">\n\t\t\t\t<div class=\"elementor-element elementor-element-59a0547 elementor-widget elementor-widget-image\" data-id=\"59a0547\" data-element_type=\"widget\" data-e-type=\"widget\" data-widget_type=\"image.default\">\n\t\t\t\t\t\t\t\t\t\t\t\t\t\t\t<img fetchpriority=\"high\" decoding=\"async\" data-attachment-id=\"11206\" data-permalink=\"https:\/\/lsaglobal-translate.co.uk\/es\/professional-dari-translation-services\/dari-4\/\" data-orig-file=\"https:\/\/i0.wp.com\/lsaglobal-translate.co.uk\/wp-content\/uploads\/2025\/03\/Dari-3.png?fit=2560%2C1707&amp;ssl=1\" data-orig-size=\"2560,1707\" data-comments-opened=\"1\" data-image-meta=\"{&quot;aperture&quot;:&quot;0&quot;,&quot;credit&quot;:&quot;&quot;,&quot;camera&quot;:&quot;&quot;,&quot;caption&quot;:&quot;&quot;,&quot;created_timestamp&quot;:&quot;0&quot;,&quot;copyright&quot;:&quot;&quot;,&quot;focal_length&quot;:&quot;0&quot;,&quot;iso&quot;:&quot;0&quot;,&quot;shutter_speed&quot;:&quot;0&quot;,&quot;title&quot;:&quot;&quot;,&quot;orientation&quot;:&quot;0&quot;}\" data-image-title=\"Dari translations Services\" data-image-description=\"&lt;p&gt;Dari translations Services&lt;\/p&gt;\" data-image-caption=\"\" data-medium-file=\"https:\/\/i0.wp.com\/lsaglobal-translate.co.uk\/wp-content\/uploads\/2025\/03\/Dari-3.png?fit=300%2C200&amp;ssl=1\" data-large-file=\"https:\/\/i0.wp.com\/lsaglobal-translate.co.uk\/wp-content\/uploads\/2025\/03\/Dari-3.png?fit=525%2C350&amp;ssl=1\" width=\"300\" height=\"200\" src=\"https:\/\/i0.wp.com\/lsaglobal-translate.co.uk\/wp-content\/uploads\/2025\/03\/Dari-3.png?fit=300%2C200&amp;ssl=1\" class=\"attachment-medium size-medium wp-image-11206\" alt=\"Dari translations Services\" srcset=\"https:\/\/i0.wp.com\/lsaglobal-translate.co.uk\/wp-content\/uploads\/2025\/03\/Dari-3.png?w=2560&amp;ssl=1 2560w, https:\/\/i0.wp.com\/lsaglobal-translate.co.uk\/wp-content\/uploads\/2025\/03\/Dari-3.png?resize=300%2C200&amp;ssl=1 300w, https:\/\/i0.wp.com\/lsaglobal-translate.co.uk\/wp-content\/uploads\/2025\/03\/Dari-3.png?resize=1024%2C683&amp;ssl=1 1024w, https:\/\/i0.wp.com\/lsaglobal-translate.co.uk\/wp-content\/uploads\/2025\/03\/Dari-3.png?resize=768%2C512&amp;ssl=1 768w, https:\/\/i0.wp.com\/lsaglobal-translate.co.uk\/wp-content\/uploads\/2025\/03\/Dari-3.png?resize=1536%2C1024&amp;ssl=1 1536w, https:\/\/i0.wp.com\/lsaglobal-translate.co.uk\/wp-content\/uploads\/2025\/03\/Dari-3.png?resize=2048%2C1366&amp;ssl=1 2048w, https:\/\/i0.wp.com\/lsaglobal-translate.co.uk\/wp-content\/uploads\/2025\/03\/Dari-3.png?resize=18%2C12&amp;ssl=1 18w\" sizes=\"(max-width: 300px) 100vw, 300px\" title=\"\">\t\t\t\t\t\t\t\t\t\t\t\t\t\t\t<\/div>\n\t\t\t\t<div class=\"elementor-element elementor-element-394b0f1 elementor-widget elementor-widget-heading\" data-id=\"394b0f1\" data-element_type=\"widget\" data-e-type=\"widget\" data-widget_type=\"heading.default\">\n\t\t\t\t\t<h3 class=\"elementor-heading-title elementor-size-default\">Expert Dari Translation Services for Businesses and Individuals<\/h3>\t\t\t\t<\/div>\n\t\t\t\t<div class=\"elementor-element elementor-element-bdf78c9 elementor-widget elementor-widget-text-editor\" data-id=\"bdf78c9\" data-element_type=\"widget\" data-e-type=\"widget\" data-widget_type=\"text-editor.default\">\n\t\t\t\t\t\t\t\t\t<p>\u00bfBuscas alta calidad? <strong>Dari translation services<\/strong>? Our team of professional translators specializes in delivering accurate, culturally adapted translations tailored to Dari-speaking audiences. We offer a comprehensive range of services, including <strong>traducci\u00f3n de documentos<\/strong>, <strong>localizaci\u00f3n de sitios web<\/strong>, <strong>traducciones t\u00e9cnicas<\/strong>, and more, ensuring your content resonates with your target market.<\/p>\t\t\t\t\t\t\t\t<\/div>\n\t\t\t\t<div class=\"elementor-element elementor-element-d7c24d6 elementor-widget elementor-widget-heading\" data-id=\"d7c24d6\" data-element_type=\"widget\" data-e-type=\"widget\" data-widget_type=\"heading.default\">\n\t\t\t\t\t<h3 class=\"elementor-heading-title elementor-size-default\">Why Choose Our Dari Translation Services?<\/h3>\t\t\t\t<\/div>\n\t\t\t\t<div class=\"elementor-element elementor-element-dd2061e elementor-widget elementor-widget-text-editor\" data-id=\"dd2061e\" data-element_type=\"widget\" data-e-type=\"widget\" data-widget_type=\"text-editor.default\">\n\t\t\t\t\t\t\t\t\t<ul>\n<li>\n<p><strong>Native Dari Translators<\/strong>: Our translators are native Dari speakers with years of full-time experience, ensuring precise and contextually appropriate translations.\u00a0<\/p>\n<\/li>\n<li>\n<p><strong>Traducciones certificadas<\/strong>: We provide certified translations accepted by government agencies and legal institutions, ensuring compliance and authenticity.\u00a0<\/p>\n<\/li>\n<li>\n<p><strong>Contenido optimizado para SEO<\/strong>: Our translations incorporate SEO best practices, helping your website rank higher on search engines like Google and Bing.\u00a0<\/p>\n<\/li>\n<li>\n<p><strong>Entrega r\u00e1pida y precios competitivos<\/strong>: We deliver high-quality translations promptly and at competitive rates, meeting your deadlines and budget requirements.<\/p>\n<\/li>\n<li>\n<p><strong>Experiencia en la industria<\/strong>: Our translators possess specialized knowledge across various industries, including legal, medical, technical, and business sectors.\u00a0<\/p>\n<\/li>\n<\/ul>\n<h2>\u00a0<\/h2>\t\t\t\t\t\t\t\t<\/div>\n\t\t\t\t<div class=\"elementor-element elementor-element-41b315b elementor-widget elementor-widget-heading\" data-id=\"41b315b\" data-element_type=\"widget\" data-e-type=\"widget\" data-widget_type=\"heading.default\">\n\t\t\t\t\t<h3 class=\"elementor-heading-title elementor-size-default\">Our Dari Translation Services<\/h3>\t\t\t\t<\/div>\n\t\t\t\t<div class=\"elementor-element elementor-element-21da6b2 elementor-widget elementor-widget-heading\" data-id=\"21da6b2\" data-element_type=\"widget\" data-e-type=\"widget\" data-widget_type=\"heading.default\">\n\t\t\t\t\t<h5 class=\"elementor-heading-title elementor-size-default\">1. Traducci\u00f3n certificada de documentos<\/h5>\t\t\t\t<\/div>\n\t\t\t\t<div class=\"elementor-element elementor-element-d59f183 elementor-widget elementor-widget-text-editor\" data-id=\"d59f183\" data-element_type=\"widget\" data-e-type=\"widget\" data-widget_type=\"text-editor.default\">\n\t\t\t\t\t\t\t\t\t<p>Ofrecemos traducciones certificadas para una variedad de documentos, garantizando precisi\u00f3n y aceptaci\u00f3n por parte de entidades oficiales:<\/p>\n<ul>\n<li>\n<p><strong>Documentos legales<\/strong>: Contracts, agreements, court documents.<\/p>\n<\/li>\n<li>\n<p><strong>Documentos personales<\/strong>: Birth certificates, marriage certificates, academic transcripts.<\/p>\n<\/li>\n<li>\n<p><strong>Documentos comerciales<\/strong>: Licenses, financial statements, corporate reports.<\/p>\n<\/li>\n<\/ul>\t\t\t\t\t\t\t\t<\/div>\n\t\t\t\t<div class=\"elementor-element elementor-element-e3bda88 elementor-widget elementor-widget-heading\" data-id=\"e3bda88\" data-element_type=\"widget\" data-e-type=\"widget\" data-widget_type=\"heading.default\">\n\t\t\t\t\t<h5 class=\"elementor-heading-title elementor-size-default\">2. Localizaci\u00f3n de sitios web y aplicaciones<\/h5>\t\t\t\t<\/div>\n\t\t\t\t<div class=\"elementor-element elementor-element-4b30fcd elementor-widget elementor-widget-text-editor\" data-id=\"4b30fcd\" data-element_type=\"widget\" data-e-type=\"widget\" data-widget_type=\"text-editor.default\">\n\t\t\t\t\t\t\t\t\t<p>Expand your digital presence in Dari-speaking markets with our localization services:<\/p>\n<ul>\n<li>\n<p><strong>Localizaci\u00f3n de sitios web<\/strong>: Adapting your website content to suit cultural nuances and preferences.<\/p>\n<\/li>\n<li>\n<p><strong>Localizaci\u00f3n de aplicaciones<\/strong>: Ensuring your mobile applications are user-friendly for Dari-speaking users.<\/p>\n<\/li>\n<li>\n<p><strong>Optimizaci\u00f3n SEO<\/strong>: Implementing localized keywords and meta tags to improve search engine rankings.\u00a0<\/p>\n<\/li>\n<\/ul>\t\t\t\t\t\t\t\t<\/div>\n\t\t\t\t<div class=\"elementor-element elementor-element-d36d483 elementor-widget elementor-widget-heading\" data-id=\"d36d483\" data-element_type=\"widget\" data-e-type=\"widget\" data-widget_type=\"heading.default\">\n\t\t\t\t\t<h5 class=\"elementor-heading-title elementor-size-default\">3. Traducciones t\u00e9cnicas y m\u00e9dicas<\/h5>\t\t\t\t<\/div>\n\t\t\t\t<div class=\"elementor-element elementor-element-d8f21cb elementor-widget elementor-widget-text-editor\" data-id=\"d8f21cb\" data-element_type=\"widget\" data-e-type=\"widget\" data-widget_type=\"text-editor.default\">\n\t\t\t\t\t\t\t\t\t<p>Nuestros expertos manejan documentos t\u00e9cnicos y m\u00e9dicos complejos con precisi\u00f3n:<\/p>\n<ul>\n<li>\n<p><strong>Manuales t\u00e9cnicos<\/strong>: User guides, product manuals, technical specifications.<\/p>\n<\/li>\n<li>\n<p><strong>Documentos m\u00e9dicos<\/strong>: Clinical reports, pharmaceutical information, medical research papers.<\/p>\n<\/li>\n<\/ul>\t\t\t\t\t\t\t\t<\/div>\n\t\t\t\t<div class=\"elementor-element elementor-element-355853f elementor-widget elementor-widget-heading\" data-id=\"355853f\" data-element_type=\"widget\" data-e-type=\"widget\" data-widget_type=\"heading.default\">\n\t\t\t\t\t<h5 class=\"elementor-heading-title elementor-size-default\">4. Traducciones comerciales y de marketing<\/h5>\t\t\t\t<\/div>\n\t\t\t\t<div class=\"elementor-element elementor-element-2e1df92 elementor-widget elementor-widget-text-editor\" data-id=\"2e1df92\" data-element_type=\"widget\" data-e-type=\"widget\" data-widget_type=\"text-editor.default\">\n\t\t\t\t\t\t\t\t\t<p>Effectively communicate your brand message to Dari-speaking audiences:<\/p>\n<ul>\n<li>\n<p><strong>Materiales de marketing<\/strong>: Brochures, advertisements, press releases.<\/p>\n<\/li>\n<li>\n<p><strong>Comunicaciones empresariales<\/strong>: Presentations, emails, corporate communications.<\/p>\n<\/li>\n<\/ul>\t\t\t\t\t\t\t\t<\/div>\n\t\t\t\t<div class=\"elementor-element elementor-element-ed4003b elementor-widget elementor-widget-heading\" data-id=\"ed4003b\" data-element_type=\"widget\" data-e-type=\"widget\" data-widget_type=\"heading.default\">\n\t\t\t\t\t<h3 class=\"elementor-heading-title elementor-size-default\">Industrias a las que servimos<\/h3>\t\t\t\t<\/div>\n\t\t\t\t<div class=\"elementor-element elementor-element-652fc91 elementor-widget elementor-widget-text-editor\" data-id=\"652fc91\" data-element_type=\"widget\" data-e-type=\"widget\" data-widget_type=\"text-editor.default\">\n\t\t\t\t\t\t\t\t\t<p>Atendemos a una amplia gama de industrias, que incluyen:<\/p>\n<ul>\n<li>\n<p><strong>Legal y Gobierno<\/strong>: Providing translations for legal proceedings and governmental communications.<\/p>\n<\/li>\n<li>\n<p><strong>Atenci\u00f3n sanitaria y productos farmac\u00e9uticos<\/strong>: Translating medical records, research papers, and pharmaceutical documents.<\/p>\n<\/li>\n<li>\n<p><strong>Tecnolog\u00eda y TI<\/strong>: Localizing software, user manuals, and technical documentation.<\/p>\n<\/li>\n<li>\n<p><strong>Finanzas y banca<\/strong>: Translating financial reports, investment documents, and banking materials.<\/p>\n<\/li>\n<li>\n<p><strong>Comercio electr\u00f3nico y venta minorista<\/strong>: Localizing product descriptions, customer reviews, and marketing content.<\/p>\n<\/li>\n<\/ul>\t\t\t\t\t\t\t\t<\/div>\n\t\t\t\t<div class=\"elementor-element elementor-element-4259754 elementor-widget elementor-widget-heading\" data-id=\"4259754\" data-element_type=\"widget\" data-e-type=\"widget\" data-widget_type=\"heading.default\">\n\t\t\t\t\t<h3 class=\"elementor-heading-title elementor-size-default\">Why Professional Dari Translation Matters<\/h3>\t\t\t\t<\/div>\n\t\t\t\t<div class=\"elementor-element elementor-element-67e3234 elementor-widget elementor-widget-text-editor\" data-id=\"67e3234\" data-element_type=\"widget\" data-e-type=\"widget\" data-widget_type=\"text-editor.default\">\n\t\t\t\t\t\t\t\t\t<p>Dari is spoken by millions of people worldwide, making it essential for businesses and organizations aiming to connect with Dari-speaking audiences. Professional translation ensures:<\/p>\n<ul>\n<li>\n<p><strong>Relevancia cultural<\/strong>: Accurate translations that resonate with the local culture and customs.<\/p>\n<\/li>\n<li>\n<p><strong>Cumplimiento legal<\/strong>: Ensuring documents meet regional legal standards and requirements.<\/p>\n<\/li>\n<li>\n<p><strong>Credibilidad de marca<\/strong>: Presenting your business professionally to Dari-speaking audiences.<\/p><\/li><\/ul>\t\t\t\t\t\t\t\t<\/div>\n\t\t\t\t<div class=\"elementor-element elementor-element-5efa064 elementor-widget elementor-widget-heading\" data-id=\"5efa064\" data-element_type=\"widget\" data-e-type=\"widget\" data-widget_type=\"heading.default\">\n\t\t\t\t\t<h3 class=\"elementor-heading-title elementor-size-default\">SEO-Optimized Dari Translation Services<\/h3>\t\t\t\t<\/div>\n\t\t\t\t<div class=\"elementor-element elementor-element-d3e76d6 elementor-widget elementor-widget-text-editor\" data-id=\"d3e76d6\" data-element_type=\"widget\" data-e-type=\"widget\" data-widget_type=\"text-editor.default\">\n\t\t\t\t\t\t\t\t\t<p>Nuestras traducciones est\u00e1n dise\u00f1adas con las mejores pr\u00e1cticas de SEO para mejorar su visibilidad en l\u00ednea:<\/p>\n<ul>\n<li>\n<p><strong>Palabras clave localizadas<\/strong>: Incorporating region-specific search terms to improve rankings.\u00a0<\/p>\n<\/li>\n<li>\n<p><strong>Optimizaci\u00f3n de metaetiquetas<\/strong>: Translating and optimizing meta descriptions and titles for better click-through rates.\u00a0<\/p>\n<\/li>\n<li>\n<p><strong>URL f\u00e1ciles de usar<\/strong>: Creating URLs that are readable and relevant in Dari.\u00a0<\/p>\n<\/li>\n<\/ul>\t\t\t\t\t\t\t\t<\/div>\n\t\t\t\t<div class=\"elementor-element elementor-element-53e23f4 elementor-widget elementor-widget-heading\" data-id=\"53e23f4\" data-element_type=\"widget\" data-e-type=\"widget\" data-widget_type=\"heading.default\">\n\t\t\t\t\t<h3 class=\"elementor-heading-title elementor-size-default\">Get a Free Quote for Dari Translation Services<\/h3>\t\t\t\t<\/div>\n\t\t\t\t<div class=\"elementor-element elementor-element-7260a00 elementor-widget elementor-widget-text-editor\" data-id=\"7260a00\" data-element_type=\"widget\" data-e-type=\"widget\" data-widget_type=\"text-editor.default\">\n\t\t\t\t\t\t\t\t\t<p>Need professional Dari translation services? Contact us today for a free quote. We ensure fast, precise, and confidential translations for all your needs.<\/p>\n<h3><a href=\"https:\/\/lsaglobal-translate.co.uk\/es\/\"><strong>\u00a1Cont\u00e1ctanos hoy!<\/strong><\/a><\/h3>\n<p>\ud83d\udccd <strong>Servicio global: disponible en todo el mundo<\/strong><\/p>\n<p><strong>Expand your reach with expert Dari translation!<\/strong> Cont\u00e1ctenos ahora para discutir su proyecto.<\/p>\t\t\t\t\t\t\t\t<\/div>\n\t\t\t\t<div class=\"elementor-element elementor-element-c49f9b4 elementor-widget elementor-widget-heading\" data-id=\"c49f9b4\" data-element_type=\"widget\" data-e-type=\"widget\" data-widget_type=\"heading.default\">\n\t\t\t\t\t<h3 class=\"elementor-heading-title elementor-size-default\">Yendo m\u00e1s all\u00e1<\/h3>\t\t\t\t<\/div>\n\t\t\t\t<div class=\"elementor-element elementor-element-ee64fda elementor-widget elementor-widget-text-editor\" data-id=\"ee64fda\" data-element_type=\"widget\" data-e-type=\"widget\" data-widget_type=\"text-editor.default\">\n\t\t\t\t\t\t\t\t\t<h4><a href=\"https:\/\/lsaglobal-translate.co.uk\/es\/professional-transcription-services\/\">Servicios profesionales de transcripci\u00f3n<\/a><\/h4>\t\t\t\t\t\t\t\t<\/div>\n\t\t\t\t<div class=\"elementor-element elementor-element-d8eb18f elementor-widget elementor-widget-text-editor\" data-id=\"d8eb18f\" data-element_type=\"widget\" data-e-type=\"widget\" data-widget_type=\"text-editor.default\">\n\t\t\t\t\t\t\t\t\t<h4><a href=\"https:\/\/lsaglobal-translate.co.uk\/es\/professional-interpretation-services\/\">Servicios profesionales de interpretaci\u00f3n<\/a><\/h4>\t\t\t\t\t\t\t\t<\/div>\n\t\t\t\t<div class=\"elementor-element elementor-element-e2f4141 elementor-widget elementor-widget-text-editor\" data-id=\"e2f4141\" data-element_type=\"widget\" data-e-type=\"widget\" data-widget_type=\"text-editor.default\">\n\t\t\t\t\t\t\t\t\t<h4><span style=\"color: #000000;\"><a style=\"color: #000000;\" href=\"https:\/\/lsa-global.com\/\" target=\"_blank\" rel=\"noopener\">Traducci\u00f3n Pro.<\/a><\/span><\/h4>\t\t\t\t\t\t\t\t<\/div>\n\t\t\t\t<div class=\"elementor-element elementor-element-8673ce6 elementor-widget elementor-widget-text-editor\" data-id=\"8673ce6\" data-element_type=\"widget\" data-e-type=\"widget\" data-widget_type=\"text-editor.default\">\n\t\t\t\t\t\t\t\t\t<h4><a href=\"https:\/\/lsaglobal-translate.co.uk\/es\/terms-and-conditions\/\">Condiciones generales<\/a><\/h4>\t\t\t\t\t\t\t\t<\/div>\n\t\t\t\t<div class=\"elementor-element elementor-element-d4325e5 elementor-widget elementor-widget-image\" data-id=\"d4325e5\" data-element_type=\"widget\" data-e-type=\"widget\" data-widget_type=\"image.default\">\n\t\t\t\t\t\t\t\t\t\t\t\t\t\t\t<img fetchpriority=\"high\" decoding=\"async\" data-attachment-id=\"11206\" data-permalink=\"https:\/\/lsaglobal-translate.co.uk\/es\/professional-dari-translation-services\/dari-4\/\" data-orig-file=\"https:\/\/i0.wp.com\/lsaglobal-translate.co.uk\/wp-content\/uploads\/2025\/03\/Dari-3.png?fit=2560%2C1707&amp;ssl=1\" data-orig-size=\"2560,1707\" data-comments-opened=\"1\" data-image-meta=\"{&quot;aperture&quot;:&quot;0&quot;,&quot;credit&quot;:&quot;&quot;,&quot;camera&quot;:&quot;&quot;,&quot;caption&quot;:&quot;&quot;,&quot;created_timestamp&quot;:&quot;0&quot;,&quot;copyright&quot;:&quot;&quot;,&quot;focal_length&quot;:&quot;0&quot;,&quot;iso&quot;:&quot;0&quot;,&quot;shutter_speed&quot;:&quot;0&quot;,&quot;title&quot;:&quot;&quot;,&quot;orientation&quot;:&quot;0&quot;}\" data-image-title=\"Dari translations Services\" data-image-description=\"&lt;p&gt;Dari translations Services&lt;\/p&gt;\" data-image-caption=\"\" data-medium-file=\"https:\/\/i0.wp.com\/lsaglobal-translate.co.uk\/wp-content\/uploads\/2025\/03\/Dari-3.png?fit=300%2C200&amp;ssl=1\" data-large-file=\"https:\/\/i0.wp.com\/lsaglobal-translate.co.uk\/wp-content\/uploads\/2025\/03\/Dari-3.png?fit=525%2C350&amp;ssl=1\" width=\"300\" height=\"200\" src=\"https:\/\/i0.wp.com\/lsaglobal-translate.co.uk\/wp-content\/uploads\/2025\/03\/Dari-3.png?fit=300%2C200&amp;ssl=1\" class=\"attachment-medium size-medium wp-image-11206\" alt=\"Dari translations Services\" srcset=\"https:\/\/i0.wp.com\/lsaglobal-translate.co.uk\/wp-content\/uploads\/2025\/03\/Dari-3.png?w=2560&amp;ssl=1 2560w, https:\/\/i0.wp.com\/lsaglobal-translate.co.uk\/wp-content\/uploads\/2025\/03\/Dari-3.png?resize=300%2C200&amp;ssl=1 300w, https:\/\/i0.wp.com\/lsaglobal-translate.co.uk\/wp-content\/uploads\/2025\/03\/Dari-3.png?resize=1024%2C683&amp;ssl=1 1024w, https:\/\/i0.wp.com\/lsaglobal-translate.co.uk\/wp-content\/uploads\/2025\/03\/Dari-3.png?resize=768%2C512&amp;ssl=1 768w, https:\/\/i0.wp.com\/lsaglobal-translate.co.uk\/wp-content\/uploads\/2025\/03\/Dari-3.png?resize=1536%2C1024&amp;ssl=1 1536w, https:\/\/i0.wp.com\/lsaglobal-translate.co.uk\/wp-content\/uploads\/2025\/03\/Dari-3.png?resize=2048%2C1366&amp;ssl=1 2048w, https:\/\/i0.wp.com\/lsaglobal-translate.co.uk\/wp-content\/uploads\/2025\/03\/Dari-3.png?resize=18%2C12&amp;ssl=1 18w\" sizes=\"(max-width: 300px) 100vw, 300px\" title=\"\">\t\t\t\t\t\t\t\t\t\t\t\t\t\t\t<\/div>\n\t\t\t\t\t<\/div>\n\t\t\t\t<\/div>\n\t\t\t\t<\/div>","protected":false},"excerpt":{"rendered":"<p>Expert Dari Translation Services for Businesses and Individuals Are you seeking high-quality Dari translation services? Our team of professional translators specializes in delivering accurate, culturally adapted translations tailored to Dari-speaking audiences. We offer a comprehensive range of services, including document translation, website localization, technical translations, and more, ensuring your content resonates with your target market. [&hellip;]<\/p>\n","protected":false},"author":2,"featured_media":11206,"parent":0,"menu_order":0,"comment_status":"closed","ping_status":"closed","template":"","meta":{"_acf_changed":false,"footnotes":""},"class_list":["post-11050","page","type-page","status-publish","has-post-thumbnail","hentry"],"acf":[],"jetpack_sharing_enabled":true,"jetpack-related-posts":[],"_links":{"self":[{"href":"https:\/\/lsaglobal-translate.co.uk\/es\/wp-json\/wp\/v2\/pages\/11050","targetHints":{"allow":["GET"]}}],"collection":[{"href":"https:\/\/lsaglobal-translate.co.uk\/es\/wp-json\/wp\/v2\/pages"}],"about":[{"href":"https:\/\/lsaglobal-translate.co.uk\/es\/wp-json\/wp\/v2\/types\/page"}],"author":[{"embeddable":true,"href":"https:\/\/lsaglobal-translate.co.uk\/es\/wp-json\/wp\/v2\/users\/2"}],"replies":[{"embeddable":true,"href":"https:\/\/lsaglobal-translate.co.uk\/es\/wp-json\/wp\/v2\/comments?post=11050"}],"version-history":[{"count":0,"href":"https:\/\/lsaglobal-translate.co.uk\/es\/wp-json\/wp\/v2\/pages\/11050\/revisions"}],"wp:featuredmedia":[{"embeddable":true,"href":"https:\/\/lsaglobal-translate.co.uk\/es\/wp-json\/wp\/v2\/media\/11206"}],"wp:attachment":[{"href":"https:\/\/lsaglobal-translate.co.uk\/es\/wp-json\/wp\/v2\/media?parent=11050"}],"curies":[{"name":"wp","href":"https:\/\/api.w.org\/{rel}","templated":true}]}}