{"id":10836,"date":"2025-03-17T12:03:38","date_gmt":"2025-03-17T11:03:38","guid":{"rendered":"https:\/\/lsaglobal-translate.co.uk\/?page_id=10836"},"modified":"2025-04-24T11:55:51","modified_gmt":"2025-04-24T10:55:51","slug":"pro-croatian-translation-services","status":"publish","type":"page","link":"https:\/\/lsaglobal-translate.co.uk\/fr\/pro-croatian-translation-services\/","title":{"rendered":"Services de traduction professionnels en croate \u2013 Pr\u00e9cis et certifi\u00e9s"},"content":{"rendered":"<div data-elementor-type=\"wp-page\" data-elementor-id=\"10836\" class=\"elementor elementor-10836\" data-elementor-post-type=\"page\">\n\t\t\t\t<div class=\"elementor-element elementor-element-41e2ce2 e-flex e-con-boxed e-con e-parent\" data-id=\"41e2ce2\" data-element_type=\"container\" data-e-type=\"container\">\n\t\t\t\t\t<div class=\"e-con-inner\">\n\t\t\t\t<div class=\"elementor-element elementor-element-0d20f5a elementor-widget elementor-widget-image\" data-id=\"0d20f5a\" data-element_type=\"widget\" data-e-type=\"widget\" data-widget_type=\"image.default\">\n\t\t\t\t\t\t\t\t\t\t\t\t\t\t\t<img decoding=\"async\" data-attachment-id=\"11169\" data-permalink=\"https:\/\/lsaglobal-translate.co.uk\/it\/pro-croatian-translation-services\/croatian-2\/\" data-orig-file=\"https:\/\/i0.wp.com\/lsaglobal-translate.co.uk\/wp-content\/uploads\/2025\/03\/Croatian-1.png?fit=2560%2C1280&amp;ssl=1\" data-orig-size=\"2560,1280\" data-comments-opened=\"1\" data-image-meta=\"{&quot;aperture&quot;:&quot;0&quot;,&quot;credit&quot;:&quot;&quot;,&quot;camera&quot;:&quot;&quot;,&quot;caption&quot;:&quot;&quot;,&quot;created_timestamp&quot;:&quot;0&quot;,&quot;copyright&quot;:&quot;&quot;,&quot;focal_length&quot;:&quot;0&quot;,&quot;iso&quot;:&quot;0&quot;,&quot;shutter_speed&quot;:&quot;0&quot;,&quot;title&quot;:&quot;&quot;,&quot;orientation&quot;:&quot;0&quot;}\" data-image-title=\"Croatian Translations Services\" data-image-description=\"&lt;p&gt;Croatian Translations Services&lt;\/p&gt;\" data-image-caption=\"\" data-medium-file=\"https:\/\/i0.wp.com\/lsaglobal-translate.co.uk\/wp-content\/uploads\/2025\/03\/Croatian-1.png?fit=300%2C150&amp;ssl=1\" data-large-file=\"https:\/\/i0.wp.com\/lsaglobal-translate.co.uk\/wp-content\/uploads\/2025\/03\/Croatian-1.png?fit=525%2C263&amp;ssl=1\" width=\"300\" height=\"150\" src=\"https:\/\/i0.wp.com\/lsaglobal-translate.co.uk\/wp-content\/uploads\/2025\/03\/Croatian-1.png?fit=300%2C150&amp;ssl=1\" class=\"attachment-medium size-medium wp-image-11169\" alt=\"Croatian Translations Services\" srcset=\"https:\/\/i0.wp.com\/lsaglobal-translate.co.uk\/wp-content\/uploads\/2025\/03\/Croatian-1.png?w=2560&amp;ssl=1 2560w, https:\/\/i0.wp.com\/lsaglobal-translate.co.uk\/wp-content\/uploads\/2025\/03\/Croatian-1.png?resize=300%2C150&amp;ssl=1 300w, https:\/\/i0.wp.com\/lsaglobal-translate.co.uk\/wp-content\/uploads\/2025\/03\/Croatian-1.png?resize=1024%2C512&amp;ssl=1 1024w, https:\/\/i0.wp.com\/lsaglobal-translate.co.uk\/wp-content\/uploads\/2025\/03\/Croatian-1.png?resize=768%2C384&amp;ssl=1 768w, https:\/\/i0.wp.com\/lsaglobal-translate.co.uk\/wp-content\/uploads\/2025\/03\/Croatian-1.png?resize=1536%2C768&amp;ssl=1 1536w, https:\/\/i0.wp.com\/lsaglobal-translate.co.uk\/wp-content\/uploads\/2025\/03\/Croatian-1.png?resize=2048%2C1024&amp;ssl=1 2048w, https:\/\/i0.wp.com\/lsaglobal-translate.co.uk\/wp-content\/uploads\/2025\/03\/Croatian-1.png?resize=18%2C9&amp;ssl=1 18w\" sizes=\"(max-width: 300px) 100vw, 300px\" title=\"\">\t\t\t\t\t\t\t\t\t\t\t\t\t\t\t<\/div>\n\t\t\t\t<div class=\"elementor-element elementor-element-bc55c00 elementor-widget elementor-widget-heading\" data-id=\"bc55c00\" data-element_type=\"widget\" data-e-type=\"widget\" data-widget_type=\"heading.default\">\n\t\t\t\t\t<h3 class=\"elementor-heading-title elementor-size-default\">Expert Croatian Translation Services for Businesses and Individuals<\/h3>\t\t\t\t<\/div>\n\t\t\t\t<div class=\"elementor-element elementor-element-32be17c elementor-widget elementor-widget-text-editor\" data-id=\"32be17c\" data-element_type=\"widget\" data-e-type=\"widget\" data-widget_type=\"text-editor.default\">\n\t\t\t\t\t\t\t\t\t<p>Vous recherchez une qualit\u00e9 sup\u00e9rieure <strong>Croatian translation services<\/strong>? Our team of professional translators specializes in delivering accurate, culturally adapted translations tailored to the Croatian-speaking market. We offer a comprehensive range of services, including <strong>traduction de documents<\/strong>, <strong>localisation de sites Web<\/strong>, <strong>traductions techniques<\/strong>, et plus encore, en veillant \u00e0 ce que votre contenu trouve un \u00e9cho aupr\u00e8s de votre public cible.<\/p>\t\t\t\t\t\t\t\t<\/div>\n\t\t\t\t<div class=\"elementor-element elementor-element-312d361 elementor-widget elementor-widget-heading\" data-id=\"312d361\" data-element_type=\"widget\" data-e-type=\"widget\" data-widget_type=\"heading.default\">\n\t\t\t\t\t<h3 class=\"elementor-heading-title elementor-size-default\">Why Choose Our Croatian Translation Services?<\/h3>\t\t\t\t<\/div>\n\t\t\t\t<div class=\"elementor-element elementor-element-5d06d0b elementor-widget elementor-widget-text-editor\" data-id=\"5d06d0b\" data-element_type=\"widget\" data-e-type=\"widget\" data-widget_type=\"text-editor.default\">\n\t\t\t\t\t\t\t\t\t<ul><li><p><strong>Native Croatian Translators<\/strong>: Our translators are native Croatian speakers with fluency in English, ensuring precise and contextually appropriate translations.<\/p><\/li><li><p><strong>Traductions certifi\u00e9es<\/strong>: We provide certified translations accepted by government agencies and legal institutions, ensuring compliance and authenticity.<\/p><\/li><li><p><strong>Contenu optimis\u00e9 pour le r\u00e9f\u00e9rencement<\/strong>: Our translations incorporate SEO best practices, helping your website rank higher on search engines like Google and Bing.<\/p><\/li><li><p><strong>D\u00e9lai d&#039;ex\u00e9cution rapide et prix comp\u00e9titifs<\/strong>: We deliver high-quality translations promptly and at competitive rates, meeting your deadlines and budget requirements.<\/p><\/li><li><p><strong>Expertise sectorielle<\/strong>: Our translators possess specialized knowledge across various industries, including legal, medical, technical, and business sectors.<\/p><\/li><li><p><strong>Linguistic Precision Matters in Croatian<\/strong><\/p><p class=\"\" data-start=\"1402\" data-end=\"1807\">Croatian is a <strong data-start=\"1416\" data-end=\"1435\">Slavic language<\/strong> with a complex grammatical structure, including <strong data-start=\"1484\" data-end=\"1531\">cases, gender, aspect, and verb conjugation<\/strong>. It also includes <strong data-start=\"1550\" data-end=\"1574\">distinct terminology<\/strong>, especially in legal, medical, and technical fields. Professional Croatian translation is not just about converting words\u2014it requires <strong data-start=\"1709\" data-end=\"1762\">linguistic expertise and subject-matter knowledge<\/strong> to convey meaning with accuracy and context.<\/p><p class=\"\" data-start=\"1809\" data-end=\"1943\">Focusing on this topic underscores the value of using <strong data-start=\"1863\" data-end=\"1894\">qualified human translators<\/strong> to avoid misinterpretations and costly mistakes.<\/p><\/li><li><p class=\"\" data-start=\"1809\" data-end=\"1943\"><strong>Distinguishing Croatian from Other Regional Languages<\/strong><\/p><p class=\"\" data-start=\"2012\" data-end=\"2248\">While Croatian, Serbian, Bosnian, and Montenegrin share similarities, they are recognized as <strong data-start=\"2105\" data-end=\"2136\">distinct standard languages<\/strong> with different usage in formal, legal, and cultural contexts. A professional Croatian translation must reflect:<\/p><ul data-start=\"2250\" data-end=\"2409\"><li class=\"\" data-start=\"2250\" data-end=\"2293\"><p class=\"\" data-start=\"2252\" data-end=\"2293\"><strong data-start=\"2252\" data-end=\"2291\">Croatian orthography and vocabulary<\/strong><\/p><\/li><li class=\"\" data-start=\"2294\" data-end=\"2341\"><p class=\"\" data-start=\"2296\" data-end=\"2341\"><strong data-start=\"2296\" data-end=\"2339\">Cultural references and regional idioms<\/strong><\/p><\/li><li class=\"\" data-start=\"2342\" data-end=\"2409\"><p class=\"\" data-start=\"2344\" data-end=\"2409\"><strong data-start=\"2344\" data-end=\"2409\">Standardization as used in Croatian media, education, and law<\/strong><\/p><\/li><\/ul><p class=\"\" data-start=\"2411\" data-end=\"2603\">This topic highlights the importance of respecting linguistic identity and <strong data-start=\"2486\" data-end=\"2538\">translating appropriately for Croatian audiences<\/strong>, not relying on generalized or \u201cone-size-fits-all\u201d translations.<\/p><\/li><\/ul>\t\t\t\t\t\t\t\t<\/div>\n\t\t\t\t<div class=\"elementor-element elementor-element-e598ec1 elementor-widget elementor-widget-heading\" data-id=\"e598ec1\" data-element_type=\"widget\" data-e-type=\"widget\" data-widget_type=\"heading.default\">\n\t\t\t\t\t<h3 class=\"elementor-heading-title elementor-size-default\">Our Croatian Translation Services<\/h3>\t\t\t\t<\/div>\n\t\t\t\t<div class=\"elementor-element elementor-element-6e208da elementor-widget elementor-widget-heading\" data-id=\"6e208da\" data-element_type=\"widget\" data-e-type=\"widget\" data-widget_type=\"heading.default\">\n\t\t\t\t\t<h5 class=\"elementor-heading-title elementor-size-default\">1. Traduction certifi\u00e9e de documents<\/h5>\t\t\t\t<\/div>\n\t\t\t\t<div class=\"elementor-element elementor-element-40e35fc elementor-widget elementor-widget-text-editor\" data-id=\"40e35fc\" data-element_type=\"widget\" data-e-type=\"widget\" data-widget_type=\"text-editor.default\">\n\t\t\t\t\t\t\t\t\t<p>Nous proposons des traductions certifi\u00e9es pour une vari\u00e9t\u00e9 de documents, garantissant l&#039;exactitude et l&#039;acceptation par les entit\u00e9s officielles :<\/p><ul><li><p><strong>Documents juridiques<\/strong>: Contracts, agreements, court documents.<\/p><\/li><li><p><strong>Documents personnels<\/strong>: Birth certificates, marriage certificates, academic transcripts.<\/p><\/li><li><p><strong>Documents commerciaux<\/strong>: Licenses, financial statements, corporate reports.<\/p><\/li><\/ul>\t\t\t\t\t\t\t\t<\/div>\n\t\t\t\t<div class=\"elementor-element elementor-element-ce0892f elementor-widget elementor-widget-heading\" data-id=\"ce0892f\" data-element_type=\"widget\" data-e-type=\"widget\" data-widget_type=\"heading.default\">\n\t\t\t\t\t<h5 class=\"elementor-heading-title elementor-size-default\">2. Localisation de sites Web et d&#039;applications<\/h5>\t\t\t\t<\/div>\n\t\t\t\t<div class=\"elementor-element elementor-element-5e5846f elementor-widget elementor-widget-text-editor\" data-id=\"5e5846f\" data-element_type=\"widget\" data-e-type=\"widget\" data-widget_type=\"text-editor.default\">\n\t\t\t\t\t\t\t\t\t<p>Expand your digital presence in Croatian-speaking markets with our localization services:<\/p><ul><li><p><strong>Localisation de sites Web<\/strong>: Adapting your website content to suit cultural nuances and preferences.<\/p><\/li><li><p><strong>Localisation d&#039;applications<\/strong>: Ensuring your mobile applications are user-friendly for Croatian-speaking users.<\/p><\/li><li><p><strong>Optimisation SEO<\/strong>: Implementing localized keywords and meta tags to improve search engine rankings.<\/p><\/li><\/ul>\t\t\t\t\t\t\t\t<\/div>\n\t\t\t\t<div class=\"elementor-element elementor-element-18460ef elementor-widget elementor-widget-heading\" data-id=\"18460ef\" data-element_type=\"widget\" data-e-type=\"widget\" data-widget_type=\"heading.default\">\n\t\t\t\t\t<h5 class=\"elementor-heading-title elementor-size-default\">3. Traductions techniques et m\u00e9dicales<\/h5>\t\t\t\t<\/div>\n\t\t\t\t<div class=\"elementor-element elementor-element-02e819e elementor-widget elementor-widget-text-editor\" data-id=\"02e819e\" data-element_type=\"widget\" data-e-type=\"widget\" data-widget_type=\"text-editor.default\">\n\t\t\t\t\t\t\t\t\t<p>Nos experts traitent avec pr\u00e9cision des documents techniques et m\u00e9dicaux complexes :<\/p><ul><li><p><strong>Manuels techniques<\/strong>: User guides, product manuals, technical specifications.<\/p><\/li><li><p><strong>Documents m\u00e9dicaux<\/strong>: Clinical reports, pharmaceutical information, medical research papers.<\/p><\/li><\/ul>\t\t\t\t\t\t\t\t<\/div>\n\t\t\t\t<div class=\"elementor-element elementor-element-2dde182 elementor-widget elementor-widget-heading\" data-id=\"2dde182\" data-element_type=\"widget\" data-e-type=\"widget\" data-widget_type=\"heading.default\">\n\t\t\t\t\t<h5 class=\"elementor-heading-title elementor-size-default\">4. Traductions commerciales et marketing<\/h5>\t\t\t\t<\/div>\n\t\t\t\t<div class=\"elementor-element elementor-element-6e210ce elementor-widget elementor-widget-text-editor\" data-id=\"6e210ce\" data-element_type=\"widget\" data-e-type=\"widget\" data-widget_type=\"text-editor.default\">\n\t\t\t\t\t\t\t\t\t<p>Effectively communicate your brand message to Croatian-speaking audiences:<\/p><ul><li><p><strong>Mat\u00e9riel de marketing<\/strong>: Brochures, advertisements, press releases.<\/p><\/li><li><p><strong>Communications d&#039;entreprise<\/strong>: Presentations, emails, corporate communications.<\/p><\/li><\/ul>\t\t\t\t\t\t\t\t<\/div>\n\t\t\t\t<div class=\"elementor-element elementor-element-f0fea1e elementor-widget elementor-widget-heading\" data-id=\"f0fea1e\" data-element_type=\"widget\" data-e-type=\"widget\" data-widget_type=\"heading.default\">\n\t\t\t\t\t<h3 class=\"elementor-heading-title elementor-size-default\">Industries que nous servons<\/h3>\t\t\t\t<\/div>\n\t\t\t\t<div class=\"elementor-element elementor-element-4daf9cf elementor-widget elementor-widget-text-editor\" data-id=\"4daf9cf\" data-element_type=\"widget\" data-e-type=\"widget\" data-widget_type=\"text-editor.default\">\n\t\t\t\t\t\t\t\t\t<p>Nous intervenons aupr\u00e8s d&#039;un large \u00e9ventail d&#039;industries, notamment :<\/p>\n<ul>\n<li>\n<p><strong>Juridique et gouvernemental<\/strong>: Providing translations for legal proceedings and governmental communications.<\/p>\n<\/li>\n<li>\n<p><strong>Sant\u00e9 et produits pharmaceutiques<\/strong>: Translating medical records, research papers, and pharmaceutical documents.<\/p>\n<\/li>\n<li>\n<p><strong>Technologie et informatique<\/strong>: Localizing software, user manuals, and technical documentation.<\/p>\n<\/li>\n<li>\n<p><strong>Finance et banque<\/strong>: Translating financial reports, investment documents, and banking materials.<\/p>\n<\/li>\n<li>\n<p><strong>Commerce \u00e9lectronique et vente au d\u00e9tail<\/strong>: Localizing product descriptions, customer reviews, and marketing content.<\/p><\/li><\/ul>\t\t\t\t\t\t\t\t<\/div>\n\t\t\t\t<div class=\"elementor-element elementor-element-8c0613f elementor-widget elementor-widget-heading\" data-id=\"8c0613f\" data-element_type=\"widget\" data-e-type=\"widget\" data-widget_type=\"heading.default\">\n\t\t\t\t\t<h3 class=\"elementor-heading-title elementor-size-default\">Why Professional Croatian Translation Matters<\/h3>\t\t\t\t<\/div>\n\t\t\t\t<div class=\"elementor-element elementor-element-a4c3089 elementor-widget elementor-widget-text-editor\" data-id=\"a4c3089\" data-element_type=\"widget\" data-e-type=\"widget\" data-widget_type=\"text-editor.default\">\n\t\t\t\t\t\t\t\t\t<p>Croatian is spoken by millions of people worldwide, making it essential for businesses and organizations aiming to connect with Croatian-speaking audiences. Professional translation ensures:<\/p>\n<ul>\n<li>\n<p><strong>Pertinence culturelle<\/strong>: Accurate translations that resonate with the local culture and customs.<\/p>\n<\/li>\n<li>\n<p><strong>Conformit\u00e9 juridique<\/strong>: Ensuring documents meet regional legal standards and requirements.<\/p>\n<\/li>\n<li>\n<p><strong>Cr\u00e9dibilit\u00e9 de la marque<\/strong>: Presenting your business professionally to Croatian-speaking audiences.<\/p><\/li><\/ul>\t\t\t\t\t\t\t\t<\/div>\n\t\t\t\t<div class=\"elementor-element elementor-element-61f218e elementor-widget elementor-widget-heading\" data-id=\"61f218e\" data-element_type=\"widget\" data-e-type=\"widget\" data-widget_type=\"heading.default\">\n\t\t\t\t\t<h3 class=\"elementor-heading-title elementor-size-default\">SEO-Optimized Croatian Translation Services<\/h3>\t\t\t\t<\/div>\n\t\t\t\t<div class=\"elementor-element elementor-element-d474f62 elementor-widget elementor-widget-text-editor\" data-id=\"d474f62\" data-element_type=\"widget\" data-e-type=\"widget\" data-widget_type=\"text-editor.default\">\n\t\t\t\t\t\t\t\t\t<p>Nos traductions sont con\u00e7ues avec les meilleures pratiques SEO pour am\u00e9liorer votre visibilit\u00e9 en ligne :<\/p><ul><li><p><strong>Mots-cl\u00e9s localis\u00e9s<\/strong>: Incorporating region-specific search terms to improve rankings.<\/p><\/li><li><p><strong>Optimisation des balises m\u00e9ta<\/strong>: Translating and optimizing meta descriptions and titles for better click-through rates.<\/p><\/li><li><p><strong>URL conviviales<\/strong>: Creating URLs that are readable and relevant in Croatian.<\/p><\/li><\/ul>\t\t\t\t\t\t\t\t<\/div>\n\t\t\t\t<div class=\"elementor-element elementor-element-c656886 elementor-widget elementor-widget-heading\" data-id=\"c656886\" data-element_type=\"widget\" data-e-type=\"widget\" data-widget_type=\"heading.default\">\n\t\t\t\t\t<h3 class=\"elementor-heading-title elementor-size-default\">Get a Free Quote for Croatian Translation Services<\/h3>\t\t\t\t<\/div>\n\t\t\t\t<div class=\"elementor-element elementor-element-2df9db3 elementor-widget elementor-widget-text-editor\" data-id=\"2df9db3\" data-element_type=\"widget\" data-e-type=\"widget\" data-widget_type=\"text-editor.default\">\n\t\t\t\t\t\t\t\t\t<p>Need professional Croatian translation services? Contact us today for a free quote. We ensure fast, precise, and confidential translations for all your needs.<\/p><h3><a href=\"https:\/\/lsaglobal-translate.co.uk\/fr\/get-your-free-quote-lsa-global\/\"><strong>\ud83d\udcde Contactez-nous aujourd&#039;hui !<\/strong><\/a><\/h3><hr \/><p><strong>Expand your reach with expert Croatian translations!<\/strong> Contactez-nous maintenant pour discuter de votre projet.<\/p>\t\t\t\t\t\t\t\t<\/div>\n\t\t\t\t<div class=\"elementor-element elementor-element-e1c5ed6 elementor-widget elementor-widget-heading\" data-id=\"e1c5ed6\" data-element_type=\"widget\" data-e-type=\"widget\" data-widget_type=\"heading.default\">\n\t\t\t\t\t<h3 class=\"elementor-heading-title elementor-size-default\">Aller au-del\u00e0<\/h3>\t\t\t\t<\/div>\n\t\t\t\t<div class=\"elementor-element elementor-element-2e90ac2 elementor-widget elementor-widget-text-editor\" data-id=\"2e90ac2\" data-element_type=\"widget\" data-e-type=\"widget\" data-widget_type=\"text-editor.default\">\n\t\t\t\t\t\t\t\t\t<h4><a href=\"https:\/\/lsaglobal-translate.co.uk\/fr\/professional-transcription-services\/\">Services de transcription professionnels<\/a><\/h4>\t\t\t\t\t\t\t\t<\/div>\n\t\t\t\t<div class=\"elementor-element elementor-element-a012204 elementor-widget elementor-widget-text-editor\" data-id=\"a012204\" data-element_type=\"widget\" data-e-type=\"widget\" data-widget_type=\"text-editor.default\">\n\t\t\t\t\t\t\t\t\t<h4><a href=\"https:\/\/lsaglobal-translate.co.uk\/fr\/professional-interpretation-services\/\">Services d'interpr\u00e9tation professionnelle<\/a><\/h4>\t\t\t\t\t\t\t\t<\/div>\n\t\t\t\t<div class=\"elementor-element elementor-element-2cb8ecd elementor-widget elementor-widget-text-editor\" data-id=\"2cb8ecd\" data-element_type=\"widget\" data-e-type=\"widget\" data-widget_type=\"text-editor.default\">\n\t\t\t\t\t\t\t\t\t<h4><a href=\"https:\/\/lsaglobal-translate.co.uk\/fr\/terms-and-conditions\/\">Conditions g\u00e9n\u00e9rales d'utilisation<\/a><\/h4>\t\t\t\t\t\t\t\t<\/div>\n\t\t\t\t<div class=\"elementor-element elementor-element-35906ae elementor-widget elementor-widget-text-editor\" data-id=\"35906ae\" data-element_type=\"widget\" data-e-type=\"widget\" data-widget_type=\"text-editor.default\">\n\t\t\t\t\t\t\t\t\t<h4><span style=\"color: #000000;\"><a style=\"color: #000000;\" href=\"https:\/\/lsa-global.com\/\" target=\"_blank\" rel=\"noopener\">Traduction Pro.<\/a><\/span><\/h4>\t\t\t\t\t\t\t\t<\/div>\n\t\t\t\t<div class=\"elementor-element elementor-element-9b4b651 elementor-widget elementor-widget-image\" data-id=\"9b4b651\" data-element_type=\"widget\" data-e-type=\"widget\" data-widget_type=\"image.default\">\n\t\t\t\t\t\t\t\t\t\t\t\t\t\t\t<img decoding=\"async\" data-attachment-id=\"11169\" data-permalink=\"https:\/\/lsaglobal-translate.co.uk\/it\/pro-croatian-translation-services\/croatian-2\/\" data-orig-file=\"https:\/\/i0.wp.com\/lsaglobal-translate.co.uk\/wp-content\/uploads\/2025\/03\/Croatian-1.png?fit=2560%2C1280&amp;ssl=1\" data-orig-size=\"2560,1280\" data-comments-opened=\"1\" data-image-meta=\"{&quot;aperture&quot;:&quot;0&quot;,&quot;credit&quot;:&quot;&quot;,&quot;camera&quot;:&quot;&quot;,&quot;caption&quot;:&quot;&quot;,&quot;created_timestamp&quot;:&quot;0&quot;,&quot;copyright&quot;:&quot;&quot;,&quot;focal_length&quot;:&quot;0&quot;,&quot;iso&quot;:&quot;0&quot;,&quot;shutter_speed&quot;:&quot;0&quot;,&quot;title&quot;:&quot;&quot;,&quot;orientation&quot;:&quot;0&quot;}\" data-image-title=\"Croatian Translations Services\" data-image-description=\"&lt;p&gt;Croatian Translations Services&lt;\/p&gt;\" data-image-caption=\"\" data-medium-file=\"https:\/\/i0.wp.com\/lsaglobal-translate.co.uk\/wp-content\/uploads\/2025\/03\/Croatian-1.png?fit=300%2C150&amp;ssl=1\" data-large-file=\"https:\/\/i0.wp.com\/lsaglobal-translate.co.uk\/wp-content\/uploads\/2025\/03\/Croatian-1.png?fit=525%2C263&amp;ssl=1\" width=\"300\" height=\"150\" src=\"https:\/\/i0.wp.com\/lsaglobal-translate.co.uk\/wp-content\/uploads\/2025\/03\/Croatian-1.png?fit=300%2C150&amp;ssl=1\" class=\"attachment-medium size-medium wp-image-11169\" alt=\"Croatian Translations Services\" srcset=\"https:\/\/i0.wp.com\/lsaglobal-translate.co.uk\/wp-content\/uploads\/2025\/03\/Croatian-1.png?w=2560&amp;ssl=1 2560w, https:\/\/i0.wp.com\/lsaglobal-translate.co.uk\/wp-content\/uploads\/2025\/03\/Croatian-1.png?resize=300%2C150&amp;ssl=1 300w, https:\/\/i0.wp.com\/lsaglobal-translate.co.uk\/wp-content\/uploads\/2025\/03\/Croatian-1.png?resize=1024%2C512&amp;ssl=1 1024w, https:\/\/i0.wp.com\/lsaglobal-translate.co.uk\/wp-content\/uploads\/2025\/03\/Croatian-1.png?resize=768%2C384&amp;ssl=1 768w, https:\/\/i0.wp.com\/lsaglobal-translate.co.uk\/wp-content\/uploads\/2025\/03\/Croatian-1.png?resize=1536%2C768&amp;ssl=1 1536w, https:\/\/i0.wp.com\/lsaglobal-translate.co.uk\/wp-content\/uploads\/2025\/03\/Croatian-1.png?resize=2048%2C1024&amp;ssl=1 2048w, https:\/\/i0.wp.com\/lsaglobal-translate.co.uk\/wp-content\/uploads\/2025\/03\/Croatian-1.png?resize=18%2C9&amp;ssl=1 18w\" sizes=\"(max-width: 300px) 100vw, 300px\" title=\"\">\t\t\t\t\t\t\t\t\t\t\t\t\t\t\t<\/div>\n\t\t\t\t\t<\/div>\n\t\t\t\t<\/div>\n\t\t\t\t<\/div>","protected":false},"excerpt":{"rendered":"<p>Expert Croatian Translation Services for Businesses and Individuals Are you seeking high-quality Croatian translation services? Our team of professional translators specializes in delivering accurate, culturally adapted translations tailored to the Croatian-speaking market. We offer a comprehensive range of services, including document translation, website localization, technical translations, and more, ensuring your content resonates with your target [&hellip;]<\/p>\n","protected":false},"author":2,"featured_media":11169,"parent":0,"menu_order":0,"comment_status":"closed","ping_status":"closed","template":"","meta":{"_acf_changed":false,"footnotes":""},"class_list":["post-10836","page","type-page","status-publish","has-post-thumbnail","hentry"],"acf":[],"jetpack_sharing_enabled":true,"jetpack-related-posts":[],"_links":{"self":[{"href":"https:\/\/lsaglobal-translate.co.uk\/fr\/wp-json\/wp\/v2\/pages\/10836","targetHints":{"allow":["GET"]}}],"collection":[{"href":"https:\/\/lsaglobal-translate.co.uk\/fr\/wp-json\/wp\/v2\/pages"}],"about":[{"href":"https:\/\/lsaglobal-translate.co.uk\/fr\/wp-json\/wp\/v2\/types\/page"}],"author":[{"embeddable":true,"href":"https:\/\/lsaglobal-translate.co.uk\/fr\/wp-json\/wp\/v2\/users\/2"}],"replies":[{"embeddable":true,"href":"https:\/\/lsaglobal-translate.co.uk\/fr\/wp-json\/wp\/v2\/comments?post=10836"}],"version-history":[{"count":0,"href":"https:\/\/lsaglobal-translate.co.uk\/fr\/wp-json\/wp\/v2\/pages\/10836\/revisions"}],"wp:featuredmedia":[{"embeddable":true,"href":"https:\/\/lsaglobal-translate.co.uk\/fr\/wp-json\/wp\/v2\/media\/11169"}],"wp:attachment":[{"href":"https:\/\/lsaglobal-translate.co.uk\/fr\/wp-json\/wp\/v2\/media?parent=10836"}],"curies":[{"name":"wp","href":"https:\/\/api.w.org\/{rel}","templated":true}]}}