{"id":11036,"date":"2025-03-17T15:01:38","date_gmt":"2025-03-17T14:01:38","guid":{"rendered":"https:\/\/lsaglobal-translate.co.uk\/?page_id=11036"},"modified":"2025-04-23T13:58:56","modified_gmt":"2025-04-23T12:58:56","slug":"thai-translation-services-certified","status":"publish","type":"page","link":"https:\/\/lsaglobal-translate.co.uk\/fr\/thai-translation-services-certified\/","title":{"rendered":"Services de traduction professionnels en tha\u00ef \u2013 pr\u00e9cis et certifi\u00e9s"},"content":{"rendered":"<div data-elementor-type=\"wp-page\" data-elementor-id=\"11036\" class=\"elementor elementor-11036\" data-elementor-post-type=\"page\">\n\t\t\t\t<div class=\"elementor-element elementor-element-701de54b e-flex e-con-boxed e-con e-parent\" data-id=\"701de54b\" data-element_type=\"container\" data-e-type=\"container\">\n\t\t\t\t\t<div class=\"e-con-inner\">\n\t\t\t\t<div class=\"elementor-element elementor-element-44e45d7a elementor-widget elementor-widget-text-editor\" data-id=\"44e45d7a\" data-element_type=\"widget\" data-e-type=\"widget\" data-widget_type=\"text-editor.default\">\n\t\t\t\t\t\t\t\t\t\n<h2 class=\"wp-block-heading\"><\/h2>\n\t\t\t\t\t\t\t\t<\/div>\n\t\t\t\t\t<\/div>\n\t\t\t\t<\/div>\n\t\t<div class=\"elementor-element elementor-element-5417a36 e-flex e-con-boxed e-con e-parent\" data-id=\"5417a36\" data-element_type=\"container\" data-e-type=\"container\">\n\t\t\t\t\t<div class=\"e-con-inner\">\n\t\t\t\t<div class=\"elementor-element elementor-element-2a713a3 elementor-widget elementor-widget-image\" data-id=\"2a713a3\" data-element_type=\"widget\" data-e-type=\"widget\" data-widget_type=\"image.default\">\n\t\t\t\t\t\t\t\t\t\t\t\t\t\t\t<img fetchpriority=\"high\" decoding=\"async\" data-attachment-id=\"11310\" data-permalink=\"https:\/\/lsaglobal-translate.co.uk\/thai-translation-services-certified\/thai-2\/\" data-orig-file=\"https:\/\/i0.wp.com\/lsaglobal-translate.co.uk\/wp-content\/uploads\/2025\/03\/Thai-1.png?fit=2560%2C1707&amp;ssl=1\" data-orig-size=\"2560,1707\" data-comments-opened=\"1\" data-image-meta=\"{&quot;aperture&quot;:&quot;0&quot;,&quot;credit&quot;:&quot;&quot;,&quot;camera&quot;:&quot;&quot;,&quot;caption&quot;:&quot;&quot;,&quot;created_timestamp&quot;:&quot;0&quot;,&quot;copyright&quot;:&quot;&quot;,&quot;focal_length&quot;:&quot;0&quot;,&quot;iso&quot;:&quot;0&quot;,&quot;shutter_speed&quot;:&quot;0&quot;,&quot;title&quot;:&quot;&quot;,&quot;orientation&quot;:&quot;0&quot;}\" data-image-title=\"Thai Translations\" data-image-description=\"&lt;p&gt;Thai Translations&lt;\/p&gt;\" data-image-caption=\"\" data-medium-file=\"https:\/\/i0.wp.com\/lsaglobal-translate.co.uk\/wp-content\/uploads\/2025\/03\/Thai-1.png?fit=300%2C200&amp;ssl=1\" data-large-file=\"https:\/\/i0.wp.com\/lsaglobal-translate.co.uk\/wp-content\/uploads\/2025\/03\/Thai-1.png?fit=525%2C350&amp;ssl=1\" width=\"300\" height=\"200\" src=\"https:\/\/i0.wp.com\/lsaglobal-translate.co.uk\/wp-content\/uploads\/2025\/03\/Thai-1.png?fit=300%2C200&amp;ssl=1\" class=\"attachment-medium size-medium wp-image-11310\" alt=\"Thai Translations\" srcset=\"https:\/\/i0.wp.com\/lsaglobal-translate.co.uk\/wp-content\/uploads\/2025\/03\/Thai-1.png?w=2560&amp;ssl=1 2560w, https:\/\/i0.wp.com\/lsaglobal-translate.co.uk\/wp-content\/uploads\/2025\/03\/Thai-1.png?resize=300%2C200&amp;ssl=1 300w, https:\/\/i0.wp.com\/lsaglobal-translate.co.uk\/wp-content\/uploads\/2025\/03\/Thai-1.png?resize=1024%2C683&amp;ssl=1 1024w, https:\/\/i0.wp.com\/lsaglobal-translate.co.uk\/wp-content\/uploads\/2025\/03\/Thai-1.png?resize=768%2C512&amp;ssl=1 768w, https:\/\/i0.wp.com\/lsaglobal-translate.co.uk\/wp-content\/uploads\/2025\/03\/Thai-1.png?resize=1536%2C1024&amp;ssl=1 1536w, https:\/\/i0.wp.com\/lsaglobal-translate.co.uk\/wp-content\/uploads\/2025\/03\/Thai-1.png?resize=2048%2C1366&amp;ssl=1 2048w, https:\/\/i0.wp.com\/lsaglobal-translate.co.uk\/wp-content\/uploads\/2025\/03\/Thai-1.png?resize=18%2C12&amp;ssl=1 18w\" sizes=\"(max-width: 300px) 100vw, 300px\" title=\"\">\t\t\t\t\t\t\t\t\t\t\t\t\t\t\t<\/div>\n\t\t\t\t<div class=\"elementor-element elementor-element-2df2745 elementor-widget elementor-widget-heading\" data-id=\"2df2745\" data-element_type=\"widget\" data-e-type=\"widget\" data-widget_type=\"heading.default\">\n\t\t\t\t\t<h3 class=\"elementor-heading-title elementor-size-default\">Expert Thai Translation Services for Businesses &amp; Individuas<\/h3>\t\t\t\t<\/div>\n\t\t\t\t<div class=\"elementor-element elementor-element-14acf2d elementor-widget elementor-widget-text-editor\" data-id=\"14acf2d\" data-element_type=\"widget\" data-e-type=\"widget\" data-widget_type=\"text-editor.default\">\n\t\t\t\t\t\t\t\t\t<p>Vous recherchez une qualit\u00e9 sup\u00e9rieure\u00a0<strong>Thai translation services<\/strong>? Our team of professional translators specializes in delivering accurate, culturally adapted translations tailored to Thai-speaking markets. We offer a comprehensive range of services, including\u00a0<strong>traduction de documents<\/strong>,\u00a0<strong>localisation de sites Web<\/strong>,\u00a0<strong>traductions techniques<\/strong>, et plus encore, en veillant \u00e0 ce que votre contenu trouve un \u00e9cho aupr\u00e8s de votre public cible.<\/p>\t\t\t\t\t\t\t\t<\/div>\n\t\t\t\t<div class=\"elementor-element elementor-element-9ac5674 elementor-widget elementor-widget-heading\" data-id=\"9ac5674\" data-element_type=\"widget\" data-e-type=\"widget\" data-widget_type=\"heading.default\">\n\t\t\t\t\t<h3 class=\"elementor-heading-title elementor-size-default\">Why Choose Our Thai Translation Services?<\/h3>\t\t\t\t<\/div>\n\t\t\t\t<div class=\"elementor-element elementor-element-3a134b4 elementor-widget elementor-widget-text-editor\" data-id=\"3a134b4\" data-element_type=\"widget\" data-e-type=\"widget\" data-widget_type=\"text-editor.default\">\n\t\t\t\t\t\t\t\t\t<ul>\n<li>\n<p><strong>Native Thai Translators<\/strong>: Our translators are native Thai speakers with years of full-time experience, ensuring precise and contextually appropriate translations.\u00a0<\/p>\n<\/li>\n<li>\n<p><strong>Traductions certifi\u00e9es<\/strong>: We provide certified translations accepted by government agencies and legal institutions, ensuring compliance and authenticity.\u00a0<\/p>\n<\/li>\n<li>\n<p><strong>Contenu optimis\u00e9 pour le r\u00e9f\u00e9rencement<\/strong>: Our translations incorporate SEO best practices, helping your website rank higher on search engines like Google and Bing.\u00a0<\/p>\n<\/li>\n<li>\n<p><strong>D\u00e9lai d&#039;ex\u00e9cution rapide et prix comp\u00e9titifs<\/strong>: We deliver high-quality translations promptly and at competitive rates, meeting your deadlines and budget requirements.\u00a0<\/p>\n<\/li>\n<li>\n<p><strong>Expertise sectorielle<\/strong>: Our translators possess specialized knowledge across various industries, including legal, medical, technical, and business sectors.\u00a0<\/p>\n<\/li>\n<\/ul>\t\t\t\t\t\t\t\t<\/div>\n\t\t\t\t<div class=\"elementor-element elementor-element-f80b89c elementor-widget elementor-widget-heading\" data-id=\"f80b89c\" data-element_type=\"widget\" data-e-type=\"widget\" data-widget_type=\"heading.default\">\n\t\t\t\t\t<h2 class=\"elementor-heading-title elementor-size-default\">Our Thai Translation Services<\/h2>\t\t\t\t<\/div>\n\t\t\t\t<div class=\"elementor-element elementor-element-788039e elementor-widget elementor-widget-heading\" data-id=\"788039e\" data-element_type=\"widget\" data-e-type=\"widget\" data-widget_type=\"heading.default\">\n\t\t\t\t\t<h5 class=\"elementor-heading-title elementor-size-default\">1. Traduction certifi\u00e9e de documents<\/h5>\t\t\t\t<\/div>\n\t\t\t\t\t<\/div>\n\t\t\t\t<\/div>\n\t\t<div class=\"elementor-element elementor-element-a4557a0 e-flex e-con-boxed e-con e-parent\" data-id=\"a4557a0\" data-element_type=\"container\" data-e-type=\"container\">\n\t\t\t\t\t<div class=\"e-con-inner\">\n\t\t\t\t<div class=\"elementor-element elementor-element-fdfae20 elementor-widget elementor-widget-text-editor\" data-id=\"fdfae20\" data-element_type=\"widget\" data-e-type=\"widget\" data-widget_type=\"text-editor.default\">\n\t\t\t\t\t\t\t\t\t<p>Nous proposons des traductions certifi\u00e9es pour une vari\u00e9t\u00e9 de documents, garantissant l&#039;exactitude et l&#039;acceptation par les entit\u00e9s officielles :<\/p>\n<ul>\n<li>\n<p><strong>Documents juridiques<\/strong>: Contracts, agreements, court documents.<\/p>\n<\/li>\n<li>\n<p><strong>Documents personnels<\/strong>: Birth certificates, marriage certificates, academic transcripts.<\/p>\n<\/li>\n<li>\n<p><strong>Documents commerciaux<\/strong>: Licenses, financial statements, corporate reports.<\/p>\n<\/li>\n<\/ul>\t\t\t\t\t\t\t\t<\/div>\n\t\t\t\t<div class=\"elementor-element elementor-element-8a5895a elementor-widget elementor-widget-heading\" data-id=\"8a5895a\" data-element_type=\"widget\" data-e-type=\"widget\" data-widget_type=\"heading.default\">\n\t\t\t\t\t<h5 class=\"elementor-heading-title elementor-size-default\">2. Localisation de sites Web et d&#039;applications<\/h5>\t\t\t\t<\/div>\n\t\t\t\t<div class=\"elementor-element elementor-element-a9d271b elementor-widget elementor-widget-text-editor\" data-id=\"a9d271b\" data-element_type=\"widget\" data-e-type=\"widget\" data-widget_type=\"text-editor.default\">\n\t\t\t\t\t\t\t\t\t<p>Expand your digital presence in Thai-speaking markets with our localization services:<\/p>\n<ul>\n<li>\n<p><strong>Localisation de sites Web<\/strong>: Adapting your website content to suit cultural nuances and preferences.<\/p>\n<\/li>\n<li>\n<p><strong>Localisation d&#039;applications<\/strong>: Ensuring your mobile applications are user-friendly for Thai-speaking users.<\/p>\n<\/li>\n<li>\n<p><strong>Optimisation SEO<\/strong>: Implementing localized keywords and meta tags to improve search engine rankings.\u00a0<\/p>\n<\/li>\n<\/ul>\t\t\t\t\t\t\t\t<\/div>\n\t\t\t\t<div class=\"elementor-element elementor-element-11dd5a6 elementor-widget elementor-widget-heading\" data-id=\"11dd5a6\" data-element_type=\"widget\" data-e-type=\"widget\" data-widget_type=\"heading.default\">\n\t\t\t\t\t<h5 class=\"elementor-heading-title elementor-size-default\">3. Traductions techniques et m\u00e9dicales<\/h5>\t\t\t\t<\/div>\n\t\t\t\t<div class=\"elementor-element elementor-element-ba66780 elementor-widget elementor-widget-text-editor\" data-id=\"ba66780\" data-element_type=\"widget\" data-e-type=\"widget\" data-widget_type=\"text-editor.default\">\n\t\t\t\t\t\t\t\t\t<p>Nos experts traitent avec pr\u00e9cision des documents techniques et m\u00e9dicaux complexes :<\/p>\n<ul>\n<li>\n<p><strong>Manuels techniques<\/strong>: User guides, product manuals, technical specifications.<\/p>\n<\/li>\n<li>\n<p><strong>Documents m\u00e9dicaux<\/strong>: Clinical reports, pharmaceutical information, medical research papers.<\/p>\n<\/li>\n<\/ul>\t\t\t\t\t\t\t\t<\/div>\n\t\t\t\t<div class=\"elementor-element elementor-element-ae447c0 elementor-widget elementor-widget-heading\" data-id=\"ae447c0\" data-element_type=\"widget\" data-e-type=\"widget\" data-widget_type=\"heading.default\">\n\t\t\t\t\t<h5 class=\"elementor-heading-title elementor-size-default\">4. Traductions commerciales et marketing<\/h5>\t\t\t\t<\/div>\n\t\t\t\t<div class=\"elementor-element elementor-element-5af9089 elementor-widget elementor-widget-text-editor\" data-id=\"5af9089\" data-element_type=\"widget\" data-e-type=\"widget\" data-widget_type=\"text-editor.default\">\n\t\t\t\t\t\t\t\t\t<p>Effectively communicate your brand message to Thai-speaking audiences:<\/p>\n<ul>\n<li>\n<p><strong>Mat\u00e9riel de marketing<\/strong>: Brochures, advertisements, press releases.<\/p>\n<\/li>\n<li>\n<p><strong>Communications d&#039;entreprise<\/strong>: Presentations, emails, corporate communications.<\/p>\n<\/li>\n<\/ul>\t\t\t\t\t\t\t\t<\/div>\n\t\t\t\t<div class=\"elementor-element elementor-element-442e956 elementor-widget elementor-widget-heading\" data-id=\"442e956\" data-element_type=\"widget\" data-e-type=\"widget\" data-widget_type=\"heading.default\">\n\t\t\t\t\t<h3 class=\"elementor-heading-title elementor-size-default\">Industries que nous servons<\/h3>\t\t\t\t<\/div>\n\t\t\t\t<div class=\"elementor-element elementor-element-f468401 elementor-widget elementor-widget-text-editor\" data-id=\"f468401\" data-element_type=\"widget\" data-e-type=\"widget\" data-widget_type=\"text-editor.default\">\n\t\t\t\t\t\t\t\t\t<p>Nous intervenons aupr\u00e8s d&#039;un large \u00e9ventail d&#039;industries, notamment :<\/p>\n<ul>\n<li>\n<p><strong>Juridique et gouvernemental<\/strong>: Providing translations for legal proceedings and governmental communications.<\/p>\n<\/li>\n<li>\n<p><strong>Sant\u00e9 et produits pharmaceutiques<\/strong>: Translating medical records, research papers, and pharmaceutical documents.<\/p>\n<\/li>\n<li>\n<p><strong>Technologie et informatique<\/strong>: Localizing software, user manuals, and technical documentation.<\/p>\n<\/li>\n<li>\n<p><strong>Finance et banque<\/strong>: Translating financial reports, investment documents, and banking materials.<\/p>\n<\/li>\n<li>\n<p><strong>Commerce \u00e9lectronique et vente au d\u00e9tail<\/strong>: Localizing product descriptions, customer reviews, and marketing content.<\/p>\n<\/li>\n<\/ul>\t\t\t\t\t\t\t\t<\/div>\n\t\t\t\t<div class=\"elementor-element elementor-element-4866ac8 elementor-widget elementor-widget-heading\" data-id=\"4866ac8\" data-element_type=\"widget\" data-e-type=\"widget\" data-widget_type=\"heading.default\">\n\t\t\t\t\t<h3 class=\"elementor-heading-title elementor-size-default\">Why Professional Thai Translation Matters<\/h3>\t\t\t\t<\/div>\n\t\t\t\t<div class=\"elementor-element elementor-element-4a3abca elementor-widget elementor-widget-text-editor\" data-id=\"4a3abca\" data-element_type=\"widget\" data-e-type=\"widget\" data-widget_type=\"text-editor.default\">\n\t\t\t\t\t\t\t\t\t<p>Thai is spoken by millions of people worldwide, making it essential for businesses and organizations aiming to connect with Thai-speaking audiences. Professional translation ensures:<\/p>\n<ul>\n<li>\n<p><strong>Pertinence culturelle<\/strong>: Accurate translations that resonate with the local culture and customs.<\/p>\n<\/li>\n<li>\n<p><strong>Conformit\u00e9 juridique<\/strong>: Ensuring documents meet regional legal standards and requirements.<\/p>\n<\/li>\n<li>\n<p><strong>Cr\u00e9dibilit\u00e9 de la marque<\/strong>: Presenting your business professionally to Thai-speaking audiences.<\/p>\n<\/li>\n<\/ul>\t\t\t\t\t\t\t\t<\/div>\n\t\t\t\t<div class=\"elementor-element elementor-element-6841b8c elementor-widget elementor-widget-heading\" data-id=\"6841b8c\" data-element_type=\"widget\" data-e-type=\"widget\" data-widget_type=\"heading.default\">\n\t\t\t\t\t<h3 class=\"elementor-heading-title elementor-size-default\">SEO-Optimized Thai Translation <\/h3>\t\t\t\t<\/div>\n\t\t\t\t<div class=\"elementor-element elementor-element-4b108ad elementor-widget elementor-widget-text-editor\" data-id=\"4b108ad\" data-element_type=\"widget\" data-e-type=\"widget\" data-widget_type=\"text-editor.default\">\n\t\t\t\t\t\t\t\t\t<p>Nos traductions sont con\u00e7ues avec les meilleures pratiques SEO pour am\u00e9liorer votre visibilit\u00e9 en ligne :<\/p>\n<ul>\n<li>\n<p><strong>Mots-cl\u00e9s localis\u00e9s<\/strong>: Incorporating region-specific search terms to improve rankings.\u00a0<\/p>\n<\/li>\n<li>\n<p><strong>Optimisation des balises m\u00e9ta<\/strong>: Translating and optimizing meta descriptions and titles for better click-through rates.\u00a0<\/p>\n<\/li>\n<li>\n<p><strong>URL conviviales<\/strong>: Creating URLs that are readable and relevant in Thai.\u00a0<\/p>\n<\/li>\n<\/ul>\t\t\t\t\t\t\t\t<\/div>\n\t\t\t\t<div class=\"elementor-element elementor-element-1f2d527 elementor-widget elementor-widget-heading\" data-id=\"1f2d527\" data-element_type=\"widget\" data-e-type=\"widget\" data-widget_type=\"heading.default\">\n\t\t\t\t\t<h3 class=\"elementor-heading-title elementor-size-default\">Get a Free Quote for Thai Translation Services<\/h3>\t\t\t\t<\/div>\n\t\t\t\t<div class=\"elementor-element elementor-element-6ff05a7 elementor-widget elementor-widget-text-editor\" data-id=\"6ff05a7\" data-element_type=\"widget\" data-e-type=\"widget\" data-widget_type=\"text-editor.default\">\n\t\t\t\t\t\t\t\t\t<p>Need professional Thai translation services? Contact us today for a free quote. We ensure fast, precise, and confidential translations for all your needs.<\/p>\n<h3><strong>\ud83d\udcde <a href=\"https:\/\/lsaglobal-translate.co.uk\/fr\/get-your-free-quote-lsa-global\/\">Contactez-nous aujourd&#039;hui!<\/a><\/strong><\/h3>\n<p>\ud83d\udccd\u00a0<a href=\"https:\/\/lsaglobal-translate.co.uk\/fr\/our-languages-lsa-global-translate\/\"><strong>Service mondial \u2013 Disponible dans le monde entier<\/strong><\/a><\/p>\n<p>\u00a0<\/p>\n<hr \/>\n<p><strong>Expand your reach with expert Thai translation!<\/strong>\u00a0\ue203Reach out now to discuss your proect.\ue204\ue206<\/p>\t\t\t\t\t\t\t\t<\/div>\n\t\t\t\t<div class=\"elementor-element elementor-element-267fbca elementor-widget elementor-widget-heading\" data-id=\"267fbca\" data-element_type=\"widget\" data-e-type=\"widget\" data-widget_type=\"heading.default\">\n\t\t\t\t\t<h3 class=\"elementor-heading-title elementor-size-default\">Aller au-del\u00e0<\/h3>\t\t\t\t<\/div>\n\t\t\t\t<div class=\"elementor-element elementor-element-3c81fe2 elementor-widget elementor-widget-text-editor\" data-id=\"3c81fe2\" data-element_type=\"widget\" data-e-type=\"widget\" data-widget_type=\"text-editor.default\">\n\t\t\t\t\t\t\t\t\t<h4><a href=\"https:\/\/lsaglobal-translate.co.uk\/fr\/professional-transcription-services\/\">Services de transcription professionnels<\/a><\/h4>\t\t\t\t\t\t\t\t<\/div>\n\t\t\t\t<div class=\"elementor-element elementor-element-3bb1c92 elementor-widget elementor-widget-text-editor\" data-id=\"3bb1c92\" data-element_type=\"widget\" data-e-type=\"widget\" data-widget_type=\"text-editor.default\">\n\t\t\t\t\t\t\t\t\t<h4><a href=\"https:\/\/lsaglobal-translate.co.uk\/fr\/terms-and-conditions\/\">Conditions g\u00e9n\u00e9rales d'utilisation<\/a><\/h4>\t\t\t\t\t\t\t\t<\/div>\n\t\t\t\t<div class=\"elementor-element elementor-element-62afb0c elementor-widget elementor-widget-text-editor\" data-id=\"62afb0c\" data-element_type=\"widget\" data-e-type=\"widget\" data-widget_type=\"text-editor.default\">\n\t\t\t\t\t\t\t\t\t<h4><span style=\"color: #000000;\"><a style=\"color: #000000;\" href=\"https:\/\/lsa-global.com\/\" target=\"_blank\" rel=\"noopener\">Traduction Pro.<\/a><\/span><\/h4>\t\t\t\t\t\t\t\t<\/div>\n\t\t\t\t\t<\/div>\n\t\t\t\t<\/div>\n\t\t<div class=\"elementor-element elementor-element-ad87c35 e-flex e-con-boxed e-con e-parent\" data-id=\"ad87c35\" data-element_type=\"container\" data-e-type=\"container\">\n\t\t\t\t\t<div class=\"e-con-inner\">\n\t\t\t\t<div class=\"elementor-element elementor-element-b6ed45c elementor-widget elementor-widget-image\" data-id=\"b6ed45c\" data-element_type=\"widget\" data-e-type=\"widget\" data-widget_type=\"image.default\">\n\t\t\t\t\t\t\t\t\t\t\t\t\t\t\t<img decoding=\"async\" data-attachment-id=\"10677\" data-permalink=\"https:\/\/lsaglobal-translate.co.uk\/thai\/\" data-orig-file=\"https:\/\/i0.wp.com\/lsaglobal-translate.co.uk\/wp-content\/uploads\/2025\/03\/Thai.png?fit=2560%2C1707&amp;ssl=1\" data-orig-size=\"2560,1707\" data-comments-opened=\"1\" data-image-meta=\"{&quot;aperture&quot;:&quot;0&quot;,&quot;credit&quot;:&quot;&quot;,&quot;camera&quot;:&quot;&quot;,&quot;caption&quot;:&quot;&quot;,&quot;created_timestamp&quot;:&quot;0&quot;,&quot;copyright&quot;:&quot;&quot;,&quot;focal_length&quot;:&quot;0&quot;,&quot;iso&quot;:&quot;0&quot;,&quot;shutter_speed&quot;:&quot;0&quot;,&quot;title&quot;:&quot;&quot;,&quot;orientation&quot;:&quot;0&quot;}\" data-image-title=\"Thai translations\" data-image-description=\"\" data-image-caption=\"\" data-medium-file=\"https:\/\/i0.wp.com\/lsaglobal-translate.co.uk\/wp-content\/uploads\/2025\/03\/Thai.png?fit=300%2C200&amp;ssl=1\" data-large-file=\"https:\/\/i0.wp.com\/lsaglobal-translate.co.uk\/wp-content\/uploads\/2025\/03\/Thai.png?fit=525%2C350&amp;ssl=1\" width=\"300\" height=\"200\" src=\"https:\/\/i0.wp.com\/lsaglobal-translate.co.uk\/wp-content\/uploads\/2025\/03\/Thai.png?fit=300%2C200&amp;ssl=1\" class=\"attachment-medium size-medium wp-image-10677\" alt=\"\" srcset=\"https:\/\/i0.wp.com\/lsaglobal-translate.co.uk\/wp-content\/uploads\/2025\/03\/Thai.png?w=2560&amp;ssl=1 2560w, https:\/\/i0.wp.com\/lsaglobal-translate.co.uk\/wp-content\/uploads\/2025\/03\/Thai.png?resize=300%2C200&amp;ssl=1 300w, https:\/\/i0.wp.com\/lsaglobal-translate.co.uk\/wp-content\/uploads\/2025\/03\/Thai.png?resize=1024%2C683&amp;ssl=1 1024w, https:\/\/i0.wp.com\/lsaglobal-translate.co.uk\/wp-content\/uploads\/2025\/03\/Thai.png?resize=768%2C512&amp;ssl=1 768w, https:\/\/i0.wp.com\/lsaglobal-translate.co.uk\/wp-content\/uploads\/2025\/03\/Thai.png?resize=1536%2C1024&amp;ssl=1 1536w, https:\/\/i0.wp.com\/lsaglobal-translate.co.uk\/wp-content\/uploads\/2025\/03\/Thai.png?resize=2048%2C1366&amp;ssl=1 2048w, https:\/\/i0.wp.com\/lsaglobal-translate.co.uk\/wp-content\/uploads\/2025\/03\/Thai.png?resize=18%2C12&amp;ssl=1 18w\" sizes=\"(max-width: 300px) 100vw, 300px\" title=\"\">\t\t\t\t\t\t\t\t\t\t\t\t\t\t\t<\/div>\n\t\t\t\t\t<\/div>\n\t\t\t\t<\/div>\n\t\t\t\t<\/div>","protected":false},"excerpt":{"rendered":"<p>Expert Thai Translation Services for Businesses &amp; Individuas Are you seeking high-quality\u00a0Thai translation services? Our team of professional translators specializes in delivering accurate, culturally adapted translations tailored to Thai-speaking markets. We offer a comprehensive range of services, including\u00a0document translation,\u00a0website localization,\u00a0technical translations, and more, ensuring your content resonates with your target audience. Why Choose Our Thai [&hellip;]<\/p>\n","protected":false},"author":2,"featured_media":10677,"parent":0,"menu_order":0,"comment_status":"closed","ping_status":"closed","template":"","meta":{"_acf_changed":false,"footnotes":""},"class_list":["post-11036","page","type-page","status-publish","has-post-thumbnail","hentry"],"acf":[],"jetpack_sharing_enabled":true,"jetpack-related-posts":[],"_links":{"self":[{"href":"https:\/\/lsaglobal-translate.co.uk\/fr\/wp-json\/wp\/v2\/pages\/11036","targetHints":{"allow":["GET"]}}],"collection":[{"href":"https:\/\/lsaglobal-translate.co.uk\/fr\/wp-json\/wp\/v2\/pages"}],"about":[{"href":"https:\/\/lsaglobal-translate.co.uk\/fr\/wp-json\/wp\/v2\/types\/page"}],"author":[{"embeddable":true,"href":"https:\/\/lsaglobal-translate.co.uk\/fr\/wp-json\/wp\/v2\/users\/2"}],"replies":[{"embeddable":true,"href":"https:\/\/lsaglobal-translate.co.uk\/fr\/wp-json\/wp\/v2\/comments?post=11036"}],"version-history":[{"count":0,"href":"https:\/\/lsaglobal-translate.co.uk\/fr\/wp-json\/wp\/v2\/pages\/11036\/revisions"}],"wp:featuredmedia":[{"embeddable":true,"href":"https:\/\/lsaglobal-translate.co.uk\/fr\/wp-json\/wp\/v2\/media\/10677"}],"wp:attachment":[{"href":"https:\/\/lsaglobal-translate.co.uk\/fr\/wp-json\/wp\/v2\/media?parent=11036"}],"curies":[{"name":"wp","href":"https:\/\/api.w.org\/{rel}","templated":true}]}}