{"id":11514,"date":"2025-03-24T15:49:49","date_gmt":"2025-03-24T14:49:49","guid":{"rendered":"https:\/\/lsaglobal-translate.co.uk\/?page_id=11514"},"modified":"2025-04-23T14:20:25","modified_gmt":"2025-04-23T13:20:25","slug":"vietnamese-translation-services-accurate","status":"publish","type":"page","link":"https:\/\/lsaglobal-translate.co.uk\/fr\/vietnamese-translation-services-accurate\/","title":{"rendered":"Services de traduction professionnelle en vietnamien \u2013 Pr\u00e9cis et certifi\u00e9s"},"content":{"rendered":"<div data-elementor-type=\"wp-page\" data-elementor-id=\"11514\" class=\"elementor elementor-11514\" data-elementor-post-type=\"page\">\n\t\t\t\t<div class=\"elementor-element elementor-element-667bb2f6 e-flex e-con-boxed e-con e-parent\" data-id=\"667bb2f6\" data-element_type=\"container\" data-e-type=\"container\">\n\t\t\t\t\t<div class=\"e-con-inner\">\n\t\t\t\t<div class=\"elementor-element elementor-element-3f6052d4 elementor-widget elementor-widget-text-editor\" data-id=\"3f6052d4\" data-element_type=\"widget\" data-e-type=\"widget\" data-widget_type=\"text-editor.default\">\n\t\t\t\t\t\t\t\t\t\n<h2 class=\"wp-block-heading\"><\/h2>\n\t\t\t\t\t\t\t\t<\/div>\n\t\t\t\t\t<\/div>\n\t\t\t\t<\/div>\n\t\t<div class=\"elementor-element elementor-element-4109bb3 e-flex e-con-boxed e-con e-parent\" data-id=\"4109bb3\" data-element_type=\"container\" data-e-type=\"container\">\n\t\t\t\t\t<div class=\"e-con-inner\">\n\t\t\t\t<div class=\"elementor-element elementor-element-e15159c elementor-widget elementor-widget-image\" data-id=\"e15159c\" data-element_type=\"widget\" data-e-type=\"widget\" data-widget_type=\"image.default\">\n\t\t\t\t\t\t\t\t\t\t\t\t\t\t\t<img fetchpriority=\"high\" decoding=\"async\" data-attachment-id=\"11515\" data-permalink=\"https:\/\/lsaglobal-translate.co.uk\/zh\/vietnamese-translation-services-accurate\/vietnamese-3\/\" data-orig-file=\"https:\/\/i0.wp.com\/lsaglobal-translate.co.uk\/wp-content\/uploads\/2025\/03\/Vietnamese-2.png?fit=2560%2C1707&amp;ssl=1\" data-orig-size=\"2560,1707\" data-comments-opened=\"1\" data-image-meta=\"{&quot;aperture&quot;:&quot;0&quot;,&quot;credit&quot;:&quot;&quot;,&quot;camera&quot;:&quot;&quot;,&quot;caption&quot;:&quot;&quot;,&quot;created_timestamp&quot;:&quot;0&quot;,&quot;copyright&quot;:&quot;&quot;,&quot;focal_length&quot;:&quot;0&quot;,&quot;iso&quot;:&quot;0&quot;,&quot;shutter_speed&quot;:&quot;0&quot;,&quot;title&quot;:&quot;&quot;,&quot;orientation&quot;:&quot;0&quot;}\" data-image-title=\"Vietnamese Translations\" data-image-description=\"&lt;p&gt;Vietnamese Translations&lt;\/p&gt;\" data-image-caption=\"\" data-medium-file=\"https:\/\/i0.wp.com\/lsaglobal-translate.co.uk\/wp-content\/uploads\/2025\/03\/Vietnamese-2.png?fit=300%2C200&amp;ssl=1\" data-large-file=\"https:\/\/i0.wp.com\/lsaglobal-translate.co.uk\/wp-content\/uploads\/2025\/03\/Vietnamese-2.png?fit=525%2C350&amp;ssl=1\" width=\"300\" height=\"200\" src=\"https:\/\/i0.wp.com\/lsaglobal-translate.co.uk\/wp-content\/uploads\/2025\/03\/Vietnamese-2.png?fit=300%2C200&amp;ssl=1\" class=\"attachment-medium size-medium wp-image-11515\" alt=\"Vietnamese Translations\" srcset=\"https:\/\/i0.wp.com\/lsaglobal-translate.co.uk\/wp-content\/uploads\/2025\/03\/Vietnamese-2.png?w=2560&amp;ssl=1 2560w, https:\/\/i0.wp.com\/lsaglobal-translate.co.uk\/wp-content\/uploads\/2025\/03\/Vietnamese-2.png?resize=300%2C200&amp;ssl=1 300w, https:\/\/i0.wp.com\/lsaglobal-translate.co.uk\/wp-content\/uploads\/2025\/03\/Vietnamese-2.png?resize=1024%2C683&amp;ssl=1 1024w, https:\/\/i0.wp.com\/lsaglobal-translate.co.uk\/wp-content\/uploads\/2025\/03\/Vietnamese-2.png?resize=768%2C512&amp;ssl=1 768w, https:\/\/i0.wp.com\/lsaglobal-translate.co.uk\/wp-content\/uploads\/2025\/03\/Vietnamese-2.png?resize=1536%2C1024&amp;ssl=1 1536w, https:\/\/i0.wp.com\/lsaglobal-translate.co.uk\/wp-content\/uploads\/2025\/03\/Vietnamese-2.png?resize=2048%2C1366&amp;ssl=1 2048w, https:\/\/i0.wp.com\/lsaglobal-translate.co.uk\/wp-content\/uploads\/2025\/03\/Vietnamese-2.png?resize=18%2C12&amp;ssl=1 18w\" sizes=\"(max-width: 300px) 100vw, 300px\" title=\"\">\t\t\t\t\t\t\t\t\t\t\t\t\t\t\t<\/div>\n\t\t\t\t\t<\/div>\n\t\t\t\t<\/div>\n\t\t<div class=\"elementor-element elementor-element-d9a3514 e-flex e-con-boxed e-con e-parent\" data-id=\"d9a3514\" data-element_type=\"container\" data-e-type=\"container\">\n\t\t\t\t\t<div class=\"e-con-inner\">\n\t\t\t\t<div class=\"elementor-element elementor-element-df4e48a elementor-widget elementor-widget-heading\" data-id=\"df4e48a\" data-element_type=\"widget\" data-e-type=\"widget\" data-widget_type=\"heading.default\">\n\t\t\t\t\t<h3 class=\"elementor-heading-title elementor-size-default\">Expert Vietnamese Translation Services for Businesses &amp; Individuals<\/h3>\t\t\t\t<\/div>\n\t\t\t\t<div class=\"elementor-element elementor-element-59aa78b elementor-widget elementor-widget-text-editor\" data-id=\"59aa78b\" data-element_type=\"widget\" data-e-type=\"widget\" data-widget_type=\"text-editor.default\">\n\t\t\t\t\t\t\t\t\t<p>Vous recherchez une qualit\u00e9 sup\u00e9rieure\u00a0<strong>Vietnamese translation services<\/strong>? Our team of professional translators specializes in delivering accurate, culturally adapted translations tailored to Vietnamese-speaking audiences. We offer a comprehensive range of services, including\u00a0<strong>traduction de documents<\/strong>,\u00a0<strong>localisation de sites Web<\/strong>,\u00a0<strong>traductions techniques<\/strong>, and more, ensuring your content resonates with your target market.\ue206<\/p>\t\t\t\t\t\t\t\t<\/div>\n\t\t\t\t<div class=\"elementor-element elementor-element-1ed4013 elementor-widget elementor-widget-heading\" data-id=\"1ed4013\" data-element_type=\"widget\" data-e-type=\"widget\" data-widget_type=\"heading.default\">\n\t\t\t\t\t<h3 class=\"elementor-heading-title elementor-size-default\">Why Choose Our Vietnamese Translation Services?<\/h3>\t\t\t\t<\/div>\n\t\t\t\t<div class=\"elementor-element elementor-element-abb187d elementor-widget elementor-widget-text-editor\" data-id=\"abb187d\" data-element_type=\"widget\" data-e-type=\"widget\" data-widget_type=\"text-editor.default\">\n\t\t\t\t\t\t\t\t\t<ul>\n<li>\n<p><strong>Native Vietnamese Translators<\/strong>: Our translators are native Vietnamese speakers with years of full-time experience, ensuring precise and contextually appropriate translations. \ue200cite\ue202turn0search0\ue201\ue206<\/p>\n<\/li>\n<li>\n<p><strong>Traductions certifi\u00e9es<\/strong>: We provide certified translations accepted by government agencies and legal institutions, ensuring compliance and authenticity. \ue200cite\ue202turn0search0\ue201\ue206<\/p>\n<\/li>\n<li>\n<p><strong>Contenu optimis\u00e9 pour le r\u00e9f\u00e9rencement<\/strong>: Our translations incorporate SEO best practices, helping your website rank higher on search engines like Google and Bing. \ue200cite\ue202turn0search3\ue201\ue206<\/p>\n<\/li>\n<li>\n<p><strong>D\u00e9lai d&#039;ex\u00e9cution rapide et prix comp\u00e9titifs<\/strong>: We deliver high-quality translations promptly and at competitive rates, meeting your deadlines and budget requirements. \ue200cite\ue202turn0search0\ue201\ue206<\/p>\n<\/li>\n<li>\n<p><strong>Expertise sectorielle<\/strong>: Our translators possess specialized knowledge across various industries, including legal, medical, technical, and business sectors. \ue200cite\ue202turn0search6\ue201\ue206<\/p>\n<\/li>\n<\/ul>\t\t\t\t\t\t\t\t<\/div>\n\t\t\t\t<div class=\"elementor-element elementor-element-19d09f5 elementor-widget elementor-widget-heading\" data-id=\"19d09f5\" data-element_type=\"widget\" data-e-type=\"widget\" data-widget_type=\"heading.default\">\n\t\t\t\t\t<h3 class=\"elementor-heading-title elementor-size-default\">Our Vietnamese Translation Services<\/h3>\t\t\t\t<\/div>\n\t\t\t\t<div class=\"elementor-element elementor-element-3b60211 elementor-widget elementor-widget-heading\" data-id=\"3b60211\" data-element_type=\"widget\" data-e-type=\"widget\" data-widget_type=\"heading.default\">\n\t\t\t\t\t<h5 class=\"elementor-heading-title elementor-size-default\">1. Traduction certifi\u00e9e de documents<\/h5>\t\t\t\t<\/div>\n\t\t\t\t<div class=\"elementor-element elementor-element-e7c02ef elementor-widget elementor-widget-text-editor\" data-id=\"e7c02ef\" data-element_type=\"widget\" data-e-type=\"widget\" data-widget_type=\"text-editor.default\">\n\t\t\t\t\t\t\t\t\t<p>We offer certified translations for a variety of documents, ensuring accuracy and acceptance by official entities:\ue206<\/p>\n<ul>\n<li>\n<p><strong>Documents juridiques<\/strong>: Contracts, agreements, court documents.\ue206<\/p>\n<\/li>\n<li>\n<p><strong>Documents personnels<\/strong>: Birth certificates, marriage certificates, academic transcripts.\ue206<\/p>\n<\/li>\n<li>\n<p><strong>Documents commerciaux<\/strong>: Licenses, financial statements, corporate reports.\ue206<\/p>\n<\/li>\n<\/ul>\t\t\t\t\t\t\t\t<\/div>\n\t\t\t\t<div class=\"elementor-element elementor-element-e388915 elementor-widget elementor-widget-heading\" data-id=\"e388915\" data-element_type=\"widget\" data-e-type=\"widget\" data-widget_type=\"heading.default\">\n\t\t\t\t\t<h5 class=\"elementor-heading-title elementor-size-default\">2. Localisation de sites Web et d&#039;applications<\/h5>\t\t\t\t<\/div>\n\t\t\t\t<div class=\"elementor-element elementor-element-e3e627c elementor-widget elementor-widget-text-editor\" data-id=\"e3e627c\" data-element_type=\"widget\" data-e-type=\"widget\" data-widget_type=\"text-editor.default\">\n\t\t\t\t\t\t\t\t\t<p>Expand your digital presence in Vietnamese-speaking markets with our localization services:\ue206<\/p>\n<ul>\n<li>\n<p><strong>Localisation de sites Web<\/strong>: Adapting your website content to suit cultural nuances and preferences.\ue206<\/p>\n<\/li>\n<li>\n<p><strong>Localisation d&#039;applications<\/strong>: Ensuring your mobile applications are user-friendly for Vietnamese-speaking users.\ue206<\/p>\n<\/li>\n<li>\n<p><strong>Optimisation SEO<\/strong>: Implementing localized keywords and meta tags to improve search engine rankings. \ue200cite\ue202turn0search3\ue201\ue206<\/p>\n<\/li>\n<\/ul>\t\t\t\t\t\t\t\t<\/div>\n\t\t\t\t<div class=\"elementor-element elementor-element-d09791a elementor-widget elementor-widget-heading\" data-id=\"d09791a\" data-element_type=\"widget\" data-e-type=\"widget\" data-widget_type=\"heading.default\">\n\t\t\t\t\t<h5 class=\"elementor-heading-title elementor-size-default\"> 3. Traductions techniques et m\u00e9dicales<\/h5>\t\t\t\t<\/div>\n\t\t\t\t<div class=\"elementor-element elementor-element-3487180 elementor-widget elementor-widget-text-editor\" data-id=\"3487180\" data-element_type=\"widget\" data-e-type=\"widget\" data-widget_type=\"text-editor.default\">\n\t\t\t\t\t\t\t\t\t<p>Our experts handle complex technical and medical documents with precision:\ue206<\/p>\n<ul>\n<li>\n<p><strong>Manuels techniques<\/strong>: User guides, product manuals, technical specifications.\ue206<\/p>\n<\/li>\n<li>\n<p><strong>Documents m\u00e9dicaux<\/strong>: Clinical reports, pharmaceutical information, medical research papers.\ue206<\/p>\n<\/li>\n<\/ul>\t\t\t\t\t\t\t\t<\/div>\n\t\t\t\t<div class=\"elementor-element elementor-element-b6f8e2a elementor-widget elementor-widget-heading\" data-id=\"b6f8e2a\" data-element_type=\"widget\" data-e-type=\"widget\" data-widget_type=\"heading.default\">\n\t\t\t\t\t<h5 class=\"elementor-heading-title elementor-size-default\">4. Traductions commerciales et marketing<\/h5>\t\t\t\t<\/div>\n\t\t\t\t<div class=\"elementor-element elementor-element-0e4b671 elementor-widget elementor-widget-text-editor\" data-id=\"0e4b671\" data-element_type=\"widget\" data-e-type=\"widget\" data-widget_type=\"text-editor.default\">\n\t\t\t\t\t\t\t\t\t<p>Effectively communicate your brand message to Vietnamese-speaking audiences:\ue206<\/p>\n<ul>\n<li>\n<p><strong>Mat\u00e9riel de marketing<\/strong>: Brochures, advertisements, press releases.\ue206<\/p>\n<\/li>\n<li>\n<p><strong>Communications d&#039;entreprise<\/strong>: Presentations, emails, corporate communications.\ue206<\/p>\n<\/li>\n<\/ul>\t\t\t\t\t\t\t\t<\/div>\n\t\t\t\t<div class=\"elementor-element elementor-element-1570895 elementor-widget elementor-widget-heading\" data-id=\"1570895\" data-element_type=\"widget\" data-e-type=\"widget\" data-widget_type=\"heading.default\">\n\t\t\t\t\t<h3 class=\"elementor-heading-title elementor-size-default\">Industries que nous servons<\/h3>\t\t\t\t<\/div>\n\t\t\t\t<div class=\"elementor-element elementor-element-0543083 elementor-widget elementor-widget-text-editor\" data-id=\"0543083\" data-element_type=\"widget\" data-e-type=\"widget\" data-widget_type=\"text-editor.default\">\n\t\t\t\t\t\t\t\t\t<p>We cater to a diverse range of industries, including:\ue206<\/p>\n<ul>\n<li>\n<p><strong>Juridique et gouvernemental<\/strong>: Providing translations for legal proceedings and governmental communications.\ue206<\/p>\n<\/li>\n<li>\n<p><strong>Sant\u00e9 et produits pharmaceutiques<\/strong>: Translating medical records, research papers, and pharmaceutical documents.\ue206<\/p>\n<\/li>\n<li>\n<p><strong>Technologie et informatique<\/strong>: Localizing software, user manuals, and technical documentation.\ue206<\/p>\n<\/li>\n<li>\n<p><strong>Finance et banque<\/strong>: Translating financial reports, investment documents, and banking materials.\ue206<\/p>\n<\/li>\n<li>\n<p><strong>Commerce \u00e9lectronique et vente au d\u00e9tail<\/strong>: Localizing product descriptions, customer reviews, and marketing content.\ue206<\/p>\n<\/li>\n<\/ul>\t\t\t\t\t\t\t\t<\/div>\n\t\t\t\t<div class=\"elementor-element elementor-element-7d954cd elementor-widget elementor-widget-heading\" data-id=\"7d954cd\" data-element_type=\"widget\" data-e-type=\"widget\" data-widget_type=\"heading.default\">\n\t\t\t\t\t<h3 class=\"elementor-heading-title elementor-size-default\">Why Professional Vietnamese Translation Matters<\/h3>\t\t\t\t<\/div>\n\t\t\t\t<div class=\"elementor-element elementor-element-a1b61bb elementor-widget elementor-widget-text-editor\" data-id=\"a1b61bb\" data-element_type=\"widget\" data-e-type=\"widget\" data-widget_type=\"text-editor.default\">\n\t\t\t\t\t\t\t\t\t<p>Vietnamese is spoken by millions of people worldwide, making it essential for businesses and organizations aiming to connect with Vietnamese-speaking audiences. Professional translation ensures:\ue206<\/p>\n<ul>\n<li>\n<p><strong>Pertinence culturelle<\/strong>: Accurate translations that resonate with the local culture and customs.\ue206<\/p>\n<\/li>\n<li>\n<p><strong>Conformit\u00e9 juridique<\/strong>: Ensuring documents meet regional legal standards and requirements.\ue206<\/p>\n<\/li>\n<li>\n<p><strong>Cr\u00e9dibilit\u00e9 de la marque<\/strong>: Presenting your business professionally to Vietnamese-speaking audiences.\ue206<\/p>\n<\/li>\n<\/ul>\t\t\t\t\t\t\t\t<\/div>\n\t\t\t\t<div class=\"elementor-element elementor-element-8278c8b elementor-widget elementor-widget-heading\" data-id=\"8278c8b\" data-element_type=\"widget\" data-e-type=\"widget\" data-widget_type=\"heading.default\">\n\t\t\t\t\t<h3 class=\"elementor-heading-title elementor-size-default\">SEO-Optimized Vietnamese Translation Services<\/h3>\t\t\t\t<\/div>\n\t\t\t\t<div class=\"elementor-element elementor-element-9b38fb7 elementor-widget elementor-widget-text-editor\" data-id=\"9b38fb7\" data-element_type=\"widget\" data-e-type=\"widget\" data-widget_type=\"text-editor.default\">\n\t\t\t\t\t\t\t\t\t<p>Our translations are designed with SEO best practices to enhance your online visibility:\ue206<\/p>\n<ul>\n<li>\n<p><strong>Mots-cl\u00e9s localis\u00e9s<\/strong>: Incorporating region-specific search terms to improve rankings. \ue200cite\ue202turn0search3\ue201\ue206<\/p>\n<\/li>\n<li>\n<p><strong>Optimisation des balises m\u00e9ta<\/strong>: Translating and optimizing meta descriptions and titles for better click-through rates. \ue200cite\ue202turn0search3\ue201\ue206<\/p>\n<\/li>\n<li>\n<p><strong>URL conviviales<\/strong>: Creating URLs that are readable and relevant in Vietnamese. \ue200cite\ue202turn0search3\ue201\ue206<\/p>\n<\/li>\n<\/ul>\t\t\t\t\t\t\t\t<\/div>\n\t\t\t\t<div class=\"elementor-element elementor-element-508d7a9 elementor-widget elementor-widget-heading\" data-id=\"508d7a9\" data-element_type=\"widget\" data-e-type=\"widget\" data-widget_type=\"heading.default\">\n\t\t\t\t\t<h3 class=\"elementor-heading-title elementor-size-default\">Get a Free Quote for Vietnamese Translation Services<\/h3>\t\t\t\t<\/div>\n\t\t\t\t<div class=\"elementor-element elementor-element-d013fc3 elementor-widget elementor-widget-text-editor\" data-id=\"d013fc3\" data-element_type=\"widget\" data-e-type=\"widget\" data-widget_type=\"text-editor.default\">\n\t\t\t\t\t\t\t\t\t<p>Need professional Vietnamese translation services? Contact us today for a free quote. We ensure fast, precise, and confidential translations for all your needs.\ue206<\/p>\n<h3>\ud83d\udcde Contactez-nous aujourd&#039;hui !<\/h3>\n<p>\ud83d\udccd\u00a0<a href=\"https:\/\/lsaglobal-translate.co.uk\/fr\/our-languages-lsa-global-translate\/\"><strong>Service mondial \u2013 Disponible dans le monde entier<\/strong><\/a><\/p>\n<hr \/>\n<p><strong>Expand your reach with expert Vietnamese translation!<\/strong>\u00a0\ue203Reach out now to discuss your proect.\ue204\ue206<\/p>\t\t\t\t\t\t\t\t<\/div>\n\t\t\t\t<div class=\"elementor-element elementor-element-3bea537 elementor-widget elementor-widget-heading\" data-id=\"3bea537\" data-element_type=\"widget\" data-e-type=\"widget\" data-widget_type=\"heading.default\">\n\t\t\t\t\t<h3 class=\"elementor-heading-title elementor-size-default\">GOING BEYOND<\/h3>\t\t\t\t<\/div>\n\t\t\t\t<div class=\"elementor-element elementor-element-2a4d318 elementor-widget elementor-widget-text-editor\" data-id=\"2a4d318\" data-element_type=\"widget\" data-e-type=\"widget\" data-widget_type=\"text-editor.default\">\n\t\t\t\t\t\t\t\t\t<h4><a href=\"https:\/\/lsaglobal-translate.co.uk\/fr\/professional-interpretation-services\/\">Services d'interpr\u00e9tation professionnelle<\/a><\/h4>\t\t\t\t\t\t\t\t<\/div>\n\t\t\t\t<div class=\"elementor-element elementor-element-c7d7f9a elementor-widget elementor-widget-text-editor\" data-id=\"c7d7f9a\" data-element_type=\"widget\" data-e-type=\"widget\" data-widget_type=\"text-editor.default\">\n\t\t\t\t\t\t\t\t\t<h4><a href=\"https:\/\/lsaglobal-translate.co.uk\/fr\/terms-and-conditions\/\">Conditions g\u00e9n\u00e9rales d'utilisation<\/a><\/h4>\t\t\t\t\t\t\t\t<\/div>\n\t\t\t\t<div class=\"elementor-element elementor-element-22c70d9 elementor-widget elementor-widget-text-editor\" data-id=\"22c70d9\" data-element_type=\"widget\" data-e-type=\"widget\" data-widget_type=\"text-editor.default\">\n\t\t\t\t\t\t\t\t\t<h4><span style=\"color: #000000;\"><a style=\"color: #000000;\" href=\"https:\/\/lsa-global.com\/\" target=\"_blank\" rel=\"noopener\">Traduction Pro.<\/a><\/span><\/h4>\t\t\t\t\t\t\t\t<\/div>\n\t\t\t\t\t<\/div>\n\t\t\t\t<\/div>\n\t\t<div class=\"elementor-element elementor-element-6d416c5 e-flex e-con-boxed e-con e-parent\" data-id=\"6d416c5\" data-element_type=\"container\" data-e-type=\"container\">\n\t\t\t\t\t<div class=\"e-con-inner\">\n\t\t\t\t<div class=\"elementor-element elementor-element-ee01104 elementor-widget elementor-widget-image\" data-id=\"ee01104\" data-element_type=\"widget\" data-e-type=\"widget\" data-widget_type=\"image.default\">\n\t\t\t\t\t\t\t\t\t\t\t\t\t\t\t<img decoding=\"async\" data-attachment-id=\"10689\" data-permalink=\"https:\/\/lsaglobal-translate.co.uk\/zh\/vietnamese\/\" data-orig-file=\"https:\/\/i0.wp.com\/lsaglobal-translate.co.uk\/wp-content\/uploads\/2025\/03\/Vietnamese.png?fit=2560%2C1707&amp;ssl=1\" data-orig-size=\"2560,1707\" data-comments-opened=\"1\" data-image-meta=\"{&quot;aperture&quot;:&quot;0&quot;,&quot;credit&quot;:&quot;&quot;,&quot;camera&quot;:&quot;&quot;,&quot;caption&quot;:&quot;&quot;,&quot;created_timestamp&quot;:&quot;0&quot;,&quot;copyright&quot;:&quot;&quot;,&quot;focal_length&quot;:&quot;0&quot;,&quot;iso&quot;:&quot;0&quot;,&quot;shutter_speed&quot;:&quot;0&quot;,&quot;title&quot;:&quot;&quot;,&quot;orientation&quot;:&quot;0&quot;}\" data-image-title=\"Vietnamese translations\" data-image-description=\"&lt;p&gt;Vietnamese translations&lt;\/p&gt;\" data-image-caption=\"\" data-medium-file=\"https:\/\/i0.wp.com\/lsaglobal-translate.co.uk\/wp-content\/uploads\/2025\/03\/Vietnamese.png?fit=300%2C200&amp;ssl=1\" data-large-file=\"https:\/\/i0.wp.com\/lsaglobal-translate.co.uk\/wp-content\/uploads\/2025\/03\/Vietnamese.png?fit=525%2C350&amp;ssl=1\" width=\"300\" height=\"200\" src=\"https:\/\/i0.wp.com\/lsaglobal-translate.co.uk\/wp-content\/uploads\/2025\/03\/Vietnamese.png?fit=300%2C200&amp;ssl=1\" class=\"attachment-medium size-medium wp-image-10689\" alt=\"Vietnamese translations\" srcset=\"https:\/\/i0.wp.com\/lsaglobal-translate.co.uk\/wp-content\/uploads\/2025\/03\/Vietnamese.png?w=2560&amp;ssl=1 2560w, https:\/\/i0.wp.com\/lsaglobal-translate.co.uk\/wp-content\/uploads\/2025\/03\/Vietnamese.png?resize=300%2C200&amp;ssl=1 300w, https:\/\/i0.wp.com\/lsaglobal-translate.co.uk\/wp-content\/uploads\/2025\/03\/Vietnamese.png?resize=1024%2C683&amp;ssl=1 1024w, https:\/\/i0.wp.com\/lsaglobal-translate.co.uk\/wp-content\/uploads\/2025\/03\/Vietnamese.png?resize=768%2C512&amp;ssl=1 768w, https:\/\/i0.wp.com\/lsaglobal-translate.co.uk\/wp-content\/uploads\/2025\/03\/Vietnamese.png?resize=1536%2C1024&amp;ssl=1 1536w, https:\/\/i0.wp.com\/lsaglobal-translate.co.uk\/wp-content\/uploads\/2025\/03\/Vietnamese.png?resize=2048%2C1366&amp;ssl=1 2048w, https:\/\/i0.wp.com\/lsaglobal-translate.co.uk\/wp-content\/uploads\/2025\/03\/Vietnamese.png?resize=18%2C12&amp;ssl=1 18w\" sizes=\"(max-width: 300px) 100vw, 300px\" title=\"\">\t\t\t\t\t\t\t\t\t\t\t\t\t\t\t<\/div>\n\t\t\t\t\t<\/div>\n\t\t\t\t<\/div>\n\t\t\t\t<\/div>","protected":false},"excerpt":{"rendered":"<p>Expert Vietnamese Translation Services for Businesses &amp; Individuals Are you seeking high-quality\u00a0Vietnamese translation services? Our team of professional translators specializes in delivering accurate, culturally adapted translations tailored to Vietnamese-speaking audiences. We offer a comprehensive range of services, including\u00a0document translation,\u00a0website localization,\u00a0technical translations, and more, ensuring your content resonates with your target market.\ue206 Why Choose Our Vietnamese [&hellip;]<\/p>\n","protected":false},"author":2,"featured_media":11515,"parent":0,"menu_order":0,"comment_status":"closed","ping_status":"closed","template":"","meta":{"_acf_changed":false,"footnotes":""},"class_list":["post-11514","page","type-page","status-publish","has-post-thumbnail","hentry"],"acf":[],"jetpack_sharing_enabled":true,"jetpack-related-posts":[],"_links":{"self":[{"href":"https:\/\/lsaglobal-translate.co.uk\/fr\/wp-json\/wp\/v2\/pages\/11514","targetHints":{"allow":["GET"]}}],"collection":[{"href":"https:\/\/lsaglobal-translate.co.uk\/fr\/wp-json\/wp\/v2\/pages"}],"about":[{"href":"https:\/\/lsaglobal-translate.co.uk\/fr\/wp-json\/wp\/v2\/types\/page"}],"author":[{"embeddable":true,"href":"https:\/\/lsaglobal-translate.co.uk\/fr\/wp-json\/wp\/v2\/users\/2"}],"replies":[{"embeddable":true,"href":"https:\/\/lsaglobal-translate.co.uk\/fr\/wp-json\/wp\/v2\/comments?post=11514"}],"version-history":[{"count":0,"href":"https:\/\/lsaglobal-translate.co.uk\/fr\/wp-json\/wp\/v2\/pages\/11514\/revisions"}],"wp:featuredmedia":[{"embeddable":true,"href":"https:\/\/lsaglobal-translate.co.uk\/fr\/wp-json\/wp\/v2\/media\/11515"}],"wp:attachment":[{"href":"https:\/\/lsaglobal-translate.co.uk\/fr\/wp-json\/wp\/v2\/media?parent=11514"}],"curies":[{"name":"wp","href":"https:\/\/api.w.org\/{rel}","templated":true}]}}