{"id":10789,"date":"2025-03-17T10:01:16","date_gmt":"2025-03-17T09:01:16","guid":{"rendered":"https:\/\/lsaglobal-translate.co.uk\/?page_id=10789"},"modified":"2025-04-24T10:15:27","modified_gmt":"2025-04-24T09:15:27","slug":"albanian-translation-services","status":"publish","type":"page","link":"https:\/\/lsaglobal-translate.co.uk\/pt\/albanian-translation-services\/","title":{"rendered":"Servi\u00e7os de tradu\u00e7\u00e3o alban\u00eas | Tradu\u00e7\u00f5es profissionais e precisas"},"content":{"rendered":"<div data-elementor-type=\"wp-page\" data-elementor-id=\"10789\" class=\"elementor elementor-10789\" data-elementor-post-type=\"page\">\n\t\t\t\t<div class=\"elementor-element elementor-element-0a4a4b4 e-flex e-con-boxed e-con e-parent\" data-id=\"0a4a4b4\" data-element_type=\"container\" data-e-type=\"container\">\n\t\t\t\t\t<div class=\"e-con-inner\">\n\t\t\t\t<div class=\"elementor-element elementor-element-e238a9d elementor-widget elementor-widget-image\" data-id=\"e238a9d\" data-element_type=\"widget\" data-e-type=\"widget\" data-widget_type=\"image.default\">\n\t\t\t\t\t\t\t\t\t\t\t\t\t\t\t<img fetchpriority=\"high\" decoding=\"async\" data-attachment-id=\"11066\" data-permalink=\"https:\/\/lsaglobal-translate.co.uk\/fr\/albanian-translation-services\/albanian-2\/\" data-orig-file=\"https:\/\/i0.wp.com\/lsaglobal-translate.co.uk\/wp-content\/uploads\/2025\/03\/Albanian-1.png?fit=2560%2C1829&amp;ssl=1\" data-orig-size=\"2560,1829\" data-comments-opened=\"1\" data-image-meta=\"{&quot;aperture&quot;:&quot;0&quot;,&quot;credit&quot;:&quot;&quot;,&quot;camera&quot;:&quot;&quot;,&quot;caption&quot;:&quot;&quot;,&quot;created_timestamp&quot;:&quot;0&quot;,&quot;copyright&quot;:&quot;&quot;,&quot;focal_length&quot;:&quot;0&quot;,&quot;iso&quot;:&quot;0&quot;,&quot;shutter_speed&quot;:&quot;0&quot;,&quot;title&quot;:&quot;&quot;,&quot;orientation&quot;:&quot;0&quot;}\" data-image-title=\"Albanian translation Services\" data-image-description=\"&lt;p&gt;Albanian translation Services&lt;\/p&gt;\" data-image-caption=\"\" data-medium-file=\"https:\/\/i0.wp.com\/lsaglobal-translate.co.uk\/wp-content\/uploads\/2025\/03\/Albanian-1.png?fit=300%2C214&amp;ssl=1\" data-large-file=\"https:\/\/i0.wp.com\/lsaglobal-translate.co.uk\/wp-content\/uploads\/2025\/03\/Albanian-1.png?fit=525%2C375&amp;ssl=1\" width=\"300\" height=\"214\" src=\"https:\/\/i0.wp.com\/lsaglobal-translate.co.uk\/wp-content\/uploads\/2025\/03\/Albanian-1.png?fit=300%2C214&amp;ssl=1\" class=\"attachment-medium size-medium wp-image-11066\" alt=\"Albanian translation Services\" srcset=\"https:\/\/i0.wp.com\/lsaglobal-translate.co.uk\/wp-content\/uploads\/2025\/03\/Albanian-1.png?w=2560&amp;ssl=1 2560w, https:\/\/i0.wp.com\/lsaglobal-translate.co.uk\/wp-content\/uploads\/2025\/03\/Albanian-1.png?resize=300%2C214&amp;ssl=1 300w, https:\/\/i0.wp.com\/lsaglobal-translate.co.uk\/wp-content\/uploads\/2025\/03\/Albanian-1.png?resize=1024%2C732&amp;ssl=1 1024w, https:\/\/i0.wp.com\/lsaglobal-translate.co.uk\/wp-content\/uploads\/2025\/03\/Albanian-1.png?resize=768%2C549&amp;ssl=1 768w, https:\/\/i0.wp.com\/lsaglobal-translate.co.uk\/wp-content\/uploads\/2025\/03\/Albanian-1.png?resize=1536%2C1097&amp;ssl=1 1536w, https:\/\/i0.wp.com\/lsaglobal-translate.co.uk\/wp-content\/uploads\/2025\/03\/Albanian-1.png?resize=2048%2C1463&amp;ssl=1 2048w, https:\/\/i0.wp.com\/lsaglobal-translate.co.uk\/wp-content\/uploads\/2025\/03\/Albanian-1.png?resize=18%2C12&amp;ssl=1 18w\" sizes=\"(max-width: 300px) 100vw, 300px\" title=\"\">\t\t\t\t\t\t\t\t\t\t\t\t\t\t\t<\/div>\n\t\t\t\t<div class=\"elementor-element elementor-element-6f2f921 elementor-widget elementor-widget-heading\" data-id=\"6f2f921\" data-element_type=\"widget\" data-e-type=\"widget\" data-widget_type=\"heading.default\">\n\t\t\t\t\t<h2 class=\"elementor-heading-title elementor-size-default\">Servi\u00e7os profissionais de tradu\u00e7\u00e3o para alban\u00eas \u2013 r\u00e1pidos e confi\u00e1veis<\/h2>\t\t\t\t<\/div>\n\t\t\t\t<div class=\"elementor-element elementor-element-2ebd1f6 elementor-widget elementor-widget-text-editor\" data-id=\"2ebd1f6\" data-element_type=\"widget\" data-e-type=\"widget\" data-widget_type=\"text-editor.default\">\n\t\t\t\t\t\t\t\t\t<p>Procurando por alta qualidade\u00a0<strong>Servi\u00e7os de tradu\u00e7\u00e3o para alban\u00eas<\/strong>? Nossos linguistas especialistas fornecem\u00a0<strong>tradu\u00e7\u00f5es precisas, r\u00e1pidas e adaptadas culturalmente<\/strong>\u00a0para empresas, documentos jur\u00eddicos, sites e uso pessoal. Se voc\u00ea precisa\u00a0<strong>tradu\u00e7\u00f5es certificadas, contratos legais ou localiza\u00e7\u00e3o de sites<\/strong>, garantimos resultados precisos e profissionais.<\/p>\t\t\t\t\t\t\t\t<\/div>\n\t\t\t\t<div class=\"elementor-element elementor-element-4fed586 elementor-widget elementor-widget-heading\" data-id=\"4fed586\" data-element_type=\"widget\" data-e-type=\"widget\" data-widget_type=\"heading.default\">\n\t\t\t\t\t<h3 class=\"elementor-heading-title elementor-size-default\">Por que escolher nossos servi\u00e7os de tradu\u00e7\u00e3o para alban\u00eas?<\/h3>\t\t\t\t<\/div>\n\t\t\t\t<div class=\"elementor-element elementor-element-766866b elementor-widget elementor-widget-text-editor\" data-id=\"766866b\" data-element_type=\"widget\" data-e-type=\"widget\" data-widget_type=\"text-editor.default\">\n\t\t\t\t\t\t\t\t\t<ul><li><strong>Tradutores nativos albaneses<\/strong>\u00a0\u2013 Especialistas fluentes com conhecimento espec\u00edfico do setor.<\/li><li><img decoding=\"async\" class=\"emoji\" role=\"img\" draggable=\"false\" src=\"https:\/\/s.w.org\/images\/core\/emoji\/15.0.3\/svg\/2705.svg\" alt=\"\u2705\" title=\"\">\u00a0<strong>Entrega r\u00e1pida<\/strong>\u00a0\u2013 Entrega pontual sem comprometer a precis\u00e3o.<\/li><li><img decoding=\"async\" class=\"emoji\" role=\"img\" draggable=\"false\" src=\"https:\/\/s.w.org\/images\/core\/emoji\/15.0.3\/svg\/2705.svg\" alt=\"\u2705\" title=\"\">\u00a0<strong>Tradu\u00e7\u00f5es Certificadas e Oficiais<\/strong>\u00a0\u2013 Aceito por institui\u00e7\u00f5es governamentais e pessoas jur\u00eddicas.<\/li><li><img decoding=\"async\" class=\"emoji\" role=\"img\" draggable=\"false\" src=\"https:\/\/s.w.org\/images\/core\/emoji\/15.0.3\/svg\/2705.svg\" alt=\"\u2705\" title=\"\">\u00a0<strong>Pre\u00e7os acess\u00edveis<\/strong>\u00a0\u2013 Tarifas transparentes e sem custos ocultos.<\/li><li><img decoding=\"async\" class=\"emoji\" role=\"img\" draggable=\"false\" src=\"https:\/\/s.w.org\/images\/core\/emoji\/15.0.3\/svg\/2705.svg\" alt=\"\u2705\" title=\"\">\u00a0<strong>Tradu\u00e7\u00f5es otimizadas para SEO<\/strong>\u00a0\u2013 Ajudando seu conte\u00fado a se classificar em\u00a0<strong>Alb\u00e2nia e Kosovo<\/strong>.<\/li><\/ul>\t\t\t\t\t\t\t\t<\/div>\n\t\t\t\t<div class=\"elementor-element elementor-element-a8be95e elementor-widget elementor-widget-heading\" data-id=\"a8be95e\" data-element_type=\"widget\" data-e-type=\"widget\" data-widget_type=\"heading.default\">\n\t\t\t\t\t<h3 class=\"elementor-heading-title elementor-size-default\">Nossos servi\u00e7os profissionais de tradu\u00e7\u00e3o para alban\u00eas<\/h3>\t\t\t\t<\/div>\n\t\t\t\t<div class=\"elementor-element elementor-element-9de4170 elementor-widget elementor-widget-heading\" data-id=\"9de4170\" data-element_type=\"widget\" data-e-type=\"widget\" data-widget_type=\"heading.default\">\n\t\t\t\t\t<h5 class=\"elementor-heading-title elementor-size-default\">1. Tradu\u00e7\u00e3o Certificada de Documentos<\/h5>\t\t\t\t<\/div>\n\t\t\t\t<div class=\"elementor-element elementor-element-c43b3d1 elementor-widget elementor-widget-text-editor\" data-id=\"c43b3d1\" data-element_type=\"widget\" data-e-type=\"widget\" data-widget_type=\"text-editor.default\">\n\t\t\t\t\t\t\t\t\t<p>Nossos tradutores albaneses certificados fornecem\u00a0<strong>tradu\u00e7\u00f5es oficiais<\/strong>\u00a0para:<\/p><ul><li>Certid\u00f5es de nascimento e casamento<\/li><li>Diplomas e hist\u00f3ricos acad\u00eamicos<\/li><li>Ordens judiciais e contratos legais<\/li><li>Documentos de imigra\u00e7\u00e3o<\/li><li>Licen\u00e7as comerciais<\/li><\/ul>\t\t\t\t\t\t\t\t<\/div>\n\t\t\t\t<div class=\"elementor-element elementor-element-5212c9a elementor-widget elementor-widget-heading\" data-id=\"5212c9a\" data-element_type=\"widget\" data-e-type=\"widget\" data-widget_type=\"heading.default\">\n\t\t\t\t\t<h5 class=\"elementor-heading-title elementor-size-default\">2. Localiza\u00e7\u00e3o de sites e softwares<\/h5>\t\t\t\t<\/div>\n\t\t\t\t<div class=\"elementor-element elementor-element-0822239 elementor-widget elementor-widget-text-editor\" data-id=\"0822239\" data-element_type=\"widget\" data-e-type=\"widget\" data-widget_type=\"text-editor.default\">\n\t\t\t\t\t\t\t\t\t<p><span style=\"color: #ff0000;\">Quer expandir seus neg\u00f3cios para\u00a0<strong>Alb\u00e2nia e Kosovo<\/strong>? Nosso\u00a0<strong>localiza\u00e7\u00e3o de sites e aplicativos<\/strong>\u00a0servi\u00e7os garantem que seu conte\u00fado digital seja:<\/span><\/p><ul><li><span style=\"color: #ff0000;\">Culturalmente relevante para usu\u00e1rios que falam alban\u00eas.<\/span><\/li><li><span style=\"color: #ff0000;\">Otimizado para\u00a0<strong>Google, Bing e mecanismos de busca locais<\/strong>.<\/span><\/li><li><span style=\"color: #ff0000;\">Adaptado para formatos de pagamento e data locais.<\/span><\/li><\/ul>\t\t\t\t\t\t\t\t<\/div>\n\t\t\t\t<div class=\"elementor-element elementor-element-732adf4 elementor-widget elementor-widget-heading\" data-id=\"732adf4\" data-element_type=\"widget\" data-e-type=\"widget\" data-widget_type=\"heading.default\">\n\t\t\t\t\t<h5 class=\"elementor-heading-title elementor-size-default\">3. Tradu\u00e7\u00f5es de neg\u00f3cios e marketing<\/h5>\t\t\t\t<\/div>\n\t\t\t\t<div class=\"elementor-element elementor-element-be82ff4 elementor-widget elementor-widget-text-editor\" data-id=\"be82ff4\" data-element_type=\"widget\" data-e-type=\"widget\" data-widget_type=\"text-editor.default\">\n\t\t\t\t\t\t\t\t\t<p>Aumente o alcance da sua marca na Alb\u00e2nia com:<\/p><ul><li>Materiais de marketing<\/li><li>Campanhas de m\u00eddia social<\/li><li>Relat\u00f3rios comerciais e demonstra\u00e7\u00f5es financeiras<\/li><li>Descri\u00e7\u00f5es de produtos e listagens de com\u00e9rcio eletr\u00f4nico<\/li><\/ul>\t\t\t\t\t\t\t\t<\/div>\n\t\t\t\t<div class=\"elementor-element elementor-element-1b93cff elementor-widget elementor-widget-heading\" data-id=\"1b93cff\" data-element_type=\"widget\" data-e-type=\"widget\" data-widget_type=\"heading.default\">\n\t\t\t\t\t<h5 class=\"elementor-heading-title elementor-size-default\">4. Tradu\u00e7\u00f5es Jur\u00eddicas e de Imigra\u00e7\u00e3o<\/h5>\t\t\t\t<\/div>\n\t\t\t\t<div class=\"elementor-element elementor-element-3cac121 elementor-widget elementor-widget-text-editor\" data-id=\"3cac121\" data-element_type=\"widget\" data-e-type=\"widget\" data-widget_type=\"text-editor.default\">\n\t\t\t\t\t\t\t\t\t<p>Nossos especialistas jur\u00eddicos s\u00e3o especializados em tradu\u00e7\u00e3o\u00a0<strong>Documentos legais albaneses<\/strong>\u00a0com\u00a0<strong>Precis\u00e3o e confidencialidade 100%<\/strong>. N\u00f3s fornecemos:<\/p><ul><li>Contratos e acordos<\/li><li>Documentos judiciais<\/li><li>Materiais de conformidade e regulamenta\u00e7\u00e3o<\/li><\/ul>\t\t\t\t\t\t\t\t<\/div>\n\t\t\t\t<div class=\"elementor-element elementor-element-59059f0 elementor-widget elementor-widget-heading\" data-id=\"59059f0\" data-element_type=\"widget\" data-e-type=\"widget\" data-widget_type=\"heading.default\">\n\t\t\t\t\t<h5 class=\"elementor-heading-title elementor-size-default\">5. Tradu\u00e7\u00f5es T\u00e9cnicas e M\u00e9dicas<\/h5>\t\t\t\t<\/div>\n\t\t\t\t<div class=\"elementor-element elementor-element-936e52b elementor-widget elementor-widget-text-editor\" data-id=\"936e52b\" data-element_type=\"widget\" data-e-type=\"widget\" data-widget_type=\"text-editor.default\">\n\t\t\t\t\t\t\t\t\t<p>N\u00f3s oferecemos\u00a0<strong>tradu\u00e7\u00f5es t\u00e9cnicas e m\u00e9dicas precisas<\/strong>\u00a0para ind\u00fastrias como:<\/p><ul><li>Sa\u00fade e produtos farmac\u00eauticos<\/li><li>Engenharia e TI<\/li><li>Pesquisa e documenta\u00e7\u00e3o cient\u00edfica<\/li><\/ul>\t\t\t\t\t\t\t\t<\/div>\n\t\t\t\t<div class=\"elementor-element elementor-element-b25c10b elementor-widget elementor-widget-heading\" data-id=\"b25c10b\" data-element_type=\"widget\" data-e-type=\"widget\" data-widget_type=\"heading.default\">\n\t\t\t\t\t<h3 class=\"elementor-heading-title elementor-size-default\">Ind\u00fastrias que atendemos<\/h3>\t\t\t\t<\/div>\n\t\t\t\t<div class=\"elementor-element elementor-element-9ac0f00 elementor-widget elementor-widget-text-editor\" data-id=\"9ac0f00\" data-element_type=\"widget\" data-e-type=\"widget\" data-widget_type=\"text-editor.default\">\n\t\t\t\t\t\t\t\t\t<p>Nossos servi\u00e7os profissionais de tradu\u00e7\u00e3o para o alban\u00eas atendem a v\u00e1rios setores, incluindo:<\/p><ul><li><strong>Jur\u00eddico e Imigra\u00e7\u00e3o<\/strong><\/li><li><strong>Sa\u00fade e Medicina<\/strong><\/li><li><strong>Neg\u00f3cios e Finan\u00e7as<\/strong><\/li><li><strong>E-commerce e Varejo<\/strong><\/li><li><strong>Tecnologia e Software<\/strong><\/li><\/ul>\t\t\t\t\t\t\t\t<\/div>\n\t\t\t\t<div class=\"elementor-element elementor-element-4fcc42a elementor-widget elementor-widget-heading\" data-id=\"4fcc42a\" data-element_type=\"widget\" data-e-type=\"widget\" data-widget_type=\"heading.default\">\n\t\t\t\t\t<h3 class=\"elementor-heading-title elementor-size-default\">Por que a tradu\u00e7\u00e3o profissional do alban\u00eas \u00e9 importante<\/h3>\t\t\t\t<\/div>\n\t\t\t\t<div class=\"elementor-element elementor-element-c6987cc elementor-widget elementor-widget-text-editor\" data-id=\"c6987cc\" data-element_type=\"widget\" data-e-type=\"widget\" data-widget_type=\"text-editor.default\">\n\t\t\t\t\t\t\t\t\t<p>O alban\u00eas \u00e9 falado por mais de\u00a0<strong>7,5 milh\u00f5es de pessoas<\/strong>\u00a0entre\u00a0<strong>Alb\u00e2nia, Kosovo, Maced\u00f4nia do Norte, Montenegro e a di\u00e1spora albanesa<\/strong>. A tradu\u00e7\u00e3o profissional garante:<\/p><ul><li><strong>Conformidade legal<\/strong>\u00a0\u2013 Evitar problemas com documentos oficiais.<\/li><li><strong>Relev\u00e2ncia cultural<\/strong>\u00a0\u2013 Garantir uma comunica\u00e7\u00e3o clara com seu p\u00fablico-alvo.<\/li><li><strong>Sucesso de SEO<\/strong>\u00a0\u2013 Ajudando seu site a ter uma classifica\u00e7\u00e3o mais alta em\u00a0<strong>Resultados da pesquisa em alban\u00eas<\/strong>.<\/li><\/ul>\t\t\t\t\t\t\t\t<\/div>\n\t\t\t\t<div class=\"elementor-element elementor-element-d446be9 elementor-widget elementor-widget-heading\" data-id=\"d446be9\" data-element_type=\"widget\" data-e-type=\"widget\" data-widget_type=\"heading.default\">\n\t\t\t\t\t<h3 class=\"elementor-heading-title elementor-size-default\">Servi\u00e7os de tradu\u00e7\u00e3o albanesa otimizados para SEO<\/h3>\t\t\t\t<\/div>\n\t\t\t\t<div class=\"elementor-element elementor-element-942d08b elementor-widget elementor-widget-text-editor\" data-id=\"942d08b\" data-element_type=\"widget\" data-e-type=\"widget\" data-widget_type=\"text-editor.default\">\n\t\t\t\t\t\t\t\t\t<p>e integrar\u00a0<strong>Melhores pr\u00e1ticas de SEO<\/strong>\u00a0em nossas tradu\u00e7\u00f5es para melhorar sua\u00a0<strong>Classifica\u00e7\u00e3o do Google<\/strong>\u00a0e aumentar a visibilidade. Nossa abordagem otimizada para SEO inclui:<\/p><ul><li><strong>Pesquisa e otimiza\u00e7\u00e3o de palavras-chave<\/strong>\u00a0para pesquisas em alban\u00eas.<\/li><li><strong>Conte\u00fado localizado<\/strong>\u00a0adaptado para Alb\u00e2nia, Kosovo e al\u00e9m.<\/li><li><strong>Otimiza\u00e7\u00e3o de meta tags e URL<\/strong>\u00a0para melhorar o desempenho do seu site.<\/li><\/ul>\t\t\t\t\t\t\t\t<\/div>\n\t\t\t\t<div class=\"elementor-element elementor-element-6a2fad0 elementor-widget elementor-widget-heading\" data-id=\"6a2fad0\" data-element_type=\"widget\" data-e-type=\"widget\" data-widget_type=\"heading.default\">\n\t\t\t\t\t<h2 class=\"elementor-heading-title elementor-size-default\">Obtenha um or\u00e7amento gratuito para servi\u00e7os de tradu\u00e7\u00e3o em alban\u00eas<\/h2>\t\t\t\t<\/div>\n\t\t\t\t<div class=\"elementor-element elementor-element-8484456 elementor-widget elementor-widget-text-editor\" data-id=\"8484456\" data-element_type=\"widget\" data-e-type=\"widget\" data-widget_type=\"text-editor.default\">\n\t\t\t\t\t\t\t\t\t<p>Precisar\u00a0<strong>servi\u00e7os profissionais de tradu\u00e7\u00e3o para alban\u00eas<\/strong>? Entre em contato conosco hoje para um\u00a0<strong>or\u00e7amento gratuito<\/strong>. N\u00f3s garantimos\u00a0<strong>r\u00e1pido, preciso e confidencial<\/strong>\u00a0tradu\u00e7\u00f5es para todas as suas necessidades.<\/p><h3>\u00a0<\/h3><h3 data-start=\"3743\" data-end=\"3771\"><strong data-start=\"3747\" data-end=\"3771\">(Reino Unido) +44 737 846 1403 ou (Camar\u00f5es) +237 696 20 67 31<\/strong><\/h3><h3><a href=\"https:\/\/lsaglobal-translate.co.uk\/pt\/get-your-free-quote-lsa-global\/\"><strong>\u00a0Entre em contato conosco hoje mesmo!<\/strong><\/a><\/h3><h5><img decoding=\"async\" class=\"emoji\" role=\"img\" draggable=\"false\" src=\"https:\/\/s.w.org\/images\/core\/emoji\/15.0.3\/svg\/1f4cd.svg\" alt=\"\ud83d\udccd\" title=\"\">\u00a0<a href=\"https:\/\/lsaglobal-translate.co.uk\/pt\/our-languages-lsa-global-translate\/\">Servi\u00e7o global \u2013 dispon\u00edvel em todo o mundo<\/a><\/h5><hr \/><p><strong>Expanda seus neg\u00f3cios com tradu\u00e7\u00f5es especializadas em alban\u00eas!<\/strong>\u00a0Entre em contato agora para discutir seu projeto.<\/p>\t\t\t\t\t\t\t\t<\/div>\n\t\t\t\t<div class=\"elementor-element elementor-element-7777f2e elementor-widget elementor-widget-heading\" data-id=\"7777f2e\" data-element_type=\"widget\" data-e-type=\"widget\" data-widget_type=\"heading.default\">\n\t\t\t\t\t<h1 class=\"elementor-heading-title elementor-size-default\">Indo al\u00e9m<\/h1>\t\t\t\t<\/div>\n\t\t\t\t<div class=\"elementor-element elementor-element-ce7555f elementor-widget elementor-widget-text-editor\" data-id=\"ce7555f\" data-element_type=\"widget\" data-e-type=\"widget\" data-widget_type=\"text-editor.default\">\n\t\t\t\t\t\t\t\t\t<h4><span style=\"color: #ff0000;\"><a style=\"color: #ff0000;\" href=\"https:\/\/lsaglobal-translate.co.uk\/pt\/professional-transcription-services\/\" data-wplink-edit=\"true\">Servi\u00e7os profissionais de transcri\u00e7\u00e3o<\/a><\/span><\/h4>\t\t\t\t\t\t\t\t<\/div>\n\t\t\t\t<div class=\"elementor-element elementor-element-c193943 elementor-widget elementor-widget-text-editor\" data-id=\"c193943\" data-element_type=\"widget\" data-e-type=\"widget\" data-widget_type=\"text-editor.default\">\n\t\t\t\t\t\t\t\t\t<h4><span style=\"color: #ff0000;\"><a style=\"color: #ff0000;\" href=\"https:\/\/lsaglobal-translate.co.uk\/pt\/professional-editing-proofing-services\/\">Servi\u00e7os profissionais de revis\u00e3o e edi\u00e7\u00e3o<\/a><\/span><\/h4>\t\t\t\t\t\t\t\t<\/div>\n\t\t\t\t<div class=\"elementor-element elementor-element-95cf1c3 elementor-widget elementor-widget-text-editor\" data-id=\"95cf1c3\" data-element_type=\"widget\" data-e-type=\"widget\" data-widget_type=\"text-editor.default\">\n\t\t\t\t\t\t\t\t\t<h4><span style=\"color: #ff0000;\"><a style=\"color: #ff0000;\" href=\"https:\/\/lsaglobal-translate.co.uk\/pt\/professional-interpretation-services\/\">Servi\u00e7os de interpreta\u00e7\u00e3o profissional<\/a><\/span><\/h4>\t\t\t\t\t\t\t\t<\/div>\n\t\t\t\t<div class=\"elementor-element elementor-element-9fe5b9b elementor-widget elementor-widget-text-editor\" data-id=\"9fe5b9b\" data-element_type=\"widget\" data-e-type=\"widget\" data-widget_type=\"text-editor.default\">\n\t\t\t\t\t\t\t\t\t<h4><span style=\"color: #0000ff;\"><a style=\"color: #0000ff;\" href=\"https:\/\/lsa-global.com\/\" target=\"_blank\" rel=\"noopener\"><span style=\"color: #ff0000;\">Tradu\u00e7\u00e3o Profissional<\/span><\/a><\/span><\/h4>\t\t\t\t\t\t\t\t<\/div>\n\t\t\t\t<div class=\"elementor-element elementor-element-1c84e32 elementor-widget elementor-widget-image\" data-id=\"1c84e32\" data-element_type=\"widget\" data-e-type=\"widget\" data-widget_type=\"image.default\">\n\t\t\t\t\t\t\t\t\t\t\t\t\t\t\t<img fetchpriority=\"high\" decoding=\"async\" data-attachment-id=\"11066\" data-permalink=\"https:\/\/lsaglobal-translate.co.uk\/fr\/albanian-translation-services\/albanian-2\/\" data-orig-file=\"https:\/\/i0.wp.com\/lsaglobal-translate.co.uk\/wp-content\/uploads\/2025\/03\/Albanian-1.png?fit=2560%2C1829&amp;ssl=1\" data-orig-size=\"2560,1829\" data-comments-opened=\"1\" data-image-meta=\"{&quot;aperture&quot;:&quot;0&quot;,&quot;credit&quot;:&quot;&quot;,&quot;camera&quot;:&quot;&quot;,&quot;caption&quot;:&quot;&quot;,&quot;created_timestamp&quot;:&quot;0&quot;,&quot;copyright&quot;:&quot;&quot;,&quot;focal_length&quot;:&quot;0&quot;,&quot;iso&quot;:&quot;0&quot;,&quot;shutter_speed&quot;:&quot;0&quot;,&quot;title&quot;:&quot;&quot;,&quot;orientation&quot;:&quot;0&quot;}\" data-image-title=\"Albanian translation Services\" data-image-description=\"&lt;p&gt;Albanian translation Services&lt;\/p&gt;\" data-image-caption=\"\" data-medium-file=\"https:\/\/i0.wp.com\/lsaglobal-translate.co.uk\/wp-content\/uploads\/2025\/03\/Albanian-1.png?fit=300%2C214&amp;ssl=1\" data-large-file=\"https:\/\/i0.wp.com\/lsaglobal-translate.co.uk\/wp-content\/uploads\/2025\/03\/Albanian-1.png?fit=525%2C375&amp;ssl=1\" width=\"300\" height=\"214\" src=\"https:\/\/i0.wp.com\/lsaglobal-translate.co.uk\/wp-content\/uploads\/2025\/03\/Albanian-1.png?fit=300%2C214&amp;ssl=1\" class=\"attachment-medium size-medium wp-image-11066\" alt=\"Albanian translation Services\" srcset=\"https:\/\/i0.wp.com\/lsaglobal-translate.co.uk\/wp-content\/uploads\/2025\/03\/Albanian-1.png?w=2560&amp;ssl=1 2560w, https:\/\/i0.wp.com\/lsaglobal-translate.co.uk\/wp-content\/uploads\/2025\/03\/Albanian-1.png?resize=300%2C214&amp;ssl=1 300w, https:\/\/i0.wp.com\/lsaglobal-translate.co.uk\/wp-content\/uploads\/2025\/03\/Albanian-1.png?resize=1024%2C732&amp;ssl=1 1024w, https:\/\/i0.wp.com\/lsaglobal-translate.co.uk\/wp-content\/uploads\/2025\/03\/Albanian-1.png?resize=768%2C549&amp;ssl=1 768w, https:\/\/i0.wp.com\/lsaglobal-translate.co.uk\/wp-content\/uploads\/2025\/03\/Albanian-1.png?resize=1536%2C1097&amp;ssl=1 1536w, https:\/\/i0.wp.com\/lsaglobal-translate.co.uk\/wp-content\/uploads\/2025\/03\/Albanian-1.png?resize=2048%2C1463&amp;ssl=1 2048w, https:\/\/i0.wp.com\/lsaglobal-translate.co.uk\/wp-content\/uploads\/2025\/03\/Albanian-1.png?resize=18%2C12&amp;ssl=1 18w\" sizes=\"(max-width: 300px) 100vw, 300px\" title=\"\">\t\t\t\t\t\t\t\t\t\t\t\t\t\t\t<\/div>\n\t\t\t\t\t<\/div>\n\t\t\t\t<\/div>\n\t\t\t\t<\/div>","protected":false},"excerpt":{"rendered":"<p>Professional Albanian Translation Services \u2013 Fast &amp; Reliable Looking for high-quality\u00a0Albanian translation services? Our expert linguists provide\u00a0accurate, fast, and culturally adapted translations\u00a0for businesses, legal documents, websites, and personal use. Whether you need\u00a0certified translations, legal contracts, or website localization, we guarantee precise and professional results. Why Choose Our Albanian Translation Services? Native Albanian Translators\u00a0\u2013 Fluent experts [&hellip;]<\/p>\n","protected":false},"author":2,"featured_media":11066,"parent":0,"menu_order":0,"comment_status":"closed","ping_status":"closed","template":"","meta":{"_acf_changed":false,"footnotes":""},"class_list":["post-10789","page","type-page","status-publish","has-post-thumbnail","hentry"],"acf":[],"jetpack_sharing_enabled":true,"jetpack-related-posts":[],"_links":{"self":[{"href":"https:\/\/lsaglobal-translate.co.uk\/pt\/wp-json\/wp\/v2\/pages\/10789","targetHints":{"allow":["GET"]}}],"collection":[{"href":"https:\/\/lsaglobal-translate.co.uk\/pt\/wp-json\/wp\/v2\/pages"}],"about":[{"href":"https:\/\/lsaglobal-translate.co.uk\/pt\/wp-json\/wp\/v2\/types\/page"}],"author":[{"embeddable":true,"href":"https:\/\/lsaglobal-translate.co.uk\/pt\/wp-json\/wp\/v2\/users\/2"}],"replies":[{"embeddable":true,"href":"https:\/\/lsaglobal-translate.co.uk\/pt\/wp-json\/wp\/v2\/comments?post=10789"}],"version-history":[{"count":0,"href":"https:\/\/lsaglobal-translate.co.uk\/pt\/wp-json\/wp\/v2\/pages\/10789\/revisions"}],"wp:featuredmedia":[{"embeddable":true,"href":"https:\/\/lsaglobal-translate.co.uk\/pt\/wp-json\/wp\/v2\/media\/11066"}],"wp:attachment":[{"href":"https:\/\/lsaglobal-translate.co.uk\/pt\/wp-json\/wp\/v2\/media?parent=10789"}],"curies":[{"name":"wp","href":"https:\/\/api.w.org\/{rel}","templated":true}]}}