{"id":10794,"date":"2025-03-17T10:06:03","date_gmt":"2025-03-17T09:06:03","guid":{"rendered":"https:\/\/lsaglobal-translate.co.uk\/?page_id=10794"},"modified":"2025-04-24T10:23:42","modified_gmt":"2025-04-24T09:23:42","slug":"arabic-translation-services-lsa-global","status":"publish","type":"page","link":"https:\/\/lsaglobal-translate.co.uk\/pt\/arabic-translation-services-lsa-global\/","title":{"rendered":"Servi\u00e7os profissionais de tradu\u00e7\u00e3o \u00e1rabe \u2013 precisos e confi\u00e1veis"},"content":{"rendered":"<div data-elementor-type=\"wp-page\" data-elementor-id=\"10794\" class=\"elementor elementor-10794\" data-elementor-post-type=\"page\">\n\t\t\t\t<div class=\"elementor-element elementor-element-c5f2295 e-flex e-con-boxed e-con e-parent\" data-id=\"c5f2295\" data-element_type=\"container\" data-e-type=\"container\">\n\t\t\t\t\t<div class=\"e-con-inner\">\n\t\t\t\t<div class=\"elementor-element elementor-element-1b59847 elementor-widget elementor-widget-image\" data-id=\"1b59847\" data-element_type=\"widget\" data-e-type=\"widget\" data-widget_type=\"image.default\">\n\t\t\t\t\t\t\t\t\t\t\t\t\t\t\t<img decoding=\"async\" data-attachment-id=\"11081\" data-permalink=\"https:\/\/lsaglobal-translate.co.uk\/ru\/arabic-translation-services-lsa-global\/arabic-2\/\" data-orig-file=\"https:\/\/i0.wp.com\/lsaglobal-translate.co.uk\/wp-content\/uploads\/2025\/03\/Arabic-1.png?fit=2560%2C1280&amp;ssl=1\" data-orig-size=\"2560,1280\" data-comments-opened=\"1\" data-image-meta=\"{&quot;aperture&quot;:&quot;0&quot;,&quot;credit&quot;:&quot;&quot;,&quot;camera&quot;:&quot;&quot;,&quot;caption&quot;:&quot;&quot;,&quot;created_timestamp&quot;:&quot;0&quot;,&quot;copyright&quot;:&quot;&quot;,&quot;focal_length&quot;:&quot;0&quot;,&quot;iso&quot;:&quot;0&quot;,&quot;shutter_speed&quot;:&quot;0&quot;,&quot;title&quot;:&quot;&quot;,&quot;orientation&quot;:&quot;0&quot;}\" data-image-title=\"Arabic translation Services\" data-image-description=\"&lt;p&gt;Arabic translation Services&lt;\/p&gt;\" data-image-caption=\"\" data-medium-file=\"https:\/\/i0.wp.com\/lsaglobal-translate.co.uk\/wp-content\/uploads\/2025\/03\/Arabic-1.png?fit=300%2C150&amp;ssl=1\" data-large-file=\"https:\/\/i0.wp.com\/lsaglobal-translate.co.uk\/wp-content\/uploads\/2025\/03\/Arabic-1.png?fit=525%2C263&amp;ssl=1\" width=\"300\" height=\"150\" src=\"https:\/\/i0.wp.com\/lsaglobal-translate.co.uk\/wp-content\/uploads\/2025\/03\/Arabic-1.png?fit=300%2C150&amp;ssl=1\" class=\"attachment-medium size-medium wp-image-11081\" alt=\"Arabic translation Services\" srcset=\"https:\/\/i0.wp.com\/lsaglobal-translate.co.uk\/wp-content\/uploads\/2025\/03\/Arabic-1.png?w=2560&amp;ssl=1 2560w, https:\/\/i0.wp.com\/lsaglobal-translate.co.uk\/wp-content\/uploads\/2025\/03\/Arabic-1.png?resize=300%2C150&amp;ssl=1 300w, https:\/\/i0.wp.com\/lsaglobal-translate.co.uk\/wp-content\/uploads\/2025\/03\/Arabic-1.png?resize=1024%2C512&amp;ssl=1 1024w, https:\/\/i0.wp.com\/lsaglobal-translate.co.uk\/wp-content\/uploads\/2025\/03\/Arabic-1.png?resize=768%2C384&amp;ssl=1 768w, https:\/\/i0.wp.com\/lsaglobal-translate.co.uk\/wp-content\/uploads\/2025\/03\/Arabic-1.png?resize=1536%2C768&amp;ssl=1 1536w, https:\/\/i0.wp.com\/lsaglobal-translate.co.uk\/wp-content\/uploads\/2025\/03\/Arabic-1.png?resize=2048%2C1024&amp;ssl=1 2048w, https:\/\/i0.wp.com\/lsaglobal-translate.co.uk\/wp-content\/uploads\/2025\/03\/Arabic-1.png?resize=18%2C9&amp;ssl=1 18w\" sizes=\"(max-width: 300px) 100vw, 300px\" title=\"\">\t\t\t\t\t\t\t\t\t\t\t\t\t\t\t<\/div>\n\t\t\t\t<div class=\"elementor-element elementor-element-d3ad8d4 elementor-widget elementor-widget-heading\" data-id=\"d3ad8d4\" data-element_type=\"widget\" data-e-type=\"widget\" data-widget_type=\"heading.default\">\n\t\t\t\t\t<h2 class=\"elementor-heading-title elementor-size-default\">Expert Arabic Translation Services for Businesses &amp; Individuals<\/h2>\t\t\t\t<\/div>\n\t\t\t\t<div class=\"elementor-element elementor-element-c7ca506 elementor-widget elementor-widget-text-editor\" data-id=\"c7ca506\" data-element_type=\"widget\" data-e-type=\"widget\" data-widget_type=\"text-editor.default\">\n\t\t\t\t\t\t\t\t\t<p>Procurando por\u00a0<strong data-start=\"158\" data-end=\"202\">high-quality Arabic translation services<\/strong>? N\u00f3s fornecemos\u00a0<strong data-start=\"215\" data-end=\"270\">fast, accurate, and culturally adapted translations<\/strong>\u00a0for businesses, legal documents, websites, and personal use. Our\u00a0<strong data-start=\"336\" data-end=\"368\">certified Arabic translators<\/strong>\u00a0ensure that your content is professionally translated and adapted for Arabic-speaking audiences across the Middle East, North Africa, and beyond.<\/p>\t\t\t\t\t\t\t\t<\/div>\n\t\t\t\t<div class=\"elementor-element elementor-element-ad84357 elementor-widget elementor-widget-heading\" data-id=\"ad84357\" data-element_type=\"widget\" data-e-type=\"widget\" data-widget_type=\"heading.default\">\n\t\t\t\t\t<h3 class=\"elementor-heading-title elementor-size-default\">Why Choose Our Arabic Translation Services?<\/h3>\t\t\t\t<\/div>\n\t\t\t\t<div class=\"elementor-element elementor-element-8d3c7b5 elementor-widget elementor-widget-text-editor\" data-id=\"8d3c7b5\" data-element_type=\"widget\" data-e-type=\"widget\" data-widget_type=\"text-editor.default\">\n\t\t\t\t\t\t\t\t\t<ul data-start=\"572\" data-end=\"990\"><li data-start=\"572\" data-end=\"660\"><strong data-start=\"576\" data-end=\"605\">Native Arabic Translators<\/strong>\u00a0\u2013 Expert linguists with industry-specific knowledge.<\/li><li data-start=\"661\" data-end=\"753\"><img decoding=\"async\" class=\"emoji\" role=\"img\" draggable=\"false\" src=\"https:\/\/s.w.org\/images\/core\/emoji\/15.0.3\/svg\/2705.svg\" alt=\"\u2705\" title=\"\">\u00a0<strong data-start=\"665\" data-end=\"702\">Tradu\u00e7\u00f5es Certificadas e Oficiais<\/strong>\u00a0\u2013 Aceito por institui\u00e7\u00f5es legais e governamentais.<\/li><li data-start=\"754\" data-end=\"851\"><img decoding=\"async\" class=\"emoji\" role=\"img\" draggable=\"false\" src=\"https:\/\/s.w.org\/images\/core\/emoji\/15.0.3\/svg\/2705.svg\" alt=\"\u2705\" title=\"\">\u00a0<strong data-start=\"758\" data-end=\"795\">SEO-Optimized Arabic Translations<\/strong>\u00a0\u2013 Helping your website rank in Arabic search results.<\/li><li data-start=\"852\" data-end=\"929\"><img decoding=\"async\" class=\"emoji\" role=\"img\" draggable=\"false\" src=\"https:\/\/s.w.org\/images\/core\/emoji\/15.0.3\/svg\/2705.svg\" alt=\"\u2705\" title=\"\">\u00a0<strong data-start=\"856\" data-end=\"880\">Fast Turnaround Time<\/strong>\u00a0\u2013 Accurate translations delivered on schedule.<\/li><li data-start=\"930\" data-end=\"990\"><img decoding=\"async\" class=\"emoji\" role=\"img\" draggable=\"false\" src=\"https:\/\/s.w.org\/images\/core\/emoji\/15.0.3\/svg\/2705.svg\" alt=\"\u2705\" title=\"\">\u00a0<strong data-start=\"934\" data-end=\"970\">Affordable &amp; Transparent Pricing<\/strong>\u00a0\u2013 No hidden fees.<\/li><\/ul>\t\t\t\t\t\t\t\t<\/div>\n\t\t\t\t<div class=\"elementor-element elementor-element-42485bf elementor-widget elementor-widget-heading\" data-id=\"42485bf\" data-element_type=\"widget\" data-e-type=\"widget\" data-widget_type=\"heading.default\">\n\t\t\t\t\t<h3 class=\"elementor-heading-title elementor-size-default\">Our Professional Arabic Translation Services<\/h3>\t\t\t\t<\/div>\n\t\t\t\t<div class=\"elementor-element elementor-element-3b3f89d elementor-widget elementor-widget-heading\" data-id=\"3b3f89d\" data-element_type=\"widget\" data-e-type=\"widget\" data-widget_type=\"heading.default\">\n\t\t\t\t\t<h5 class=\"elementor-heading-title elementor-size-default\">1. Tradu\u00e7\u00e3o Certificada de Documentos<\/h5>\t\t\t\t<\/div>\n\t\t\t\t<div class=\"elementor-element elementor-element-b2b1225 elementor-widget elementor-widget-text-editor\" data-id=\"b2b1225\" data-element_type=\"widget\" data-e-type=\"widget\" data-widget_type=\"text-editor.default\">\n\t\t\t\t\t\t\t\t\t<p data-start=\"1091\" data-end=\"1141\">Our certified Arabic translation services cover:<\/p><ul data-start=\"1142\" data-end=\"1326\"><li data-start=\"1142\" data-end=\"1174\">Legal contracts &amp; agreements<\/li><li data-start=\"1175\" data-end=\"1208\">Certid\u00f5es de nascimento e casamento<\/li><li data-start=\"1209\" data-end=\"1244\">Diplomas e hist\u00f3ricos acad\u00eamicos<\/li><li data-start=\"1245\" data-end=\"1285\">Court documents &amp; immigration papers<\/li><li data-start=\"1286\" data-end=\"1326\">Business licenses &amp; official records<\/li><\/ul>\t\t\t\t\t\t\t\t<\/div>\n\t\t\t\t<div class=\"elementor-element elementor-element-e7d0874 elementor-widget elementor-widget-heading\" data-id=\"e7d0874\" data-element_type=\"widget\" data-e-type=\"widget\" data-widget_type=\"heading.default\">\n\t\t\t\t\t<h5 class=\"elementor-heading-title elementor-size-default\">2. Arabic Website &amp; App Localization<\/h5>\t\t\t\t<\/div>\n\t\t\t\t<div class=\"elementor-element elementor-element-2457309 elementor-widget elementor-widget-text-editor\" data-id=\"2457309\" data-element_type=\"widget\" data-e-type=\"widget\" data-widget_type=\"text-editor.default\">\n\t\t\t\t\t\t\t\t\t<p data-start=\"1375\" data-end=\"1528\">Expand your business into\u00a0<strong data-start=\"1401\" data-end=\"1428\">Arabic-speaking markets<\/strong>\u00a0with professional localization. Our experts ensure that your website, mobile app, or software is:<\/p><ul data-start=\"1529\" data-end=\"1734\"><li data-start=\"1529\" data-end=\"1598\"><strong data-start=\"1531\" data-end=\"1553\">Culturally adapted<\/strong>\u00a0for the Middle East &amp; North Africa (MENA).<\/li><li data-start=\"1599\" data-end=\"1669\"><strong data-start=\"1601\" data-end=\"1618\">SEO-optimized<\/strong>\u00a0for\u00a0<strong data-start=\"1623\" data-end=\"1666\">Google, Bing, and Arabic search engines<\/strong>.<\/li><li data-start=\"1670\" data-end=\"1734\"><strong data-start=\"1672\" data-end=\"1712\">User-friendly &amp; technically flawless<\/strong>\u00a0for Arabic readers.<\/li><\/ul>\t\t\t\t\t\t\t\t<\/div>\n\t\t\t\t<div class=\"elementor-element elementor-element-d316080 elementor-widget elementor-widget-heading\" data-id=\"d316080\" data-element_type=\"widget\" data-e-type=\"widget\" data-widget_type=\"heading.default\">\n\t\t\t\t\t<h5 class=\"elementor-heading-title elementor-size-default\">3. Tradu\u00e7\u00f5es de neg\u00f3cios e marketing<\/h5>\t\t\t\t<\/div>\n\t\t\t\t<div class=\"elementor-element elementor-element-0a53aa6 elementor-widget elementor-widget-text-editor\" data-id=\"0a53aa6\" data-element_type=\"widget\" data-e-type=\"widget\" data-widget_type=\"text-editor.default\">\n\t\t\t\t\t\t\t\t\t<p style=\"color: #125c04;\" data-start=\"1783\" data-end=\"1878\">We help businesses communicate effectively with\u00a0<span style=\"font-weight: bolder;\" data-start=\"1831\" data-end=\"1860\">Arabic-speaking customers<\/span>\u00a0by translating:<\/p><ul style=\"color: #125c04;\" data-start=\"1879\" data-end=\"2059\"><li data-start=\"1879\" data-end=\"1925\">Marketing campaigns &amp; social media content<\/li><li data-start=\"1926\" data-end=\"1971\">Descri\u00e7\u00f5es de produtos e listagens de com\u00e9rcio eletr\u00f4nico<\/li><li data-start=\"1972\" data-end=\"2018\">Business reports &amp; corporate presentations<\/li><li data-start=\"2019\" data-end=\"2059\">Financial &amp; legal business documents<\/li><\/ul>\t\t\t\t\t\t\t\t<\/div>\n\t\t\t\t<div class=\"elementor-element elementor-element-e210b3f elementor-widget elementor-widget-heading\" data-id=\"e210b3f\" data-element_type=\"widget\" data-e-type=\"widget\" data-widget_type=\"heading.default\">\n\t\t\t\t\t<h5 class=\"elementor-heading-title elementor-size-default\">4. Tradu\u00e7\u00f5es Jur\u00eddicas e de Imigra\u00e7\u00e3o<\/h5>\t\t\t\t<\/div>\n\t\t\t\t<div class=\"elementor-element elementor-element-b15d854 elementor-widget elementor-widget-text-editor\" data-id=\"b15d854\" data-element_type=\"widget\" data-e-type=\"widget\" data-widget_type=\"text-editor.default\">\n\t\t\t\t\t\t\t\t\t<p data-start=\"2107\" data-end=\"2205\">Our team specializes in\u00a0<strong data-start=\"2131\" data-end=\"2160\">legal Arabic translations<\/strong>, ensuring accuracy and confidentiality in:<\/p><ul data-start=\"2206\" data-end=\"2354\"><li data-start=\"2206\" data-end=\"2242\">Contracts &amp; corporate agreements<\/li><li data-start=\"2243\" data-end=\"2283\">Court rulings &amp; litigation documents<\/li><li data-start=\"2284\" data-end=\"2321\">Regulatory &amp; compliance materials<\/li><li data-start=\"2322\" data-end=\"2354\">Visa &amp; immigration documents<\/li><\/ul>\t\t\t\t\t\t\t\t<\/div>\n\t\t\t\t<div class=\"elementor-element elementor-element-035cdd7 elementor-widget elementor-widget-heading\" data-id=\"035cdd7\" data-element_type=\"widget\" data-e-type=\"widget\" data-widget_type=\"heading.default\">\n\t\t\t\t\t<h5 class=\"elementor-heading-title elementor-size-default\">5. Tradu\u00e7\u00f5es T\u00e9cnicas e M\u00e9dicas<\/h5>\t\t\t\t<\/div>\n\t\t\t\t<div class=\"elementor-element elementor-element-6cdb2b6 elementor-widget elementor-widget-text-editor\" data-id=\"6cdb2b6\" data-element_type=\"widget\" data-e-type=\"widget\" data-widget_type=\"text-editor.default\">\n\t\t\t\t\t\t\t\t\t<p data-start=\"2402\" data-end=\"2463\">We provide specialized translations for industries such as:<\/p><ul data-start=\"2464\" data-end=\"2606\"><li data-start=\"2464\" data-end=\"2496\">Sa\u00fade e produtos farmac\u00eauticos<\/li><li data-start=\"2497\" data-end=\"2528\">Engineering &amp; manufacturing<\/li><li data-start=\"2529\" data-end=\"2558\">IT &amp; software development<\/li><li data-start=\"2559\" data-end=\"2606\">Scientific research &amp; academic publications<\/li><\/ul>\t\t\t\t\t\t\t\t<\/div>\n\t\t\t\t<div class=\"elementor-element elementor-element-c8832d4 elementor-widget elementor-widget-heading\" data-id=\"c8832d4\" data-element_type=\"widget\" data-e-type=\"widget\" data-widget_type=\"heading.default\">\n\t\t\t\t\t<h3 class=\"elementor-heading-title elementor-size-default\">Ind\u00fastrias que atendemos<\/h3>\t\t\t\t<\/div>\n\t\t\t\t<div class=\"elementor-element elementor-element-09c10f0 elementor-widget elementor-widget-text-editor\" data-id=\"09c10f0\" data-element_type=\"widget\" data-e-type=\"widget\" data-widget_type=\"text-editor.default\">\n\t\t\t\t\t\t\t\t\t<p data-start=\"2637\" data-end=\"2718\">Nosso\u00a0<strong data-start=\"2641\" data-end=\"2672\">Arabic translation services<\/strong>\u00a0support a variety of industries, including:<\/p><ul data-start=\"2719\" data-end=\"2867\"><li data-start=\"2719\" data-end=\"2745\"><strong data-start=\"2721\" data-end=\"2743\">Jur\u00eddico e Governamental<\/strong><\/li><li data-start=\"2746\" data-end=\"2782\"><strong data-start=\"2748\" data-end=\"2780\">Sa\u00fade e produtos farmac\u00eauticos<\/strong><\/li><li data-start=\"2783\" data-end=\"2810\"><strong data-start=\"2785\" data-end=\"2808\">E-commerce e Varejo<\/strong><\/li><li data-start=\"2811\" data-end=\"2840\"><strong data-start=\"2813\" data-end=\"2838\">Tecnologia e Software<\/strong><\/li><li data-start=\"2841\" data-end=\"2867\"><strong data-start=\"2843\" data-end=\"2865\">Neg\u00f3cios e Finan\u00e7as<\/strong><\/li><\/ul>\t\t\t\t\t\t\t\t<\/div>\n\t\t\t\t<div class=\"elementor-element elementor-element-a7cc1e5 elementor-widget elementor-widget-heading\" data-id=\"a7cc1e5\" data-element_type=\"widget\" data-e-type=\"widget\" data-widget_type=\"heading.default\">\n\t\t\t\t\t<h3 class=\"elementor-heading-title elementor-size-default\">Why Arabic Translation Matters<\/h3>\t\t\t\t<\/div>\n\t\t\t\t<div class=\"elementor-element elementor-element-518fd44 elementor-widget elementor-widget-text-editor\" data-id=\"518fd44\" data-element_type=\"widget\" data-e-type=\"widget\" data-widget_type=\"text-editor.default\">\n\t\t\t\t\t\t\t\t\t<p data-start=\"2909\" data-end=\"3124\">Arabic is spoken by over\u00a0<strong data-start=\"2934\" data-end=\"2966\">420 million people worldwide<\/strong>, making it essential for businesses and organizations looking to expand in\u00a0<strong data-start=\"3042\" data-end=\"3087\">the Middle East, North Africa, and beyond<\/strong>. A tradu\u00e7\u00e3o profissional garante:<\/p><ul data-start=\"3125\" data-end=\"3355\"><li data-start=\"3125\" data-end=\"3208\"><strong data-start=\"3127\" data-end=\"3148\">Precis\u00e3o cultural<\/strong>\u00a0\u2013 Avoid miscommunication and improve audience engagement.<\/li><li data-start=\"3209\" data-end=\"3285\"><strong data-start=\"3211\" data-end=\"3231\">Conformidade legal<\/strong>\u00a0\u2013 Meet the requirements of government institutions.<\/li><li data-start=\"3286\" data-end=\"3355\"><strong data-start=\"3288\" data-end=\"3304\">SEO benefits<\/strong>\u00a0\u2013 Rank higher in Arabic-language search results.<\/li><\/ul>\t\t\t\t\t\t\t\t<\/div>\n\t\t\t\t<div class=\"elementor-element elementor-element-f5f4b78 elementor-widget elementor-widget-heading\" data-id=\"f5f4b78\" data-element_type=\"widget\" data-e-type=\"widget\" data-widget_type=\"heading.default\">\n\t\t\t\t\t<h3 class=\"elementor-heading-title elementor-size-default\">SEO-Optimized Arabic Translation Services<\/h3>\t\t\t\t<\/div>\n\t\t\t\t<div class=\"elementor-element elementor-element-5036031 elementor-widget elementor-widget-text-editor\" data-id=\"5036031\" data-element_type=\"widget\" data-e-type=\"widget\" data-widget_type=\"text-editor.default\">\n\t\t\t\t\t\t\t\t\t<p data-start=\"3408\" data-end=\"3554\">Our Arabic translations follow\u00a0<strong data-start=\"3439\" data-end=\"3461\">Melhores pr\u00e1ticas de SEO<\/strong>\u00a0to help your website rank higher on\u00a0<strong data-start=\"3498\" data-end=\"3540\">Google, Bing e mecanismos de busca locais<\/strong>. We ensure:<\/p><ul data-start=\"3555\" data-end=\"3733\"><li data-start=\"3555\" data-end=\"3604\"><strong data-start=\"3557\" data-end=\"3581\">Keyword optimization<\/strong>\u00a0for Arabic searches.<\/li><li data-start=\"3605\" data-end=\"3668\"><strong data-start=\"3607\" data-end=\"3643\">Arabic-friendly meta tags &amp; URLs<\/strong>\u00a0for better visibility.<\/li><li data-start=\"3669\" data-end=\"3733\"><strong data-start=\"3671\" data-end=\"3692\">Conte\u00fado localizado<\/strong>\u00a0tailored to Arabic-speaking audiences.<\/li><\/ul>\t\t\t\t\t\t\t\t<\/div>\n\t\t\t\t<div class=\"elementor-element elementor-element-755e130 elementor-widget elementor-widget-heading\" data-id=\"755e130\" data-element_type=\"widget\" data-e-type=\"widget\" data-widget_type=\"heading.default\">\n\t\t\t\t\t<h2 class=\"elementor-heading-title elementor-size-default\">Entre em contato conosco hoje mesmo!<\/h2>\t\t\t\t<\/div>\n\t\t\t\t<div class=\"elementor-element elementor-element-4a92fcf elementor-widget elementor-widget-text-editor\" data-id=\"4a92fcf\" data-element_type=\"widget\" data-e-type=\"widget\" data-widget_type=\"text-editor.default\">\n\t\t\t\t\t\t\t\t\t<h2 data-start=\"3735\" data-end=\"3792\"><strong data-start=\"3738\" data-end=\"3790\"><span style=\"color: #339966;\"><a style=\"color: #339966;\" href=\"https:\/\/lsaglobal-translate.co.uk\/pt\/professional-transcription-services\/\">Get a Free Quote for Arabic<\/a><\/span> Servi\u00e7os de tradu\u00e7\u00e3o<\/strong><\/h2><p data-start=\"3793\" data-end=\"3963\">Precisar\u00a0<strong data-start=\"3798\" data-end=\"3842\">professional Arabic translation services<\/strong>? Entre em contato conosco hoje para um\u00a0<strong data-start=\"3867\" data-end=\"3881\">or\u00e7amento gratuito<\/strong>. N\u00f3s garantimos\u00a0<strong data-start=\"3893\" data-end=\"3928\">r\u00e1pido, preciso e confidencial<\/strong>\u00a0tradu\u00e7\u00f5es para todas as suas necessidades.<span style=\"color: #125c04; font-family: var( --e-global-typography-text-font-family ), Sans-serif; font-weight: var( --e-global-typography-text-font-weight ); text-align: var(--text-align);\">Servi\u00e7o global \u2013 dispon\u00edvel em todo o mundo<\/span><\/p><hr style=\"background-color: #ffffff; color: #125c04;\" data-start=\"4129\" data-end=\"4132\" \/><p style=\"color: #125c04;\" data-start=\"4134\" data-end=\"4230\" data-is-last-node=\"\" data-is-only-node=\"\"><span style=\"font-weight: bolder;\" data-start=\"4134\" data-end=\"4191\">Expand your business with expert Arabic translations!<\/span>\u00a0Entre em contato agora para discutir seu projeto.<\/p>\t\t\t\t\t\t\t\t<\/div>\n\t\t\t\t<div class=\"elementor-element elementor-element-287cd0f elementor-widget elementor-widget-heading\" data-id=\"287cd0f\" data-element_type=\"widget\" data-e-type=\"widget\" data-widget_type=\"heading.default\">\n\t\t\t\t\t<h2 class=\"elementor-heading-title elementor-size-default\">Indo al\u00e9m<\/h2>\t\t\t\t<\/div>\n\t\t\t\t<div class=\"elementor-element elementor-element-83ea5dd elementor-widget elementor-widget-text-editor\" data-id=\"83ea5dd\" data-element_type=\"widget\" data-e-type=\"widget\" data-widget_type=\"text-editor.default\">\n\t\t\t\t\t\t\t\t\t<h4><a href=\"https:\/\/lsaglobal-translate.co.uk\/pt\/professional-transcription-services\/\">Servi\u00e7os profissionais de transcri\u00e7\u00e3o<\/a><\/h4>\t\t\t\t\t\t\t\t<\/div>\n\t\t\t\t<div class=\"elementor-element elementor-element-712c372 elementor-widget elementor-widget-text-editor\" data-id=\"712c372\" data-element_type=\"widget\" data-e-type=\"widget\" data-widget_type=\"text-editor.default\">\n\t\t\t\t\t\t\t\t\t<h4><a href=\"https:\/\/lsaglobal-translate.co.uk\/pt\/professional-editing-proofing-services\/\">Servi\u00e7os profissionais de revis\u00e3o e edi\u00e7\u00e3o<\/a><\/h4>\t\t\t\t\t\t\t\t<\/div>\n\t\t\t\t<div class=\"elementor-element elementor-element-c275f57 elementor-widget elementor-widget-text-editor\" data-id=\"c275f57\" data-element_type=\"widget\" data-e-type=\"widget\" data-widget_type=\"text-editor.default\">\n\t\t\t\t\t\t\t\t\t<h4><span style=\"color: #0000ff;\"><a style=\"color: #0000ff;\" href=\"https:\/\/lsa-global.com\/\" target=\"_blank\" rel=\"noopener\">Tradu\u00e7\u00e3o Profissional<\/a><\/span><\/h4>\t\t\t\t\t\t\t\t<\/div>\n\t\t\t\t<div class=\"elementor-element elementor-element-60a90fc elementor-widget elementor-widget-image\" data-id=\"60a90fc\" data-element_type=\"widget\" data-e-type=\"widget\" data-widget_type=\"image.default\">\n\t\t\t\t\t\t\t\t\t\t\t\t\t\t\t<img decoding=\"async\" data-attachment-id=\"11081\" data-permalink=\"https:\/\/lsaglobal-translate.co.uk\/ru\/arabic-translation-services-lsa-global\/arabic-2\/\" data-orig-file=\"https:\/\/i0.wp.com\/lsaglobal-translate.co.uk\/wp-content\/uploads\/2025\/03\/Arabic-1.png?fit=2560%2C1280&amp;ssl=1\" data-orig-size=\"2560,1280\" data-comments-opened=\"1\" data-image-meta=\"{&quot;aperture&quot;:&quot;0&quot;,&quot;credit&quot;:&quot;&quot;,&quot;camera&quot;:&quot;&quot;,&quot;caption&quot;:&quot;&quot;,&quot;created_timestamp&quot;:&quot;0&quot;,&quot;copyright&quot;:&quot;&quot;,&quot;focal_length&quot;:&quot;0&quot;,&quot;iso&quot;:&quot;0&quot;,&quot;shutter_speed&quot;:&quot;0&quot;,&quot;title&quot;:&quot;&quot;,&quot;orientation&quot;:&quot;0&quot;}\" data-image-title=\"Arabic translation Services\" data-image-description=\"&lt;p&gt;Arabic translation Services&lt;\/p&gt;\" data-image-caption=\"\" data-medium-file=\"https:\/\/i0.wp.com\/lsaglobal-translate.co.uk\/wp-content\/uploads\/2025\/03\/Arabic-1.png?fit=300%2C150&amp;ssl=1\" data-large-file=\"https:\/\/i0.wp.com\/lsaglobal-translate.co.uk\/wp-content\/uploads\/2025\/03\/Arabic-1.png?fit=525%2C263&amp;ssl=1\" width=\"300\" height=\"150\" src=\"https:\/\/i0.wp.com\/lsaglobal-translate.co.uk\/wp-content\/uploads\/2025\/03\/Arabic-1.png?fit=300%2C150&amp;ssl=1\" class=\"attachment-medium size-medium wp-image-11081\" alt=\"Arabic translation Services\" srcset=\"https:\/\/i0.wp.com\/lsaglobal-translate.co.uk\/wp-content\/uploads\/2025\/03\/Arabic-1.png?w=2560&amp;ssl=1 2560w, https:\/\/i0.wp.com\/lsaglobal-translate.co.uk\/wp-content\/uploads\/2025\/03\/Arabic-1.png?resize=300%2C150&amp;ssl=1 300w, https:\/\/i0.wp.com\/lsaglobal-translate.co.uk\/wp-content\/uploads\/2025\/03\/Arabic-1.png?resize=1024%2C512&amp;ssl=1 1024w, https:\/\/i0.wp.com\/lsaglobal-translate.co.uk\/wp-content\/uploads\/2025\/03\/Arabic-1.png?resize=768%2C384&amp;ssl=1 768w, https:\/\/i0.wp.com\/lsaglobal-translate.co.uk\/wp-content\/uploads\/2025\/03\/Arabic-1.png?resize=1536%2C768&amp;ssl=1 1536w, https:\/\/i0.wp.com\/lsaglobal-translate.co.uk\/wp-content\/uploads\/2025\/03\/Arabic-1.png?resize=2048%2C1024&amp;ssl=1 2048w, https:\/\/i0.wp.com\/lsaglobal-translate.co.uk\/wp-content\/uploads\/2025\/03\/Arabic-1.png?resize=18%2C9&amp;ssl=1 18w\" sizes=\"(max-width: 300px) 100vw, 300px\" title=\"\">\t\t\t\t\t\t\t\t\t\t\t\t\t\t\t<\/div>\n\t\t\t\t\t<\/div>\n\t\t\t\t<\/div>\n\t\t\t\t<\/div>","protected":false},"excerpt":{"rendered":"<p>Expert Arabic Translation Services for Businesses &amp; Individuals Looking for\u00a0high-quality Arabic translation services? We provide\u00a0fast, accurate, and culturally adapted translations\u00a0for businesses, legal documents, websites, and personal use. Our\u00a0certified Arabic translators\u00a0ensure that your content is professionally translated and adapted for Arabic-speaking audiences across the Middle East, North Africa, and beyond. Why Choose Our Arabic Translation Services? [&hellip;]<\/p>\n","protected":false},"author":2,"featured_media":11081,"parent":0,"menu_order":0,"comment_status":"closed","ping_status":"closed","template":"","meta":{"_acf_changed":false,"footnotes":""},"class_list":["post-10794","page","type-page","status-publish","has-post-thumbnail","hentry"],"acf":[],"jetpack_sharing_enabled":true,"jetpack-related-posts":[],"_links":{"self":[{"href":"https:\/\/lsaglobal-translate.co.uk\/pt\/wp-json\/wp\/v2\/pages\/10794","targetHints":{"allow":["GET"]}}],"collection":[{"href":"https:\/\/lsaglobal-translate.co.uk\/pt\/wp-json\/wp\/v2\/pages"}],"about":[{"href":"https:\/\/lsaglobal-translate.co.uk\/pt\/wp-json\/wp\/v2\/types\/page"}],"author":[{"embeddable":true,"href":"https:\/\/lsaglobal-translate.co.uk\/pt\/wp-json\/wp\/v2\/users\/2"}],"replies":[{"embeddable":true,"href":"https:\/\/lsaglobal-translate.co.uk\/pt\/wp-json\/wp\/v2\/comments?post=10794"}],"version-history":[{"count":0,"href":"https:\/\/lsaglobal-translate.co.uk\/pt\/wp-json\/wp\/v2\/pages\/10794\/revisions"}],"wp:featuredmedia":[{"embeddable":true,"href":"https:\/\/lsaglobal-translate.co.uk\/pt\/wp-json\/wp\/v2\/media\/11081"}],"wp:attachment":[{"href":"https:\/\/lsaglobal-translate.co.uk\/pt\/wp-json\/wp\/v2\/media?parent=10794"}],"curies":[{"name":"wp","href":"https:\/\/api.w.org\/{rel}","templated":true}]}}