{"id":10957,"date":"2025-03-17T14:13:56","date_gmt":"2025-03-17T13:13:56","guid":{"rendered":"https:\/\/lsaglobal-translate.co.uk\/?page_id=10957"},"modified":"2025-04-23T13:23:07","modified_gmt":"2025-04-23T12:23:07","slug":"serbian-translation-services-accurate","status":"publish","type":"page","link":"https:\/\/lsaglobal-translate.co.uk\/pt\/serbian-translation-services-accurate\/","title":{"rendered":"Servi\u00e7os profissionais de tradu\u00e7\u00e3o s\u00e9rvia \u2013 precisos e certificados"},"content":{"rendered":"<div data-elementor-type=\"wp-page\" data-elementor-id=\"10957\" class=\"elementor elementor-10957\" data-elementor-post-type=\"page\">\n\t\t\t\t<div class=\"elementor-element elementor-element-be2af20 e-flex e-con-boxed e-con e-parent\" data-id=\"be2af20\" data-element_type=\"container\" data-e-type=\"container\">\n\t\t\t\t\t<div class=\"e-con-inner\">\n\t\t\t\t<div class=\"elementor-element elementor-element-e253483 elementor-widget elementor-widget-image\" data-id=\"e253483\" data-element_type=\"widget\" data-e-type=\"widget\" data-widget_type=\"image.default\">\n\t\t\t\t\t\t\t\t\t\t\t\t\t\t\t<img fetchpriority=\"high\" decoding=\"async\" data-attachment-id=\"10666\" data-permalink=\"https:\/\/lsaglobal-translate.co.uk\/es\/serbian\/\" data-orig-file=\"https:\/\/i0.wp.com\/lsaglobal-translate.co.uk\/wp-content\/uploads\/2025\/03\/Serbian.png?fit=2560%2C1707&amp;ssl=1\" data-orig-size=\"2560,1707\" data-comments-opened=\"1\" data-image-meta=\"{&quot;aperture&quot;:&quot;0&quot;,&quot;credit&quot;:&quot;&quot;,&quot;camera&quot;:&quot;&quot;,&quot;caption&quot;:&quot;&quot;,&quot;created_timestamp&quot;:&quot;0&quot;,&quot;copyright&quot;:&quot;&quot;,&quot;focal_length&quot;:&quot;0&quot;,&quot;iso&quot;:&quot;0&quot;,&quot;shutter_speed&quot;:&quot;0&quot;,&quot;title&quot;:&quot;&quot;,&quot;orientation&quot;:&quot;0&quot;}\" data-image-title=\"Serbian translation services\" data-image-description=\"&lt;p&gt;Serbian translation services &lt;\/p&gt;\" data-image-caption=\"\" data-medium-file=\"https:\/\/i0.wp.com\/lsaglobal-translate.co.uk\/wp-content\/uploads\/2025\/03\/Serbian.png?fit=300%2C200&amp;ssl=1\" data-large-file=\"https:\/\/i0.wp.com\/lsaglobal-translate.co.uk\/wp-content\/uploads\/2025\/03\/Serbian.png?fit=525%2C350&amp;ssl=1\" width=\"300\" height=\"200\" src=\"https:\/\/i0.wp.com\/lsaglobal-translate.co.uk\/wp-content\/uploads\/2025\/03\/Serbian.png?fit=300%2C200&amp;ssl=1\" class=\"attachment-medium size-medium wp-image-10666\" alt=\"Serbian translation services\" srcset=\"https:\/\/i0.wp.com\/lsaglobal-translate.co.uk\/wp-content\/uploads\/2025\/03\/Serbian.png?w=2560&amp;ssl=1 2560w, https:\/\/i0.wp.com\/lsaglobal-translate.co.uk\/wp-content\/uploads\/2025\/03\/Serbian.png?resize=300%2C200&amp;ssl=1 300w, https:\/\/i0.wp.com\/lsaglobal-translate.co.uk\/wp-content\/uploads\/2025\/03\/Serbian.png?resize=1024%2C683&amp;ssl=1 1024w, https:\/\/i0.wp.com\/lsaglobal-translate.co.uk\/wp-content\/uploads\/2025\/03\/Serbian.png?resize=768%2C512&amp;ssl=1 768w, https:\/\/i0.wp.com\/lsaglobal-translate.co.uk\/wp-content\/uploads\/2025\/03\/Serbian.png?resize=1536%2C1024&amp;ssl=1 1536w, https:\/\/i0.wp.com\/lsaglobal-translate.co.uk\/wp-content\/uploads\/2025\/03\/Serbian.png?resize=2048%2C1366&amp;ssl=1 2048w, https:\/\/i0.wp.com\/lsaglobal-translate.co.uk\/wp-content\/uploads\/2025\/03\/Serbian.png?resize=18%2C12&amp;ssl=1 18w\" sizes=\"(max-width: 300px) 100vw, 300px\" title=\"\">\t\t\t\t\t\t\t\t\t\t\t\t\t\t\t<\/div>\n\t\t\t\t\t<\/div>\n\t\t\t\t<\/div>\n\t\t<div class=\"elementor-element elementor-element-109345e e-flex e-con-boxed e-con e-parent\" data-id=\"109345e\" data-element_type=\"container\" data-e-type=\"container\">\n\t\t\t\t\t<div class=\"e-con-inner\">\n\t\t\t\t<div class=\"elementor-element elementor-element-79cbafe elementor-widget elementor-widget-heading\" data-id=\"79cbafe\" data-element_type=\"widget\" data-e-type=\"widget\" data-widget_type=\"heading.default\">\n\t\t\t\t\t<h3 class=\"elementor-heading-title elementor-size-default\">Expert Serbian Translation Services for Businesses &amp; Individuals<\/span><\/h2><div><span style=\"font-weight: bolder\"><br><\/span><\/div><\/h3>\t\t\t\t<\/div>\n\t\t\t\t\t<\/div>\n\t\t\t\t<\/div>\n\t\t<div class=\"elementor-element elementor-element-85266a7 e-flex e-con-boxed e-con e-parent\" data-id=\"85266a7\" data-element_type=\"container\" data-e-type=\"container\">\n\t\t\t\t\t<div class=\"e-con-inner\">\n\t\t\t\t<div class=\"elementor-element elementor-element-fcb7bf7 elementor-widget elementor-widget-text-editor\" data-id=\"fcb7bf7\" data-element_type=\"widget\" data-e-type=\"widget\" data-widget_type=\"text-editor.default\">\n\t\t\t\t\t\t\t\t\t<p>Voc\u00ea est\u00e1 procurando alta qualidade\u00a0<strong>Serbian translation services<\/strong>? Our team of professional translators specializes in delivering accurate, culturally adapted translations tailored to Serbian-speaking markets. We offer a comprehensive range of services, including\u00a0<strong>tradu\u00e7\u00e3o de documentos<\/strong>,\u00a0<strong>localiza\u00e7\u00e3o de sites<\/strong>,\u00a0<strong>tradu\u00e7\u00f5es t\u00e9cnicas<\/strong>, e muito mais, garantindo que seu conte\u00fado repercuta com seu p\u00fablico-alvo.<\/p>\t\t\t\t\t\t\t\t<\/div>\n\t\t\t\t\t<\/div>\n\t\t\t\t<\/div>\n\t\t<div class=\"elementor-element elementor-element-cfa7033 e-flex e-con-boxed e-con e-parent\" data-id=\"cfa7033\" data-element_type=\"container\" data-e-type=\"container\">\n\t\t\t\t\t<div class=\"e-con-inner\">\n\t\t\t\t<div class=\"elementor-element elementor-element-f45ee72 elementor-widget elementor-widget-heading\" data-id=\"f45ee72\" data-element_type=\"widget\" data-e-type=\"widget\" data-widget_type=\"heading.default\">\n\t\t\t\t\t<h3 class=\"elementor-heading-title elementor-size-default\">Why Choose Our Serbian Translation Services?<\/span><\/h3><\/h3>\t\t\t\t<\/div>\n\t\t\t\t<div class=\"elementor-element elementor-element-408010f elementor-widget elementor-widget-text-editor\" data-id=\"408010f\" data-element_type=\"widget\" data-e-type=\"widget\" data-widget_type=\"text-editor.default\">\n\t\t\t\t\t\t\t\t\t<ul>\n<li>\n<p><strong>Native Serbian Translators<\/strong>: Our translators are native Serbian speakers with years of full-time experience, ensuring precise and contextually appropriate translations.\u00a0<\/p>\n<\/li>\n<li>\n<p><strong>Tradu\u00e7\u00f5es Certificadas<\/strong>: We provide certified translations accepted by government agencies and legal institutions, ensuring compliance and authenticity.\u00a0<\/p>\n<\/li>\n<li>\n<p><strong>Conte\u00fado otimizado para SEO<\/strong>: Our translations incorporate SEO best practices, helping your website rank higher on search engines like Google and Bing.<\/p>\n<\/li>\n<li>\n<p><strong>Entrega r\u00e1pida e pre\u00e7os competitivos<\/strong>: We deliver high-quality translations promptly and at competitive rates, meeting your deadlines and budget requirements.\u00a0<\/p>\n<\/li>\n<li>\n<p><strong>Experi\u00eancia na ind\u00fastria<\/strong>: Our translators possess specialized knowledge across various industries, including legal, medical, technical, and business sectors.\u00a0<\/p>\n<\/li>\n<\/ul>\t\t\t\t\t\t\t\t<\/div>\n\t\t\t\t<div class=\"elementor-element elementor-element-187a755 elementor-widget elementor-widget-heading\" data-id=\"187a755\" data-element_type=\"widget\" data-e-type=\"widget\" data-widget_type=\"heading.default\">\n\t\t\t\t\t<h3 class=\"elementor-heading-title elementor-size-default\">Our Serbian Translation Services<\/span><\/h2><div><span style=\"font-weight: bolder\"><br><\/span><\/div><\/h3>\t\t\t\t<\/div>\n\t\t\t\t<div class=\"elementor-element elementor-element-9f03838 elementor-widget elementor-widget-heading\" data-id=\"9f03838\" data-element_type=\"widget\" data-e-type=\"widget\" data-widget_type=\"heading.default\">\n\t\t\t\t\t<h5 class=\"elementor-heading-title elementor-size-default\">1. Tradu\u00e7\u00e3o Certificada de Documentos<\/span><\/h3><div><span style=\"font-weight: bolder\"><br><\/span><\/div><\/h5>\t\t\t\t<\/div>\n\t\t\t\t\t<\/div>\n\t\t\t\t<\/div>\n\t\t<div class=\"elementor-element elementor-element-e239310 e-flex e-con-boxed e-con e-parent\" data-id=\"e239310\" data-element_type=\"container\" data-e-type=\"container\">\n\t\t\t\t\t<div class=\"e-con-inner\">\n\t\t\t\t<div class=\"elementor-element elementor-element-71892cb elementor-widget elementor-widget-text-editor\" data-id=\"71892cb\" data-element_type=\"widget\" data-e-type=\"widget\" data-widget_type=\"text-editor.default\">\n\t\t\t\t\t\t\t\t\t<p>Oferecemos tradu\u00e7\u00f5es certificadas para diversos documentos, garantindo precis\u00e3o e aceita\u00e7\u00e3o por entidades oficiais:<\/p>\n<ul>\n<li>\n<p><strong>Documentos Legais<\/strong>: Contracts, agreements, court documents.<\/p>\n<\/li>\n<li>\n<p><strong>Documentos pessoais<\/strong>: Birth certificates, marriage certificates, academic transcripts.<\/p>\n<\/li>\n<li>\n<p><strong>Documentos Comerciais<\/strong>: Licenses, financial statements, corporate reports.<\/p>\n<\/li>\n<\/ul>\t\t\t\t\t\t\t\t<\/div>\n\t\t\t\t<div class=\"elementor-element elementor-element-22b5401 elementor-widget elementor-widget-heading\" data-id=\"22b5401\" data-element_type=\"widget\" data-e-type=\"widget\" data-widget_type=\"heading.default\">\n\t\t\t\t\t<h5 class=\"elementor-heading-title elementor-size-default\">2. Localiza\u00e7\u00e3o de sites e aplicativos<\/span><\/h3><div><span style=\"font-weight: bolder\"><br><\/span><\/div><\/h5>\t\t\t\t<\/div>\n\t\t\t\t<div class=\"elementor-element elementor-element-64896c6 elementor-widget elementor-widget-text-editor\" data-id=\"64896c6\" data-element_type=\"widget\" data-e-type=\"widget\" data-widget_type=\"text-editor.default\">\n\t\t\t\t\t\t\t\t\t<p>Expand your digital presence in Serbian-speaking markets with our localization services:<\/p>\n<ul>\n<li>\n<p><strong>Localiza\u00e7\u00e3o de sites<\/strong>: Adapting your website content to suit cultural nuances and preferences.<\/p>\n<\/li>\n<li>\n<p><strong>Localiza\u00e7\u00e3o de aplicativos<\/strong>: Ensuring your mobile applications are user-friendly for Serbian-speaking users.<\/p>\n<\/li>\n<li>\n<p><strong>Otimiza\u00e7\u00e3o de SEO<\/strong>: Implementing localized keywords and meta tags to improve search engine rankings.\u00a0<\/p>\n<\/li>\n<\/ul>\t\t\t\t\t\t\t\t<\/div>\n\t\t\t\t<div class=\"elementor-element elementor-element-f2e46b6 elementor-widget elementor-widget-heading\" data-id=\"f2e46b6\" data-element_type=\"widget\" data-e-type=\"widget\" data-widget_type=\"heading.default\">\n\t\t\t\t\t<h5 class=\"elementor-heading-title elementor-size-default\">3. Tradu\u00e7\u00f5es T\u00e9cnicas e M\u00e9dicas<\/span><\/h3><div><span style=\"font-weight: bolder\"><br><\/span><\/div><\/h5>\t\t\t\t<\/div>\n\t\t\t\t<div class=\"elementor-element elementor-element-19a94f1 elementor-widget elementor-widget-text-editor\" data-id=\"19a94f1\" data-element_type=\"widget\" data-e-type=\"widget\" data-widget_type=\"text-editor.default\">\n\t\t\t\t\t\t\t\t\t<p>Nossos especialistas lidam com documentos t\u00e9cnicos e m\u00e9dicos complexos com precis\u00e3o:<\/p>\n<ul>\n<li>\n<p><strong>Manuais T\u00e9cnicos<\/strong>: User guides, product manuals, technical specifications.<\/p>\n<\/li>\n<li>\n<p><strong>Documentos M\u00e9dicos<\/strong>: Clinical reports, pharmaceutical information, medical research papers.<\/p>\n<\/li>\n<\/ul>\t\t\t\t\t\t\t\t<\/div>\n\t\t\t\t<div class=\"elementor-element elementor-element-ad08aa8 elementor-widget elementor-widget-heading\" data-id=\"ad08aa8\" data-element_type=\"widget\" data-e-type=\"widget\" data-widget_type=\"heading.default\">\n\t\t\t\t\t<h5 class=\"elementor-heading-title elementor-size-default\">4. Tradu\u00e7\u00f5es de neg\u00f3cios e marketing<\/span><\/h3><div><span style=\"font-weight: bolder\"><br><\/span><\/div><\/h5>\t\t\t\t<\/div>\n\t\t\t\t<div class=\"elementor-element elementor-element-df7de8d elementor-widget elementor-widget-text-editor\" data-id=\"df7de8d\" data-element_type=\"widget\" data-e-type=\"widget\" data-widget_type=\"text-editor.default\">\n\t\t\t\t\t\t\t\t\t<p>Effectively communicate your brand message to Serbian-speaking audiences:<\/p>\n<ul>\n<li>\n<p><strong>Materiais de Marketing<\/strong>: Brochures, advertisements, press releases.<\/p>\n<\/li>\n<li>\n<p><strong>Comunica\u00e7\u00f5es Empresariais<\/strong>: Presentations, emails, corporate communications.<\/p>\n<\/li>\n<\/ul>\t\t\t\t\t\t\t\t<\/div>\n\t\t\t\t<div class=\"elementor-element elementor-element-acbcbfb elementor-widget elementor-widget-heading\" data-id=\"acbcbfb\" data-element_type=\"widget\" data-e-type=\"widget\" data-widget_type=\"heading.default\">\n\t\t\t\t\t<h3 class=\"elementor-heading-title elementor-size-default\">Ind\u00fastrias que atendemos<\/span><\/h2><div><span style=\"font-weight: bolder\"><br><\/span><\/div><\/h3>\t\t\t\t<\/div>\n\t\t\t\t<div class=\"elementor-element elementor-element-04d882e elementor-widget elementor-widget-text-editor\" data-id=\"04d882e\" data-element_type=\"widget\" data-e-type=\"widget\" data-widget_type=\"text-editor.default\">\n\t\t\t\t\t\t\t\t\t<p>Atendemos a uma ampla gama de setores, incluindo:<\/p>\n<ul>\n<li>\n<p><strong>Jur\u00eddico e Governamental<\/strong>: Providing translations for legal proceedings and governmental communications.<\/p>\n<\/li>\n<li>\n<p><strong>Sa\u00fade e produtos farmac\u00eauticos<\/strong>: Translating medical records, research papers, and pharmaceutical documents.<\/p>\n<\/li>\n<li>\n<p><strong>Tecnologia e TI<\/strong>: Localizing software, user manuals, and technical documentation.<\/p>\n<\/li>\n<li>\n<p><strong>Finan\u00e7as e Bancos<\/strong>: Translating financial reports, investment documents, and banking materials.<\/p>\n<\/li>\n<li>\n<p><strong>E-commerce e Varejo<\/strong>: Localizing product descriptions, customer reviews, and marketing content.<\/p>\n<\/li>\n<\/ul>\t\t\t\t\t\t\t\t<\/div>\n\t\t\t\t<div class=\"elementor-element elementor-element-70af49b elementor-widget elementor-widget-heading\" data-id=\"70af49b\" data-element_type=\"widget\" data-e-type=\"widget\" data-widget_type=\"heading.default\">\n\t\t\t\t\t<h3 class=\"elementor-heading-title elementor-size-default\">Why Professional Serbian Translation Matters<\/span><\/h2><div><span style=\"font-weight: bolder\"><br><\/span><\/div><\/h3>\t\t\t\t<\/div>\n\t\t\t\t<div class=\"elementor-element elementor-element-12d10ac elementor-widget elementor-widget-text-editor\" data-id=\"12d10ac\" data-element_type=\"widget\" data-e-type=\"widget\" data-widget_type=\"text-editor.default\">\n\t\t\t\t\t\t\t\t\t<p>Serbian is spoken by millions of people worldwide, making it essential for businesses and organizations aiming to connect with Serbian-speaking audiences. Professional translation ensures:<\/p>\n<ul>\n<li>\n<p><strong>Relev\u00e2ncia Cultural<\/strong>: Accurate translations that resonate with the local culture and customs.<\/p>\n<\/li>\n<li>\n<p><strong>Conformidade legal<\/strong>: Ensuring documents meet regional legal standards and requirements.<\/p>\n<\/li>\n<li>\n<p><strong>Credibilidade da marca<\/strong>: Presenting your business professionally to Serbian-speaking audiences.<\/p>\n<\/li>\n<\/ul>\t\t\t\t\t\t\t\t<\/div>\n\t\t\t\t<div class=\"elementor-element elementor-element-b5dcd9a elementor-widget elementor-widget-heading\" data-id=\"b5dcd9a\" data-element_type=\"widget\" data-e-type=\"widget\" data-widget_type=\"heading.default\">\n\t\t\t\t\t<h3 class=\"elementor-heading-title elementor-size-default\">SEO-Optimized Serbian Translation Services<\/span><\/h2><div><span style=\"font-weight: bolder\"><br><\/span><\/div><\/h3>\t\t\t\t<\/div>\n\t\t\t\t<div class=\"elementor-element elementor-element-404c39c elementor-widget elementor-widget-text-editor\" data-id=\"404c39c\" data-element_type=\"widget\" data-e-type=\"widget\" data-widget_type=\"text-editor.default\">\n\t\t\t\t\t\t\t\t\t<p>Nossas tradu\u00e7\u00f5es s\u00e3o projetadas com as melhores pr\u00e1ticas de SEO para melhorar sua visibilidade online:<\/p>\n<ul>\n<li>\n<p><strong>Palavras-chave localizadas<\/strong>: Incorporating region-specific search terms to improve rankings.\u00a0<\/p>\n<\/li>\n<li>\n<p><strong>Otimiza\u00e7\u00e3o de Meta Tag<\/strong>: Translating and optimizing meta descriptions and titles for better click-through rates.\u00a0<\/p>\n<\/li>\n<li>\n<p><strong>URLs amig\u00e1veis ao usu\u00e1rio<\/strong>: Creating URLs that are readable and relevant in Serbian.\u00a0<\/p>\n<\/li>\n<\/ul>\t\t\t\t\t\t\t\t<\/div>\n\t\t\t\t<div class=\"elementor-element elementor-element-712de10 elementor-widget elementor-widget-heading\" data-id=\"712de10\" data-element_type=\"widget\" data-e-type=\"widget\" data-widget_type=\"heading.default\">\n\t\t\t\t\t<h3 class=\"elementor-heading-title elementor-size-default\">Get a Free Quote for Serbian Translation Services<\/span><\/h2><div><span style=\"font-weight: bolder\"><br><\/span><\/div><\/h3>\t\t\t\t<\/div>\n\t\t\t\t<div class=\"elementor-element elementor-element-25e9242 elementor-widget elementor-widget-text-editor\" data-id=\"25e9242\" data-element_type=\"widget\" data-e-type=\"widget\" data-widget_type=\"text-editor.default\">\n\t\t\t\t\t\t\t\t\t<p>Need professional Serbian translation services? Contact us today for a free quote. We ensure fast, precise, and confidential translations for all your needs.<\/p><h3><strong>\ud83d\udcde <a href=\"https:\/\/lsaglobal-translate.co.uk\/pt\/get-your-free-quote-lsa-global\/\">Entre em contato conosco hoje mesmo!<\/a><\/strong><\/h3><p>\ud83d\udccd\u00a0<a href=\"https:\/\/lsaglobal-translate.co.uk\/pt\/our-languages-lsa-global-translate\/\"><strong>Servi\u00e7o global \u2013 dispon\u00edvel em todo o mundo<\/strong><\/a><\/p><hr \/><p><strong>Expand your reach with expert Serbian translations!<\/strong>\u00a0Entre em contato agora para discutir seu projeto.<\/p>\t\t\t\t\t\t\t\t<\/div>\n\t\t\t\t<div class=\"elementor-element elementor-element-266c06e elementor-widget elementor-widget-heading\" data-id=\"266c06e\" data-element_type=\"widget\" data-e-type=\"widget\" data-widget_type=\"heading.default\">\n\t\t\t\t\t<h2 class=\"elementor-heading-title elementor-size-default\"><h3 class=\"elementor-heading-title elementor-size-default elementor-inline-editing pen\" data-elementor-setting-key=\"title\" data-pen-placeholder=\"Type Here...\" style=\"letter-spacing: normal;text-align: center\">Indo al\u00e9m<\/h3><\/h2>\t\t\t\t<\/div>\n\t\t\t\t<div class=\"elementor-element elementor-element-f11c6fe elementor-widget elementor-widget-text-editor\" data-id=\"f11c6fe\" data-element_type=\"widget\" data-e-type=\"widget\" data-widget_type=\"text-editor.default\">\n\t\t\t\t\t\t\t\t\t<h4><a href=\"https:\/\/lsaglobal-translate.co.uk\/pt\/professional-transcription-services\/\">Servi\u00e7os profissionais de transcri\u00e7\u00e3o<\/a><\/h4>\t\t\t\t\t\t\t\t<\/div>\n\t\t\t\t<div class=\"elementor-element elementor-element-49b44b3 elementor-widget elementor-widget-text-editor\" data-id=\"49b44b3\" data-element_type=\"widget\" data-e-type=\"widget\" data-widget_type=\"text-editor.default\">\n\t\t\t\t\t\t\t\t\t<h4><a href=\"https:\/\/lsaglobal-translate.co.uk\/pt\/professional-interpretation-services\/\">Servi\u00e7os de interpreta\u00e7\u00e3o profissional<\/a><\/h4>\t\t\t\t\t\t\t\t<\/div>\n\t\t\t\t<div class=\"elementor-element elementor-element-3485531 elementor-widget elementor-widget-text-editor\" data-id=\"3485531\" data-element_type=\"widget\" data-e-type=\"widget\" data-widget_type=\"text-editor.default\">\n\t\t\t\t\t\t\t\t\t<h4><a href=\"https:\/\/lsaglobal-translate.co.uk\/pt\/terms-and-conditions\/\">Termos e Condi\u00e7\u00f5es<\/a><\/h4>\t\t\t\t\t\t\t\t<\/div>\n\t\t\t\t<div class=\"elementor-element elementor-element-967a95e elementor-widget elementor-widget-text-editor\" data-id=\"967a95e\" data-element_type=\"widget\" data-e-type=\"widget\" data-widget_type=\"text-editor.default\">\n\t\t\t\t\t\t\t\t\t<h4><span style=\"color: #0000ff;\"><strong><a style=\"color: #0000ff;\" href=\"https:\/\/lsa-global.com\/\" target=\"_blank\" rel=\"noopener\">Tradu\u00e7\u00e3o Profissional.<\/a><\/strong><\/span><\/h4>\t\t\t\t\t\t\t\t<\/div>\n\t\t\t\t<div class=\"elementor-element elementor-element-b2171cf elementor-widget elementor-widget-text-editor\" data-id=\"b2171cf\" data-element_type=\"widget\" data-e-type=\"widget\" data-widget_type=\"text-editor.default\">\n\t\t\t\t\t\t\t\t\t<h4><a href=\"https:\/\/lsaglobal-translate.co.uk\/pt\/serbian-translation-services-accurate\/\">Obtenha um or\u00e7amento gratuito\u00a0<\/a><\/h4>\t\t\t\t\t\t\t\t<\/div>\n\t\t\t\t\t<\/div>\n\t\t\t\t<\/div>\n\t\t<div class=\"elementor-element elementor-element-57e70aa e-flex e-con-boxed e-con e-parent\" data-id=\"57e70aa\" data-element_type=\"container\" data-e-type=\"container\">\n\t\t\t\t\t<div class=\"e-con-inner\">\n\t\t\t\t<div class=\"elementor-element elementor-element-98a75cb elementor-widget elementor-widget-image\" data-id=\"98a75cb\" data-element_type=\"widget\" data-e-type=\"widget\" data-widget_type=\"image.default\">\n\t\t\t\t\t\t\t\t\t\t\t\t\t\t\t<img fetchpriority=\"high\" decoding=\"async\" data-attachment-id=\"10666\" data-permalink=\"https:\/\/lsaglobal-translate.co.uk\/es\/serbian\/\" data-orig-file=\"https:\/\/i0.wp.com\/lsaglobal-translate.co.uk\/wp-content\/uploads\/2025\/03\/Serbian.png?fit=2560%2C1707&amp;ssl=1\" data-orig-size=\"2560,1707\" data-comments-opened=\"1\" data-image-meta=\"{&quot;aperture&quot;:&quot;0&quot;,&quot;credit&quot;:&quot;&quot;,&quot;camera&quot;:&quot;&quot;,&quot;caption&quot;:&quot;&quot;,&quot;created_timestamp&quot;:&quot;0&quot;,&quot;copyright&quot;:&quot;&quot;,&quot;focal_length&quot;:&quot;0&quot;,&quot;iso&quot;:&quot;0&quot;,&quot;shutter_speed&quot;:&quot;0&quot;,&quot;title&quot;:&quot;&quot;,&quot;orientation&quot;:&quot;0&quot;}\" data-image-title=\"Serbian translation services\" data-image-description=\"&lt;p&gt;Serbian translation services &lt;\/p&gt;\" data-image-caption=\"\" data-medium-file=\"https:\/\/i0.wp.com\/lsaglobal-translate.co.uk\/wp-content\/uploads\/2025\/03\/Serbian.png?fit=300%2C200&amp;ssl=1\" data-large-file=\"https:\/\/i0.wp.com\/lsaglobal-translate.co.uk\/wp-content\/uploads\/2025\/03\/Serbian.png?fit=525%2C350&amp;ssl=1\" width=\"300\" height=\"200\" src=\"https:\/\/i0.wp.com\/lsaglobal-translate.co.uk\/wp-content\/uploads\/2025\/03\/Serbian.png?fit=300%2C200&amp;ssl=1\" class=\"attachment-medium size-medium wp-image-10666\" alt=\"Serbian translation services\" srcset=\"https:\/\/i0.wp.com\/lsaglobal-translate.co.uk\/wp-content\/uploads\/2025\/03\/Serbian.png?w=2560&amp;ssl=1 2560w, https:\/\/i0.wp.com\/lsaglobal-translate.co.uk\/wp-content\/uploads\/2025\/03\/Serbian.png?resize=300%2C200&amp;ssl=1 300w, https:\/\/i0.wp.com\/lsaglobal-translate.co.uk\/wp-content\/uploads\/2025\/03\/Serbian.png?resize=1024%2C683&amp;ssl=1 1024w, https:\/\/i0.wp.com\/lsaglobal-translate.co.uk\/wp-content\/uploads\/2025\/03\/Serbian.png?resize=768%2C512&amp;ssl=1 768w, https:\/\/i0.wp.com\/lsaglobal-translate.co.uk\/wp-content\/uploads\/2025\/03\/Serbian.png?resize=1536%2C1024&amp;ssl=1 1536w, https:\/\/i0.wp.com\/lsaglobal-translate.co.uk\/wp-content\/uploads\/2025\/03\/Serbian.png?resize=2048%2C1366&amp;ssl=1 2048w, https:\/\/i0.wp.com\/lsaglobal-translate.co.uk\/wp-content\/uploads\/2025\/03\/Serbian.png?resize=18%2C12&amp;ssl=1 18w\" sizes=\"(max-width: 300px) 100vw, 300px\" title=\"\">\t\t\t\t\t\t\t\t\t\t\t\t\t\t\t<\/div>\n\t\t\t\t\t<\/div>\n\t\t\t\t<\/div>\n\t\t\t\t<\/div>","protected":false},"excerpt":{"rendered":"<p>Expert Serbian Translation Services for Businesses &amp; Individuals Are you seeking high-quality\u00a0Serbian translation services? Our team of professional translators specializes in delivering accurate, culturally adapted translations tailored to Serbian-speaking markets. We offer a comprehensive range of services, including\u00a0document translation,\u00a0website localization,\u00a0technical translations, and more, ensuring your content resonates with your target audience. Why Choose Our Serbian [&hellip;]<\/p>\n","protected":false},"author":2,"featured_media":11287,"parent":0,"menu_order":0,"comment_status":"closed","ping_status":"closed","template":"","meta":{"_acf_changed":false,"footnotes":""},"class_list":["post-10957","page","type-page","status-publish","has-post-thumbnail","hentry"],"acf":[],"jetpack_sharing_enabled":true,"jetpack-related-posts":[],"_links":{"self":[{"href":"https:\/\/lsaglobal-translate.co.uk\/pt\/wp-json\/wp\/v2\/pages\/10957","targetHints":{"allow":["GET"]}}],"collection":[{"href":"https:\/\/lsaglobal-translate.co.uk\/pt\/wp-json\/wp\/v2\/pages"}],"about":[{"href":"https:\/\/lsaglobal-translate.co.uk\/pt\/wp-json\/wp\/v2\/types\/page"}],"author":[{"embeddable":true,"href":"https:\/\/lsaglobal-translate.co.uk\/pt\/wp-json\/wp\/v2\/users\/2"}],"replies":[{"embeddable":true,"href":"https:\/\/lsaglobal-translate.co.uk\/pt\/wp-json\/wp\/v2\/comments?post=10957"}],"version-history":[{"count":0,"href":"https:\/\/lsaglobal-translate.co.uk\/pt\/wp-json\/wp\/v2\/pages\/10957\/revisions"}],"wp:featuredmedia":[{"embeddable":true,"href":"https:\/\/lsaglobal-translate.co.uk\/pt\/wp-json\/wp\/v2\/media\/11287"}],"wp:attachment":[{"href":"https:\/\/lsaglobal-translate.co.uk\/pt\/wp-json\/wp\/v2\/media?parent=10957"}],"curies":[{"name":"wp","href":"https:\/\/api.w.org\/{rel}","templated":true}]}}